{"id":196,"date":"2026-01-19T15:33:39","date_gmt":"2026-01-19T13:33:39","guid":{"rendered":"https:\/\/www.transtoyou.com\/da\/?page_id=196"},"modified":"2026-01-26T09:48:15","modified_gmt":"2026-01-26T07:48:15","slug":"redaktionel-politik","status":"publish","type":"page","link":"https:\/\/www.transtoyou.com\/da\/redaktionel-politik\/","title":{"rendered":"Redaktionel Politik"},"content":{"rendered":"","protected":false},"excerpt":{"rendered":"","protected":false},"author":13,"featured_media":0,"parent":0,"menu_order":0,"comment_status":"closed","ping_status":"closed","template":"","meta":{"footnotes":""},"class_list":["post-196","page","type-page","status-publish","hentry"],"yoast_head":"<!-- This site is optimized with the Yoast SEO plugin v27.0 - https:\/\/yoast.com\/product\/yoast-seo-wordpress\/ -->\n<title>Oversigt over redaktionel politik - Transtoyou<\/title>\n<meta name=\"description\" content=\"Udforsk Transtoyou&#039;s redaktionelle politik for sundhedsindhold og overholdelse, og f\u00e5 p\u00e5lidelig, medicinsk gennemg\u00e5et information til informerede sundhedsbeslutninger.\" \/>\n<meta name=\"robots\" content=\"noindex, follow, max-snippet:-1, max-image-preview:large, max-video-preview:-1\" \/>\n<meta property=\"og:locale\" content=\"da_DK\" \/>\n<meta property=\"og:type\" content=\"article\" \/>\n<meta property=\"og:title\" content=\"Oversigt over redaktionel politik - Transtoyou\" \/>\n<meta property=\"og:description\" content=\"Udforsk Transtoyou&#039;s redaktionelle politik for sundhedsindhold og overholdelse, og f\u00e5 p\u00e5lidelig, medicinsk gennemg\u00e5et information til informerede sundhedsbeslutninger.\" \/>\n<meta property=\"og:url\" content=\"https:\/\/www.transtoyou.com\/da\/redaktionel-politik\/\" \/>\n<meta property=\"og:site_name\" content=\"Transtoyou - DA\" \/>\n<meta property=\"article:modified_time\" content=\"2026-01-26T07:48:15+00:00\" \/>\n<meta name=\"twitter:card\" content=\"summary_large_image\" \/>\n<script type=\"application\/ld+json\" class=\"yoast-schema-graph\">{\"@context\":\"https:\/\/schema.org\",\"@graph\":[{\"@type\":\"WebPage\",\"@id\":\"https:\/\/www.transtoyou.com\/da\/redaktionel-politik\/\",\"url\":\"https:\/\/www.transtoyou.com\/da\/redaktionel-politik\/\",\"name\":\"Oversigt over redaktionel politik - Transtoyou\",\"isPartOf\":{\"@id\":\"https:\/\/www.transtoyou.com\/da\/#website\"},\"datePublished\":\"2026-01-19T13:33:39+00:00\",\"dateModified\":\"2026-01-26T07:48:15+00:00\",\"description\":\"Udforsk Transtoyou's redaktionelle politik for sundhedsindhold og overholdelse, og f\u00e5 p\u00e5lidelig, medicinsk gennemg\u00e5et information til informerede sundhedsbeslutninger.\",\"breadcrumb\":{\"@id\":\"https:\/\/www.transtoyou.com\/da\/redaktionel-politik\/#breadcrumb\"},\"inLanguage\":\"da-DK\",\"potentialAction\":[{\"@type\":\"ReadAction\",\"target\":[\"https:\/\/www.transtoyou.com\/da\/redaktionel-politik\/\"]}]},{\"@type\":\"WebSite\",\"@id\":\"https:\/\/www.transtoyou.com\/da\/#website\",\"url\":\"https:\/\/www.transtoyou.com\/da\/\",\"name\":\"Transtoyou - DA\",\"description\":\"\",\"publisher\":{\"@id\":\"https:\/\/www.transtoyou.com\/da\/#organization\"},\"potentialAction\":[{\"@type\":\"SearchAction\",\"target\":{\"@type\":\"EntryPoint\",\"urlTemplate\":\"https:\/\/www.transtoyou.com\/da\/?s={search_term_string}\"},\"query-input\":{\"@type\":\"PropertyValueSpecification\",\"valueRequired\":true,\"valueName\":\"search_term_string\"}}],\"inLanguage\":\"da-DK\"},{\"@type\":\"Organization\",\"@id\":\"https:\/\/www.transtoyou.com\/da\/#organization\",\"name\":\"Transtoyou - DA\",\"url\":\"https:\/\/www.transtoyou.com\/da\/\",\"logo\":{\"@type\":\"ImageObject\",\"inLanguage\":\"da-DK\",\"@id\":\"https:\/\/www.transtoyou.com\/da\/#\/schema\/logo\/image\/\",\"url\":\"https:\/\/www.transtoyou.com\/da\/wp-content\/uploads\/sites\/6\/2026\/01\/logo-tty-menu-bar-300x87-1.webp\",\"contentUrl\":\"https:\/\/www.transtoyou.com\/da\/wp-content\/uploads\/sites\/6\/2026\/01\/logo-tty-menu-bar-300x87-1.webp\",\"width\":300,\"height\":87,\"caption\":\"Transtoyou - DA\"},\"image\":{\"@id\":\"https:\/\/www.transtoyou.com\/da\/#\/schema\/logo\/image\/\"}}]}<\/script>\n<!-- \/ Yoast SEO plugin. -->","yoast_head_json":{"title":"Oversigt over redaktionel politik - Transtoyou","description":"Udforsk Transtoyou's redaktionelle politik for sundhedsindhold og overholdelse, og f\u00e5 p\u00e5lidelig, medicinsk gennemg\u00e5et information til informerede sundhedsbeslutninger.","robots":{"index":"noindex","follow":"follow","max-snippet":"max-snippet:-1","max-image-preview":"max-image-preview:large","max-video-preview":"max-video-preview:-1"},"og_locale":"da_DK","og_type":"article","og_title":"Oversigt over redaktionel politik - Transtoyou","og_description":"Udforsk Transtoyou's redaktionelle politik for sundhedsindhold og overholdelse, og f\u00e5 p\u00e5lidelig, medicinsk gennemg\u00e5et information til informerede sundhedsbeslutninger.","og_url":"https:\/\/www.transtoyou.com\/da\/redaktionel-politik\/","og_site_name":"Transtoyou - DA","article_modified_time":"2026-01-26T07:48:15+00:00","twitter_card":"summary_large_image","schema":{"@context":"https:\/\/schema.org","@graph":[{"@type":"WebPage","@id":"https:\/\/www.transtoyou.com\/da\/redaktionel-politik\/","url":"https:\/\/www.transtoyou.com\/da\/redaktionel-politik\/","name":"Oversigt over redaktionel politik - Transtoyou","isPartOf":{"@id":"https:\/\/www.transtoyou.com\/da\/#website"},"datePublished":"2026-01-19T13:33:39+00:00","dateModified":"2026-01-26T07:48:15+00:00","description":"Udforsk Transtoyou's redaktionelle politik for sundhedsindhold og overholdelse, og f\u00e5 p\u00e5lidelig, medicinsk gennemg\u00e5et information til informerede sundhedsbeslutninger.","breadcrumb":{"@id":"https:\/\/www.transtoyou.com\/da\/redaktionel-politik\/#breadcrumb"},"inLanguage":"da-DK","potentialAction":[{"@type":"ReadAction","target":["https:\/\/www.transtoyou.com\/da\/redaktionel-politik\/"]}]},{"@type":"WebSite","@id":"https:\/\/www.transtoyou.com\/da\/#website","url":"https:\/\/www.transtoyou.com\/da\/","name":"Transtoyou - DA","description":"","publisher":{"@id":"https:\/\/www.transtoyou.com\/da\/#organization"},"potentialAction":[{"@type":"SearchAction","target":{"@type":"EntryPoint","urlTemplate":"https:\/\/www.transtoyou.com\/da\/?s={search_term_string}"},"query-input":{"@type":"PropertyValueSpecification","valueRequired":true,"valueName":"search_term_string"}}],"inLanguage":"da-DK"},{"@type":"Organization","@id":"https:\/\/www.transtoyou.com\/da\/#organization","name":"Transtoyou - DA","url":"https:\/\/www.transtoyou.com\/da\/","logo":{"@type":"ImageObject","inLanguage":"da-DK","@id":"https:\/\/www.transtoyou.com\/da\/#\/schema\/logo\/image\/","url":"https:\/\/www.transtoyou.com\/da\/wp-content\/uploads\/sites\/6\/2026\/01\/logo-tty-menu-bar-300x87-1.webp","contentUrl":"https:\/\/www.transtoyou.com\/da\/wp-content\/uploads\/sites\/6\/2026\/01\/logo-tty-menu-bar-300x87-1.webp","width":300,"height":87,"caption":"Transtoyou - DA"},"image":{"@id":"https:\/\/www.transtoyou.com\/da\/#\/schema\/logo\/image\/"}}]}},"_links":{"self":[{"href":"https:\/\/www.transtoyou.com\/da\/wp-json\/wp\/v2\/pages\/196","targetHints":{"allow":["GET"]}}],"collection":[{"href":"https:\/\/www.transtoyou.com\/da\/wp-json\/wp\/v2\/pages"}],"about":[{"href":"https:\/\/www.transtoyou.com\/da\/wp-json\/wp\/v2\/types\/page"}],"author":[{"embeddable":true,"href":"https:\/\/www.transtoyou.com\/da\/wp-json\/wp\/v2\/users\/13"}],"replies":[{"embeddable":true,"href":"https:\/\/www.transtoyou.com\/da\/wp-json\/wp\/v2\/comments?post=196"}],"version-history":[{"count":1,"href":"https:\/\/www.transtoyou.com\/da\/wp-json\/wp\/v2\/pages\/196\/revisions"}],"predecessor-version":[{"id":197,"href":"https:\/\/www.transtoyou.com\/da\/wp-json\/wp\/v2\/pages\/196\/revisions\/197"}],"wp:attachment":[{"href":"https:\/\/www.transtoyou.com\/da\/wp-json\/wp\/v2\/media?parent=196"}],"curies":[{"name":"wp","href":"https:\/\/api.w.org\/{rel}","templated":true}]}}