{"id":1000,"date":"2026-01-24T05:51:15","date_gmt":"2026-01-24T03:51:15","guid":{"rendered":"https:\/\/www.transtoyou.com\/da\/product\/rizatriptan\/"},"modified":"2026-03-02T17:48:04","modified_gmt":"2026-03-02T15:48:04","slug":"rizatriptan","status":"publish","type":"product","link":"https:\/\/www.transtoyou.com\/da\/product\/rizatriptan\/","title":{"rendered":"Rizatriptan"},"content":{"rendered":"<p>Rizatriptan er en receptpligtig medicin, der klassificeres som en selektiv serotoninreceptoragonist, ogs\u00e5 kendt som en Triptan. Den bruges prim\u00e6rt til den akutte behandling af migr\u00e6neanfald, med eller uden aura. Rizatriptan virker ved at stimulere serotonin (5-HT1B og 5-HT1D) receptorer i hjernen, hvilket f\u00f8rer til indsn\u00e6vring af dilaterede blodkar. Denne vasokonstriktion hj\u00e6lper med at lindre smerte, kvalme og f\u00f8lsomhed over for lys og lyd, som ofte er forbundet med migr\u00e6ne.<\/p>\n<p>Denne medicin forhindrer ikke migr\u00e6ne, men behandler effektivt migr\u00e6neanfald, n\u00e5r de f\u00f8rst opst\u00e5r. Rizatriptan er mest effektiv, n\u00e5r den tages ved de f\u00f8rste tegn p\u00e5 migr\u00e6nesymptomer. Den behandler ikke andre typer hovedpine, s\u00e5som sp\u00e6ndingshovedpine eller klyngehovedpine.<\/p>\n<p>Rizatriptans virkning hj\u00e6lper med at reducere bet\u00e6ndelse omkring hjernens blodkar, hvilket giver m\u00e5lrettet lindring uden at p\u00e5virke andre kropssystemer. Den begynder typisk at virke inden for 30 til 60 minutter efter indtagelse og kan give lindring i flere timer. En af fordelene ved Rizatriptan er dens hurtige virkning og effektivitet, selv n\u00e5r migr\u00e6nesymptomer inkluderer kvalme eller opkastning.<\/p>\n<p>Patienter oplever ofte f\u00e6rre bivirkninger sammenlignet med andre migr\u00e6behandlinger, og muligheden for en oral opl\u00f8selig tablet tilbyder bekvemmelighed og hurtig absorption, is\u00e6r n\u00e5r den tages uden vand.<\/p>\n","protected":false},"excerpt":{"rendered":"<ul>\n<li>Hurtig lindring af migr\u00e6ne<\/li>\n<li>Virker inden for 30 minutter<\/li>\n<li>Praktisk oral tablet<\/li>\n<\/ul>\n","protected":false},"featured_media":1002,"comment_status":"open","ping_status":"closed","template":"","meta":[],"product_brand":[],"product_cat":[129],"product_tag":[],"expert":[16],"class_list":{"0":"post-1000","1":"product","2":"type-product","3":"status-publish","4":"has-post-thumbnail","6":"product_cat-hovedpine-migraene","7":"expert-dr-c-alexandru","9":"first","10":"instock","11":"shipping-taxable","12":"product-type-variable"},"yoast_head":"<!-- This site is optimized with the Yoast SEO plugin v27.0 - https:\/\/yoast.com\/product\/yoast-seo-wordpress\/ -->\n<title>Rizatriptan | Hurtig Lindring af Migr\u00e6ne - Transtoyou<\/title>\n<meta name=\"description\" content=\"Rizatriptan: Effektiv behandling af migr\u00e6ne tilg\u00e6ngelig hos Transtoyou. F\u00e5 professionel pleje, sikre recepter og m\u00e5lrettet hovedpineaflastning.\" \/>\n<meta name=\"robots\" content=\"noindex, follow, max-snippet:-1, max-image-preview:large, max-video-preview:-1\" \/>\n<meta property=\"og:locale\" content=\"da_DK\" \/>\n<meta property=\"og:type\" content=\"article\" \/>\n<meta property=\"og:title\" content=\"Rizatriptan | Hurtig Lindring af Migr\u00e6ne - Transtoyou\" \/>\n<meta property=\"og:description\" content=\"Rizatriptan: Effektiv behandling af migr\u00e6ne tilg\u00e6ngelig hos Transtoyou. F\u00e5 professionel pleje, sikre recepter og m\u00e5lrettet hovedpineaflastning.\" \/>\n<meta property=\"og:url\" content=\"https:\/\/www.transtoyou.com\/da\/product\/rizatriptan\/\" \/>\n<meta property=\"og:site_name\" content=\"Transtoyou - DA\" \/>\n<meta property=\"article:modified_time\" content=\"2026-03-02T15:48:04+00:00\" \/>\n<meta name=\"twitter:card\" content=\"summary_large_image\" \/>\n<meta name=\"twitter:label1\" content=\"Estimeret l\u00e6setid\" \/>\n\t<meta name=\"twitter:data1\" content=\"1 minut\" \/>\n<script type=\"application\/ld+json\" class=\"yoast-schema-graph\">{\"@context\":\"https:\/\/schema.org\",\"@graph\":[{\"@type\":\"WebPage\",\"@id\":\"https:\/\/www.transtoyou.com\/da\/product\/rizatriptan\/\",\"url\":\"https:\/\/www.transtoyou.com\/da\/product\/rizatriptan\/\",\"name\":\"Rizatriptan | Hurtig Lindring af Migr\u00e6ne - Transtoyou\",\"isPartOf\":{\"@id\":\"https:\/\/www.transtoyou.com\/da\/#website\"},\"primaryImageOfPage\":{\"@id\":\"https:\/\/www.transtoyou.com\/da\/product\/rizatriptan\/#primaryimage\"},\"image\":{\"@id\":\"https:\/\/www.transtoyou.com\/da\/product\/rizatriptan\/#primaryimage\"},\"thumbnailUrl\":\"https:\/\/www.transtoyou.com\/da\/wp-content\/uploads\/sites\/6\/2026\/01\/tty-no-product-image-78.webp\",\"datePublished\":\"2026-01-24T03:51:15+00:00\",\"dateModified\":\"2026-03-02T15:48:04+00:00\",\"description\":\"Rizatriptan: Effektiv behandling af migr\u00e6ne tilg\u00e6ngelig hos Transtoyou. F\u00e5 professionel pleje, sikre recepter og m\u00e5lrettet hovedpineaflastning.\",\"breadcrumb\":{\"@id\":\"https:\/\/www.transtoyou.com\/da\/product\/rizatriptan\/#breadcrumb\"},\"inLanguage\":\"da-DK\",\"potentialAction\":[{\"@type\":\"ReadAction\",\"target\":[\"https:\/\/www.transtoyou.com\/da\/product\/rizatriptan\/\"]}]},{\"@type\":\"ImageObject\",\"inLanguage\":\"da-DK\",\"@id\":\"https:\/\/www.transtoyou.com\/da\/product\/rizatriptan\/#primaryimage\",\"url\":\"https:\/\/www.transtoyou.com\/da\/wp-content\/uploads\/sites\/6\/2026\/01\/tty-no-product-image-78.webp\",\"contentUrl\":\"https:\/\/www.transtoyou.com\/da\/wp-content\/uploads\/sites\/6\/2026\/01\/tty-no-product-image-78.webp\",\"width\":1000,\"height\":1000,\"caption\":\"Standard produktbillede\"},{\"@type\":\"WebSite\",\"@id\":\"https:\/\/www.transtoyou.com\/da\/#website\",\"url\":\"https:\/\/www.transtoyou.com\/da\/\",\"name\":\"Transtoyou - DA\",\"description\":\"\",\"publisher\":{\"@id\":\"https:\/\/www.transtoyou.com\/da\/#organization\"},\"potentialAction\":[{\"@type\":\"SearchAction\",\"target\":{\"@type\":\"EntryPoint\",\"urlTemplate\":\"https:\/\/www.transtoyou.com\/da\/?s={search_term_string}\"},\"query-input\":{\"@type\":\"PropertyValueSpecification\",\"valueRequired\":true,\"valueName\":\"search_term_string\"}}],\"inLanguage\":\"da-DK\"},{\"@type\":\"Organization\",\"@id\":\"https:\/\/www.transtoyou.com\/da\/#organization\",\"name\":\"Transtoyou - DA\",\"url\":\"https:\/\/www.transtoyou.com\/da\/\",\"logo\":{\"@type\":\"ImageObject\",\"inLanguage\":\"da-DK\",\"@id\":\"https:\/\/www.transtoyou.com\/da\/#\/schema\/logo\/image\/\",\"url\":\"https:\/\/www.transtoyou.com\/da\/wp-content\/uploads\/sites\/6\/2026\/01\/logo-tty-menu-bar-300x87-1.webp\",\"contentUrl\":\"https:\/\/www.transtoyou.com\/da\/wp-content\/uploads\/sites\/6\/2026\/01\/logo-tty-menu-bar-300x87-1.webp\",\"width\":300,\"height\":87,\"caption\":\"Transtoyou - DA\"},\"image\":{\"@id\":\"https:\/\/www.transtoyou.com\/da\/#\/schema\/logo\/image\/\"}}]}<\/script>\n<!-- \/ Yoast SEO plugin. -->","yoast_head_json":{"title":"Rizatriptan | Hurtig Lindring af Migr\u00e6ne - Transtoyou","description":"Rizatriptan: Effektiv behandling af migr\u00e6ne tilg\u00e6ngelig hos Transtoyou. F\u00e5 professionel pleje, sikre recepter og m\u00e5lrettet hovedpineaflastning.","robots":{"index":"noindex","follow":"follow","max-snippet":"max-snippet:-1","max-image-preview":"max-image-preview:large","max-video-preview":"max-video-preview:-1"},"og_locale":"da_DK","og_type":"article","og_title":"Rizatriptan | Hurtig Lindring af Migr\u00e6ne - Transtoyou","og_description":"Rizatriptan: Effektiv behandling af migr\u00e6ne tilg\u00e6ngelig hos Transtoyou. F\u00e5 professionel pleje, sikre recepter og m\u00e5lrettet hovedpineaflastning.","og_url":"https:\/\/www.transtoyou.com\/da\/product\/rizatriptan\/","og_site_name":"Transtoyou - DA","article_modified_time":"2026-03-02T15:48:04+00:00","twitter_card":"summary_large_image","twitter_misc":{"Estimeret l\u00e6setid":"1 minut"},"schema":{"@context":"https:\/\/schema.org","@graph":[{"@type":"WebPage","@id":"https:\/\/www.transtoyou.com\/da\/product\/rizatriptan\/","url":"https:\/\/www.transtoyou.com\/da\/product\/rizatriptan\/","name":"Rizatriptan | Hurtig Lindring af Migr\u00e6ne - Transtoyou","isPartOf":{"@id":"https:\/\/www.transtoyou.com\/da\/#website"},"primaryImageOfPage":{"@id":"https:\/\/www.transtoyou.com\/da\/product\/rizatriptan\/#primaryimage"},"image":{"@id":"https:\/\/www.transtoyou.com\/da\/product\/rizatriptan\/#primaryimage"},"thumbnailUrl":"https:\/\/www.transtoyou.com\/da\/wp-content\/uploads\/sites\/6\/2026\/01\/tty-no-product-image-78.webp","datePublished":"2026-01-24T03:51:15+00:00","dateModified":"2026-03-02T15:48:04+00:00","description":"Rizatriptan: Effektiv behandling af migr\u00e6ne tilg\u00e6ngelig hos Transtoyou. F\u00e5 professionel pleje, sikre recepter og m\u00e5lrettet hovedpineaflastning.","breadcrumb":{"@id":"https:\/\/www.transtoyou.com\/da\/product\/rizatriptan\/#breadcrumb"},"inLanguage":"da-DK","potentialAction":[{"@type":"ReadAction","target":["https:\/\/www.transtoyou.com\/da\/product\/rizatriptan\/"]}]},{"@type":"ImageObject","inLanguage":"da-DK","@id":"https:\/\/www.transtoyou.com\/da\/product\/rizatriptan\/#primaryimage","url":"https:\/\/www.transtoyou.com\/da\/wp-content\/uploads\/sites\/6\/2026\/01\/tty-no-product-image-78.webp","contentUrl":"https:\/\/www.transtoyou.com\/da\/wp-content\/uploads\/sites\/6\/2026\/01\/tty-no-product-image-78.webp","width":1000,"height":1000,"caption":"Standard produktbillede"},{"@type":"WebSite","@id":"https:\/\/www.transtoyou.com\/da\/#website","url":"https:\/\/www.transtoyou.com\/da\/","name":"Transtoyou - DA","description":"","publisher":{"@id":"https:\/\/www.transtoyou.com\/da\/#organization"},"potentialAction":[{"@type":"SearchAction","target":{"@type":"EntryPoint","urlTemplate":"https:\/\/www.transtoyou.com\/da\/?s={search_term_string}"},"query-input":{"@type":"PropertyValueSpecification","valueRequired":true,"valueName":"search_term_string"}}],"inLanguage":"da-DK"},{"@type":"Organization","@id":"https:\/\/www.transtoyou.com\/da\/#organization","name":"Transtoyou - DA","url":"https:\/\/www.transtoyou.com\/da\/","logo":{"@type":"ImageObject","inLanguage":"da-DK","@id":"https:\/\/www.transtoyou.com\/da\/#\/schema\/logo\/image\/","url":"https:\/\/www.transtoyou.com\/da\/wp-content\/uploads\/sites\/6\/2026\/01\/logo-tty-menu-bar-300x87-1.webp","contentUrl":"https:\/\/www.transtoyou.com\/da\/wp-content\/uploads\/sites\/6\/2026\/01\/logo-tty-menu-bar-300x87-1.webp","width":300,"height":87,"caption":"Transtoyou - DA"},"image":{"@id":"https:\/\/www.transtoyou.com\/da\/#\/schema\/logo\/image\/"}}]}},"_links":{"self":[{"href":"https:\/\/www.transtoyou.com\/da\/wp-json\/wp\/v2\/product\/1000","targetHints":{"allow":["GET"]}}],"collection":[{"href":"https:\/\/www.transtoyou.com\/da\/wp-json\/wp\/v2\/product"}],"about":[{"href":"https:\/\/www.transtoyou.com\/da\/wp-json\/wp\/v2\/types\/product"}],"replies":[{"embeddable":true,"href":"https:\/\/www.transtoyou.com\/da\/wp-json\/wp\/v2\/comments?post=1000"}],"wp:featuredmedia":[{"embeddable":true,"href":"https:\/\/www.transtoyou.com\/da\/wp-json\/wp\/v2\/media\/1002"}],"wp:attachment":[{"href":"https:\/\/www.transtoyou.com\/da\/wp-json\/wp\/v2\/media?parent=1000"}],"wp:term":[{"taxonomy":"product_brand","embeddable":true,"href":"https:\/\/www.transtoyou.com\/da\/wp-json\/wp\/v2\/product_brand?post=1000"},{"taxonomy":"product_cat","embeddable":true,"href":"https:\/\/www.transtoyou.com\/da\/wp-json\/wp\/v2\/product_cat?post=1000"},{"taxonomy":"product_tag","embeddable":true,"href":"https:\/\/www.transtoyou.com\/da\/wp-json\/wp\/v2\/product_tag?post=1000"},{"taxonomy":"expert","embeddable":true,"href":"https:\/\/www.transtoyou.com\/da\/wp-json\/wp\/v2\/expert?post=1000"}],"curies":[{"name":"wp","href":"https:\/\/api.w.org\/{rel}","templated":true}]}}