{"id":1011,"date":"2026-01-24T06:51:46","date_gmt":"2026-01-24T04:51:46","guid":{"rendered":"https:\/\/www.transtoyou.com\/da\/product\/clomifen\/"},"modified":"2026-02-13T12:25:05","modified_gmt":"2026-02-13T10:25:05","slug":"clomifen","status":"publish","type":"product","link":"https:\/\/www.transtoyou.com\/da\/product\/clomifen\/","title":{"rendered":"Clomifen"},"content":{"rendered":"<p>Clomifen, ogs\u00e5 kendt som clomiphencitrat, er en medicin, der bruges til at inducere \u00e6gl\u00f8sning hos personer, der oplever infertilitet. Det ordineres ofte til personer, der ikke \u00e6gl\u00f8sner regelm\u00e6ssigt eller slet ikke, herunder dem med tilstande som polycystisk ovariesyndrom (PCOS) eller andre hormonelle ubalancer, der p\u00e5virker menstruationscyklussen.<\/p>\n<p>Clomifen virker ved at p\u00e5virke de hormonelle signaler i hjernen, der regulerer reproduktionssystemet. Specifikt stimulerer det hypofysen til at frigive h\u00f8jere niveauer af follikelstimulerende hormon (FSH) og luteiniserende hormon (LH). Disse hormoner fremmer udviklingen og frigivelsen af et modent \u00e6g fra \u00e6ggestokkene, hvilket \u00f8ger chancen for befrugtning under en naturlig menstruationscyklus.<\/p>\n<p>Behandlingen tages typisk som et kort forl\u00f8b af tabletter, \u00e9n gang om dagen i fem p\u00e5 hinanden f\u00f8lgende dage, normalt startende tidligt i menstruationscyklussen. Den pr\u00e6cise timing og dosis kan variere baseret p\u00e5 den enkeltes cyklusm\u00f8nster og deres reaktion p\u00e5 medicinen. \u00c6gl\u00f8sning sker typisk 5 til 10 dage efter den sidste dosis, og timet samleje anbefales ofte i denne periode.<\/p>\n<p>Clomifen er en mulighed i fertilitetsbehandling og er ofte en af de f\u00f8rste behandlinger til h\u00e5ndtering af \u00e6gl\u00f8sningsforstyrrelser. Nogle personer kan opleve bivirkninger, herunder oppustethed, hum\u00f8rsvingninger eller midlertidige synsforstyrrelser. Fordi Clomifen \u00f8ger chancen for \u00e6gl\u00f8sning, er der ogs\u00e5 en let \u00f8get risiko for flerfoldsgraviditeter, s\u00e5som tvillinger.<\/p>\n","protected":false},"excerpt":{"rendered":"<ul>\n<li>Stimulerer \u00e6gl\u00f8sning naturligt<\/li>\n<li>Forbedrer fertilitetsresultater<\/li>\n<li>Ikke-invasiv oral terapi<\/li>\n<\/ul>\n","protected":false},"featured_media":1013,"comment_status":"open","ping_status":"closed","template":"","meta":[],"product_brand":[],"product_cat":[120],"product_tag":[],"expert":[19],"class_list":{"0":"post-1011","1":"product","2":"type-product","3":"status-publish","4":"has-post-thumbnail","6":"product_cat-fertilitets-ovulationsprodukter","7":"expert-dr-j-vazquez","9":"first","10":"instock","11":"shipping-taxable","12":"product-type-variable"},"yoast_head":"<!-- This site is optimized with the Yoast SEO plugin v27.0 - https:\/\/yoast.com\/product\/yoast-seo-wordpress\/ -->\n<title>Clomifen | St\u00f8tter \u00e6gl\u00f8sning og fertilitet - Transtoyou<\/title>\n<meta name=\"description\" content=\"Clomifen st\u00f8tter \u00e6gl\u00f8sning for fertilitet, perfekt til PCOS. Opdag fordelene hos Transtoyou. Sikre hormonbalance, k\u00f8b nu.\" \/>\n<meta name=\"robots\" content=\"noindex, follow, max-snippet:-1, max-image-preview:large, max-video-preview:-1\" \/>\n<meta property=\"og:locale\" content=\"da_DK\" \/>\n<meta property=\"og:type\" content=\"article\" \/>\n<meta property=\"og:title\" content=\"Clomifen | St\u00f8tter \u00e6gl\u00f8sning og fertilitet - Transtoyou\" \/>\n<meta property=\"og:description\" content=\"Clomifen st\u00f8tter \u00e6gl\u00f8sning for fertilitet, perfekt til PCOS. Opdag fordelene hos Transtoyou. Sikre hormonbalance, k\u00f8b nu.\" \/>\n<meta property=\"og:url\" content=\"https:\/\/www.transtoyou.com\/da\/product\/clomifen\/\" \/>\n<meta property=\"og:site_name\" content=\"Transtoyou - DA\" \/>\n<meta property=\"article:modified_time\" content=\"2026-02-13T10:25:05+00:00\" \/>\n<meta name=\"twitter:card\" content=\"summary_large_image\" \/>\n<meta name=\"twitter:label1\" content=\"Estimeret l\u00e6setid\" \/>\n\t<meta name=\"twitter:data1\" content=\"1 minut\" \/>\n<script type=\"application\/ld+json\" class=\"yoast-schema-graph\">{\"@context\":\"https:\/\/schema.org\",\"@graph\":[{\"@type\":\"WebPage\",\"@id\":\"https:\/\/www.transtoyou.com\/da\/product\/clomifen\/\",\"url\":\"https:\/\/www.transtoyou.com\/da\/product\/clomifen\/\",\"name\":\"Clomifen | St\u00f8tter \u00e6gl\u00f8sning og fertilitet - Transtoyou\",\"isPartOf\":{\"@id\":\"https:\/\/www.transtoyou.com\/da\/#website\"},\"primaryImageOfPage\":{\"@id\":\"https:\/\/www.transtoyou.com\/da\/product\/clomifen\/#primaryimage\"},\"image\":{\"@id\":\"https:\/\/www.transtoyou.com\/da\/product\/clomifen\/#primaryimage\"},\"thumbnailUrl\":\"https:\/\/www.transtoyou.com\/da\/wp-content\/uploads\/sites\/6\/2026\/01\/tty-no-product-image-82.webp\",\"datePublished\":\"2026-01-24T04:51:46+00:00\",\"dateModified\":\"2026-02-13T10:25:05+00:00\",\"description\":\"Clomifen st\u00f8tter \u00e6gl\u00f8sning for fertilitet, perfekt til PCOS. Opdag fordelene hos Transtoyou. Sikre hormonbalance, k\u00f8b nu.\",\"breadcrumb\":{\"@id\":\"https:\/\/www.transtoyou.com\/da\/product\/clomifen\/#breadcrumb\"},\"inLanguage\":\"da-DK\",\"potentialAction\":[{\"@type\":\"ReadAction\",\"target\":[\"https:\/\/www.transtoyou.com\/da\/product\/clomifen\/\"]}]},{\"@type\":\"ImageObject\",\"inLanguage\":\"da-DK\",\"@id\":\"https:\/\/www.transtoyou.com\/da\/product\/clomifen\/#primaryimage\",\"url\":\"https:\/\/www.transtoyou.com\/da\/wp-content\/uploads\/sites\/6\/2026\/01\/tty-no-product-image-82.webp\",\"contentUrl\":\"https:\/\/www.transtoyou.com\/da\/wp-content\/uploads\/sites\/6\/2026\/01\/tty-no-product-image-82.webp\",\"width\":1000,\"height\":1000,\"caption\":\"Standard produktbillede\"},{\"@type\":\"WebSite\",\"@id\":\"https:\/\/www.transtoyou.com\/da\/#website\",\"url\":\"https:\/\/www.transtoyou.com\/da\/\",\"name\":\"Transtoyou - DA\",\"description\":\"\",\"publisher\":{\"@id\":\"https:\/\/www.transtoyou.com\/da\/#organization\"},\"potentialAction\":[{\"@type\":\"SearchAction\",\"target\":{\"@type\":\"EntryPoint\",\"urlTemplate\":\"https:\/\/www.transtoyou.com\/da\/?s={search_term_string}\"},\"query-input\":{\"@type\":\"PropertyValueSpecification\",\"valueRequired\":true,\"valueName\":\"search_term_string\"}}],\"inLanguage\":\"da-DK\"},{\"@type\":\"Organization\",\"@id\":\"https:\/\/www.transtoyou.com\/da\/#organization\",\"name\":\"Transtoyou - DA\",\"url\":\"https:\/\/www.transtoyou.com\/da\/\",\"logo\":{\"@type\":\"ImageObject\",\"inLanguage\":\"da-DK\",\"@id\":\"https:\/\/www.transtoyou.com\/da\/#\/schema\/logo\/image\/\",\"url\":\"https:\/\/www.transtoyou.com\/da\/wp-content\/uploads\/sites\/6\/2026\/01\/logo-tty-menu-bar-300x87-1.webp\",\"contentUrl\":\"https:\/\/www.transtoyou.com\/da\/wp-content\/uploads\/sites\/6\/2026\/01\/logo-tty-menu-bar-300x87-1.webp\",\"width\":300,\"height\":87,\"caption\":\"Transtoyou - DA\"},\"image\":{\"@id\":\"https:\/\/www.transtoyou.com\/da\/#\/schema\/logo\/image\/\"}}]}<\/script>\n<!-- \/ Yoast SEO plugin. -->","yoast_head_json":{"title":"Clomifen | St\u00f8tter \u00e6gl\u00f8sning og fertilitet - Transtoyou","description":"Clomifen st\u00f8tter \u00e6gl\u00f8sning for fertilitet, perfekt til PCOS. Opdag fordelene hos Transtoyou. Sikre hormonbalance, k\u00f8b nu.","robots":{"index":"noindex","follow":"follow","max-snippet":"max-snippet:-1","max-image-preview":"max-image-preview:large","max-video-preview":"max-video-preview:-1"},"og_locale":"da_DK","og_type":"article","og_title":"Clomifen | St\u00f8tter \u00e6gl\u00f8sning og fertilitet - Transtoyou","og_description":"Clomifen st\u00f8tter \u00e6gl\u00f8sning for fertilitet, perfekt til PCOS. Opdag fordelene hos Transtoyou. Sikre hormonbalance, k\u00f8b nu.","og_url":"https:\/\/www.transtoyou.com\/da\/product\/clomifen\/","og_site_name":"Transtoyou - DA","article_modified_time":"2026-02-13T10:25:05+00:00","twitter_card":"summary_large_image","twitter_misc":{"Estimeret l\u00e6setid":"1 minut"},"schema":{"@context":"https:\/\/schema.org","@graph":[{"@type":"WebPage","@id":"https:\/\/www.transtoyou.com\/da\/product\/clomifen\/","url":"https:\/\/www.transtoyou.com\/da\/product\/clomifen\/","name":"Clomifen | St\u00f8tter \u00e6gl\u00f8sning og fertilitet - Transtoyou","isPartOf":{"@id":"https:\/\/www.transtoyou.com\/da\/#website"},"primaryImageOfPage":{"@id":"https:\/\/www.transtoyou.com\/da\/product\/clomifen\/#primaryimage"},"image":{"@id":"https:\/\/www.transtoyou.com\/da\/product\/clomifen\/#primaryimage"},"thumbnailUrl":"https:\/\/www.transtoyou.com\/da\/wp-content\/uploads\/sites\/6\/2026\/01\/tty-no-product-image-82.webp","datePublished":"2026-01-24T04:51:46+00:00","dateModified":"2026-02-13T10:25:05+00:00","description":"Clomifen st\u00f8tter \u00e6gl\u00f8sning for fertilitet, perfekt til PCOS. Opdag fordelene hos Transtoyou. Sikre hormonbalance, k\u00f8b nu.","breadcrumb":{"@id":"https:\/\/www.transtoyou.com\/da\/product\/clomifen\/#breadcrumb"},"inLanguage":"da-DK","potentialAction":[{"@type":"ReadAction","target":["https:\/\/www.transtoyou.com\/da\/product\/clomifen\/"]}]},{"@type":"ImageObject","inLanguage":"da-DK","@id":"https:\/\/www.transtoyou.com\/da\/product\/clomifen\/#primaryimage","url":"https:\/\/www.transtoyou.com\/da\/wp-content\/uploads\/sites\/6\/2026\/01\/tty-no-product-image-82.webp","contentUrl":"https:\/\/www.transtoyou.com\/da\/wp-content\/uploads\/sites\/6\/2026\/01\/tty-no-product-image-82.webp","width":1000,"height":1000,"caption":"Standard produktbillede"},{"@type":"WebSite","@id":"https:\/\/www.transtoyou.com\/da\/#website","url":"https:\/\/www.transtoyou.com\/da\/","name":"Transtoyou - DA","description":"","publisher":{"@id":"https:\/\/www.transtoyou.com\/da\/#organization"},"potentialAction":[{"@type":"SearchAction","target":{"@type":"EntryPoint","urlTemplate":"https:\/\/www.transtoyou.com\/da\/?s={search_term_string}"},"query-input":{"@type":"PropertyValueSpecification","valueRequired":true,"valueName":"search_term_string"}}],"inLanguage":"da-DK"},{"@type":"Organization","@id":"https:\/\/www.transtoyou.com\/da\/#organization","name":"Transtoyou - DA","url":"https:\/\/www.transtoyou.com\/da\/","logo":{"@type":"ImageObject","inLanguage":"da-DK","@id":"https:\/\/www.transtoyou.com\/da\/#\/schema\/logo\/image\/","url":"https:\/\/www.transtoyou.com\/da\/wp-content\/uploads\/sites\/6\/2026\/01\/logo-tty-menu-bar-300x87-1.webp","contentUrl":"https:\/\/www.transtoyou.com\/da\/wp-content\/uploads\/sites\/6\/2026\/01\/logo-tty-menu-bar-300x87-1.webp","width":300,"height":87,"caption":"Transtoyou - DA"},"image":{"@id":"https:\/\/www.transtoyou.com\/da\/#\/schema\/logo\/image\/"}}]}},"_links":{"self":[{"href":"https:\/\/www.transtoyou.com\/da\/wp-json\/wp\/v2\/product\/1011","targetHints":{"allow":["GET"]}}],"collection":[{"href":"https:\/\/www.transtoyou.com\/da\/wp-json\/wp\/v2\/product"}],"about":[{"href":"https:\/\/www.transtoyou.com\/da\/wp-json\/wp\/v2\/types\/product"}],"replies":[{"embeddable":true,"href":"https:\/\/www.transtoyou.com\/da\/wp-json\/wp\/v2\/comments?post=1011"}],"wp:featuredmedia":[{"embeddable":true,"href":"https:\/\/www.transtoyou.com\/da\/wp-json\/wp\/v2\/media\/1013"}],"wp:attachment":[{"href":"https:\/\/www.transtoyou.com\/da\/wp-json\/wp\/v2\/media?parent=1011"}],"wp:term":[{"taxonomy":"product_brand","embeddable":true,"href":"https:\/\/www.transtoyou.com\/da\/wp-json\/wp\/v2\/product_brand?post=1011"},{"taxonomy":"product_cat","embeddable":true,"href":"https:\/\/www.transtoyou.com\/da\/wp-json\/wp\/v2\/product_cat?post=1011"},{"taxonomy":"product_tag","embeddable":true,"href":"https:\/\/www.transtoyou.com\/da\/wp-json\/wp\/v2\/product_tag?post=1011"},{"taxonomy":"expert","embeddable":true,"href":"https:\/\/www.transtoyou.com\/da\/wp-json\/wp\/v2\/expert?post=1011"}],"curies":[{"name":"wp","href":"https:\/\/api.w.org\/{rel}","templated":true}]}}