{"id":1014,"date":"2026-01-24T07:06:38","date_gmt":"2026-01-24T05:06:38","guid":{"rendered":"https:\/\/www.transtoyou.com\/da\/product\/vaniqa\/"},"modified":"2026-03-06T16:59:57","modified_gmt":"2026-03-06T14:59:57","slug":"vaniqa","status":"publish","type":"product","link":"https:\/\/www.transtoyou.com\/da\/product\/vaniqa\/","title":{"rendered":"Vaniqa"},"content":{"rendered":"<p>Vaniqa er en topisk creme, der bruges til at hj\u00e6lpe med at reducere v\u00e6ksten af u\u00f8nsket ansigtsh\u00e5r, is\u00e6r hos kvinder diagnosticeret med ansigtshirsutisme. Den indeholder eflornithinhydrochlorid, et stof der virker ved at bremse h\u00e5rv\u00e6ksten p\u00e5 follikelniveau. I mods\u00e6tning til metoder, der fjerner h\u00e5r, s\u00e5som barbering eller voksning, virker Vaniqa p\u00e5 h\u00e5rfollikelniveau for at bremse v\u00e6ksten og bruges som en langsigtet mulighed.<\/p>\n<p>Cremen p\u00e5f\u00f8res direkte p\u00e5 de ber\u00f8rte omr\u00e5der af ansigtet, s\u00e5som overl\u00e6ben, hagen eller k\u00e6belinjen, to gange dagligt, med mindst otte timer mellem p\u00e5f\u00f8ringerne. Det er ikke et h\u00e5rfjerningsprodukt, men er beregnet til at reducere hastigheden og tykkelsen af genv\u00e6kst over tid. Synlig forbedring kan tage fire til otte uger, og fortsat brug er n\u00f8dvendig for at opretholde resultaterne. Hvis cremen stoppes, vender h\u00e5rv\u00e6ksten typisk tilbage til sit tidligere m\u00f8nster.<\/p>\n<p>Vaniqa bruges ofte sammen med kosmetiske h\u00e5rfjerningsmetoder. Over tid kan nogle personer opleve en reduktion i hyppigheden af h\u00e5rfjerningsprocedurer, og udseendet af genv\u00e6kst kan blive finere og lysere. Den kan bruges p\u00e5 lang sigt under medicinsk tilsyn, selvom effekterne varierer mellem individer.<\/p>\n<p>Almindelige bivirkninger er normalt milde og kan omfatte r\u00f8dme, prikken, svien eller let hudirritation p\u00e5 p\u00e5f\u00f8ringsstedet. Disse symptomer mindskes ofte, efterh\u00e5nden som huden tilpasser sig cremen. Vaniqa b\u00f8r kun p\u00e5f\u00f8res ren, t\u00f8r hud, og en kort ventetid anbefales, f\u00f8r der p\u00e5f\u00f8res makeup eller solcreme.<\/p>\n","protected":false},"excerpt":{"rendered":"<ul>\n<li>Reducerer genv\u00e6kst af ansigtsh\u00e5r<\/li>\n<li>Ikke-hormonal topisk behandling<\/li>\n<li>Giver en glattere hudoverflade<\/li>\n<\/ul>\n","protected":false},"featured_media":1016,"comment_status":"open","ping_status":"closed","template":"","meta":[],"product_brand":[],"product_cat":[119,137],"product_tag":[],"expert":[19],"class_list":{"0":"post-1014","1":"product","2":"type-product","3":"status-publish","4":"has-post-thumbnail","6":"product_cat-ansigtsbeharing-reduktion","7":"product_cat-hirsutisme-ansigtshar","8":"expert-dr-j-vazquez","10":"first","11":"instock","12":"shipping-taxable","13":"product-type-variable"},"yoast_head":"<!-- This site is optimized with the Yoast SEO plugin v27.0 - https:\/\/yoast.com\/product\/yoast-seo-wordpress\/ -->\n<title>Vaniqa | Effektiv reduktion af ansigtsh\u00e5rv\u00e6kst - Transtoyou<\/title>\n<meta name=\"description\" content=\"Vaniqa creme reducerer u\u00f8nsket ansigtsh\u00e5r og bek\u00e6mper \u00e5rsagerne til glattere hud. F\u00e5 den her og start din rejse mod selvtillid i dag.\" \/>\n<meta name=\"robots\" content=\"noindex, follow, max-snippet:-1, max-image-preview:large, max-video-preview:-1\" \/>\n<meta property=\"og:locale\" content=\"da_DK\" \/>\n<meta property=\"og:type\" content=\"article\" \/>\n<meta property=\"og:title\" content=\"Vaniqa | Effektiv reduktion af ansigtsh\u00e5rv\u00e6kst - Transtoyou\" \/>\n<meta property=\"og:description\" content=\"Vaniqa creme reducerer u\u00f8nsket ansigtsh\u00e5r og bek\u00e6mper \u00e5rsagerne til glattere hud. F\u00e5 den her og start din rejse mod selvtillid i dag.\" \/>\n<meta property=\"og:url\" content=\"https:\/\/www.transtoyou.com\/da\/product\/vaniqa\/\" \/>\n<meta property=\"og:site_name\" content=\"Transtoyou - DA\" \/>\n<meta property=\"article:modified_time\" content=\"2026-03-06T14:59:57+00:00\" \/>\n<meta name=\"twitter:card\" content=\"summary_large_image\" \/>\n<meta name=\"twitter:label1\" content=\"Estimeret l\u00e6setid\" \/>\n\t<meta name=\"twitter:data1\" content=\"1 minut\" \/>\n<script type=\"application\/ld+json\" class=\"yoast-schema-graph\">{\"@context\":\"https:\/\/schema.org\",\"@graph\":[{\"@type\":\"WebPage\",\"@id\":\"https:\/\/www.transtoyou.com\/da\/product\/vaniqa\/\",\"url\":\"https:\/\/www.transtoyou.com\/da\/product\/vaniqa\/\",\"name\":\"Vaniqa | Effektiv reduktion af ansigtsh\u00e5rv\u00e6kst - Transtoyou\",\"isPartOf\":{\"@id\":\"https:\/\/www.transtoyou.com\/da\/#website\"},\"primaryImageOfPage\":{\"@id\":\"https:\/\/www.transtoyou.com\/da\/product\/vaniqa\/#primaryimage\"},\"image\":{\"@id\":\"https:\/\/www.transtoyou.com\/da\/product\/vaniqa\/#primaryimage\"},\"thumbnailUrl\":\"https:\/\/www.transtoyou.com\/da\/wp-content\/uploads\/sites\/6\/2026\/01\/tty-no-product-image-83.webp\",\"datePublished\":\"2026-01-24T05:06:38+00:00\",\"dateModified\":\"2026-03-06T14:59:57+00:00\",\"description\":\"Vaniqa creme reducerer u\u00f8nsket ansigtsh\u00e5r og bek\u00e6mper \u00e5rsagerne til glattere hud. F\u00e5 den her og start din rejse mod selvtillid i dag.\",\"breadcrumb\":{\"@id\":\"https:\/\/www.transtoyou.com\/da\/product\/vaniqa\/#breadcrumb\"},\"inLanguage\":\"da-DK\",\"potentialAction\":[{\"@type\":\"ReadAction\",\"target\":[\"https:\/\/www.transtoyou.com\/da\/product\/vaniqa\/\"]}]},{\"@type\":\"ImageObject\",\"inLanguage\":\"da-DK\",\"@id\":\"https:\/\/www.transtoyou.com\/da\/product\/vaniqa\/#primaryimage\",\"url\":\"https:\/\/www.transtoyou.com\/da\/wp-content\/uploads\/sites\/6\/2026\/01\/tty-no-product-image-83.webp\",\"contentUrl\":\"https:\/\/www.transtoyou.com\/da\/wp-content\/uploads\/sites\/6\/2026\/01\/tty-no-product-image-83.webp\",\"width\":1000,\"height\":1000,\"caption\":\"Standard produktbillede\"},{\"@type\":\"WebSite\",\"@id\":\"https:\/\/www.transtoyou.com\/da\/#website\",\"url\":\"https:\/\/www.transtoyou.com\/da\/\",\"name\":\"Transtoyou - DA\",\"description\":\"\",\"publisher\":{\"@id\":\"https:\/\/www.transtoyou.com\/da\/#organization\"},\"potentialAction\":[{\"@type\":\"SearchAction\",\"target\":{\"@type\":\"EntryPoint\",\"urlTemplate\":\"https:\/\/www.transtoyou.com\/da\/?s={search_term_string}\"},\"query-input\":{\"@type\":\"PropertyValueSpecification\",\"valueRequired\":true,\"valueName\":\"search_term_string\"}}],\"inLanguage\":\"da-DK\"},{\"@type\":\"Organization\",\"@id\":\"https:\/\/www.transtoyou.com\/da\/#organization\",\"name\":\"Transtoyou - DA\",\"url\":\"https:\/\/www.transtoyou.com\/da\/\",\"logo\":{\"@type\":\"ImageObject\",\"inLanguage\":\"da-DK\",\"@id\":\"https:\/\/www.transtoyou.com\/da\/#\/schema\/logo\/image\/\",\"url\":\"https:\/\/www.transtoyou.com\/da\/wp-content\/uploads\/sites\/6\/2026\/01\/logo-tty-menu-bar-300x87-1.webp\",\"contentUrl\":\"https:\/\/www.transtoyou.com\/da\/wp-content\/uploads\/sites\/6\/2026\/01\/logo-tty-menu-bar-300x87-1.webp\",\"width\":300,\"height\":87,\"caption\":\"Transtoyou - DA\"},\"image\":{\"@id\":\"https:\/\/www.transtoyou.com\/da\/#\/schema\/logo\/image\/\"}}]}<\/script>\n<!-- \/ Yoast SEO plugin. -->","yoast_head_json":{"title":"Vaniqa | Effektiv reduktion af ansigtsh\u00e5rv\u00e6kst - Transtoyou","description":"Vaniqa creme reducerer u\u00f8nsket ansigtsh\u00e5r og bek\u00e6mper \u00e5rsagerne til glattere hud. F\u00e5 den her og start din rejse mod selvtillid i dag.","robots":{"index":"noindex","follow":"follow","max-snippet":"max-snippet:-1","max-image-preview":"max-image-preview:large","max-video-preview":"max-video-preview:-1"},"og_locale":"da_DK","og_type":"article","og_title":"Vaniqa | Effektiv reduktion af ansigtsh\u00e5rv\u00e6kst - Transtoyou","og_description":"Vaniqa creme reducerer u\u00f8nsket ansigtsh\u00e5r og bek\u00e6mper \u00e5rsagerne til glattere hud. F\u00e5 den her og start din rejse mod selvtillid i dag.","og_url":"https:\/\/www.transtoyou.com\/da\/product\/vaniqa\/","og_site_name":"Transtoyou - DA","article_modified_time":"2026-03-06T14:59:57+00:00","twitter_card":"summary_large_image","twitter_misc":{"Estimeret l\u00e6setid":"1 minut"},"schema":{"@context":"https:\/\/schema.org","@graph":[{"@type":"WebPage","@id":"https:\/\/www.transtoyou.com\/da\/product\/vaniqa\/","url":"https:\/\/www.transtoyou.com\/da\/product\/vaniqa\/","name":"Vaniqa | Effektiv reduktion af ansigtsh\u00e5rv\u00e6kst - Transtoyou","isPartOf":{"@id":"https:\/\/www.transtoyou.com\/da\/#website"},"primaryImageOfPage":{"@id":"https:\/\/www.transtoyou.com\/da\/product\/vaniqa\/#primaryimage"},"image":{"@id":"https:\/\/www.transtoyou.com\/da\/product\/vaniqa\/#primaryimage"},"thumbnailUrl":"https:\/\/www.transtoyou.com\/da\/wp-content\/uploads\/sites\/6\/2026\/01\/tty-no-product-image-83.webp","datePublished":"2026-01-24T05:06:38+00:00","dateModified":"2026-03-06T14:59:57+00:00","description":"Vaniqa creme reducerer u\u00f8nsket ansigtsh\u00e5r og bek\u00e6mper \u00e5rsagerne til glattere hud. F\u00e5 den her og start din rejse mod selvtillid i dag.","breadcrumb":{"@id":"https:\/\/www.transtoyou.com\/da\/product\/vaniqa\/#breadcrumb"},"inLanguage":"da-DK","potentialAction":[{"@type":"ReadAction","target":["https:\/\/www.transtoyou.com\/da\/product\/vaniqa\/"]}]},{"@type":"ImageObject","inLanguage":"da-DK","@id":"https:\/\/www.transtoyou.com\/da\/product\/vaniqa\/#primaryimage","url":"https:\/\/www.transtoyou.com\/da\/wp-content\/uploads\/sites\/6\/2026\/01\/tty-no-product-image-83.webp","contentUrl":"https:\/\/www.transtoyou.com\/da\/wp-content\/uploads\/sites\/6\/2026\/01\/tty-no-product-image-83.webp","width":1000,"height":1000,"caption":"Standard produktbillede"},{"@type":"WebSite","@id":"https:\/\/www.transtoyou.com\/da\/#website","url":"https:\/\/www.transtoyou.com\/da\/","name":"Transtoyou - DA","description":"","publisher":{"@id":"https:\/\/www.transtoyou.com\/da\/#organization"},"potentialAction":[{"@type":"SearchAction","target":{"@type":"EntryPoint","urlTemplate":"https:\/\/www.transtoyou.com\/da\/?s={search_term_string}"},"query-input":{"@type":"PropertyValueSpecification","valueRequired":true,"valueName":"search_term_string"}}],"inLanguage":"da-DK"},{"@type":"Organization","@id":"https:\/\/www.transtoyou.com\/da\/#organization","name":"Transtoyou - DA","url":"https:\/\/www.transtoyou.com\/da\/","logo":{"@type":"ImageObject","inLanguage":"da-DK","@id":"https:\/\/www.transtoyou.com\/da\/#\/schema\/logo\/image\/","url":"https:\/\/www.transtoyou.com\/da\/wp-content\/uploads\/sites\/6\/2026\/01\/logo-tty-menu-bar-300x87-1.webp","contentUrl":"https:\/\/www.transtoyou.com\/da\/wp-content\/uploads\/sites\/6\/2026\/01\/logo-tty-menu-bar-300x87-1.webp","width":300,"height":87,"caption":"Transtoyou - DA"},"image":{"@id":"https:\/\/www.transtoyou.com\/da\/#\/schema\/logo\/image\/"}}]}},"_links":{"self":[{"href":"https:\/\/www.transtoyou.com\/da\/wp-json\/wp\/v2\/product\/1014","targetHints":{"allow":["GET"]}}],"collection":[{"href":"https:\/\/www.transtoyou.com\/da\/wp-json\/wp\/v2\/product"}],"about":[{"href":"https:\/\/www.transtoyou.com\/da\/wp-json\/wp\/v2\/types\/product"}],"replies":[{"embeddable":true,"href":"https:\/\/www.transtoyou.com\/da\/wp-json\/wp\/v2\/comments?post=1014"}],"wp:featuredmedia":[{"embeddable":true,"href":"https:\/\/www.transtoyou.com\/da\/wp-json\/wp\/v2\/media\/1016"}],"wp:attachment":[{"href":"https:\/\/www.transtoyou.com\/da\/wp-json\/wp\/v2\/media?parent=1014"}],"wp:term":[{"taxonomy":"product_brand","embeddable":true,"href":"https:\/\/www.transtoyou.com\/da\/wp-json\/wp\/v2\/product_brand?post=1014"},{"taxonomy":"product_cat","embeddable":true,"href":"https:\/\/www.transtoyou.com\/da\/wp-json\/wp\/v2\/product_cat?post=1014"},{"taxonomy":"product_tag","embeddable":true,"href":"https:\/\/www.transtoyou.com\/da\/wp-json\/wp\/v2\/product_tag?post=1014"},{"taxonomy":"expert","embeddable":true,"href":"https:\/\/www.transtoyou.com\/da\/wp-json\/wp\/v2\/expert?post=1014"}],"curies":[{"name":"wp","href":"https:\/\/api.w.org\/{rel}","templated":true}]}}