{"id":1030,"date":"2026-01-24T08:48:52","date_gmt":"2026-01-24T06:48:52","guid":{"rendered":"https:\/\/www.transtoyou.com\/da\/product\/viagra\/"},"modified":"2026-03-18T16:18:35","modified_gmt":"2026-03-18T14:18:35","slug":"viagra","status":"publish","type":"product","link":"https:\/\/www.transtoyou.com\/da\/product\/viagra\/","title":{"rendered":"Viagra"},"content":{"rendered":"<p>Viagra er en behandling for erektil dysfunktion, der hj\u00e6lper m\u00e6nd med at opn\u00e5 og opretholde en erektion, der er egnet til seksuel aktivitet. Dets aktive ingrediens, sildenafilcitrat, virker ved at \u00f8ge blodgennemstr\u00f8mningen til penis, n\u00e5r en mand er seksuelt ophidset. Dette forbedrer kroppens naturlige evne til at reagere p\u00e5 intimitet og underst\u00f8tter st\u00e6rkere, mere p\u00e5lidelige erektioner.<\/p>\n<p>Viagra tilh\u00f8rer en klasse af medicin kaldet PDE5-h\u00e6mmere, som afslapper blodkarrene i penis og tillader mere blod at str\u00f8mme ind under stimulation. Det for\u00e5rsager ikke en erektion af sig selv; seksuel ophidselse er stadig n\u00f8dvendig for, at medicinen kan v\u00e6re effektiv. N\u00e5r det er aktivt i kroppen, begynder Viagra typisk at virke inden for 30 til 60 minutter, og dets virkninger kan vare i omkring fire til fem timer.<\/p>\n<p>Den standard startdosis er 50 mg, taget cirka en time f\u00f8r seksuel aktivitet, selvom dette kan justeres afh\u00e6ngigt af individuel respons og tolerabilitet. Nogle m\u00e6nd kan have gavn af en lavere dosis (25 mg), mens andre kan have brug for op til 100 mg. Det tages oralt og kan bruges med eller uden mad, selvom fedtrige m\u00e5ltider kan forsinke virkningen en smule.<\/p>\n<p>Viagra tolereres generelt godt. Nogle brugere kan opleve bivirkninger som hovedpine, ansigtsspyling, n\u00e6sestop, mavebesv\u00e6r eller midlertidige \u00e6ndringer i synet (s\u00e5som en bl\u00e5 nuance). Disse virkninger er normalt milde og kortvarige. Det b\u00f8r ikke bruges sammen med nitrater eller medicin, der signifikant s\u00e6nker blodtrykket.<\/p>\n","protected":false},"excerpt":{"rendered":"<ul>\n<li>Underst\u00f8tter naturlig seksuel respons<\/li>\n<li>Forbedrer erektil funktion<\/li>\n<li>Betroet verden over til h\u00e5ndtering af ED<\/li>\n<\/ul>\n","protected":false},"featured_media":1032,"comment_status":"open","ping_status":"closed","template":"","meta":[],"product_brand":[],"product_cat":[115],"product_tag":[],"expert":[16],"class_list":{"0":"post-1030","1":"product","2":"type-product","3":"status-publish","4":"has-post-thumbnail","6":"product_cat-behandlinger-for-erektil-dysfunktion","7":"expert-dr-c-alexandru","9":"first","10":"instock","11":"shipping-taxable","12":"purchasable","13":"product-type-variable"},"yoast_head":"<!-- This site is optimized with the Yoast SEO plugin v27.0 - https:\/\/yoast.com\/product\/yoast-seo-wordpress\/ -->\n<title>Viagra | Forbedr din pr\u00e6station og selvtillid - Transtoyou<\/title>\n<meta name=\"description\" content=\"Opdag Viagra hos Transtoyou, som sikkert forbedrer erektil funktion. Klinisk bevist med sildenafil. Bestil din behandling i dag.\" \/>\n<meta name=\"robots\" content=\"noindex, follow, max-snippet:-1, max-image-preview:large, max-video-preview:-1\" \/>\n<meta property=\"og:locale\" content=\"da_DK\" \/>\n<meta property=\"og:type\" content=\"article\" \/>\n<meta property=\"og:title\" content=\"Viagra | Forbedr din pr\u00e6station og selvtillid - Transtoyou\" \/>\n<meta property=\"og:description\" content=\"Opdag Viagra hos Transtoyou, som sikkert forbedrer erektil funktion. Klinisk bevist med sildenafil. Bestil din behandling i dag.\" \/>\n<meta property=\"og:url\" content=\"https:\/\/www.transtoyou.com\/da\/product\/viagra\/\" \/>\n<meta property=\"og:site_name\" content=\"Transtoyou - DA\" \/>\n<meta property=\"article:modified_time\" content=\"2026-03-18T14:18:35+00:00\" \/>\n<meta name=\"twitter:card\" content=\"summary_large_image\" \/>\n<meta name=\"twitter:label1\" content=\"Estimeret l\u00e6setid\" \/>\n\t<meta name=\"twitter:data1\" content=\"1 minut\" \/>\n<script type=\"application\/ld+json\" class=\"yoast-schema-graph\">{\"@context\":\"https:\/\/schema.org\",\"@graph\":[{\"@type\":\"WebPage\",\"@id\":\"https:\/\/www.transtoyou.com\/da\/product\/viagra\/\",\"url\":\"https:\/\/www.transtoyou.com\/da\/product\/viagra\/\",\"name\":\"Viagra | Forbedr din pr\u00e6station og selvtillid - Transtoyou\",\"isPartOf\":{\"@id\":\"https:\/\/www.transtoyou.com\/da\/#website\"},\"primaryImageOfPage\":{\"@id\":\"https:\/\/www.transtoyou.com\/da\/product\/viagra\/#primaryimage\"},\"image\":{\"@id\":\"https:\/\/www.transtoyou.com\/da\/product\/viagra\/#primaryimage\"},\"thumbnailUrl\":\"https:\/\/www.transtoyou.com\/da\/wp-content\/uploads\/sites\/6\/2026\/01\/tty-no-product-image-89.webp\",\"datePublished\":\"2026-01-24T06:48:52+00:00\",\"dateModified\":\"2026-03-18T14:18:35+00:00\",\"description\":\"Opdag Viagra hos Transtoyou, som sikkert forbedrer erektil funktion. Klinisk bevist med sildenafil. Bestil din behandling i dag.\",\"breadcrumb\":{\"@id\":\"https:\/\/www.transtoyou.com\/da\/product\/viagra\/#breadcrumb\"},\"inLanguage\":\"da-DK\",\"potentialAction\":[{\"@type\":\"ReadAction\",\"target\":[\"https:\/\/www.transtoyou.com\/da\/product\/viagra\/\"]}]},{\"@type\":\"ImageObject\",\"inLanguage\":\"da-DK\",\"@id\":\"https:\/\/www.transtoyou.com\/da\/product\/viagra\/#primaryimage\",\"url\":\"https:\/\/www.transtoyou.com\/da\/wp-content\/uploads\/sites\/6\/2026\/01\/tty-no-product-image-89.webp\",\"contentUrl\":\"https:\/\/www.transtoyou.com\/da\/wp-content\/uploads\/sites\/6\/2026\/01\/tty-no-product-image-89.webp\",\"width\":1000,\"height\":1000,\"caption\":\"Standard produktbillede\"},{\"@type\":\"WebSite\",\"@id\":\"https:\/\/www.transtoyou.com\/da\/#website\",\"url\":\"https:\/\/www.transtoyou.com\/da\/\",\"name\":\"Transtoyou - DA\",\"description\":\"\",\"publisher\":{\"@id\":\"https:\/\/www.transtoyou.com\/da\/#organization\"},\"potentialAction\":[{\"@type\":\"SearchAction\",\"target\":{\"@type\":\"EntryPoint\",\"urlTemplate\":\"https:\/\/www.transtoyou.com\/da\/?s={search_term_string}\"},\"query-input\":{\"@type\":\"PropertyValueSpecification\",\"valueRequired\":true,\"valueName\":\"search_term_string\"}}],\"inLanguage\":\"da-DK\"},{\"@type\":\"Organization\",\"@id\":\"https:\/\/www.transtoyou.com\/da\/#organization\",\"name\":\"Transtoyou - DA\",\"url\":\"https:\/\/www.transtoyou.com\/da\/\",\"logo\":{\"@type\":\"ImageObject\",\"inLanguage\":\"da-DK\",\"@id\":\"https:\/\/www.transtoyou.com\/da\/#\/schema\/logo\/image\/\",\"url\":\"https:\/\/www.transtoyou.com\/da\/wp-content\/uploads\/sites\/6\/2026\/01\/logo-tty-menu-bar-300x87-1.webp\",\"contentUrl\":\"https:\/\/www.transtoyou.com\/da\/wp-content\/uploads\/sites\/6\/2026\/01\/logo-tty-menu-bar-300x87-1.webp\",\"width\":300,\"height\":87,\"caption\":\"Transtoyou - DA\"},\"image\":{\"@id\":\"https:\/\/www.transtoyou.com\/da\/#\/schema\/logo\/image\/\"}}]}<\/script>\n<!-- \/ Yoast SEO plugin. -->","yoast_head_json":{"title":"Viagra | Forbedr din pr\u00e6station og selvtillid - Transtoyou","description":"Opdag Viagra hos Transtoyou, som sikkert forbedrer erektil funktion. Klinisk bevist med sildenafil. Bestil din behandling i dag.","robots":{"index":"noindex","follow":"follow","max-snippet":"max-snippet:-1","max-image-preview":"max-image-preview:large","max-video-preview":"max-video-preview:-1"},"og_locale":"da_DK","og_type":"article","og_title":"Viagra | Forbedr din pr\u00e6station og selvtillid - Transtoyou","og_description":"Opdag Viagra hos Transtoyou, som sikkert forbedrer erektil funktion. Klinisk bevist med sildenafil. Bestil din behandling i dag.","og_url":"https:\/\/www.transtoyou.com\/da\/product\/viagra\/","og_site_name":"Transtoyou - DA","article_modified_time":"2026-03-18T14:18:35+00:00","twitter_card":"summary_large_image","twitter_misc":{"Estimeret l\u00e6setid":"1 minut"},"schema":{"@context":"https:\/\/schema.org","@graph":[{"@type":"WebPage","@id":"https:\/\/www.transtoyou.com\/da\/product\/viagra\/","url":"https:\/\/www.transtoyou.com\/da\/product\/viagra\/","name":"Viagra | Forbedr din pr\u00e6station og selvtillid - Transtoyou","isPartOf":{"@id":"https:\/\/www.transtoyou.com\/da\/#website"},"primaryImageOfPage":{"@id":"https:\/\/www.transtoyou.com\/da\/product\/viagra\/#primaryimage"},"image":{"@id":"https:\/\/www.transtoyou.com\/da\/product\/viagra\/#primaryimage"},"thumbnailUrl":"https:\/\/www.transtoyou.com\/da\/wp-content\/uploads\/sites\/6\/2026\/01\/tty-no-product-image-89.webp","datePublished":"2026-01-24T06:48:52+00:00","dateModified":"2026-03-18T14:18:35+00:00","description":"Opdag Viagra hos Transtoyou, som sikkert forbedrer erektil funktion. Klinisk bevist med sildenafil. Bestil din behandling i dag.","breadcrumb":{"@id":"https:\/\/www.transtoyou.com\/da\/product\/viagra\/#breadcrumb"},"inLanguage":"da-DK","potentialAction":[{"@type":"ReadAction","target":["https:\/\/www.transtoyou.com\/da\/product\/viagra\/"]}]},{"@type":"ImageObject","inLanguage":"da-DK","@id":"https:\/\/www.transtoyou.com\/da\/product\/viagra\/#primaryimage","url":"https:\/\/www.transtoyou.com\/da\/wp-content\/uploads\/sites\/6\/2026\/01\/tty-no-product-image-89.webp","contentUrl":"https:\/\/www.transtoyou.com\/da\/wp-content\/uploads\/sites\/6\/2026\/01\/tty-no-product-image-89.webp","width":1000,"height":1000,"caption":"Standard produktbillede"},{"@type":"WebSite","@id":"https:\/\/www.transtoyou.com\/da\/#website","url":"https:\/\/www.transtoyou.com\/da\/","name":"Transtoyou - DA","description":"","publisher":{"@id":"https:\/\/www.transtoyou.com\/da\/#organization"},"potentialAction":[{"@type":"SearchAction","target":{"@type":"EntryPoint","urlTemplate":"https:\/\/www.transtoyou.com\/da\/?s={search_term_string}"},"query-input":{"@type":"PropertyValueSpecification","valueRequired":true,"valueName":"search_term_string"}}],"inLanguage":"da-DK"},{"@type":"Organization","@id":"https:\/\/www.transtoyou.com\/da\/#organization","name":"Transtoyou - DA","url":"https:\/\/www.transtoyou.com\/da\/","logo":{"@type":"ImageObject","inLanguage":"da-DK","@id":"https:\/\/www.transtoyou.com\/da\/#\/schema\/logo\/image\/","url":"https:\/\/www.transtoyou.com\/da\/wp-content\/uploads\/sites\/6\/2026\/01\/logo-tty-menu-bar-300x87-1.webp","contentUrl":"https:\/\/www.transtoyou.com\/da\/wp-content\/uploads\/sites\/6\/2026\/01\/logo-tty-menu-bar-300x87-1.webp","width":300,"height":87,"caption":"Transtoyou - DA"},"image":{"@id":"https:\/\/www.transtoyou.com\/da\/#\/schema\/logo\/image\/"}}]}},"_links":{"self":[{"href":"https:\/\/www.transtoyou.com\/da\/wp-json\/wp\/v2\/product\/1030","targetHints":{"allow":["GET"]}}],"collection":[{"href":"https:\/\/www.transtoyou.com\/da\/wp-json\/wp\/v2\/product"}],"about":[{"href":"https:\/\/www.transtoyou.com\/da\/wp-json\/wp\/v2\/types\/product"}],"replies":[{"embeddable":true,"href":"https:\/\/www.transtoyou.com\/da\/wp-json\/wp\/v2\/comments?post=1030"}],"wp:featuredmedia":[{"embeddable":true,"href":"https:\/\/www.transtoyou.com\/da\/wp-json\/wp\/v2\/media\/1032"}],"wp:attachment":[{"href":"https:\/\/www.transtoyou.com\/da\/wp-json\/wp\/v2\/media?parent=1030"}],"wp:term":[{"taxonomy":"product_brand","embeddable":true,"href":"https:\/\/www.transtoyou.com\/da\/wp-json\/wp\/v2\/product_brand?post=1030"},{"taxonomy":"product_cat","embeddable":true,"href":"https:\/\/www.transtoyou.com\/da\/wp-json\/wp\/v2\/product_cat?post=1030"},{"taxonomy":"product_tag","embeddable":true,"href":"https:\/\/www.transtoyou.com\/da\/wp-json\/wp\/v2\/product_tag?post=1030"},{"taxonomy":"expert","embeddable":true,"href":"https:\/\/www.transtoyou.com\/da\/wp-json\/wp\/v2\/expert?post=1030"}],"curies":[{"name":"wp","href":"https:\/\/api.w.org\/{rel}","templated":true}]}}