{"id":1033,"date":"2026-01-24T09:05:44","date_gmt":"2026-01-24T07:05:44","guid":{"rendered":"https:\/\/www.transtoyou.com\/da\/product\/tadalafil\/"},"modified":"2026-03-05T17:29:48","modified_gmt":"2026-03-05T15:29:48","slug":"tadalafil","status":"publish","type":"product","link":"https:\/\/www.transtoyou.com\/da\/product\/tadalafil\/","title":{"rendered":"Tadalafil"},"content":{"rendered":"<p>Tadalafil er et l\u00e6gemiddel til behandling af erektil dysfunktion, der hj\u00e6lper m\u00e6nd med at opn\u00e5 og opretholde en erektion, der er tilstr\u00e6kkelig til seksuel aktivitet. Det tilh\u00f8rer klassen af l\u00e6gemidler kaldet PDE5-h\u00e6mmere, som forbedrer blodgennemstr\u00f8mningen til penis ved at afslappe de glatte muskler i blodkarv\u00e6ggen.<\/p>\n<p>Det, der adskiller Tadalafil fra andre behandlinger af ED, er dets lange virkningsvarighed. Efter at have taget en enkelt dosis kan effekten vare op til 36 timer, hvilket giver en mere fleksibel og naturlig oplevelse omkring intimitet. Dette udvidede vindue har givet Tadalafil ry som en &#8220;weekendpille&#8221;, der g\u00f8r det muligt for m\u00e6nd og deres partnere at deltage i seksuel aktivitet uden presset fra pr\u00e6cise tidspunkter.<\/p>\n<p>Tadalafil kan tages p\u00e5 to m\u00e5der.<\/p>\n<ol>\n<li>Den f\u00f8rste er efter behov, typisk i en dosis p\u00e5 10 mg eller 20 mg, taget cirka 30 minutter f\u00f8r planlagt seksuel aktivitet.<\/li>\n<li>Den anden er \u00e9n gang dagligt, i en meget lavere dosis (2,5 mg eller 5 mg), som holder et konstant niveau af medicinen i kroppen. Denne daglige tilgang er ideel for m\u00e6nd, der foretr\u00e6kker at v\u00e6re klar n\u00e5r som helst, uden at skulle planl\u00e6gge p\u00e5 forh\u00e5nd.<\/li>\n<\/ol>\n<p>L\u00e6gemidlet tages oralt og kan anvendes med eller uden mad. Dets inds\u00e6ttelsestid er normalt 30 til 60 minutter. De fleste brugere t\u00e5ler det godt, selvom nogle kan opleve milde bivirkninger som hovedpine, muskelsmerter, ford\u00f8jelsesbesv\u00e6r eller n\u00e6seoverbelastning. Tadalafil b\u00f8r ikke tages sammen med nitrater eller visse blodtryksmediciner p\u00e5 grund af risikoen for alvorlige fald i blodtrykket.<\/p>\n","protected":false},"excerpt":{"rendered":"<ul>\n<li>Langvarig behandling af ED: op til 36 timers effekt<\/li>\n<li>Underst\u00f8tter ogs\u00e5 urin symptomer relateret til BPH<\/li>\n<li>Mulighed for daglig eller behovsbaseret dosering<\/li>\n<\/ul>\n","protected":false},"featured_media":1035,"comment_status":"open","ping_status":"closed","template":"","meta":[],"product_brand":[],"product_cat":[115],"product_tag":[],"expert":[16],"class_list":{"0":"post-1033","1":"product","2":"type-product","3":"status-publish","4":"has-post-thumbnail","6":"product_cat-behandlinger-for-erektil-dysfunktion","7":"expert-dr-c-alexandru","9":"first","10":"instock","11":"shipping-taxable","12":"product-type-variable"},"yoast_head":"<!-- This site is optimized with the Yoast SEO plugin v27.0 - https:\/\/yoast.com\/product\/yoast-seo-wordpress\/ -->\n<title>Tadalafil | Langvarig ED-l\u00f8sning - Transtoyou<\/title>\n<meta name=\"description\" content=\"Tadalafil, en langvarig behandling mod ED, forbedrer blodgennemstr\u00f8mningen i op til 36 timer. Oplev fleksibilitet og forbedret intimitet. L\u00e6s mere nu.\" \/>\n<meta name=\"robots\" content=\"noindex, follow, max-snippet:-1, max-image-preview:large, max-video-preview:-1\" \/>\n<meta property=\"og:locale\" content=\"da_DK\" \/>\n<meta property=\"og:type\" content=\"article\" \/>\n<meta property=\"og:title\" content=\"Tadalafil | Langvarig ED-l\u00f8sning - Transtoyou\" \/>\n<meta property=\"og:description\" content=\"Tadalafil, en langvarig behandling mod ED, forbedrer blodgennemstr\u00f8mningen i op til 36 timer. Oplev fleksibilitet og forbedret intimitet. L\u00e6s mere nu.\" \/>\n<meta property=\"og:url\" content=\"https:\/\/www.transtoyou.com\/da\/product\/tadalafil\/\" \/>\n<meta property=\"og:site_name\" content=\"Transtoyou - DA\" \/>\n<meta property=\"article:modified_time\" content=\"2026-03-05T15:29:48+00:00\" \/>\n<meta name=\"twitter:card\" content=\"summary_large_image\" \/>\n<meta name=\"twitter:label1\" content=\"Estimeret l\u00e6setid\" \/>\n\t<meta name=\"twitter:data1\" content=\"1 minut\" \/>\n<script type=\"application\/ld+json\" class=\"yoast-schema-graph\">{\"@context\":\"https:\/\/schema.org\",\"@graph\":[{\"@type\":\"WebPage\",\"@id\":\"https:\/\/www.transtoyou.com\/da\/product\/tadalafil\/\",\"url\":\"https:\/\/www.transtoyou.com\/da\/product\/tadalafil\/\",\"name\":\"Tadalafil | Langvarig ED-l\u00f8sning - Transtoyou\",\"isPartOf\":{\"@id\":\"https:\/\/www.transtoyou.com\/da\/#website\"},\"primaryImageOfPage\":{\"@id\":\"https:\/\/www.transtoyou.com\/da\/product\/tadalafil\/#primaryimage\"},\"image\":{\"@id\":\"https:\/\/www.transtoyou.com\/da\/product\/tadalafil\/#primaryimage\"},\"thumbnailUrl\":\"https:\/\/www.transtoyou.com\/da\/wp-content\/uploads\/sites\/6\/2026\/01\/tty-no-product-image-90.webp\",\"datePublished\":\"2026-01-24T07:05:44+00:00\",\"dateModified\":\"2026-03-05T15:29:48+00:00\",\"description\":\"Tadalafil, en langvarig behandling mod ED, forbedrer blodgennemstr\u00f8mningen i op til 36 timer. Oplev fleksibilitet og forbedret intimitet. L\u00e6s mere nu.\",\"breadcrumb\":{\"@id\":\"https:\/\/www.transtoyou.com\/da\/product\/tadalafil\/#breadcrumb\"},\"inLanguage\":\"da-DK\",\"potentialAction\":[{\"@type\":\"ReadAction\",\"target\":[\"https:\/\/www.transtoyou.com\/da\/product\/tadalafil\/\"]}]},{\"@type\":\"ImageObject\",\"inLanguage\":\"da-DK\",\"@id\":\"https:\/\/www.transtoyou.com\/da\/product\/tadalafil\/#primaryimage\",\"url\":\"https:\/\/www.transtoyou.com\/da\/wp-content\/uploads\/sites\/6\/2026\/01\/tty-no-product-image-90.webp\",\"contentUrl\":\"https:\/\/www.transtoyou.com\/da\/wp-content\/uploads\/sites\/6\/2026\/01\/tty-no-product-image-90.webp\",\"width\":1000,\"height\":1000,\"caption\":\"Standard produktbillede\"},{\"@type\":\"WebSite\",\"@id\":\"https:\/\/www.transtoyou.com\/da\/#website\",\"url\":\"https:\/\/www.transtoyou.com\/da\/\",\"name\":\"Transtoyou - DA\",\"description\":\"\",\"publisher\":{\"@id\":\"https:\/\/www.transtoyou.com\/da\/#organization\"},\"potentialAction\":[{\"@type\":\"SearchAction\",\"target\":{\"@type\":\"EntryPoint\",\"urlTemplate\":\"https:\/\/www.transtoyou.com\/da\/?s={search_term_string}\"},\"query-input\":{\"@type\":\"PropertyValueSpecification\",\"valueRequired\":true,\"valueName\":\"search_term_string\"}}],\"inLanguage\":\"da-DK\"},{\"@type\":\"Organization\",\"@id\":\"https:\/\/www.transtoyou.com\/da\/#organization\",\"name\":\"Transtoyou - DA\",\"url\":\"https:\/\/www.transtoyou.com\/da\/\",\"logo\":{\"@type\":\"ImageObject\",\"inLanguage\":\"da-DK\",\"@id\":\"https:\/\/www.transtoyou.com\/da\/#\/schema\/logo\/image\/\",\"url\":\"https:\/\/www.transtoyou.com\/da\/wp-content\/uploads\/sites\/6\/2026\/01\/logo-tty-menu-bar-300x87-1.webp\",\"contentUrl\":\"https:\/\/www.transtoyou.com\/da\/wp-content\/uploads\/sites\/6\/2026\/01\/logo-tty-menu-bar-300x87-1.webp\",\"width\":300,\"height\":87,\"caption\":\"Transtoyou - DA\"},\"image\":{\"@id\":\"https:\/\/www.transtoyou.com\/da\/#\/schema\/logo\/image\/\"}}]}<\/script>\n<!-- \/ Yoast SEO plugin. -->","yoast_head_json":{"title":"Tadalafil | Langvarig ED-l\u00f8sning - Transtoyou","description":"Tadalafil, en langvarig behandling mod ED, forbedrer blodgennemstr\u00f8mningen i op til 36 timer. Oplev fleksibilitet og forbedret intimitet. L\u00e6s mere nu.","robots":{"index":"noindex","follow":"follow","max-snippet":"max-snippet:-1","max-image-preview":"max-image-preview:large","max-video-preview":"max-video-preview:-1"},"og_locale":"da_DK","og_type":"article","og_title":"Tadalafil | Langvarig ED-l\u00f8sning - Transtoyou","og_description":"Tadalafil, en langvarig behandling mod ED, forbedrer blodgennemstr\u00f8mningen i op til 36 timer. Oplev fleksibilitet og forbedret intimitet. L\u00e6s mere nu.","og_url":"https:\/\/www.transtoyou.com\/da\/product\/tadalafil\/","og_site_name":"Transtoyou - DA","article_modified_time":"2026-03-05T15:29:48+00:00","twitter_card":"summary_large_image","twitter_misc":{"Estimeret l\u00e6setid":"1 minut"},"schema":{"@context":"https:\/\/schema.org","@graph":[{"@type":"WebPage","@id":"https:\/\/www.transtoyou.com\/da\/product\/tadalafil\/","url":"https:\/\/www.transtoyou.com\/da\/product\/tadalafil\/","name":"Tadalafil | Langvarig ED-l\u00f8sning - Transtoyou","isPartOf":{"@id":"https:\/\/www.transtoyou.com\/da\/#website"},"primaryImageOfPage":{"@id":"https:\/\/www.transtoyou.com\/da\/product\/tadalafil\/#primaryimage"},"image":{"@id":"https:\/\/www.transtoyou.com\/da\/product\/tadalafil\/#primaryimage"},"thumbnailUrl":"https:\/\/www.transtoyou.com\/da\/wp-content\/uploads\/sites\/6\/2026\/01\/tty-no-product-image-90.webp","datePublished":"2026-01-24T07:05:44+00:00","dateModified":"2026-03-05T15:29:48+00:00","description":"Tadalafil, en langvarig behandling mod ED, forbedrer blodgennemstr\u00f8mningen i op til 36 timer. Oplev fleksibilitet og forbedret intimitet. L\u00e6s mere nu.","breadcrumb":{"@id":"https:\/\/www.transtoyou.com\/da\/product\/tadalafil\/#breadcrumb"},"inLanguage":"da-DK","potentialAction":[{"@type":"ReadAction","target":["https:\/\/www.transtoyou.com\/da\/product\/tadalafil\/"]}]},{"@type":"ImageObject","inLanguage":"da-DK","@id":"https:\/\/www.transtoyou.com\/da\/product\/tadalafil\/#primaryimage","url":"https:\/\/www.transtoyou.com\/da\/wp-content\/uploads\/sites\/6\/2026\/01\/tty-no-product-image-90.webp","contentUrl":"https:\/\/www.transtoyou.com\/da\/wp-content\/uploads\/sites\/6\/2026\/01\/tty-no-product-image-90.webp","width":1000,"height":1000,"caption":"Standard produktbillede"},{"@type":"WebSite","@id":"https:\/\/www.transtoyou.com\/da\/#website","url":"https:\/\/www.transtoyou.com\/da\/","name":"Transtoyou - DA","description":"","publisher":{"@id":"https:\/\/www.transtoyou.com\/da\/#organization"},"potentialAction":[{"@type":"SearchAction","target":{"@type":"EntryPoint","urlTemplate":"https:\/\/www.transtoyou.com\/da\/?s={search_term_string}"},"query-input":{"@type":"PropertyValueSpecification","valueRequired":true,"valueName":"search_term_string"}}],"inLanguage":"da-DK"},{"@type":"Organization","@id":"https:\/\/www.transtoyou.com\/da\/#organization","name":"Transtoyou - DA","url":"https:\/\/www.transtoyou.com\/da\/","logo":{"@type":"ImageObject","inLanguage":"da-DK","@id":"https:\/\/www.transtoyou.com\/da\/#\/schema\/logo\/image\/","url":"https:\/\/www.transtoyou.com\/da\/wp-content\/uploads\/sites\/6\/2026\/01\/logo-tty-menu-bar-300x87-1.webp","contentUrl":"https:\/\/www.transtoyou.com\/da\/wp-content\/uploads\/sites\/6\/2026\/01\/logo-tty-menu-bar-300x87-1.webp","width":300,"height":87,"caption":"Transtoyou - DA"},"image":{"@id":"https:\/\/www.transtoyou.com\/da\/#\/schema\/logo\/image\/"}}]}},"_links":{"self":[{"href":"https:\/\/www.transtoyou.com\/da\/wp-json\/wp\/v2\/product\/1033","targetHints":{"allow":["GET"]}}],"collection":[{"href":"https:\/\/www.transtoyou.com\/da\/wp-json\/wp\/v2\/product"}],"about":[{"href":"https:\/\/www.transtoyou.com\/da\/wp-json\/wp\/v2\/types\/product"}],"replies":[{"embeddable":true,"href":"https:\/\/www.transtoyou.com\/da\/wp-json\/wp\/v2\/comments?post=1033"}],"wp:featuredmedia":[{"embeddable":true,"href":"https:\/\/www.transtoyou.com\/da\/wp-json\/wp\/v2\/media\/1035"}],"wp:attachment":[{"href":"https:\/\/www.transtoyou.com\/da\/wp-json\/wp\/v2\/media?parent=1033"}],"wp:term":[{"taxonomy":"product_brand","embeddable":true,"href":"https:\/\/www.transtoyou.com\/da\/wp-json\/wp\/v2\/product_brand?post=1033"},{"taxonomy":"product_cat","embeddable":true,"href":"https:\/\/www.transtoyou.com\/da\/wp-json\/wp\/v2\/product_cat?post=1033"},{"taxonomy":"product_tag","embeddable":true,"href":"https:\/\/www.transtoyou.com\/da\/wp-json\/wp\/v2\/product_tag?post=1033"},{"taxonomy":"expert","embeddable":true,"href":"https:\/\/www.transtoyou.com\/da\/wp-json\/wp\/v2\/expert?post=1033"}],"curies":[{"name":"wp","href":"https:\/\/api.w.org\/{rel}","templated":true}]}}