{"id":1036,"date":"2026-01-24T09:21:19","date_gmt":"2026-01-24T07:21:19","guid":{"rendered":"https:\/\/www.transtoyou.com\/da\/product\/vardenafil\/"},"modified":"2026-03-07T14:56:25","modified_gmt":"2026-03-07T12:56:25","slug":"vardenafil","status":"publish","type":"product","link":"https:\/\/www.transtoyou.com\/da\/product\/vardenafil\/","title":{"rendered":"Vardenafil"},"content":{"rendered":"<p>Vardenafil er et l\u00e6gemiddel, der bruges til at behandle erektil dysfunktion, hvilket hj\u00e6lper m\u00e6nd med at genvinde selvtillid og seksuel aktivitet. Det tilh\u00f8rer klassen af l\u00e6gemidler kendt som PDE5-h\u00e6mmere, som virker ved at \u00f8ge blodgennemstr\u00f8mningen til penis under seksuel stimulation. Dette resulterer i en st\u00e6rkere og mere p\u00e5lidelig erektion, hvilket g\u00f8r det lettere at engagere sig i og opretholde intimitet.<\/p>\n<p>Vardenafil virker ved at afslappe de glatte muskler i blodkarrene i penis. N\u00e5r en mand er seksuelt ophidset, tillader denne afslapning mere blod at str\u00f8mme ind i det erektile v\u00e6v, hvilket f\u00f8rer til en naturlig f\u00f8lelse af erektion. L\u00e6gemidlet producerer ikke en erektion af sig selv, s\u00e5 seksuel stimulation er stadig n\u00f8dvendig for, at det kan have effekt.<\/p>\n<p>Dette l\u00e6gemiddel tages typisk som en tablet, cirka 25 til 60 minutter f\u00f8r seksuel aktivitet. Dets virkninger kan vare i cirka fire til fem timer, hvilket giver et komfortabelt tidsrum for spontan intimitet. I nogle tilf\u00e6lde kan m\u00e6nd opleve, at det begynder at virke p\u00e5 s\u00e5 lidt som 15 minutter, selvom dette varierer fra person til person. Vardenafil ordineres ofte i en startdosis p\u00e5 10 mg, som kan justeres baseret p\u00e5 respons og tolerabilitet.<\/p>\n<p>Vardenafil kan tages med eller uden mad, selvom et tungt eller fedtrigt m\u00e5ltid kan forsinke dets virkning en smule. Almindelige bivirkninger inkluderer mild hovedpine, r\u00f8dmen, n\u00e6seoverbelastning eller ford\u00f8jelsesbesv\u00e6r. Disse virkninger plejer at v\u00e6re midlertidige og forsvinder, n\u00e5r l\u00e6gemidlet aftager. Det b\u00f8r ikke bruges sammen med nitratmedicin eller andre stoffer, der s\u00e6nker blodtrykket.<\/p>\n","protected":false},"excerpt":{"rendered":"<ul>\n<li>Hurtigvirkende l\u00f8sning til erektil dysfunktion<\/li>\n<li>Forbedrer blodgennemstr\u00f8mningen for naturlig erektil respons<\/li>\n<li>Hj\u00e6lper med at genoprette selvtillid og intimitet<\/li>\n<\/ul>\n","protected":false},"featured_media":1038,"comment_status":"open","ping_status":"closed","template":"","meta":[],"product_brand":[],"product_cat":[115],"product_tag":[],"expert":[16],"class_list":{"0":"post-1036","1":"product","2":"type-product","3":"status-publish","4":"has-post-thumbnail","6":"product_cat-behandlinger-for-erektil-dysfunktion","7":"expert-dr-c-alexandru","9":"first","10":"instock","11":"shipping-taxable","12":"product-type-variable"},"yoast_head":"<!-- This site is optimized with the Yoast SEO plugin v27.0 - https:\/\/yoast.com\/product\/yoast-seo-wordpress\/ -->\n<title>Vardenafil | Forbedrer Pr\u00e6station og Selvtillid - Transtoyou<\/title>\n<meta name=\"description\" content=\"Vardenafil, tilg\u00e6ngelig hos Transtoyou, forbedrer intimitet ved at \u00f8ge blodgennemstr\u00f8mningen for en st\u00e6rkere erektion. Bestil nu for effektiv st\u00f8tte.\" \/>\n<meta name=\"robots\" content=\"noindex, follow, max-snippet:-1, max-image-preview:large, max-video-preview:-1\" \/>\n<meta property=\"og:locale\" content=\"da_DK\" \/>\n<meta property=\"og:type\" content=\"article\" \/>\n<meta property=\"og:title\" content=\"Vardenafil | Forbedrer Pr\u00e6station og Selvtillid - Transtoyou\" \/>\n<meta property=\"og:description\" content=\"Vardenafil, tilg\u00e6ngelig hos Transtoyou, forbedrer intimitet ved at \u00f8ge blodgennemstr\u00f8mningen for en st\u00e6rkere erektion. Bestil nu for effektiv st\u00f8tte.\" \/>\n<meta property=\"og:url\" content=\"https:\/\/www.transtoyou.com\/da\/product\/vardenafil\/\" \/>\n<meta property=\"og:site_name\" content=\"Transtoyou - DA\" \/>\n<meta property=\"article:modified_time\" content=\"2026-03-07T12:56:25+00:00\" \/>\n<meta name=\"twitter:card\" content=\"summary_large_image\" \/>\n<meta name=\"twitter:label1\" content=\"Estimeret l\u00e6setid\" \/>\n\t<meta name=\"twitter:data1\" content=\"1 minut\" \/>\n<script type=\"application\/ld+json\" class=\"yoast-schema-graph\">{\"@context\":\"https:\/\/schema.org\",\"@graph\":[{\"@type\":\"WebPage\",\"@id\":\"https:\/\/www.transtoyou.com\/da\/product\/vardenafil\/\",\"url\":\"https:\/\/www.transtoyou.com\/da\/product\/vardenafil\/\",\"name\":\"Vardenafil | Forbedrer Pr\u00e6station og Selvtillid - Transtoyou\",\"isPartOf\":{\"@id\":\"https:\/\/www.transtoyou.com\/da\/#website\"},\"primaryImageOfPage\":{\"@id\":\"https:\/\/www.transtoyou.com\/da\/product\/vardenafil\/#primaryimage\"},\"image\":{\"@id\":\"https:\/\/www.transtoyou.com\/da\/product\/vardenafil\/#primaryimage\"},\"thumbnailUrl\":\"https:\/\/www.transtoyou.com\/da\/wp-content\/uploads\/sites\/6\/2026\/01\/tty-no-product-image-91.webp\",\"datePublished\":\"2026-01-24T07:21:19+00:00\",\"dateModified\":\"2026-03-07T12:56:25+00:00\",\"description\":\"Vardenafil, tilg\u00e6ngelig hos Transtoyou, forbedrer intimitet ved at \u00f8ge blodgennemstr\u00f8mningen for en st\u00e6rkere erektion. Bestil nu for effektiv st\u00f8tte.\",\"breadcrumb\":{\"@id\":\"https:\/\/www.transtoyou.com\/da\/product\/vardenafil\/#breadcrumb\"},\"inLanguage\":\"da-DK\",\"potentialAction\":[{\"@type\":\"ReadAction\",\"target\":[\"https:\/\/www.transtoyou.com\/da\/product\/vardenafil\/\"]}]},{\"@type\":\"ImageObject\",\"inLanguage\":\"da-DK\",\"@id\":\"https:\/\/www.transtoyou.com\/da\/product\/vardenafil\/#primaryimage\",\"url\":\"https:\/\/www.transtoyou.com\/da\/wp-content\/uploads\/sites\/6\/2026\/01\/tty-no-product-image-91.webp\",\"contentUrl\":\"https:\/\/www.transtoyou.com\/da\/wp-content\/uploads\/sites\/6\/2026\/01\/tty-no-product-image-91.webp\",\"width\":1000,\"height\":1000,\"caption\":\"Standard produktbillede\"},{\"@type\":\"WebSite\",\"@id\":\"https:\/\/www.transtoyou.com\/da\/#website\",\"url\":\"https:\/\/www.transtoyou.com\/da\/\",\"name\":\"Transtoyou - DA\",\"description\":\"\",\"publisher\":{\"@id\":\"https:\/\/www.transtoyou.com\/da\/#organization\"},\"potentialAction\":[{\"@type\":\"SearchAction\",\"target\":{\"@type\":\"EntryPoint\",\"urlTemplate\":\"https:\/\/www.transtoyou.com\/da\/?s={search_term_string}\"},\"query-input\":{\"@type\":\"PropertyValueSpecification\",\"valueRequired\":true,\"valueName\":\"search_term_string\"}}],\"inLanguage\":\"da-DK\"},{\"@type\":\"Organization\",\"@id\":\"https:\/\/www.transtoyou.com\/da\/#organization\",\"name\":\"Transtoyou - DA\",\"url\":\"https:\/\/www.transtoyou.com\/da\/\",\"logo\":{\"@type\":\"ImageObject\",\"inLanguage\":\"da-DK\",\"@id\":\"https:\/\/www.transtoyou.com\/da\/#\/schema\/logo\/image\/\",\"url\":\"https:\/\/www.transtoyou.com\/da\/wp-content\/uploads\/sites\/6\/2026\/01\/logo-tty-menu-bar-300x87-1.webp\",\"contentUrl\":\"https:\/\/www.transtoyou.com\/da\/wp-content\/uploads\/sites\/6\/2026\/01\/logo-tty-menu-bar-300x87-1.webp\",\"width\":300,\"height\":87,\"caption\":\"Transtoyou - DA\"},\"image\":{\"@id\":\"https:\/\/www.transtoyou.com\/da\/#\/schema\/logo\/image\/\"}}]}<\/script>\n<!-- \/ Yoast SEO plugin. -->","yoast_head_json":{"title":"Vardenafil | Forbedrer Pr\u00e6station og Selvtillid - Transtoyou","description":"Vardenafil, tilg\u00e6ngelig hos Transtoyou, forbedrer intimitet ved at \u00f8ge blodgennemstr\u00f8mningen for en st\u00e6rkere erektion. Bestil nu for effektiv st\u00f8tte.","robots":{"index":"noindex","follow":"follow","max-snippet":"max-snippet:-1","max-image-preview":"max-image-preview:large","max-video-preview":"max-video-preview:-1"},"og_locale":"da_DK","og_type":"article","og_title":"Vardenafil | Forbedrer Pr\u00e6station og Selvtillid - Transtoyou","og_description":"Vardenafil, tilg\u00e6ngelig hos Transtoyou, forbedrer intimitet ved at \u00f8ge blodgennemstr\u00f8mningen for en st\u00e6rkere erektion. Bestil nu for effektiv st\u00f8tte.","og_url":"https:\/\/www.transtoyou.com\/da\/product\/vardenafil\/","og_site_name":"Transtoyou - DA","article_modified_time":"2026-03-07T12:56:25+00:00","twitter_card":"summary_large_image","twitter_misc":{"Estimeret l\u00e6setid":"1 minut"},"schema":{"@context":"https:\/\/schema.org","@graph":[{"@type":"WebPage","@id":"https:\/\/www.transtoyou.com\/da\/product\/vardenafil\/","url":"https:\/\/www.transtoyou.com\/da\/product\/vardenafil\/","name":"Vardenafil | Forbedrer Pr\u00e6station og Selvtillid - Transtoyou","isPartOf":{"@id":"https:\/\/www.transtoyou.com\/da\/#website"},"primaryImageOfPage":{"@id":"https:\/\/www.transtoyou.com\/da\/product\/vardenafil\/#primaryimage"},"image":{"@id":"https:\/\/www.transtoyou.com\/da\/product\/vardenafil\/#primaryimage"},"thumbnailUrl":"https:\/\/www.transtoyou.com\/da\/wp-content\/uploads\/sites\/6\/2026\/01\/tty-no-product-image-91.webp","datePublished":"2026-01-24T07:21:19+00:00","dateModified":"2026-03-07T12:56:25+00:00","description":"Vardenafil, tilg\u00e6ngelig hos Transtoyou, forbedrer intimitet ved at \u00f8ge blodgennemstr\u00f8mningen for en st\u00e6rkere erektion. Bestil nu for effektiv st\u00f8tte.","breadcrumb":{"@id":"https:\/\/www.transtoyou.com\/da\/product\/vardenafil\/#breadcrumb"},"inLanguage":"da-DK","potentialAction":[{"@type":"ReadAction","target":["https:\/\/www.transtoyou.com\/da\/product\/vardenafil\/"]}]},{"@type":"ImageObject","inLanguage":"da-DK","@id":"https:\/\/www.transtoyou.com\/da\/product\/vardenafil\/#primaryimage","url":"https:\/\/www.transtoyou.com\/da\/wp-content\/uploads\/sites\/6\/2026\/01\/tty-no-product-image-91.webp","contentUrl":"https:\/\/www.transtoyou.com\/da\/wp-content\/uploads\/sites\/6\/2026\/01\/tty-no-product-image-91.webp","width":1000,"height":1000,"caption":"Standard produktbillede"},{"@type":"WebSite","@id":"https:\/\/www.transtoyou.com\/da\/#website","url":"https:\/\/www.transtoyou.com\/da\/","name":"Transtoyou - DA","description":"","publisher":{"@id":"https:\/\/www.transtoyou.com\/da\/#organization"},"potentialAction":[{"@type":"SearchAction","target":{"@type":"EntryPoint","urlTemplate":"https:\/\/www.transtoyou.com\/da\/?s={search_term_string}"},"query-input":{"@type":"PropertyValueSpecification","valueRequired":true,"valueName":"search_term_string"}}],"inLanguage":"da-DK"},{"@type":"Organization","@id":"https:\/\/www.transtoyou.com\/da\/#organization","name":"Transtoyou - DA","url":"https:\/\/www.transtoyou.com\/da\/","logo":{"@type":"ImageObject","inLanguage":"da-DK","@id":"https:\/\/www.transtoyou.com\/da\/#\/schema\/logo\/image\/","url":"https:\/\/www.transtoyou.com\/da\/wp-content\/uploads\/sites\/6\/2026\/01\/logo-tty-menu-bar-300x87-1.webp","contentUrl":"https:\/\/www.transtoyou.com\/da\/wp-content\/uploads\/sites\/6\/2026\/01\/logo-tty-menu-bar-300x87-1.webp","width":300,"height":87,"caption":"Transtoyou - DA"},"image":{"@id":"https:\/\/www.transtoyou.com\/da\/#\/schema\/logo\/image\/"}}]}},"_links":{"self":[{"href":"https:\/\/www.transtoyou.com\/da\/wp-json\/wp\/v2\/product\/1036","targetHints":{"allow":["GET"]}}],"collection":[{"href":"https:\/\/www.transtoyou.com\/da\/wp-json\/wp\/v2\/product"}],"about":[{"href":"https:\/\/www.transtoyou.com\/da\/wp-json\/wp\/v2\/types\/product"}],"replies":[{"embeddable":true,"href":"https:\/\/www.transtoyou.com\/da\/wp-json\/wp\/v2\/comments?post=1036"}],"wp:featuredmedia":[{"embeddable":true,"href":"https:\/\/www.transtoyou.com\/da\/wp-json\/wp\/v2\/media\/1038"}],"wp:attachment":[{"href":"https:\/\/www.transtoyou.com\/da\/wp-json\/wp\/v2\/media?parent=1036"}],"wp:term":[{"taxonomy":"product_brand","embeddable":true,"href":"https:\/\/www.transtoyou.com\/da\/wp-json\/wp\/v2\/product_brand?post=1036"},{"taxonomy":"product_cat","embeddable":true,"href":"https:\/\/www.transtoyou.com\/da\/wp-json\/wp\/v2\/product_cat?post=1036"},{"taxonomy":"product_tag","embeddable":true,"href":"https:\/\/www.transtoyou.com\/da\/wp-json\/wp\/v2\/product_tag?post=1036"},{"taxonomy":"expert","embeddable":true,"href":"https:\/\/www.transtoyou.com\/da\/wp-json\/wp\/v2\/expert?post=1036"}],"curies":[{"name":"wp","href":"https:\/\/api.w.org\/{rel}","templated":true}]}}