{"id":1039,"date":"2026-01-24T09:37:25","date_gmt":"2026-01-24T07:37:25","guid":{"rendered":"https:\/\/www.transtoyou.com\/da\/product\/viagra-connect\/"},"modified":"2026-03-07T16:30:51","modified_gmt":"2026-03-07T14:30:51","slug":"viagra-tilslutning","status":"publish","type":"product","link":"https:\/\/www.transtoyou.com\/da\/product\/viagra-tilslutning\/","title":{"rendered":"Viagra Connect"},"content":{"rendered":"<p>Viagra Connect er et h\u00e5ndk\u00f8bsmedicin, der bruges til behandling af erektil dysfunktion (ED) hos voksne m\u00e6nd. Det indeholder sildenafilcitrat 50 mg, som tilh\u00f8rer en klasse af l\u00e6gemidler kendt som fosfodiesterase type 5 (PDE5) h\u00e6mmere.<\/p>\n<p>Medikamentet virker ved at forbedre blodgennemstr\u00f8mningen til penis under seksuel ophidselse. Det g\u00f8r dette ved at h\u00e6mme PDE5-enzymet, som nedbryder cyklisk guanosinmonofosfat (cGMP). Dette er et kemikalie, der er ansvarligt for at afslappe de glatte muskler og tillade \u00f8get blodgennemstr\u00f8mning i det erektilv\u00e6v. Med seksuel stimulation hj\u00e6lper denne proces med at opn\u00e5 og opretholde en erektion.<\/p>\n<p>Viagra Connect er indiceret til behandling af erektil dysfunktion, en tilstand hvor en mand har sv\u00e6rt ved at opn\u00e5 eller opretholde en erektion, der er egnet til seksuel aktivitet. Det er ikke beregnet til brug af personer uden ED eller som et rekreativt pr\u00e6parat.<\/p>\n<p>Effekterne begynder generelt inden for 30 til 60 minutter efter indtagelse af tabletten, og fordelene kan vare i op til 4 timer, afh\u00e6ngigt af individuel respons og eksterne faktorer som madindtag.<\/p>\n<p>Fordelene ved Viagra Connect inkluderer hurtig virkning, nem adgang uden recept og en velkendt sikkerhedsprofil. Det tilbyder en p\u00e5lidelig og bekvem l\u00f8sning for m\u00e6nd med mild til moderat ED, is\u00e6r n\u00e5r det bruges under passende medicinsk vejledning.<\/p>\n<p>Bem\u00e6rk venligst, at selvom medikamentet ikke for\u00e5rsager en erektion af sig selv, underst\u00f8tter det naturlige fysiologiske reaktioner p\u00e5 seksuel ophidselse.<\/p>\n","protected":false},"excerpt":{"rendered":"<ul>\n<li>Hurtigvirkende behandling af erektil dysfunktion<\/li>\n<li>Effektiv i op til 4 timer<\/li>\n<li>Tilg\u00e6ngelig uden recept<\/li>\n<\/ul>\n","protected":false},"featured_media":1041,"comment_status":"open","ping_status":"closed","template":"","meta":[],"product_brand":[],"product_cat":[115],"product_tag":[],"expert":[19],"class_list":{"0":"post-1039","1":"product","2":"type-product","3":"status-publish","4":"has-post-thumbnail","6":"product_cat-behandlinger-for-erektil-dysfunktion","7":"expert-dr-j-vazquez","9":"first","10":"instock","11":"shipping-taxable","12":"purchasable","13":"product-type-variable"},"yoast_head":"<!-- This site is optimized with the Yoast SEO plugin v27.0 - https:\/\/yoast.com\/product\/yoast-seo-wordpress\/ -->\n<title>Viagra Connect | Forbedr Blodgennemstr\u00f8mning Naturligt - Transtoyou<\/title>\n<meta name=\"description\" content=\"Viagra Connect, tilg\u00e6ngelig her, hj\u00e6lper med at behandle erektil dysfunktion ved at forbedre blodgennemstr\u00f8mningen. K\u00f8b nu uden recept.\" \/>\n<meta name=\"robots\" content=\"noindex, follow, max-snippet:-1, max-image-preview:large, max-video-preview:-1\" \/>\n<meta property=\"og:locale\" content=\"da_DK\" \/>\n<meta property=\"og:type\" content=\"article\" \/>\n<meta property=\"og:title\" content=\"Viagra Connect | Forbedr Blodgennemstr\u00f8mning Naturligt - Transtoyou\" \/>\n<meta property=\"og:description\" content=\"Viagra Connect, tilg\u00e6ngelig her, hj\u00e6lper med at behandle erektil dysfunktion ved at forbedre blodgennemstr\u00f8mningen. K\u00f8b nu uden recept.\" \/>\n<meta property=\"og:url\" content=\"https:\/\/www.transtoyou.com\/da\/product\/viagra-connect\/\" \/>\n<meta property=\"og:site_name\" content=\"Transtoyou - DA\" \/>\n<meta property=\"article:modified_time\" content=\"2026-03-07T14:30:51+00:00\" \/>\n<meta name=\"twitter:card\" content=\"summary_large_image\" \/>\n<meta name=\"twitter:label1\" content=\"Estimeret l\u00e6setid\" \/>\n\t<meta name=\"twitter:data1\" content=\"1 minut\" \/>\n<script type=\"application\/ld+json\" class=\"yoast-schema-graph\">{\"@context\":\"https:\/\/schema.org\",\"@graph\":[{\"@type\":\"WebPage\",\"@id\":\"https:\/\/www.transtoyou.com\/da\/product\/viagra-connect\/\",\"url\":\"https:\/\/www.transtoyou.com\/da\/product\/viagra-connect\/\",\"name\":\"Viagra Connect | Forbedr Blodgennemstr\u00f8mning Naturligt - Transtoyou\",\"isPartOf\":{\"@id\":\"https:\/\/www.transtoyou.com\/da\/#website\"},\"primaryImageOfPage\":{\"@id\":\"https:\/\/www.transtoyou.com\/da\/product\/viagra-connect\/#primaryimage\"},\"image\":{\"@id\":\"https:\/\/www.transtoyou.com\/da\/product\/viagra-connect\/#primaryimage\"},\"thumbnailUrl\":\"https:\/\/www.transtoyou.com\/da\/wp-content\/uploads\/sites\/6\/2026\/01\/tty-no-product-image-92.webp\",\"datePublished\":\"2026-01-24T07:37:25+00:00\",\"dateModified\":\"2026-03-07T14:30:51+00:00\",\"description\":\"Viagra Connect, tilg\u00e6ngelig her, hj\u00e6lper med at behandle erektil dysfunktion ved at forbedre blodgennemstr\u00f8mningen. K\u00f8b nu uden recept.\",\"breadcrumb\":{\"@id\":\"https:\/\/www.transtoyou.com\/da\/product\/viagra-connect\/#breadcrumb\"},\"inLanguage\":\"da-DK\",\"potentialAction\":[{\"@type\":\"ReadAction\",\"target\":[\"https:\/\/www.transtoyou.com\/da\/product\/viagra-connect\/\"]}]},{\"@type\":\"ImageObject\",\"inLanguage\":\"da-DK\",\"@id\":\"https:\/\/www.transtoyou.com\/da\/product\/viagra-connect\/#primaryimage\",\"url\":\"https:\/\/www.transtoyou.com\/da\/wp-content\/uploads\/sites\/6\/2026\/01\/tty-no-product-image-92.webp\",\"contentUrl\":\"https:\/\/www.transtoyou.com\/da\/wp-content\/uploads\/sites\/6\/2026\/01\/tty-no-product-image-92.webp\",\"width\":1000,\"height\":1000,\"caption\":\"Standard produktbillede\"},{\"@type\":\"WebSite\",\"@id\":\"https:\/\/www.transtoyou.com\/da\/#website\",\"url\":\"https:\/\/www.transtoyou.com\/da\/\",\"name\":\"Transtoyou - DA\",\"description\":\"\",\"publisher\":{\"@id\":\"https:\/\/www.transtoyou.com\/da\/#organization\"},\"potentialAction\":[{\"@type\":\"SearchAction\",\"target\":{\"@type\":\"EntryPoint\",\"urlTemplate\":\"https:\/\/www.transtoyou.com\/da\/?s={search_term_string}\"},\"query-input\":{\"@type\":\"PropertyValueSpecification\",\"valueRequired\":true,\"valueName\":\"search_term_string\"}}],\"inLanguage\":\"da-DK\"},{\"@type\":\"Organization\",\"@id\":\"https:\/\/www.transtoyou.com\/da\/#organization\",\"name\":\"Transtoyou - DA\",\"url\":\"https:\/\/www.transtoyou.com\/da\/\",\"logo\":{\"@type\":\"ImageObject\",\"inLanguage\":\"da-DK\",\"@id\":\"https:\/\/www.transtoyou.com\/da\/#\/schema\/logo\/image\/\",\"url\":\"https:\/\/www.transtoyou.com\/da\/wp-content\/uploads\/sites\/6\/2026\/01\/logo-tty-menu-bar-300x87-1.webp\",\"contentUrl\":\"https:\/\/www.transtoyou.com\/da\/wp-content\/uploads\/sites\/6\/2026\/01\/logo-tty-menu-bar-300x87-1.webp\",\"width\":300,\"height\":87,\"caption\":\"Transtoyou - DA\"},\"image\":{\"@id\":\"https:\/\/www.transtoyou.com\/da\/#\/schema\/logo\/image\/\"}}]}<\/script>\n<!-- \/ Yoast SEO plugin. -->","yoast_head_json":{"title":"Viagra Connect | Forbedr Blodgennemstr\u00f8mning Naturligt - Transtoyou","description":"Viagra Connect, tilg\u00e6ngelig her, hj\u00e6lper med at behandle erektil dysfunktion ved at forbedre blodgennemstr\u00f8mningen. K\u00f8b nu uden recept.","robots":{"index":"noindex","follow":"follow","max-snippet":"max-snippet:-1","max-image-preview":"max-image-preview:large","max-video-preview":"max-video-preview:-1"},"og_locale":"da_DK","og_type":"article","og_title":"Viagra Connect | Forbedr Blodgennemstr\u00f8mning Naturligt - Transtoyou","og_description":"Viagra Connect, tilg\u00e6ngelig her, hj\u00e6lper med at behandle erektil dysfunktion ved at forbedre blodgennemstr\u00f8mningen. K\u00f8b nu uden recept.","og_url":"https:\/\/www.transtoyou.com\/da\/product\/viagra-connect\/","og_site_name":"Transtoyou - DA","article_modified_time":"2026-03-07T14:30:51+00:00","twitter_card":"summary_large_image","twitter_misc":{"Estimeret l\u00e6setid":"1 minut"},"schema":{"@context":"https:\/\/schema.org","@graph":[{"@type":"WebPage","@id":"https:\/\/www.transtoyou.com\/da\/product\/viagra-connect\/","url":"https:\/\/www.transtoyou.com\/da\/product\/viagra-connect\/","name":"Viagra Connect | Forbedr Blodgennemstr\u00f8mning Naturligt - Transtoyou","isPartOf":{"@id":"https:\/\/www.transtoyou.com\/da\/#website"},"primaryImageOfPage":{"@id":"https:\/\/www.transtoyou.com\/da\/product\/viagra-connect\/#primaryimage"},"image":{"@id":"https:\/\/www.transtoyou.com\/da\/product\/viagra-connect\/#primaryimage"},"thumbnailUrl":"https:\/\/www.transtoyou.com\/da\/wp-content\/uploads\/sites\/6\/2026\/01\/tty-no-product-image-92.webp","datePublished":"2026-01-24T07:37:25+00:00","dateModified":"2026-03-07T14:30:51+00:00","description":"Viagra Connect, tilg\u00e6ngelig her, hj\u00e6lper med at behandle erektil dysfunktion ved at forbedre blodgennemstr\u00f8mningen. K\u00f8b nu uden recept.","breadcrumb":{"@id":"https:\/\/www.transtoyou.com\/da\/product\/viagra-connect\/#breadcrumb"},"inLanguage":"da-DK","potentialAction":[{"@type":"ReadAction","target":["https:\/\/www.transtoyou.com\/da\/product\/viagra-connect\/"]}]},{"@type":"ImageObject","inLanguage":"da-DK","@id":"https:\/\/www.transtoyou.com\/da\/product\/viagra-connect\/#primaryimage","url":"https:\/\/www.transtoyou.com\/da\/wp-content\/uploads\/sites\/6\/2026\/01\/tty-no-product-image-92.webp","contentUrl":"https:\/\/www.transtoyou.com\/da\/wp-content\/uploads\/sites\/6\/2026\/01\/tty-no-product-image-92.webp","width":1000,"height":1000,"caption":"Standard produktbillede"},{"@type":"WebSite","@id":"https:\/\/www.transtoyou.com\/da\/#website","url":"https:\/\/www.transtoyou.com\/da\/","name":"Transtoyou - DA","description":"","publisher":{"@id":"https:\/\/www.transtoyou.com\/da\/#organization"},"potentialAction":[{"@type":"SearchAction","target":{"@type":"EntryPoint","urlTemplate":"https:\/\/www.transtoyou.com\/da\/?s={search_term_string}"},"query-input":{"@type":"PropertyValueSpecification","valueRequired":true,"valueName":"search_term_string"}}],"inLanguage":"da-DK"},{"@type":"Organization","@id":"https:\/\/www.transtoyou.com\/da\/#organization","name":"Transtoyou - DA","url":"https:\/\/www.transtoyou.com\/da\/","logo":{"@type":"ImageObject","inLanguage":"da-DK","@id":"https:\/\/www.transtoyou.com\/da\/#\/schema\/logo\/image\/","url":"https:\/\/www.transtoyou.com\/da\/wp-content\/uploads\/sites\/6\/2026\/01\/logo-tty-menu-bar-300x87-1.webp","contentUrl":"https:\/\/www.transtoyou.com\/da\/wp-content\/uploads\/sites\/6\/2026\/01\/logo-tty-menu-bar-300x87-1.webp","width":300,"height":87,"caption":"Transtoyou - DA"},"image":{"@id":"https:\/\/www.transtoyou.com\/da\/#\/schema\/logo\/image\/"}}]}},"_links":{"self":[{"href":"https:\/\/www.transtoyou.com\/da\/wp-json\/wp\/v2\/product\/1039","targetHints":{"allow":["GET"]}}],"collection":[{"href":"https:\/\/www.transtoyou.com\/da\/wp-json\/wp\/v2\/product"}],"about":[{"href":"https:\/\/www.transtoyou.com\/da\/wp-json\/wp\/v2\/types\/product"}],"replies":[{"embeddable":true,"href":"https:\/\/www.transtoyou.com\/da\/wp-json\/wp\/v2\/comments?post=1039"}],"wp:featuredmedia":[{"embeddable":true,"href":"https:\/\/www.transtoyou.com\/da\/wp-json\/wp\/v2\/media\/1041"}],"wp:attachment":[{"href":"https:\/\/www.transtoyou.com\/da\/wp-json\/wp\/v2\/media?parent=1039"}],"wp:term":[{"taxonomy":"product_brand","embeddable":true,"href":"https:\/\/www.transtoyou.com\/da\/wp-json\/wp\/v2\/product_brand?post=1039"},{"taxonomy":"product_cat","embeddable":true,"href":"https:\/\/www.transtoyou.com\/da\/wp-json\/wp\/v2\/product_cat?post=1039"},{"taxonomy":"product_tag","embeddable":true,"href":"https:\/\/www.transtoyou.com\/da\/wp-json\/wp\/v2\/product_tag?post=1039"},{"taxonomy":"expert","embeddable":true,"href":"https:\/\/www.transtoyou.com\/da\/wp-json\/wp\/v2\/expert?post=1039"}],"curies":[{"name":"wp","href":"https:\/\/api.w.org\/{rel}","templated":true}]}}