{"id":1042,"date":"2026-01-24T09:51:19","date_gmt":"2026-01-24T07:51:19","guid":{"rendered":"https:\/\/www.transtoyou.com\/da\/product\/vitaros-creme\/"},"modified":"2026-01-24T09:52:18","modified_gmt":"2026-01-24T07:52:18","slug":"vitaros-creme","status":"publish","type":"product","link":"https:\/\/www.transtoyou.com\/da\/product\/vitaros-creme\/","title":{"rendered":"Vitaros Creme"},"content":{"rendered":"<p>Vitaros Creme er en topisk medicin, der bruges til behandling af erektil dysfunktion (ED) hos voksne m\u00e6nd. I mods\u00e6tning til orale ED-behandlinger, der virker systemisk, arbejder Vitaros lokalt gennem direkte p\u00e5f\u00f8ring p\u00e5 spidsen af penis. Det indeholder den aktive ingrediens alprostadil, en syntetisk version af prostaglandin E1, som er et naturligt forekommende stof i kroppen, der er involveret i udvidelsen af blodkar.<\/p>\n<p>Vitaros virker ved at afslappe det glatte muskelv\u00e6v i corpus cavernosum og udvide blodkarrene i penisomr\u00e5det. Dette \u00f8ger blodgennemstr\u00f8mningen til penis, hvilket letter en erektion som reaktion p\u00e5 seksuel stimulation. Da det ikke er afh\u00e6ngigt af nitrogenoxidvejen som PDE5-h\u00e6mmere (f.eks. sildenafil), kan Vitaros v\u00e6re en effektiv mulighed for m\u00e6nd, der ikke er egnede kandidater til eller ikke har reageret p\u00e5 orale ED-mediciner.<\/p>\n<p>Indikationer for Vitaros inkluderer behandling af mild til sv\u00e6r erektil dysfunktion, is\u00e6r i tilf\u00e6lde relateret til diabetes, rygmarvsskader eller psykologiske tilstande, n\u00e5r systemiske behandlinger ikke tolereres eller er kontraindiceret.<\/p>\n<p>Medikamentet begynder at virke inden for 5 til 30 minutter efter p\u00e5f\u00f8ring, og dets effekt varer typisk i 1 til 2 timer. Det er et ikke-invasivt alternativ til injicerbare eller orale ED-behandlinger og undg\u00e5r systemiske bivirkninger som hovedpine eller hjerte-kar-problemer.<\/p>\n","protected":false},"excerpt":{"rendered":"<ul>\n<li>Topisk behandling af erektil dysfunktion<\/li>\n<li>Virker lokalt inden for 30 minutter<\/li>\n<li>Ideel for m\u00e6nd, der undg\u00e5r orale medicin<\/li>\n<\/ul>\n","protected":false},"featured_media":1044,"comment_status":"open","ping_status":"closed","template":"","meta":[],"product_brand":[],"product_cat":[115],"product_tag":[],"expert":[19],"class_list":{"0":"post-1042","1":"product","2":"type-product","3":"status-publish","4":"has-post-thumbnail","6":"product_cat-behandlinger-for-erektil-dysfunktion","7":"expert-dr-j-vazquez","9":"first","10":"instock","11":"shipping-taxable","12":"product-type-variable"},"yoast_head":"<!-- This site is optimized with the Yoast SEO plugin v27.0 - https:\/\/yoast.com\/product\/yoast-seo-wordpress\/ -->\n<title>Vitaros Creme | M\u00e5lrettet ED Lindring - Transtoyou<\/title>\n<meta name=\"description\" content=\"Vitaros Creme behandler erektil dysfunktion direkte. \u00d8g blodgennemstr\u00f8mningen og opn\u00e5 resultater med lokal anvendelse. K\u00f8b nu for effektiv lindring af ED.\" \/>\n<meta name=\"robots\" content=\"noindex, follow, max-snippet:-1, max-image-preview:large, max-video-preview:-1\" \/>\n<meta property=\"og:locale\" content=\"da_DK\" \/>\n<meta property=\"og:type\" content=\"article\" \/>\n<meta property=\"og:title\" content=\"Vitaros Creme | M\u00e5lrettet ED Lindring - Transtoyou\" \/>\n<meta property=\"og:description\" content=\"Vitaros Creme behandler erektil dysfunktion direkte. \u00d8g blodgennemstr\u00f8mningen og opn\u00e5 resultater med lokal anvendelse. K\u00f8b nu for effektiv lindring af ED.\" \/>\n<meta property=\"og:url\" content=\"https:\/\/www.transtoyou.com\/da\/product\/vitaros-creme\/\" \/>\n<meta property=\"og:site_name\" content=\"Transtoyou - DA\" \/>\n<meta property=\"article:modified_time\" content=\"2026-01-24T07:52:18+00:00\" \/>\n<meta name=\"twitter:card\" content=\"summary_large_image\" \/>\n<meta name=\"twitter:label1\" content=\"Estimeret l\u00e6setid\" \/>\n\t<meta name=\"twitter:data1\" content=\"1 minut\" \/>\n<script type=\"application\/ld+json\" class=\"yoast-schema-graph\">{\"@context\":\"https:\/\/schema.org\",\"@graph\":[{\"@type\":\"WebPage\",\"@id\":\"https:\/\/www.transtoyou.com\/da\/product\/vitaros-creme\/\",\"url\":\"https:\/\/www.transtoyou.com\/da\/product\/vitaros-creme\/\",\"name\":\"Vitaros Creme | M\u00e5lrettet ED Lindring - Transtoyou\",\"isPartOf\":{\"@id\":\"https:\/\/www.transtoyou.com\/da\/#website\"},\"primaryImageOfPage\":{\"@id\":\"https:\/\/www.transtoyou.com\/da\/product\/vitaros-creme\/#primaryimage\"},\"image\":{\"@id\":\"https:\/\/www.transtoyou.com\/da\/product\/vitaros-creme\/#primaryimage\"},\"thumbnailUrl\":\"https:\/\/www.transtoyou.com\/da\/wp-content\/uploads\/sites\/6\/2026\/01\/tty-no-product-image-93.webp\",\"datePublished\":\"2026-01-24T07:51:19+00:00\",\"dateModified\":\"2026-01-24T07:52:18+00:00\",\"description\":\"Vitaros Creme behandler erektil dysfunktion direkte. \u00d8g blodgennemstr\u00f8mningen og opn\u00e5 resultater med lokal anvendelse. K\u00f8b nu for effektiv lindring af ED.\",\"breadcrumb\":{\"@id\":\"https:\/\/www.transtoyou.com\/da\/product\/vitaros-creme\/#breadcrumb\"},\"inLanguage\":\"da-DK\",\"potentialAction\":[{\"@type\":\"ReadAction\",\"target\":[\"https:\/\/www.transtoyou.com\/da\/product\/vitaros-creme\/\"]}]},{\"@type\":\"ImageObject\",\"inLanguage\":\"da-DK\",\"@id\":\"https:\/\/www.transtoyou.com\/da\/product\/vitaros-creme\/#primaryimage\",\"url\":\"https:\/\/www.transtoyou.com\/da\/wp-content\/uploads\/sites\/6\/2026\/01\/tty-no-product-image-93.webp\",\"contentUrl\":\"https:\/\/www.transtoyou.com\/da\/wp-content\/uploads\/sites\/6\/2026\/01\/tty-no-product-image-93.webp\",\"width\":1000,\"height\":1000,\"caption\":\"Standard produktbillede\"},{\"@type\":\"WebSite\",\"@id\":\"https:\/\/www.transtoyou.com\/da\/#website\",\"url\":\"https:\/\/www.transtoyou.com\/da\/\",\"name\":\"Transtoyou - DA\",\"description\":\"\",\"publisher\":{\"@id\":\"https:\/\/www.transtoyou.com\/da\/#organization\"},\"potentialAction\":[{\"@type\":\"SearchAction\",\"target\":{\"@type\":\"EntryPoint\",\"urlTemplate\":\"https:\/\/www.transtoyou.com\/da\/?s={search_term_string}\"},\"query-input\":{\"@type\":\"PropertyValueSpecification\",\"valueRequired\":true,\"valueName\":\"search_term_string\"}}],\"inLanguage\":\"da-DK\"},{\"@type\":\"Organization\",\"@id\":\"https:\/\/www.transtoyou.com\/da\/#organization\",\"name\":\"Transtoyou - DA\",\"url\":\"https:\/\/www.transtoyou.com\/da\/\",\"logo\":{\"@type\":\"ImageObject\",\"inLanguage\":\"da-DK\",\"@id\":\"https:\/\/www.transtoyou.com\/da\/#\/schema\/logo\/image\/\",\"url\":\"https:\/\/www.transtoyou.com\/da\/wp-content\/uploads\/sites\/6\/2026\/01\/logo-tty-menu-bar-300x87-1.webp\",\"contentUrl\":\"https:\/\/www.transtoyou.com\/da\/wp-content\/uploads\/sites\/6\/2026\/01\/logo-tty-menu-bar-300x87-1.webp\",\"width\":300,\"height\":87,\"caption\":\"Transtoyou - DA\"},\"image\":{\"@id\":\"https:\/\/www.transtoyou.com\/da\/#\/schema\/logo\/image\/\"}}]}<\/script>\n<!-- \/ Yoast SEO plugin. -->","yoast_head_json":{"title":"Vitaros Creme | M\u00e5lrettet ED Lindring - Transtoyou","description":"Vitaros Creme behandler erektil dysfunktion direkte. \u00d8g blodgennemstr\u00f8mningen og opn\u00e5 resultater med lokal anvendelse. K\u00f8b nu for effektiv lindring af ED.","robots":{"index":"noindex","follow":"follow","max-snippet":"max-snippet:-1","max-image-preview":"max-image-preview:large","max-video-preview":"max-video-preview:-1"},"og_locale":"da_DK","og_type":"article","og_title":"Vitaros Creme | M\u00e5lrettet ED Lindring - Transtoyou","og_description":"Vitaros Creme behandler erektil dysfunktion direkte. \u00d8g blodgennemstr\u00f8mningen og opn\u00e5 resultater med lokal anvendelse. K\u00f8b nu for effektiv lindring af ED.","og_url":"https:\/\/www.transtoyou.com\/da\/product\/vitaros-creme\/","og_site_name":"Transtoyou - DA","article_modified_time":"2026-01-24T07:52:18+00:00","twitter_card":"summary_large_image","twitter_misc":{"Estimeret l\u00e6setid":"1 minut"},"schema":{"@context":"https:\/\/schema.org","@graph":[{"@type":"WebPage","@id":"https:\/\/www.transtoyou.com\/da\/product\/vitaros-creme\/","url":"https:\/\/www.transtoyou.com\/da\/product\/vitaros-creme\/","name":"Vitaros Creme | M\u00e5lrettet ED Lindring - Transtoyou","isPartOf":{"@id":"https:\/\/www.transtoyou.com\/da\/#website"},"primaryImageOfPage":{"@id":"https:\/\/www.transtoyou.com\/da\/product\/vitaros-creme\/#primaryimage"},"image":{"@id":"https:\/\/www.transtoyou.com\/da\/product\/vitaros-creme\/#primaryimage"},"thumbnailUrl":"https:\/\/www.transtoyou.com\/da\/wp-content\/uploads\/sites\/6\/2026\/01\/tty-no-product-image-93.webp","datePublished":"2026-01-24T07:51:19+00:00","dateModified":"2026-01-24T07:52:18+00:00","description":"Vitaros Creme behandler erektil dysfunktion direkte. \u00d8g blodgennemstr\u00f8mningen og opn\u00e5 resultater med lokal anvendelse. K\u00f8b nu for effektiv lindring af ED.","breadcrumb":{"@id":"https:\/\/www.transtoyou.com\/da\/product\/vitaros-creme\/#breadcrumb"},"inLanguage":"da-DK","potentialAction":[{"@type":"ReadAction","target":["https:\/\/www.transtoyou.com\/da\/product\/vitaros-creme\/"]}]},{"@type":"ImageObject","inLanguage":"da-DK","@id":"https:\/\/www.transtoyou.com\/da\/product\/vitaros-creme\/#primaryimage","url":"https:\/\/www.transtoyou.com\/da\/wp-content\/uploads\/sites\/6\/2026\/01\/tty-no-product-image-93.webp","contentUrl":"https:\/\/www.transtoyou.com\/da\/wp-content\/uploads\/sites\/6\/2026\/01\/tty-no-product-image-93.webp","width":1000,"height":1000,"caption":"Standard produktbillede"},{"@type":"WebSite","@id":"https:\/\/www.transtoyou.com\/da\/#website","url":"https:\/\/www.transtoyou.com\/da\/","name":"Transtoyou - DA","description":"","publisher":{"@id":"https:\/\/www.transtoyou.com\/da\/#organization"},"potentialAction":[{"@type":"SearchAction","target":{"@type":"EntryPoint","urlTemplate":"https:\/\/www.transtoyou.com\/da\/?s={search_term_string}"},"query-input":{"@type":"PropertyValueSpecification","valueRequired":true,"valueName":"search_term_string"}}],"inLanguage":"da-DK"},{"@type":"Organization","@id":"https:\/\/www.transtoyou.com\/da\/#organization","name":"Transtoyou - DA","url":"https:\/\/www.transtoyou.com\/da\/","logo":{"@type":"ImageObject","inLanguage":"da-DK","@id":"https:\/\/www.transtoyou.com\/da\/#\/schema\/logo\/image\/","url":"https:\/\/www.transtoyou.com\/da\/wp-content\/uploads\/sites\/6\/2026\/01\/logo-tty-menu-bar-300x87-1.webp","contentUrl":"https:\/\/www.transtoyou.com\/da\/wp-content\/uploads\/sites\/6\/2026\/01\/logo-tty-menu-bar-300x87-1.webp","width":300,"height":87,"caption":"Transtoyou - DA"},"image":{"@id":"https:\/\/www.transtoyou.com\/da\/#\/schema\/logo\/image\/"}}]}},"_links":{"self":[{"href":"https:\/\/www.transtoyou.com\/da\/wp-json\/wp\/v2\/product\/1042","targetHints":{"allow":["GET"]}}],"collection":[{"href":"https:\/\/www.transtoyou.com\/da\/wp-json\/wp\/v2\/product"}],"about":[{"href":"https:\/\/www.transtoyou.com\/da\/wp-json\/wp\/v2\/types\/product"}],"replies":[{"embeddable":true,"href":"https:\/\/www.transtoyou.com\/da\/wp-json\/wp\/v2\/comments?post=1042"}],"wp:featuredmedia":[{"embeddable":true,"href":"https:\/\/www.transtoyou.com\/da\/wp-json\/wp\/v2\/media\/1044"}],"wp:attachment":[{"href":"https:\/\/www.transtoyou.com\/da\/wp-json\/wp\/v2\/media?parent=1042"}],"wp:term":[{"taxonomy":"product_brand","embeddable":true,"href":"https:\/\/www.transtoyou.com\/da\/wp-json\/wp\/v2\/product_brand?post=1042"},{"taxonomy":"product_cat","embeddable":true,"href":"https:\/\/www.transtoyou.com\/da\/wp-json\/wp\/v2\/product_cat?post=1042"},{"taxonomy":"product_tag","embeddable":true,"href":"https:\/\/www.transtoyou.com\/da\/wp-json\/wp\/v2\/product_tag?post=1042"},{"taxonomy":"expert","embeddable":true,"href":"https:\/\/www.transtoyou.com\/da\/wp-json\/wp\/v2\/expert?post=1042"}],"curies":[{"name":"wp","href":"https:\/\/api.w.org\/{rel}","templated":true}]}}