{"id":1045,"date":"2026-01-24T10:05:20","date_gmt":"2026-01-24T08:05:20","guid":{"rendered":"https:\/\/www.transtoyou.com\/da\/product\/warticon-podophyllotoxin\/"},"modified":"2026-01-24T10:06:29","modified_gmt":"2026-01-24T08:06:29","slug":"warticon-podophyllotoxin","status":"publish","type":"product","link":"https:\/\/www.transtoyou.com\/da\/product\/warticon-podophyllotoxin\/","title":{"rendered":"Warticon (Podophyllotoxin)"},"content":{"rendered":"<p>Warticon er en topisk l\u00f8sning, der bruges til at behandle eksterne genitalvorter under medicinsk tilsyn. Den indeholder podophyllotoxin, en planteafledt forbindelse, der virker p\u00e5 vortev\u00e6vet for at fremme reduktion. Podophyllotoxin virker ved at stoppe v\u00e6ksten af vorte celler, hvilket til sidst f\u00f8rer til deres \u00f8del\u00e6ggelse og fjernelse.<\/p>\n<p>Genitalvorter skyldes visse stammer af humant papillomavirus (HPV) og kan fremst\u00e5 som sm\u00e5, k\u00f8dfarvede knopper i genitalomr\u00e5det. Selvom de ofte er smertefrie, kan de for\u00e5rsage irritation, kl\u00f8e eller ubehag og kan sprede sig, hvis de ikke behandles. Warticon kan hj\u00e6lpe med at h\u00e5ndtere symptomerne ved at p\u00e5virke inficerede hudceller og forhindre, at vorten spreder sig.<\/p>\n<p>Warticon p\u00e5f\u00f8res normalt to gange dagligt i tre p\u00e5 hinanden f\u00f8lgende dage, efterfulgt af en fire-dages pause. Denne cyklus kan gentages i op til fire uger, afh\u00e6ngigt af st\u00f8rrelsen og antallet af vorter. Behandlingen skal p\u00e5f\u00f8res omhyggeligt p\u00e5 selve vorten og undg\u00e5 sund hud omkring.<\/p>\n<p>Nogle personer kan bem\u00e6rke synlige \u00e6ndringer inden for en uge efter p\u00e5begyndt behandling, herunder mulig formindskelse, t\u00f8rring eller opl\u00f8sning af vorter. Mild irritation, r\u00f8dme eller en br\u00e6ndende fornemmelse er almindelig p\u00e5 anvendelsesstedet, is\u00e6r i de f\u00f8rste par dage af brugen.<\/p>\n<p>Warticon b\u00f8r ikke anvendes p\u00e5 brudt hud, \u00e5bne s\u00e5r eller store omr\u00e5der med vorte d\u00e6kning. Det er ikke beregnet til intern brug og skal holdes v\u00e6k fra \u00f8jne, mund og slimhinder.<\/p>\n","protected":false},"excerpt":{"rendered":"<ul>\n<li>M\u00e5lretter genitalvortev\u00e6v<\/li>\n<li>Plantebaseret aktiv forbindelse<\/li>\n<li>Kortvarig topisk hjemmebehandling<\/li>\n<\/ul>\n","protected":false},"featured_media":1046,"comment_status":"open","ping_status":"closed","template":"","meta":[],"product_brand":[],"product_cat":[176],"product_tag":[],"expert":[19],"class_list":{"0":"post-1045","1":"product","2":"type-product","3":"status-publish","4":"has-post-thumbnail","6":"product_cat-vorter","7":"expert-dr-j-vazquez","9":"first","10":"instock","11":"shipping-taxable","12":"product-type-simple"},"yoast_head":"<!-- This site is optimized with the Yoast SEO plugin v27.0 - https:\/\/yoast.com\/product\/yoast-seo-wordpress\/ -->\n<title>Warticon (Podophyllotoxin) | H\u00e5ndter vorte symptomer - Transtoyou<\/title>\n<meta name=\"description\" content=\"Warticon (Podophyllotoxin) behandler genitalvorter ved at m\u00e5lrette vorte celler. F\u00e5 det nu, og h\u00e5ndter symptomer effektivt med denne p\u00e5lidelige l\u00f8sning.\" \/>\n<meta name=\"robots\" content=\"noindex, follow, max-snippet:-1, max-image-preview:large, max-video-preview:-1\" \/>\n<meta property=\"og:locale\" content=\"da_DK\" \/>\n<meta property=\"og:type\" content=\"article\" \/>\n<meta property=\"og:title\" content=\"Warticon (Podophyllotoxin) | H\u00e5ndter vorte symptomer - Transtoyou\" \/>\n<meta property=\"og:description\" content=\"Warticon (Podophyllotoxin) behandler genitalvorter ved at m\u00e5lrette vorte celler. F\u00e5 det nu, og h\u00e5ndter symptomer effektivt med denne p\u00e5lidelige l\u00f8sning.\" \/>\n<meta property=\"og:url\" content=\"https:\/\/www.transtoyou.com\/da\/product\/warticon-podophyllotoxin\/\" \/>\n<meta property=\"og:site_name\" content=\"Transtoyou - DA\" \/>\n<meta property=\"article:modified_time\" content=\"2026-01-24T08:06:29+00:00\" \/>\n<meta name=\"twitter:card\" content=\"summary_large_image\" \/>\n<meta name=\"twitter:label1\" content=\"Estimeret l\u00e6setid\" \/>\n\t<meta name=\"twitter:data1\" content=\"1 minut\" \/>\n<script type=\"application\/ld+json\" class=\"yoast-schema-graph\">{\"@context\":\"https:\/\/schema.org\",\"@graph\":[{\"@type\":\"WebPage\",\"@id\":\"https:\/\/www.transtoyou.com\/da\/product\/warticon-podophyllotoxin\/\",\"url\":\"https:\/\/www.transtoyou.com\/da\/product\/warticon-podophyllotoxin\/\",\"name\":\"Warticon (Podophyllotoxin) | H\u00e5ndter vorte symptomer - Transtoyou\",\"isPartOf\":{\"@id\":\"https:\/\/www.transtoyou.com\/da\/#website\"},\"primaryImageOfPage\":{\"@id\":\"https:\/\/www.transtoyou.com\/da\/product\/warticon-podophyllotoxin\/#primaryimage\"},\"image\":{\"@id\":\"https:\/\/www.transtoyou.com\/da\/product\/warticon-podophyllotoxin\/#primaryimage\"},\"thumbnailUrl\":\"https:\/\/www.transtoyou.com\/da\/wp-content\/uploads\/sites\/6\/2026\/01\/tty-no-product-image-94.webp\",\"datePublished\":\"2026-01-24T08:05:20+00:00\",\"dateModified\":\"2026-01-24T08:06:29+00:00\",\"description\":\"Warticon (Podophyllotoxin) behandler genitalvorter ved at m\u00e5lrette vorte celler. F\u00e5 det nu, og h\u00e5ndter symptomer effektivt med denne p\u00e5lidelige l\u00f8sning.\",\"breadcrumb\":{\"@id\":\"https:\/\/www.transtoyou.com\/da\/product\/warticon-podophyllotoxin\/#breadcrumb\"},\"inLanguage\":\"da-DK\",\"potentialAction\":[{\"@type\":\"ReadAction\",\"target\":[\"https:\/\/www.transtoyou.com\/da\/product\/warticon-podophyllotoxin\/\"]}]},{\"@type\":\"ImageObject\",\"inLanguage\":\"da-DK\",\"@id\":\"https:\/\/www.transtoyou.com\/da\/product\/warticon-podophyllotoxin\/#primaryimage\",\"url\":\"https:\/\/www.transtoyou.com\/da\/wp-content\/uploads\/sites\/6\/2026\/01\/tty-no-product-image-94.webp\",\"contentUrl\":\"https:\/\/www.transtoyou.com\/da\/wp-content\/uploads\/sites\/6\/2026\/01\/tty-no-product-image-94.webp\",\"width\":1000,\"height\":1000,\"caption\":\"Standard produktbillede\"},{\"@type\":\"WebSite\",\"@id\":\"https:\/\/www.transtoyou.com\/da\/#website\",\"url\":\"https:\/\/www.transtoyou.com\/da\/\",\"name\":\"Transtoyou - DA\",\"description\":\"\",\"publisher\":{\"@id\":\"https:\/\/www.transtoyou.com\/da\/#organization\"},\"potentialAction\":[{\"@type\":\"SearchAction\",\"target\":{\"@type\":\"EntryPoint\",\"urlTemplate\":\"https:\/\/www.transtoyou.com\/da\/?s={search_term_string}\"},\"query-input\":{\"@type\":\"PropertyValueSpecification\",\"valueRequired\":true,\"valueName\":\"search_term_string\"}}],\"inLanguage\":\"da-DK\"},{\"@type\":\"Organization\",\"@id\":\"https:\/\/www.transtoyou.com\/da\/#organization\",\"name\":\"Transtoyou - DA\",\"url\":\"https:\/\/www.transtoyou.com\/da\/\",\"logo\":{\"@type\":\"ImageObject\",\"inLanguage\":\"da-DK\",\"@id\":\"https:\/\/www.transtoyou.com\/da\/#\/schema\/logo\/image\/\",\"url\":\"https:\/\/www.transtoyou.com\/da\/wp-content\/uploads\/sites\/6\/2026\/01\/logo-tty-menu-bar-300x87-1.webp\",\"contentUrl\":\"https:\/\/www.transtoyou.com\/da\/wp-content\/uploads\/sites\/6\/2026\/01\/logo-tty-menu-bar-300x87-1.webp\",\"width\":300,\"height\":87,\"caption\":\"Transtoyou - DA\"},\"image\":{\"@id\":\"https:\/\/www.transtoyou.com\/da\/#\/schema\/logo\/image\/\"}}]}<\/script>\n<!-- \/ Yoast SEO plugin. -->","yoast_head_json":{"title":"Warticon (Podophyllotoxin) | H\u00e5ndter vorte symptomer - Transtoyou","description":"Warticon (Podophyllotoxin) behandler genitalvorter ved at m\u00e5lrette vorte celler. F\u00e5 det nu, og h\u00e5ndter symptomer effektivt med denne p\u00e5lidelige l\u00f8sning.","robots":{"index":"noindex","follow":"follow","max-snippet":"max-snippet:-1","max-image-preview":"max-image-preview:large","max-video-preview":"max-video-preview:-1"},"og_locale":"da_DK","og_type":"article","og_title":"Warticon (Podophyllotoxin) | H\u00e5ndter vorte symptomer - Transtoyou","og_description":"Warticon (Podophyllotoxin) behandler genitalvorter ved at m\u00e5lrette vorte celler. F\u00e5 det nu, og h\u00e5ndter symptomer effektivt med denne p\u00e5lidelige l\u00f8sning.","og_url":"https:\/\/www.transtoyou.com\/da\/product\/warticon-podophyllotoxin\/","og_site_name":"Transtoyou - DA","article_modified_time":"2026-01-24T08:06:29+00:00","twitter_card":"summary_large_image","twitter_misc":{"Estimeret l\u00e6setid":"1 minut"},"schema":{"@context":"https:\/\/schema.org","@graph":[{"@type":"WebPage","@id":"https:\/\/www.transtoyou.com\/da\/product\/warticon-podophyllotoxin\/","url":"https:\/\/www.transtoyou.com\/da\/product\/warticon-podophyllotoxin\/","name":"Warticon (Podophyllotoxin) | H\u00e5ndter vorte symptomer - Transtoyou","isPartOf":{"@id":"https:\/\/www.transtoyou.com\/da\/#website"},"primaryImageOfPage":{"@id":"https:\/\/www.transtoyou.com\/da\/product\/warticon-podophyllotoxin\/#primaryimage"},"image":{"@id":"https:\/\/www.transtoyou.com\/da\/product\/warticon-podophyllotoxin\/#primaryimage"},"thumbnailUrl":"https:\/\/www.transtoyou.com\/da\/wp-content\/uploads\/sites\/6\/2026\/01\/tty-no-product-image-94.webp","datePublished":"2026-01-24T08:05:20+00:00","dateModified":"2026-01-24T08:06:29+00:00","description":"Warticon (Podophyllotoxin) behandler genitalvorter ved at m\u00e5lrette vorte celler. F\u00e5 det nu, og h\u00e5ndter symptomer effektivt med denne p\u00e5lidelige l\u00f8sning.","breadcrumb":{"@id":"https:\/\/www.transtoyou.com\/da\/product\/warticon-podophyllotoxin\/#breadcrumb"},"inLanguage":"da-DK","potentialAction":[{"@type":"ReadAction","target":["https:\/\/www.transtoyou.com\/da\/product\/warticon-podophyllotoxin\/"]}]},{"@type":"ImageObject","inLanguage":"da-DK","@id":"https:\/\/www.transtoyou.com\/da\/product\/warticon-podophyllotoxin\/#primaryimage","url":"https:\/\/www.transtoyou.com\/da\/wp-content\/uploads\/sites\/6\/2026\/01\/tty-no-product-image-94.webp","contentUrl":"https:\/\/www.transtoyou.com\/da\/wp-content\/uploads\/sites\/6\/2026\/01\/tty-no-product-image-94.webp","width":1000,"height":1000,"caption":"Standard produktbillede"},{"@type":"WebSite","@id":"https:\/\/www.transtoyou.com\/da\/#website","url":"https:\/\/www.transtoyou.com\/da\/","name":"Transtoyou - DA","description":"","publisher":{"@id":"https:\/\/www.transtoyou.com\/da\/#organization"},"potentialAction":[{"@type":"SearchAction","target":{"@type":"EntryPoint","urlTemplate":"https:\/\/www.transtoyou.com\/da\/?s={search_term_string}"},"query-input":{"@type":"PropertyValueSpecification","valueRequired":true,"valueName":"search_term_string"}}],"inLanguage":"da-DK"},{"@type":"Organization","@id":"https:\/\/www.transtoyou.com\/da\/#organization","name":"Transtoyou - DA","url":"https:\/\/www.transtoyou.com\/da\/","logo":{"@type":"ImageObject","inLanguage":"da-DK","@id":"https:\/\/www.transtoyou.com\/da\/#\/schema\/logo\/image\/","url":"https:\/\/www.transtoyou.com\/da\/wp-content\/uploads\/sites\/6\/2026\/01\/logo-tty-menu-bar-300x87-1.webp","contentUrl":"https:\/\/www.transtoyou.com\/da\/wp-content\/uploads\/sites\/6\/2026\/01\/logo-tty-menu-bar-300x87-1.webp","width":300,"height":87,"caption":"Transtoyou - DA"},"image":{"@id":"https:\/\/www.transtoyou.com\/da\/#\/schema\/logo\/image\/"}}]}},"_links":{"self":[{"href":"https:\/\/www.transtoyou.com\/da\/wp-json\/wp\/v2\/product\/1045","targetHints":{"allow":["GET"]}}],"collection":[{"href":"https:\/\/www.transtoyou.com\/da\/wp-json\/wp\/v2\/product"}],"about":[{"href":"https:\/\/www.transtoyou.com\/da\/wp-json\/wp\/v2\/types\/product"}],"replies":[{"embeddable":true,"href":"https:\/\/www.transtoyou.com\/da\/wp-json\/wp\/v2\/comments?post=1045"}],"wp:featuredmedia":[{"embeddable":true,"href":"https:\/\/www.transtoyou.com\/da\/wp-json\/wp\/v2\/media\/1046"}],"wp:attachment":[{"href":"https:\/\/www.transtoyou.com\/da\/wp-json\/wp\/v2\/media?parent=1045"}],"wp:term":[{"taxonomy":"product_brand","embeddable":true,"href":"https:\/\/www.transtoyou.com\/da\/wp-json\/wp\/v2\/product_brand?post=1045"},{"taxonomy":"product_cat","embeddable":true,"href":"https:\/\/www.transtoyou.com\/da\/wp-json\/wp\/v2\/product_cat?post=1045"},{"taxonomy":"product_tag","embeddable":true,"href":"https:\/\/www.transtoyou.com\/da\/wp-json\/wp\/v2\/product_tag?post=1045"},{"taxonomy":"expert","embeddable":true,"href":"https:\/\/www.transtoyou.com\/da\/wp-json\/wp\/v2\/expert?post=1045"}],"curies":[{"name":"wp","href":"https:\/\/api.w.org\/{rel}","templated":true}]}}