{"id":1050,"date":"2026-01-24T10:35:57","date_gmt":"2026-01-24T08:35:57","guid":{"rendered":"https:\/\/www.transtoyou.com\/da\/product\/collomak\/"},"modified":"2026-01-24T10:37:04","modified_gmt":"2026-01-24T08:37:04","slug":"collomak","status":"publish","type":"product","link":"https:\/\/www.transtoyou.com\/da\/product\/collomak\/","title":{"rendered":"Collomak"},"content":{"rendered":"<p>Collomak er en topisk l\u00f8sning, der kan bruges til at behandle vorter, h\u00e5rd hud og calluses under medicinsk vejledning. Den indeholder en kombination af salicylsyre og m\u00e6lkesyre, to keratolytiske stoffer, der arbejder sammen for at bl\u00f8dg\u00f8re og nedbryde fortykket, h\u00e6rdet hud for\u00e5rsaget af disse almindelige hudv\u00e6kster. Formlen er designet til direkte p\u00e5f\u00f8ring p\u00e5 det ber\u00f8rte omr\u00e5de, hvilket fremmer gradvis eksfoliering og fjernelse af vorte- eller callusv\u00e6vet over tid.<\/p>\n<p>Vorter skyldes humant papillomavirus (HPV) og optr\u00e6der ofte p\u00e5 h\u00e6nder, f\u00f8dder eller andre trykpunkter. Selvom de normalt er harml\u00f8se, kan de v\u00e6re grimme, ubehagelige eller endda smertefulde, n\u00e5r de er placeret p\u00e5 v\u00e6gtb\u00e6rende omr\u00e5der som fods\u00e5lerne.<\/p>\n<p>Collomak p\u00e5f\u00f8res en eller to gange dagligt p\u00e5 vorten ved hj\u00e6lp af den integrerede applikator. En beskyttende film dannes over huden, mens den t\u00f8rrer, hvilket forsegler de aktive ingredienser og forbedrer deres effektivitet. F\u00f8r hver ny p\u00e5f\u00f8ring kan bl\u00f8dgjort hud forsigtigt fjernes med en fil eller pimpsten, hvilket forbedrer penetration og resultater.<\/p>\n<p>Collomak tolereres generelt godt. Mild irritation, r\u00f8dme eller afskalning omkring det behandlede omr\u00e5de kan forekomme, is\u00e6r hvis det p\u00e5f\u00f8res omkring sund hud. Omhyggelig og pr\u00e6cis p\u00e5f\u00f8ring er vigtig for at minimere u\u00f8nskede virkninger. L\u00f8sningen b\u00f8r ikke anvendes p\u00e5 brudt hud, inficerede s\u00e5r eller moderm\u00e6rker.<\/p>\n","protected":false},"excerpt":{"rendered":"<ul>\n<li>Hj\u00e6lper med at bl\u00f8dg\u00f8re og fjerne vorter<\/li>\n<li>Syrebaseret behandling til hjemmebrug<\/li>\n<li>Retter sig mod h\u00e5rd, fortykket hud<\/li>\n<\/ul>\n","protected":false},"featured_media":1051,"comment_status":"open","ping_status":"closed","template":"","meta":[],"product_brand":[],"product_cat":[176],"product_tag":[],"expert":[19],"class_list":{"0":"post-1050","1":"product","2":"type-product","3":"status-publish","4":"has-post-thumbnail","6":"product_cat-vorter","7":"expert-dr-j-vazquez","9":"first","10":"instock","11":"shipping-taxable","12":"product-type-simple"},"yoast_head":"<!-- This site is optimized with the Yoast SEO plugin v27.0 - https:\/\/yoast.com\/product\/yoast-seo-wordpress\/ -->\n<title>Collomak | Effektiv Vortel- &amp; Kalusl\u00f8sning - Transtoyou<\/title>\n<meta name=\"description\" content=\"Collomak, en lokal l\u00f8sning til vorter, h\u00e5rd hud og calluses, er tilg\u00e6ngelig her. Oplev effektiv hudbl\u00f8dg\u00f8ring og eksfoliering i dag.\" \/>\n<meta name=\"robots\" content=\"noindex, follow, max-snippet:-1, max-image-preview:large, max-video-preview:-1\" \/>\n<meta property=\"og:locale\" content=\"da_DK\" \/>\n<meta property=\"og:type\" content=\"article\" \/>\n<meta property=\"og:title\" content=\"Collomak | Effektiv Vortel- &amp; Kalusl\u00f8sning - Transtoyou\" \/>\n<meta property=\"og:description\" content=\"Collomak, en lokal l\u00f8sning til vorter, h\u00e5rd hud og calluses, er tilg\u00e6ngelig her. Oplev effektiv hudbl\u00f8dg\u00f8ring og eksfoliering i dag.\" \/>\n<meta property=\"og:url\" content=\"https:\/\/www.transtoyou.com\/da\/product\/collomak\/\" \/>\n<meta property=\"og:site_name\" content=\"Transtoyou - DA\" \/>\n<meta property=\"article:modified_time\" content=\"2026-01-24T08:37:04+00:00\" \/>\n<meta name=\"twitter:card\" content=\"summary_large_image\" \/>\n<meta name=\"twitter:label1\" content=\"Estimeret l\u00e6setid\" \/>\n\t<meta name=\"twitter:data1\" content=\"1 minut\" \/>\n<script type=\"application\/ld+json\" class=\"yoast-schema-graph\">{\"@context\":\"https:\/\/schema.org\",\"@graph\":[{\"@type\":\"WebPage\",\"@id\":\"https:\/\/www.transtoyou.com\/da\/product\/collomak\/\",\"url\":\"https:\/\/www.transtoyou.com\/da\/product\/collomak\/\",\"name\":\"Collomak | Effektiv Vortel- & Kalusl\u00f8sning - Transtoyou\",\"isPartOf\":{\"@id\":\"https:\/\/www.transtoyou.com\/da\/#website\"},\"primaryImageOfPage\":{\"@id\":\"https:\/\/www.transtoyou.com\/da\/product\/collomak\/#primaryimage\"},\"image\":{\"@id\":\"https:\/\/www.transtoyou.com\/da\/product\/collomak\/#primaryimage\"},\"thumbnailUrl\":\"https:\/\/www.transtoyou.com\/da\/wp-content\/uploads\/sites\/6\/2026\/01\/tty-no-product-image-96.webp\",\"datePublished\":\"2026-01-24T08:35:57+00:00\",\"dateModified\":\"2026-01-24T08:37:04+00:00\",\"description\":\"Collomak, en lokal l\u00f8sning til vorter, h\u00e5rd hud og calluses, er tilg\u00e6ngelig her. Oplev effektiv hudbl\u00f8dg\u00f8ring og eksfoliering i dag.\",\"breadcrumb\":{\"@id\":\"https:\/\/www.transtoyou.com\/da\/product\/collomak\/#breadcrumb\"},\"inLanguage\":\"da-DK\",\"potentialAction\":[{\"@type\":\"ReadAction\",\"target\":[\"https:\/\/www.transtoyou.com\/da\/product\/collomak\/\"]}]},{\"@type\":\"ImageObject\",\"inLanguage\":\"da-DK\",\"@id\":\"https:\/\/www.transtoyou.com\/da\/product\/collomak\/#primaryimage\",\"url\":\"https:\/\/www.transtoyou.com\/da\/wp-content\/uploads\/sites\/6\/2026\/01\/tty-no-product-image-96.webp\",\"contentUrl\":\"https:\/\/www.transtoyou.com\/da\/wp-content\/uploads\/sites\/6\/2026\/01\/tty-no-product-image-96.webp\",\"width\":1000,\"height\":1000,\"caption\":\"Standard produktbillede\"},{\"@type\":\"WebSite\",\"@id\":\"https:\/\/www.transtoyou.com\/da\/#website\",\"url\":\"https:\/\/www.transtoyou.com\/da\/\",\"name\":\"Transtoyou - DA\",\"description\":\"\",\"publisher\":{\"@id\":\"https:\/\/www.transtoyou.com\/da\/#organization\"},\"potentialAction\":[{\"@type\":\"SearchAction\",\"target\":{\"@type\":\"EntryPoint\",\"urlTemplate\":\"https:\/\/www.transtoyou.com\/da\/?s={search_term_string}\"},\"query-input\":{\"@type\":\"PropertyValueSpecification\",\"valueRequired\":true,\"valueName\":\"search_term_string\"}}],\"inLanguage\":\"da-DK\"},{\"@type\":\"Organization\",\"@id\":\"https:\/\/www.transtoyou.com\/da\/#organization\",\"name\":\"Transtoyou - DA\",\"url\":\"https:\/\/www.transtoyou.com\/da\/\",\"logo\":{\"@type\":\"ImageObject\",\"inLanguage\":\"da-DK\",\"@id\":\"https:\/\/www.transtoyou.com\/da\/#\/schema\/logo\/image\/\",\"url\":\"https:\/\/www.transtoyou.com\/da\/wp-content\/uploads\/sites\/6\/2026\/01\/logo-tty-menu-bar-300x87-1.webp\",\"contentUrl\":\"https:\/\/www.transtoyou.com\/da\/wp-content\/uploads\/sites\/6\/2026\/01\/logo-tty-menu-bar-300x87-1.webp\",\"width\":300,\"height\":87,\"caption\":\"Transtoyou - DA\"},\"image\":{\"@id\":\"https:\/\/www.transtoyou.com\/da\/#\/schema\/logo\/image\/\"}}]}<\/script>\n<!-- \/ Yoast SEO plugin. -->","yoast_head_json":{"title":"Collomak | Effektiv Vortel- & Kalusl\u00f8sning - Transtoyou","description":"Collomak, en lokal l\u00f8sning til vorter, h\u00e5rd hud og calluses, er tilg\u00e6ngelig her. Oplev effektiv hudbl\u00f8dg\u00f8ring og eksfoliering i dag.","robots":{"index":"noindex","follow":"follow","max-snippet":"max-snippet:-1","max-image-preview":"max-image-preview:large","max-video-preview":"max-video-preview:-1"},"og_locale":"da_DK","og_type":"article","og_title":"Collomak | Effektiv Vortel- & Kalusl\u00f8sning - Transtoyou","og_description":"Collomak, en lokal l\u00f8sning til vorter, h\u00e5rd hud og calluses, er tilg\u00e6ngelig her. Oplev effektiv hudbl\u00f8dg\u00f8ring og eksfoliering i dag.","og_url":"https:\/\/www.transtoyou.com\/da\/product\/collomak\/","og_site_name":"Transtoyou - DA","article_modified_time":"2026-01-24T08:37:04+00:00","twitter_card":"summary_large_image","twitter_misc":{"Estimeret l\u00e6setid":"1 minut"},"schema":{"@context":"https:\/\/schema.org","@graph":[{"@type":"WebPage","@id":"https:\/\/www.transtoyou.com\/da\/product\/collomak\/","url":"https:\/\/www.transtoyou.com\/da\/product\/collomak\/","name":"Collomak | Effektiv Vortel- & Kalusl\u00f8sning - Transtoyou","isPartOf":{"@id":"https:\/\/www.transtoyou.com\/da\/#website"},"primaryImageOfPage":{"@id":"https:\/\/www.transtoyou.com\/da\/product\/collomak\/#primaryimage"},"image":{"@id":"https:\/\/www.transtoyou.com\/da\/product\/collomak\/#primaryimage"},"thumbnailUrl":"https:\/\/www.transtoyou.com\/da\/wp-content\/uploads\/sites\/6\/2026\/01\/tty-no-product-image-96.webp","datePublished":"2026-01-24T08:35:57+00:00","dateModified":"2026-01-24T08:37:04+00:00","description":"Collomak, en lokal l\u00f8sning til vorter, h\u00e5rd hud og calluses, er tilg\u00e6ngelig her. Oplev effektiv hudbl\u00f8dg\u00f8ring og eksfoliering i dag.","breadcrumb":{"@id":"https:\/\/www.transtoyou.com\/da\/product\/collomak\/#breadcrumb"},"inLanguage":"da-DK","potentialAction":[{"@type":"ReadAction","target":["https:\/\/www.transtoyou.com\/da\/product\/collomak\/"]}]},{"@type":"ImageObject","inLanguage":"da-DK","@id":"https:\/\/www.transtoyou.com\/da\/product\/collomak\/#primaryimage","url":"https:\/\/www.transtoyou.com\/da\/wp-content\/uploads\/sites\/6\/2026\/01\/tty-no-product-image-96.webp","contentUrl":"https:\/\/www.transtoyou.com\/da\/wp-content\/uploads\/sites\/6\/2026\/01\/tty-no-product-image-96.webp","width":1000,"height":1000,"caption":"Standard produktbillede"},{"@type":"WebSite","@id":"https:\/\/www.transtoyou.com\/da\/#website","url":"https:\/\/www.transtoyou.com\/da\/","name":"Transtoyou - DA","description":"","publisher":{"@id":"https:\/\/www.transtoyou.com\/da\/#organization"},"potentialAction":[{"@type":"SearchAction","target":{"@type":"EntryPoint","urlTemplate":"https:\/\/www.transtoyou.com\/da\/?s={search_term_string}"},"query-input":{"@type":"PropertyValueSpecification","valueRequired":true,"valueName":"search_term_string"}}],"inLanguage":"da-DK"},{"@type":"Organization","@id":"https:\/\/www.transtoyou.com\/da\/#organization","name":"Transtoyou - DA","url":"https:\/\/www.transtoyou.com\/da\/","logo":{"@type":"ImageObject","inLanguage":"da-DK","@id":"https:\/\/www.transtoyou.com\/da\/#\/schema\/logo\/image\/","url":"https:\/\/www.transtoyou.com\/da\/wp-content\/uploads\/sites\/6\/2026\/01\/logo-tty-menu-bar-300x87-1.webp","contentUrl":"https:\/\/www.transtoyou.com\/da\/wp-content\/uploads\/sites\/6\/2026\/01\/logo-tty-menu-bar-300x87-1.webp","width":300,"height":87,"caption":"Transtoyou - DA"},"image":{"@id":"https:\/\/www.transtoyou.com\/da\/#\/schema\/logo\/image\/"}}]}},"_links":{"self":[{"href":"https:\/\/www.transtoyou.com\/da\/wp-json\/wp\/v2\/product\/1050","targetHints":{"allow":["GET"]}}],"collection":[{"href":"https:\/\/www.transtoyou.com\/da\/wp-json\/wp\/v2\/product"}],"about":[{"href":"https:\/\/www.transtoyou.com\/da\/wp-json\/wp\/v2\/types\/product"}],"replies":[{"embeddable":true,"href":"https:\/\/www.transtoyou.com\/da\/wp-json\/wp\/v2\/comments?post=1050"}],"wp:featuredmedia":[{"embeddable":true,"href":"https:\/\/www.transtoyou.com\/da\/wp-json\/wp\/v2\/media\/1051"}],"wp:attachment":[{"href":"https:\/\/www.transtoyou.com\/da\/wp-json\/wp\/v2\/media?parent=1050"}],"wp:term":[{"taxonomy":"product_brand","embeddable":true,"href":"https:\/\/www.transtoyou.com\/da\/wp-json\/wp\/v2\/product_brand?post=1050"},{"taxonomy":"product_cat","embeddable":true,"href":"https:\/\/www.transtoyou.com\/da\/wp-json\/wp\/v2\/product_cat?post=1050"},{"taxonomy":"product_tag","embeddable":true,"href":"https:\/\/www.transtoyou.com\/da\/wp-json\/wp\/v2\/product_tag?post=1050"},{"taxonomy":"expert","embeddable":true,"href":"https:\/\/www.transtoyou.com\/da\/wp-json\/wp\/v2\/expert?post=1050"}],"curies":[{"name":"wp","href":"https:\/\/api.w.org\/{rel}","templated":true}]}}