{"id":1052,"date":"2026-01-24T10:50:38","date_gmt":"2026-01-24T08:50:38","guid":{"rendered":"https:\/\/www.transtoyou.com\/da\/product\/mysimba\/"},"modified":"2026-02-26T13:10:42","modified_gmt":"2026-02-26T11:10:42","slug":"mysimba","status":"publish","type":"product","link":"https:\/\/www.transtoyou.com\/da\/product\/mysimba\/","title":{"rendered":"Mysimba"},"content":{"rendered":"<p>Mysimba er en oral medicin, der bruges til at st\u00f8tte v\u00e6gtstyring hos voksne med fedme eller overv\u00e6gt under medicinsk tilsyn, is\u00e6r n\u00e5r den ordineres i forbindelse med fedmerelaterede sundhedsrisici som h\u00f8jt blodtryk, type 2-diabetes eller h\u00f8jt kolesterol. Den kombinerer to aktive ingredienser, naltrexon og bupropion, som virker p\u00e5 omr\u00e5der af hjernen, der er involveret i appetitregulering og bel\u00f8nningsdrevet spiseadf\u00e6rd.<\/p>\n<p>I mods\u00e6tning til traditionelle v\u00e6gttabsmediciner, der prim\u00e6rt fokuserer p\u00e5 stofskifte eller fedtabsorption, virker Mysimba p\u00e5 centralnervesystemet for at reducere madtrang og kan hj\u00e6lpe med at reducere f\u00f8lelsesm\u00e6ssig spisning som en del af en overv\u00e5get plan.<\/p>\n<p>Mysimba tages som tabletter, der starter med en lav dosis og gradvist \u00f8ges over de f\u00f8rste fire uger for at minimere bivirkninger og give kroppen mulighed for at tilpasse sig. Den typiske vedligeholdelsesdosis er to tabletter to gange dagligt. Den b\u00f8r kombineres med en kalorie-reduceret di\u00e6t og \u00f8get fysisk aktivitet for at st\u00f8tte behandlingens effektivitet.<\/p>\n<p>Mange brugere begynder at bem\u00e6rke et fald i appetitten og forbedringer i spise kontrol inden for de f\u00f8rste par uger. V\u00e6gttab bliver normalt m\u00e5lbart efter et par m\u00e5neders konsekvent brug. Behandlingsresponsen evalueres efter 16 uger for at afg\u00f8re, om forts\u00e6ttelse er passende.<\/p>\n<p>Almindelige bivirkninger kan omfatte kvalme, forstoppelse, hovedpine, svimmelhed eller problemer med at sove. Mysimba b\u00f8r ikke bruges af personer med ukontrolleret h\u00f8jt blodtryk, anfaldsforstyrrelser eller en historie med alkohol- eller stofabstinens. Det anbefales heller ikke under graviditet eller mens man ammer.<\/p>\n","protected":false},"excerpt":{"rendered":"<ul>\n<li>Hj\u00e6lper med at reducere madtrang<\/li>\n<li>Retter sig mod bel\u00f8nningsrelateret spisning<\/li>\n<li>Underst\u00f8tter v\u00e6gttabsrejse<\/li>\n<\/ul>\n","protected":false},"featured_media":1054,"comment_status":"open","ping_status":"closed","template":"","meta":[],"product_brand":[],"product_cat":[177],"product_tag":[],"expert":[19],"class_list":{"0":"post-1052","1":"product","2":"type-product","3":"status-publish","4":"has-post-thumbnail","6":"product_cat-vaegttab","7":"expert-dr-j-vazquez","9":"first","10":"instock","11":"shipping-taxable","12":"product-type-variable"},"yoast_head":"<!-- This site is optimized with the Yoast SEO plugin v27.0 - https:\/\/yoast.com\/product\/yoast-seo-wordpress\/ -->\n<title>Mysimba | Kontroller v\u00e6gttabstrang - Transtoyou<\/title>\n<meta name=\"description\" content=\"Mysimba hj\u00e6lper med v\u00e6gtkontrol ved at reducere trang og f\u00f8lelsesm\u00e6ssig spisning. F\u00e5 det nu for en sundere livsstil. Start din rejse i dag!\" \/>\n<meta name=\"robots\" content=\"noindex, follow, max-snippet:-1, max-image-preview:large, max-video-preview:-1\" \/>\n<meta property=\"og:locale\" content=\"da_DK\" \/>\n<meta property=\"og:type\" content=\"article\" \/>\n<meta property=\"og:title\" content=\"Mysimba | Kontroller v\u00e6gttabstrang - Transtoyou\" \/>\n<meta property=\"og:description\" content=\"Mysimba hj\u00e6lper med v\u00e6gtkontrol ved at reducere trang og f\u00f8lelsesm\u00e6ssig spisning. F\u00e5 det nu for en sundere livsstil. Start din rejse i dag!\" \/>\n<meta property=\"og:url\" content=\"https:\/\/www.transtoyou.com\/da\/product\/mysimba\/\" \/>\n<meta property=\"og:site_name\" content=\"Transtoyou - DA\" \/>\n<meta property=\"article:modified_time\" content=\"2026-02-26T11:10:42+00:00\" \/>\n<meta name=\"twitter:card\" content=\"summary_large_image\" \/>\n<meta name=\"twitter:label1\" content=\"Estimeret l\u00e6setid\" \/>\n\t<meta name=\"twitter:data1\" content=\"1 minut\" \/>\n<script type=\"application\/ld+json\" class=\"yoast-schema-graph\">{\"@context\":\"https:\/\/schema.org\",\"@graph\":[{\"@type\":\"WebPage\",\"@id\":\"https:\/\/www.transtoyou.com\/da\/product\/mysimba\/\",\"url\":\"https:\/\/www.transtoyou.com\/da\/product\/mysimba\/\",\"name\":\"Mysimba | Kontroller v\u00e6gttabstrang - Transtoyou\",\"isPartOf\":{\"@id\":\"https:\/\/www.transtoyou.com\/da\/#website\"},\"primaryImageOfPage\":{\"@id\":\"https:\/\/www.transtoyou.com\/da\/product\/mysimba\/#primaryimage\"},\"image\":{\"@id\":\"https:\/\/www.transtoyou.com\/da\/product\/mysimba\/#primaryimage\"},\"thumbnailUrl\":\"https:\/\/www.transtoyou.com\/da\/wp-content\/uploads\/sites\/6\/2026\/01\/tty-no-product-image-97.webp\",\"datePublished\":\"2026-01-24T08:50:38+00:00\",\"dateModified\":\"2026-02-26T11:10:42+00:00\",\"description\":\"Mysimba hj\u00e6lper med v\u00e6gtkontrol ved at reducere trang og f\u00f8lelsesm\u00e6ssig spisning. F\u00e5 det nu for en sundere livsstil. Start din rejse i dag!\",\"breadcrumb\":{\"@id\":\"https:\/\/www.transtoyou.com\/da\/product\/mysimba\/#breadcrumb\"},\"inLanguage\":\"da-DK\",\"potentialAction\":[{\"@type\":\"ReadAction\",\"target\":[\"https:\/\/www.transtoyou.com\/da\/product\/mysimba\/\"]}]},{\"@type\":\"ImageObject\",\"inLanguage\":\"da-DK\",\"@id\":\"https:\/\/www.transtoyou.com\/da\/product\/mysimba\/#primaryimage\",\"url\":\"https:\/\/www.transtoyou.com\/da\/wp-content\/uploads\/sites\/6\/2026\/01\/tty-no-product-image-97.webp\",\"contentUrl\":\"https:\/\/www.transtoyou.com\/da\/wp-content\/uploads\/sites\/6\/2026\/01\/tty-no-product-image-97.webp\",\"width\":1000,\"height\":1000,\"caption\":\"Standard produktbillede\"},{\"@type\":\"WebSite\",\"@id\":\"https:\/\/www.transtoyou.com\/da\/#website\",\"url\":\"https:\/\/www.transtoyou.com\/da\/\",\"name\":\"Transtoyou - DA\",\"description\":\"\",\"publisher\":{\"@id\":\"https:\/\/www.transtoyou.com\/da\/#organization\"},\"potentialAction\":[{\"@type\":\"SearchAction\",\"target\":{\"@type\":\"EntryPoint\",\"urlTemplate\":\"https:\/\/www.transtoyou.com\/da\/?s={search_term_string}\"},\"query-input\":{\"@type\":\"PropertyValueSpecification\",\"valueRequired\":true,\"valueName\":\"search_term_string\"}}],\"inLanguage\":\"da-DK\"},{\"@type\":\"Organization\",\"@id\":\"https:\/\/www.transtoyou.com\/da\/#organization\",\"name\":\"Transtoyou - DA\",\"url\":\"https:\/\/www.transtoyou.com\/da\/\",\"logo\":{\"@type\":\"ImageObject\",\"inLanguage\":\"da-DK\",\"@id\":\"https:\/\/www.transtoyou.com\/da\/#\/schema\/logo\/image\/\",\"url\":\"https:\/\/www.transtoyou.com\/da\/wp-content\/uploads\/sites\/6\/2026\/01\/logo-tty-menu-bar-300x87-1.webp\",\"contentUrl\":\"https:\/\/www.transtoyou.com\/da\/wp-content\/uploads\/sites\/6\/2026\/01\/logo-tty-menu-bar-300x87-1.webp\",\"width\":300,\"height\":87,\"caption\":\"Transtoyou - DA\"},\"image\":{\"@id\":\"https:\/\/www.transtoyou.com\/da\/#\/schema\/logo\/image\/\"}}]}<\/script>\n<!-- \/ Yoast SEO plugin. -->","yoast_head_json":{"title":"Mysimba | Kontroller v\u00e6gttabstrang - Transtoyou","description":"Mysimba hj\u00e6lper med v\u00e6gtkontrol ved at reducere trang og f\u00f8lelsesm\u00e6ssig spisning. F\u00e5 det nu for en sundere livsstil. Start din rejse i dag!","robots":{"index":"noindex","follow":"follow","max-snippet":"max-snippet:-1","max-image-preview":"max-image-preview:large","max-video-preview":"max-video-preview:-1"},"og_locale":"da_DK","og_type":"article","og_title":"Mysimba | Kontroller v\u00e6gttabstrang - Transtoyou","og_description":"Mysimba hj\u00e6lper med v\u00e6gtkontrol ved at reducere trang og f\u00f8lelsesm\u00e6ssig spisning. F\u00e5 det nu for en sundere livsstil. Start din rejse i dag!","og_url":"https:\/\/www.transtoyou.com\/da\/product\/mysimba\/","og_site_name":"Transtoyou - DA","article_modified_time":"2026-02-26T11:10:42+00:00","twitter_card":"summary_large_image","twitter_misc":{"Estimeret l\u00e6setid":"1 minut"},"schema":{"@context":"https:\/\/schema.org","@graph":[{"@type":"WebPage","@id":"https:\/\/www.transtoyou.com\/da\/product\/mysimba\/","url":"https:\/\/www.transtoyou.com\/da\/product\/mysimba\/","name":"Mysimba | Kontroller v\u00e6gttabstrang - Transtoyou","isPartOf":{"@id":"https:\/\/www.transtoyou.com\/da\/#website"},"primaryImageOfPage":{"@id":"https:\/\/www.transtoyou.com\/da\/product\/mysimba\/#primaryimage"},"image":{"@id":"https:\/\/www.transtoyou.com\/da\/product\/mysimba\/#primaryimage"},"thumbnailUrl":"https:\/\/www.transtoyou.com\/da\/wp-content\/uploads\/sites\/6\/2026\/01\/tty-no-product-image-97.webp","datePublished":"2026-01-24T08:50:38+00:00","dateModified":"2026-02-26T11:10:42+00:00","description":"Mysimba hj\u00e6lper med v\u00e6gtkontrol ved at reducere trang og f\u00f8lelsesm\u00e6ssig spisning. F\u00e5 det nu for en sundere livsstil. Start din rejse i dag!","breadcrumb":{"@id":"https:\/\/www.transtoyou.com\/da\/product\/mysimba\/#breadcrumb"},"inLanguage":"da-DK","potentialAction":[{"@type":"ReadAction","target":["https:\/\/www.transtoyou.com\/da\/product\/mysimba\/"]}]},{"@type":"ImageObject","inLanguage":"da-DK","@id":"https:\/\/www.transtoyou.com\/da\/product\/mysimba\/#primaryimage","url":"https:\/\/www.transtoyou.com\/da\/wp-content\/uploads\/sites\/6\/2026\/01\/tty-no-product-image-97.webp","contentUrl":"https:\/\/www.transtoyou.com\/da\/wp-content\/uploads\/sites\/6\/2026\/01\/tty-no-product-image-97.webp","width":1000,"height":1000,"caption":"Standard produktbillede"},{"@type":"WebSite","@id":"https:\/\/www.transtoyou.com\/da\/#website","url":"https:\/\/www.transtoyou.com\/da\/","name":"Transtoyou - DA","description":"","publisher":{"@id":"https:\/\/www.transtoyou.com\/da\/#organization"},"potentialAction":[{"@type":"SearchAction","target":{"@type":"EntryPoint","urlTemplate":"https:\/\/www.transtoyou.com\/da\/?s={search_term_string}"},"query-input":{"@type":"PropertyValueSpecification","valueRequired":true,"valueName":"search_term_string"}}],"inLanguage":"da-DK"},{"@type":"Organization","@id":"https:\/\/www.transtoyou.com\/da\/#organization","name":"Transtoyou - DA","url":"https:\/\/www.transtoyou.com\/da\/","logo":{"@type":"ImageObject","inLanguage":"da-DK","@id":"https:\/\/www.transtoyou.com\/da\/#\/schema\/logo\/image\/","url":"https:\/\/www.transtoyou.com\/da\/wp-content\/uploads\/sites\/6\/2026\/01\/logo-tty-menu-bar-300x87-1.webp","contentUrl":"https:\/\/www.transtoyou.com\/da\/wp-content\/uploads\/sites\/6\/2026\/01\/logo-tty-menu-bar-300x87-1.webp","width":300,"height":87,"caption":"Transtoyou - DA"},"image":{"@id":"https:\/\/www.transtoyou.com\/da\/#\/schema\/logo\/image\/"}}]}},"_links":{"self":[{"href":"https:\/\/www.transtoyou.com\/da\/wp-json\/wp\/v2\/product\/1052","targetHints":{"allow":["GET"]}}],"collection":[{"href":"https:\/\/www.transtoyou.com\/da\/wp-json\/wp\/v2\/product"}],"about":[{"href":"https:\/\/www.transtoyou.com\/da\/wp-json\/wp\/v2\/types\/product"}],"replies":[{"embeddable":true,"href":"https:\/\/www.transtoyou.com\/da\/wp-json\/wp\/v2\/comments?post=1052"}],"wp:featuredmedia":[{"embeddable":true,"href":"https:\/\/www.transtoyou.com\/da\/wp-json\/wp\/v2\/media\/1054"}],"wp:attachment":[{"href":"https:\/\/www.transtoyou.com\/da\/wp-json\/wp\/v2\/media?parent=1052"}],"wp:term":[{"taxonomy":"product_brand","embeddable":true,"href":"https:\/\/www.transtoyou.com\/da\/wp-json\/wp\/v2\/product_brand?post=1052"},{"taxonomy":"product_cat","embeddable":true,"href":"https:\/\/www.transtoyou.com\/da\/wp-json\/wp\/v2\/product_cat?post=1052"},{"taxonomy":"product_tag","embeddable":true,"href":"https:\/\/www.transtoyou.com\/da\/wp-json\/wp\/v2\/product_tag?post=1052"},{"taxonomy":"expert","embeddable":true,"href":"https:\/\/www.transtoyou.com\/da\/wp-json\/wp\/v2\/expert?post=1052"}],"curies":[{"name":"wp","href":"https:\/\/api.w.org\/{rel}","templated":true}]}}