{"id":1055,"date":"2026-01-24T11:06:16","date_gmt":"2026-01-24T09:06:16","guid":{"rendered":"https:\/\/www.transtoyou.com\/da\/product\/cialis\/"},"modified":"2026-02-10T16:21:52","modified_gmt":"2026-02-10T14:21:52","slug":"cialis","status":"publish","type":"product","link":"https:\/\/www.transtoyou.com\/da\/product\/cialis\/","title":{"rendered":"Cialis"},"content":{"rendered":"<p>Cialis er et l\u00e6gemiddel til behandling af erektil dysfunktion (ED). Dets aktive ingrediens, tadalafil, virker ved at forbedre blodgennemstr\u00f8mningen til penis, hvilket hj\u00e6lper m\u00e6nd med at opn\u00e5 og opretholde en erektion, n\u00e5r de bliver seksuelt stimuleret. Hvad der adskiller Cialis fra andre ED-behandlinger er dets fleksibilitet; det kan tages efter behov f\u00f8r seksuel aktivitet eller som en lavdosis daglig tablet, afh\u00e6ngigt af brugerens livsstil og pr\u00e6ferencer.<\/p>\n<p>For m\u00e6nd, der foretr\u00e6kker spontanitet, f\u00e5s Cialis i en standardstyrke p\u00e5 10 &#8211; 20 mg, som kan tages efter behov, cirka 30 minutter f\u00f8r intimitet. Dets virkninger kan vare op til 36 timer, hvilket giver et gener\u00f8st tidsvindue for naturlig og upresset seksuel aktivitet.<\/p>\n<p>Denne l\u00e6ngere varighed v\u00e6rds\u00e6ttes ofte af par, der s\u00e6tter pris p\u00e5 intimitet uden strenge tidsplaner. Alternativt ordineres Cialis ogs\u00e5 som en engangs-daglig tablet, der tages i en lavere dosis (2,5 &#8211; 5 mg) hver dag, uanset hvorn\u00e5r seksuel aktivitet er planlagt. Denne mulighed giver kontinuerlig st\u00f8tte og fjerner behovet for at timere medicinen.<\/p>\n<p>Det er s\u00e6rligt nyttigt for m\u00e6nd, der har regelm\u00e6ssig seksuel aktivitet eller foretr\u00e6kker at v\u00e6re klar til enhver tid uden at planl\u00e6gge p\u00e5 forh\u00e5nd. Cialis tages oralt og kan bruges med eller uden mad. Det begynder at virke inden for 30 til 60 minutter for de fleste brugere.<\/p>\n<p>Mulige bivirkninger inkluderer hovedpine, ford\u00f8jelsesbesv\u00e6r, muskelsmerter eller ansigtsspyling, selvom de fleste er milde og midlertidige. Cialis b\u00f8r ikke kombineres med nitrater eller visse blodtryksmedicin.<\/p>\n","protected":false},"excerpt":{"rendered":"<ul>\n<li>Langvarige effekter op til 36 timer<\/li>\n<li>Behandler erektil dysfunktion og BPH<\/li>\n<li>Hurtigvirkende, virker inden for 30 minutter<\/li>\n<\/ul>\n","protected":false},"featured_media":1057,"comment_status":"open","ping_status":"closed","template":"","meta":[],"product_brand":[],"product_cat":[115],"product_tag":[],"expert":[18],"class_list":{"0":"post-1055","1":"product","2":"type-product","3":"status-publish","4":"has-post-thumbnail","6":"product_cat-behandlinger-for-erektil-dysfunktion","7":"expert-dr-g-varbanov","9":"first","10":"instock","11":"shipping-taxable","12":"product-type-variable"},"yoast_head":"<!-- This site is optimized with the Yoast SEO plugin v27.0 - https:\/\/yoast.com\/product\/yoast-seo-wordpress\/ -->\n<title>Cialis - Transtoyou - DA<\/title>\n<meta name=\"robots\" content=\"noindex, follow, max-snippet:-1, max-image-preview:large, max-video-preview:-1\" \/>\n<meta property=\"og:locale\" content=\"da_DK\" \/>\n<meta property=\"og:type\" content=\"article\" \/>\n<meta property=\"og:title\" content=\"Cialis - Transtoyou - DA\" \/>\n<meta property=\"og:description\" content=\"Langvarige effekter op til 36 timer  Behandler erektil dysfunktion og BPH  Hurtigvirkende, virker inden for 30 minutter\" \/>\n<meta property=\"og:url\" content=\"https:\/\/www.transtoyou.com\/da\/product\/cialis\/\" \/>\n<meta property=\"og:site_name\" content=\"Transtoyou - DA\" \/>\n<meta property=\"article:modified_time\" content=\"2026-02-10T14:21:52+00:00\" \/>\n<meta property=\"og:image\" content=\"https:\/\/www.transtoyou.com\/da\/wp-content\/uploads\/sites\/6\/2026\/01\/tty-no-product-image-98.webp\" \/>\n\t<meta property=\"og:image:width\" content=\"1000\" \/>\n\t<meta property=\"og:image:height\" content=\"1000\" \/>\n\t<meta property=\"og:image:type\" content=\"image\/webp\" \/>\n<meta name=\"twitter:card\" content=\"summary_large_image\" \/>\n<meta name=\"twitter:label1\" content=\"Estimeret l\u00e6setid\" \/>\n\t<meta name=\"twitter:data1\" content=\"1 minut\" \/>\n<script type=\"application\/ld+json\" class=\"yoast-schema-graph\">{\"@context\":\"https:\/\/schema.org\",\"@graph\":[{\"@type\":\"WebPage\",\"@id\":\"https:\/\/www.transtoyou.com\/da\/product\/cialis\/\",\"url\":\"https:\/\/www.transtoyou.com\/da\/product\/cialis\/\",\"name\":\"Cialis - Transtoyou - DA\",\"isPartOf\":{\"@id\":\"https:\/\/www.transtoyou.com\/da\/#website\"},\"primaryImageOfPage\":{\"@id\":\"https:\/\/www.transtoyou.com\/da\/product\/cialis\/#primaryimage\"},\"image\":{\"@id\":\"https:\/\/www.transtoyou.com\/da\/product\/cialis\/#primaryimage\"},\"thumbnailUrl\":\"https:\/\/www.transtoyou.com\/da\/wp-content\/uploads\/sites\/6\/2026\/01\/tty-no-product-image-98.webp\",\"datePublished\":\"2026-01-24T09:06:16+00:00\",\"dateModified\":\"2026-02-10T14:21:52+00:00\",\"breadcrumb\":{\"@id\":\"https:\/\/www.transtoyou.com\/da\/product\/cialis\/#breadcrumb\"},\"inLanguage\":\"da-DK\",\"potentialAction\":[{\"@type\":\"ReadAction\",\"target\":[\"https:\/\/www.transtoyou.com\/da\/product\/cialis\/\"]}]},{\"@type\":\"ImageObject\",\"inLanguage\":\"da-DK\",\"@id\":\"https:\/\/www.transtoyou.com\/da\/product\/cialis\/#primaryimage\",\"url\":\"https:\/\/www.transtoyou.com\/da\/wp-content\/uploads\/sites\/6\/2026\/01\/tty-no-product-image-98.webp\",\"contentUrl\":\"https:\/\/www.transtoyou.com\/da\/wp-content\/uploads\/sites\/6\/2026\/01\/tty-no-product-image-98.webp\",\"width\":1000,\"height\":1000,\"caption\":\"Standard produktbillede\"},{\"@type\":\"WebSite\",\"@id\":\"https:\/\/www.transtoyou.com\/da\/#website\",\"url\":\"https:\/\/www.transtoyou.com\/da\/\",\"name\":\"Transtoyou - DA\",\"description\":\"\",\"publisher\":{\"@id\":\"https:\/\/www.transtoyou.com\/da\/#organization\"},\"potentialAction\":[{\"@type\":\"SearchAction\",\"target\":{\"@type\":\"EntryPoint\",\"urlTemplate\":\"https:\/\/www.transtoyou.com\/da\/?s={search_term_string}\"},\"query-input\":{\"@type\":\"PropertyValueSpecification\",\"valueRequired\":true,\"valueName\":\"search_term_string\"}}],\"inLanguage\":\"da-DK\"},{\"@type\":\"Organization\",\"@id\":\"https:\/\/www.transtoyou.com\/da\/#organization\",\"name\":\"Transtoyou - DA\",\"url\":\"https:\/\/www.transtoyou.com\/da\/\",\"logo\":{\"@type\":\"ImageObject\",\"inLanguage\":\"da-DK\",\"@id\":\"https:\/\/www.transtoyou.com\/da\/#\/schema\/logo\/image\/\",\"url\":\"https:\/\/www.transtoyou.com\/da\/wp-content\/uploads\/sites\/6\/2026\/01\/logo-tty-menu-bar-300x87-1.webp\",\"contentUrl\":\"https:\/\/www.transtoyou.com\/da\/wp-content\/uploads\/sites\/6\/2026\/01\/logo-tty-menu-bar-300x87-1.webp\",\"width\":300,\"height\":87,\"caption\":\"Transtoyou - DA\"},\"image\":{\"@id\":\"https:\/\/www.transtoyou.com\/da\/#\/schema\/logo\/image\/\"}}]}<\/script>\n<!-- \/ Yoast SEO plugin. -->","yoast_head_json":{"title":"Cialis - Transtoyou - DA","robots":{"index":"noindex","follow":"follow","max-snippet":"max-snippet:-1","max-image-preview":"max-image-preview:large","max-video-preview":"max-video-preview:-1"},"og_locale":"da_DK","og_type":"article","og_title":"Cialis - Transtoyou - DA","og_description":"Langvarige effekter op til 36 timer  Behandler erektil dysfunktion og BPH  Hurtigvirkende, virker inden for 30 minutter","og_url":"https:\/\/www.transtoyou.com\/da\/product\/cialis\/","og_site_name":"Transtoyou - DA","article_modified_time":"2026-02-10T14:21:52+00:00","og_image":[{"width":1000,"height":1000,"url":"https:\/\/www.transtoyou.com\/da\/wp-content\/uploads\/sites\/6\/2026\/01\/tty-no-product-image-98.webp","type":"image\/webp"}],"twitter_card":"summary_large_image","twitter_misc":{"Estimeret l\u00e6setid":"1 minut"},"schema":{"@context":"https:\/\/schema.org","@graph":[{"@type":"WebPage","@id":"https:\/\/www.transtoyou.com\/da\/product\/cialis\/","url":"https:\/\/www.transtoyou.com\/da\/product\/cialis\/","name":"Cialis - Transtoyou - DA","isPartOf":{"@id":"https:\/\/www.transtoyou.com\/da\/#website"},"primaryImageOfPage":{"@id":"https:\/\/www.transtoyou.com\/da\/product\/cialis\/#primaryimage"},"image":{"@id":"https:\/\/www.transtoyou.com\/da\/product\/cialis\/#primaryimage"},"thumbnailUrl":"https:\/\/www.transtoyou.com\/da\/wp-content\/uploads\/sites\/6\/2026\/01\/tty-no-product-image-98.webp","datePublished":"2026-01-24T09:06:16+00:00","dateModified":"2026-02-10T14:21:52+00:00","breadcrumb":{"@id":"https:\/\/www.transtoyou.com\/da\/product\/cialis\/#breadcrumb"},"inLanguage":"da-DK","potentialAction":[{"@type":"ReadAction","target":["https:\/\/www.transtoyou.com\/da\/product\/cialis\/"]}]},{"@type":"ImageObject","inLanguage":"da-DK","@id":"https:\/\/www.transtoyou.com\/da\/product\/cialis\/#primaryimage","url":"https:\/\/www.transtoyou.com\/da\/wp-content\/uploads\/sites\/6\/2026\/01\/tty-no-product-image-98.webp","contentUrl":"https:\/\/www.transtoyou.com\/da\/wp-content\/uploads\/sites\/6\/2026\/01\/tty-no-product-image-98.webp","width":1000,"height":1000,"caption":"Standard produktbillede"},{"@type":"WebSite","@id":"https:\/\/www.transtoyou.com\/da\/#website","url":"https:\/\/www.transtoyou.com\/da\/","name":"Transtoyou - DA","description":"","publisher":{"@id":"https:\/\/www.transtoyou.com\/da\/#organization"},"potentialAction":[{"@type":"SearchAction","target":{"@type":"EntryPoint","urlTemplate":"https:\/\/www.transtoyou.com\/da\/?s={search_term_string}"},"query-input":{"@type":"PropertyValueSpecification","valueRequired":true,"valueName":"search_term_string"}}],"inLanguage":"da-DK"},{"@type":"Organization","@id":"https:\/\/www.transtoyou.com\/da\/#organization","name":"Transtoyou - DA","url":"https:\/\/www.transtoyou.com\/da\/","logo":{"@type":"ImageObject","inLanguage":"da-DK","@id":"https:\/\/www.transtoyou.com\/da\/#\/schema\/logo\/image\/","url":"https:\/\/www.transtoyou.com\/da\/wp-content\/uploads\/sites\/6\/2026\/01\/logo-tty-menu-bar-300x87-1.webp","contentUrl":"https:\/\/www.transtoyou.com\/da\/wp-content\/uploads\/sites\/6\/2026\/01\/logo-tty-menu-bar-300x87-1.webp","width":300,"height":87,"caption":"Transtoyou - DA"},"image":{"@id":"https:\/\/www.transtoyou.com\/da\/#\/schema\/logo\/image\/"}}]}},"_links":{"self":[{"href":"https:\/\/www.transtoyou.com\/da\/wp-json\/wp\/v2\/product\/1055","targetHints":{"allow":["GET"]}}],"collection":[{"href":"https:\/\/www.transtoyou.com\/da\/wp-json\/wp\/v2\/product"}],"about":[{"href":"https:\/\/www.transtoyou.com\/da\/wp-json\/wp\/v2\/types\/product"}],"replies":[{"embeddable":true,"href":"https:\/\/www.transtoyou.com\/da\/wp-json\/wp\/v2\/comments?post=1055"}],"wp:featuredmedia":[{"embeddable":true,"href":"https:\/\/www.transtoyou.com\/da\/wp-json\/wp\/v2\/media\/1057"}],"wp:attachment":[{"href":"https:\/\/www.transtoyou.com\/da\/wp-json\/wp\/v2\/media?parent=1055"}],"wp:term":[{"taxonomy":"product_brand","embeddable":true,"href":"https:\/\/www.transtoyou.com\/da\/wp-json\/wp\/v2\/product_brand?post=1055"},{"taxonomy":"product_cat","embeddable":true,"href":"https:\/\/www.transtoyou.com\/da\/wp-json\/wp\/v2\/product_cat?post=1055"},{"taxonomy":"product_tag","embeddable":true,"href":"https:\/\/www.transtoyou.com\/da\/wp-json\/wp\/v2\/product_tag?post=1055"},{"taxonomy":"expert","embeddable":true,"href":"https:\/\/www.transtoyou.com\/da\/wp-json\/wp\/v2\/expert?post=1055"}],"curies":[{"name":"wp","href":"https:\/\/api.w.org\/{rel}","templated":true}]}}