{"id":1058,"date":"2026-01-24T11:21:56","date_gmt":"2026-01-24T09:21:56","guid":{"rendered":"https:\/\/www.transtoyou.com\/da\/product\/caverject-alprostadil\/"},"modified":"2026-02-09T18:20:34","modified_gmt":"2026-02-09T16:20:34","slug":"caverject-alprostadil","status":"publish","type":"product","link":"https:\/\/www.transtoyou.com\/da\/product\/caverject-alprostadil\/","title":{"rendered":"Caverject (Alprostadil)"},"content":{"rendered":"<p>Caverject er en receptpligtig medicin, der bruges til at behandle erektil dysfunktion (ED) hos voksne m\u00e6nd. Den indeholder alprostadil, et naturligt forekommende stof, der hj\u00e6lper med at \u00f8ge blodgennemstr\u00f8mningen til penis.<\/p>\n<p>N\u00e5r det injiceres direkte i det erektile v\u00e6v, virker det ved at slappe af i blodkarrene og musklerne i penis, hvilket tillader blod at str\u00f8mme ind og producere en erektion, der er fast nok til seksuel aktivitet.<\/p>\n<p>I mods\u00e6tning til orale ED-mediciner virker Caverject lokalt og afh\u00e6nger ikke af seksuel stimulation for at begynde at virke. Dets virkninger m\u00e6rkes typisk inden for 5 til 20 minutter efter injektionen og kan vare i cirka 30 til 60 minutter, selvom den n\u00f8jagtige varighed varierer afh\u00e6ngigt af den enkelte. Dette g\u00f8r det til en p\u00e5lidelig mulighed for m\u00e6nd, der ikke har reageret godt p\u00e5 orale behandlinger, eller som ikke kan tage dem p\u00e5 grund af andre sundhedsm\u00e6ssige forhold eller medicin.<\/p>\n<p>Caverject leveres som et pulver og en fortyndingsv\u00e6ske, der blandes f\u00f8r brug, og det kommer med en meget fin n\u00e5l til selv-injektion i siden af penis. Det er vigtigt at f\u00f8lge instruktionerne n\u00f8je for at undg\u00e5 komplikationer og at rotere injektionsstederne for at forhindre v\u00e6vsskader.<\/p>\n<p>Almindelige bivirkninger kan omfatte mild smerte ved injektionsstedet, en f\u00f8lelse af fylde i penis eller let bl\u00e5 m\u00e6rker. Sj\u00e6ldne, men alvorlige bivirkninger inkluderer vedvarende erektion (priapisme) eller penile fibrose (arv\u00e6v). Caverject b\u00f8r ikke bruges mere end \u00e9n gang inden for en 24-timers periode, og ikke mere end tre gange om ugen.<\/p>\n","protected":false},"excerpt":{"rendered":"<ul>\n<li>Hurtig og p\u00e5lidelig st\u00f8tte til erektion<\/li>\n<li>Virker n\u00e5r orale tabletter svigter<\/li>\n<li>Lokal virkning, minimale bivirkninger<\/li>\n<\/ul>\n","protected":false},"featured_media":1060,"comment_status":"open","ping_status":"closed","template":"","meta":[],"product_brand":[],"product_cat":[115],"product_tag":[],"expert":[18],"class_list":{"0":"post-1058","1":"product","2":"type-product","3":"status-publish","4":"has-post-thumbnail","6":"product_cat-behandlinger-for-erektil-dysfunktion","7":"expert-dr-g-varbanov","9":"first","10":"instock","11":"shipping-taxable","12":"product-type-variable"},"yoast_head":"<!-- This site is optimized with the Yoast SEO plugin v27.0 - https:\/\/yoast.com\/product\/yoast-seo-wordpress\/ -->\n<title>Caverject (Alprostadil) | Hurtigvirkende ED-l\u00f8sning - Transtoyou<\/title>\n<meta name=\"description\" content=\"Caverject (Alprostadil) behandler ED effektivt ved at \u00f8ge blodgennemstr\u00f8mningen lokalt. F\u00e5s hos Transtoyou, ideel til dem uden respons p\u00e5 piller.\" \/>\n<meta name=\"robots\" content=\"noindex, follow, max-snippet:-1, max-image-preview:large, max-video-preview:-1\" \/>\n<meta property=\"og:locale\" content=\"da_DK\" \/>\n<meta property=\"og:type\" content=\"article\" \/>\n<meta property=\"og:title\" content=\"Caverject (Alprostadil) | Hurtigvirkende ED-l\u00f8sning - Transtoyou\" \/>\n<meta property=\"og:description\" content=\"Caverject (Alprostadil) behandler ED effektivt ved at \u00f8ge blodgennemstr\u00f8mningen lokalt. F\u00e5s hos Transtoyou, ideel til dem uden respons p\u00e5 piller.\" \/>\n<meta property=\"og:url\" content=\"https:\/\/www.transtoyou.com\/da\/product\/caverject-alprostadil\/\" \/>\n<meta property=\"og:site_name\" content=\"Transtoyou - DA\" \/>\n<meta property=\"article:modified_time\" content=\"2026-02-09T16:20:34+00:00\" \/>\n<meta name=\"twitter:card\" content=\"summary_large_image\" \/>\n<meta name=\"twitter:label1\" content=\"Estimeret l\u00e6setid\" \/>\n\t<meta name=\"twitter:data1\" content=\"1 minut\" \/>\n<script type=\"application\/ld+json\" class=\"yoast-schema-graph\">{\"@context\":\"https:\/\/schema.org\",\"@graph\":[{\"@type\":\"WebPage\",\"@id\":\"https:\/\/www.transtoyou.com\/da\/product\/caverject-alprostadil\/\",\"url\":\"https:\/\/www.transtoyou.com\/da\/product\/caverject-alprostadil\/\",\"name\":\"Caverject (Alprostadil) | Hurtigvirkende ED-l\u00f8sning - Transtoyou\",\"isPartOf\":{\"@id\":\"https:\/\/www.transtoyou.com\/da\/#website\"},\"primaryImageOfPage\":{\"@id\":\"https:\/\/www.transtoyou.com\/da\/product\/caverject-alprostadil\/#primaryimage\"},\"image\":{\"@id\":\"https:\/\/www.transtoyou.com\/da\/product\/caverject-alprostadil\/#primaryimage\"},\"thumbnailUrl\":\"https:\/\/www.transtoyou.com\/da\/wp-content\/uploads\/sites\/6\/2026\/01\/tty-no-product-image-99.webp\",\"datePublished\":\"2026-01-24T09:21:56+00:00\",\"dateModified\":\"2026-02-09T16:20:34+00:00\",\"description\":\"Caverject (Alprostadil) behandler ED effektivt ved at \u00f8ge blodgennemstr\u00f8mningen lokalt. F\u00e5s hos Transtoyou, ideel til dem uden respons p\u00e5 piller.\",\"breadcrumb\":{\"@id\":\"https:\/\/www.transtoyou.com\/da\/product\/caverject-alprostadil\/#breadcrumb\"},\"inLanguage\":\"da-DK\",\"potentialAction\":[{\"@type\":\"ReadAction\",\"target\":[\"https:\/\/www.transtoyou.com\/da\/product\/caverject-alprostadil\/\"]}]},{\"@type\":\"ImageObject\",\"inLanguage\":\"da-DK\",\"@id\":\"https:\/\/www.transtoyou.com\/da\/product\/caverject-alprostadil\/#primaryimage\",\"url\":\"https:\/\/www.transtoyou.com\/da\/wp-content\/uploads\/sites\/6\/2026\/01\/tty-no-product-image-99.webp\",\"contentUrl\":\"https:\/\/www.transtoyou.com\/da\/wp-content\/uploads\/sites\/6\/2026\/01\/tty-no-product-image-99.webp\",\"width\":1000,\"height\":1000,\"caption\":\"Standard produktbillede\"},{\"@type\":\"WebSite\",\"@id\":\"https:\/\/www.transtoyou.com\/da\/#website\",\"url\":\"https:\/\/www.transtoyou.com\/da\/\",\"name\":\"Transtoyou - DA\",\"description\":\"\",\"publisher\":{\"@id\":\"https:\/\/www.transtoyou.com\/da\/#organization\"},\"potentialAction\":[{\"@type\":\"SearchAction\",\"target\":{\"@type\":\"EntryPoint\",\"urlTemplate\":\"https:\/\/www.transtoyou.com\/da\/?s={search_term_string}\"},\"query-input\":{\"@type\":\"PropertyValueSpecification\",\"valueRequired\":true,\"valueName\":\"search_term_string\"}}],\"inLanguage\":\"da-DK\"},{\"@type\":\"Organization\",\"@id\":\"https:\/\/www.transtoyou.com\/da\/#organization\",\"name\":\"Transtoyou - DA\",\"url\":\"https:\/\/www.transtoyou.com\/da\/\",\"logo\":{\"@type\":\"ImageObject\",\"inLanguage\":\"da-DK\",\"@id\":\"https:\/\/www.transtoyou.com\/da\/#\/schema\/logo\/image\/\",\"url\":\"https:\/\/www.transtoyou.com\/da\/wp-content\/uploads\/sites\/6\/2026\/01\/logo-tty-menu-bar-300x87-1.webp\",\"contentUrl\":\"https:\/\/www.transtoyou.com\/da\/wp-content\/uploads\/sites\/6\/2026\/01\/logo-tty-menu-bar-300x87-1.webp\",\"width\":300,\"height\":87,\"caption\":\"Transtoyou - DA\"},\"image\":{\"@id\":\"https:\/\/www.transtoyou.com\/da\/#\/schema\/logo\/image\/\"}}]}<\/script>\n<!-- \/ Yoast SEO plugin. -->","yoast_head_json":{"title":"Caverject (Alprostadil) | Hurtigvirkende ED-l\u00f8sning - Transtoyou","description":"Caverject (Alprostadil) behandler ED effektivt ved at \u00f8ge blodgennemstr\u00f8mningen lokalt. F\u00e5s hos Transtoyou, ideel til dem uden respons p\u00e5 piller.","robots":{"index":"noindex","follow":"follow","max-snippet":"max-snippet:-1","max-image-preview":"max-image-preview:large","max-video-preview":"max-video-preview:-1"},"og_locale":"da_DK","og_type":"article","og_title":"Caverject (Alprostadil) | Hurtigvirkende ED-l\u00f8sning - Transtoyou","og_description":"Caverject (Alprostadil) behandler ED effektivt ved at \u00f8ge blodgennemstr\u00f8mningen lokalt. F\u00e5s hos Transtoyou, ideel til dem uden respons p\u00e5 piller.","og_url":"https:\/\/www.transtoyou.com\/da\/product\/caverject-alprostadil\/","og_site_name":"Transtoyou - DA","article_modified_time":"2026-02-09T16:20:34+00:00","twitter_card":"summary_large_image","twitter_misc":{"Estimeret l\u00e6setid":"1 minut"},"schema":{"@context":"https:\/\/schema.org","@graph":[{"@type":"WebPage","@id":"https:\/\/www.transtoyou.com\/da\/product\/caverject-alprostadil\/","url":"https:\/\/www.transtoyou.com\/da\/product\/caverject-alprostadil\/","name":"Caverject (Alprostadil) | Hurtigvirkende ED-l\u00f8sning - Transtoyou","isPartOf":{"@id":"https:\/\/www.transtoyou.com\/da\/#website"},"primaryImageOfPage":{"@id":"https:\/\/www.transtoyou.com\/da\/product\/caverject-alprostadil\/#primaryimage"},"image":{"@id":"https:\/\/www.transtoyou.com\/da\/product\/caverject-alprostadil\/#primaryimage"},"thumbnailUrl":"https:\/\/www.transtoyou.com\/da\/wp-content\/uploads\/sites\/6\/2026\/01\/tty-no-product-image-99.webp","datePublished":"2026-01-24T09:21:56+00:00","dateModified":"2026-02-09T16:20:34+00:00","description":"Caverject (Alprostadil) behandler ED effektivt ved at \u00f8ge blodgennemstr\u00f8mningen lokalt. F\u00e5s hos Transtoyou, ideel til dem uden respons p\u00e5 piller.","breadcrumb":{"@id":"https:\/\/www.transtoyou.com\/da\/product\/caverject-alprostadil\/#breadcrumb"},"inLanguage":"da-DK","potentialAction":[{"@type":"ReadAction","target":["https:\/\/www.transtoyou.com\/da\/product\/caverject-alprostadil\/"]}]},{"@type":"ImageObject","inLanguage":"da-DK","@id":"https:\/\/www.transtoyou.com\/da\/product\/caverject-alprostadil\/#primaryimage","url":"https:\/\/www.transtoyou.com\/da\/wp-content\/uploads\/sites\/6\/2026\/01\/tty-no-product-image-99.webp","contentUrl":"https:\/\/www.transtoyou.com\/da\/wp-content\/uploads\/sites\/6\/2026\/01\/tty-no-product-image-99.webp","width":1000,"height":1000,"caption":"Standard produktbillede"},{"@type":"WebSite","@id":"https:\/\/www.transtoyou.com\/da\/#website","url":"https:\/\/www.transtoyou.com\/da\/","name":"Transtoyou - DA","description":"","publisher":{"@id":"https:\/\/www.transtoyou.com\/da\/#organization"},"potentialAction":[{"@type":"SearchAction","target":{"@type":"EntryPoint","urlTemplate":"https:\/\/www.transtoyou.com\/da\/?s={search_term_string}"},"query-input":{"@type":"PropertyValueSpecification","valueRequired":true,"valueName":"search_term_string"}}],"inLanguage":"da-DK"},{"@type":"Organization","@id":"https:\/\/www.transtoyou.com\/da\/#organization","name":"Transtoyou - DA","url":"https:\/\/www.transtoyou.com\/da\/","logo":{"@type":"ImageObject","inLanguage":"da-DK","@id":"https:\/\/www.transtoyou.com\/da\/#\/schema\/logo\/image\/","url":"https:\/\/www.transtoyou.com\/da\/wp-content\/uploads\/sites\/6\/2026\/01\/logo-tty-menu-bar-300x87-1.webp","contentUrl":"https:\/\/www.transtoyou.com\/da\/wp-content\/uploads\/sites\/6\/2026\/01\/logo-tty-menu-bar-300x87-1.webp","width":300,"height":87,"caption":"Transtoyou - DA"},"image":{"@id":"https:\/\/www.transtoyou.com\/da\/#\/schema\/logo\/image\/"}}]}},"_links":{"self":[{"href":"https:\/\/www.transtoyou.com\/da\/wp-json\/wp\/v2\/product\/1058","targetHints":{"allow":["GET"]}}],"collection":[{"href":"https:\/\/www.transtoyou.com\/da\/wp-json\/wp\/v2\/product"}],"about":[{"href":"https:\/\/www.transtoyou.com\/da\/wp-json\/wp\/v2\/types\/product"}],"replies":[{"embeddable":true,"href":"https:\/\/www.transtoyou.com\/da\/wp-json\/wp\/v2\/comments?post=1058"}],"wp:featuredmedia":[{"embeddable":true,"href":"https:\/\/www.transtoyou.com\/da\/wp-json\/wp\/v2\/media\/1060"}],"wp:attachment":[{"href":"https:\/\/www.transtoyou.com\/da\/wp-json\/wp\/v2\/media?parent=1058"}],"wp:term":[{"taxonomy":"product_brand","embeddable":true,"href":"https:\/\/www.transtoyou.com\/da\/wp-json\/wp\/v2\/product_brand?post=1058"},{"taxonomy":"product_cat","embeddable":true,"href":"https:\/\/www.transtoyou.com\/da\/wp-json\/wp\/v2\/product_cat?post=1058"},{"taxonomy":"product_tag","embeddable":true,"href":"https:\/\/www.transtoyou.com\/da\/wp-json\/wp\/v2\/product_tag?post=1058"},{"taxonomy":"expert","embeddable":true,"href":"https:\/\/www.transtoyou.com\/da\/wp-json\/wp\/v2\/expert?post=1058"}],"curies":[{"name":"wp","href":"https:\/\/api.w.org\/{rel}","templated":true}]}}