{"id":1066,"date":"2026-01-24T12:12:40","date_gmt":"2026-01-24T10:12:40","guid":{"rendered":"https:\/\/www.transtoyou.com\/da\/product\/primolut-n\/"},"modified":"2026-03-01T14:10:11","modified_gmt":"2026-03-01T12:10:11","slug":"primolut-n","status":"publish","type":"product","link":"https:\/\/www.transtoyou.com\/da\/product\/primolut-n\/","title":{"rendered":"Primolut N"},"content":{"rendered":"<p>Primolut N er en tablet, der indeholder norethisteron, et syntetisk progestogen, der bruges til at styre og manipulere menstruationscyklussen. Det ordineres ofte for at forsinke menstruationen af kortvarige \u00e5rsager som rejser, sport eller s\u00e6rlige begivenheder, og det bruges ogs\u00e5 til cyklusundertrykkelse i tilf\u00e6lde af uregelm\u00e6ssige, kraftige eller smertefulde menstruationer.<\/p>\n<p>Primolut N virker ved at opretholde h\u00f8je niveauer af progestogen i kroppen, hvilket forhindrer det hormonelle fald, der normalt udl\u00f8ser menstruation. N\u00e5r tabletterne stoppes, falder hormonniveauerne, og der opst\u00e5r en tilbagetr\u00e6kningsbl\u00f8dning, der ligner en naturlig menstruation. Denne mekanisme giver brugerne mulighed for at kontrollere, hvorn\u00e5r deres menstruation starter.<\/p>\n<p>Primolut N er velegnet til personer, der foretr\u00e6kker en kortvarig og \u00f8strogenfri m\u00e5de at styre deres cyklus p\u00e5. Det begynder normalt et par dage f\u00f8r den forventede menstruation og tages s\u00e5 l\u00e6nge, som forsinkelsen \u00f8nskes. Til medicinske form\u00e5l kan det ogs\u00e5 anvendes i l\u00e6ngere behandlingsforl\u00f8b under l\u00e6geligt tilsyn.<\/p>\n<p>Tabletten er nem at bruge og tolereres godt af de fleste. Den giver ikke pr\u00e6vention, s\u00e5 der er behov for yderligere beskyttelse, hvis undg\u00e5else af graviditet ogs\u00e5 er en bekymring. N\u00e5r den er stoppet, genoptager den naturlige cyklus typisk hurtigt.<\/p>\n","protected":false},"excerpt":{"rendered":"<ul>\n<li>Forsinker menstruation<\/li>\n<li>Progestogenholdig tablet<\/li>\n<li>Velegnet til kortvarig brug<\/li>\n<\/ul>\n","protected":false},"featured_media":1068,"comment_status":"open","ping_status":"closed","template":"","meta":[],"product_brand":[],"product_cat":[149,148],"product_tag":[],"expert":[21],"class_list":{"0":"post-1066","1":"product","2":"type-product","3":"status-publish","4":"has-post-thumbnail","6":"product_cat-menstruationsforsinkelse","7":"product_cat-menstruationsundertrykkelse","8":"expert-dr-m-sharoyko","10":"first","11":"instock","12":"shipping-taxable","13":"product-type-variable"},"yoast_head":"<!-- This site is optimized with the Yoast SEO plugin v27.0 - https:\/\/yoast.com\/product\/yoast-seo-wordpress\/ -->\n<title>Primolut N | St\u00f8tte til hormonbalance - Transtoyou<\/title>\n<meta name=\"description\" content=\"Opdag Primolut N p\u00e5 Transtoyou, nu tilg\u00e6ngelig. H\u00e5ndter din menstruationscyklus effektivt med denne p\u00e5lidelige l\u00f8sning. Shop med selvtillid i dag.\" \/>\n<meta name=\"robots\" content=\"noindex, follow, max-snippet:-1, max-image-preview:large, max-video-preview:-1\" \/>\n<meta property=\"og:locale\" content=\"da_DK\" \/>\n<meta property=\"og:type\" content=\"article\" \/>\n<meta property=\"og:title\" content=\"Primolut N | St\u00f8tte til hormonbalance - Transtoyou\" \/>\n<meta property=\"og:description\" content=\"Opdag Primolut N p\u00e5 Transtoyou, nu tilg\u00e6ngelig. H\u00e5ndter din menstruationscyklus effektivt med denne p\u00e5lidelige l\u00f8sning. Shop med selvtillid i dag.\" \/>\n<meta property=\"og:url\" content=\"https:\/\/www.transtoyou.com\/da\/product\/primolut-n\/\" \/>\n<meta property=\"og:site_name\" content=\"Transtoyou - DA\" \/>\n<meta property=\"article:modified_time\" content=\"2026-03-01T12:10:11+00:00\" \/>\n<meta name=\"twitter:card\" content=\"summary_large_image\" \/>\n<meta name=\"twitter:label1\" content=\"Estimeret l\u00e6setid\" \/>\n\t<meta name=\"twitter:data1\" content=\"1 minut\" \/>\n<script type=\"application\/ld+json\" class=\"yoast-schema-graph\">{\"@context\":\"https:\/\/schema.org\",\"@graph\":[{\"@type\":\"WebPage\",\"@id\":\"https:\/\/www.transtoyou.com\/da\/product\/primolut-n\/\",\"url\":\"https:\/\/www.transtoyou.com\/da\/product\/primolut-n\/\",\"name\":\"Primolut N | St\u00f8tte til hormonbalance - Transtoyou\",\"isPartOf\":{\"@id\":\"https:\/\/www.transtoyou.com\/da\/#website\"},\"primaryImageOfPage\":{\"@id\":\"https:\/\/www.transtoyou.com\/da\/product\/primolut-n\/#primaryimage\"},\"image\":{\"@id\":\"https:\/\/www.transtoyou.com\/da\/product\/primolut-n\/#primaryimage\"},\"thumbnailUrl\":\"https:\/\/www.transtoyou.com\/da\/wp-content\/uploads\/sites\/6\/2026\/01\/tty-no-product-image-102.webp\",\"datePublished\":\"2026-01-24T10:12:40+00:00\",\"dateModified\":\"2026-03-01T12:10:11+00:00\",\"description\":\"Opdag Primolut N p\u00e5 Transtoyou, nu tilg\u00e6ngelig. H\u00e5ndter din menstruationscyklus effektivt med denne p\u00e5lidelige l\u00f8sning. Shop med selvtillid i dag.\",\"breadcrumb\":{\"@id\":\"https:\/\/www.transtoyou.com\/da\/product\/primolut-n\/#breadcrumb\"},\"inLanguage\":\"da-DK\",\"potentialAction\":[{\"@type\":\"ReadAction\",\"target\":[\"https:\/\/www.transtoyou.com\/da\/product\/primolut-n\/\"]}]},{\"@type\":\"ImageObject\",\"inLanguage\":\"da-DK\",\"@id\":\"https:\/\/www.transtoyou.com\/da\/product\/primolut-n\/#primaryimage\",\"url\":\"https:\/\/www.transtoyou.com\/da\/wp-content\/uploads\/sites\/6\/2026\/01\/tty-no-product-image-102.webp\",\"contentUrl\":\"https:\/\/www.transtoyou.com\/da\/wp-content\/uploads\/sites\/6\/2026\/01\/tty-no-product-image-102.webp\",\"width\":1000,\"height\":1000,\"caption\":\"Standard produktbillede\"},{\"@type\":\"WebSite\",\"@id\":\"https:\/\/www.transtoyou.com\/da\/#website\",\"url\":\"https:\/\/www.transtoyou.com\/da\/\",\"name\":\"Transtoyou - DA\",\"description\":\"\",\"publisher\":{\"@id\":\"https:\/\/www.transtoyou.com\/da\/#organization\"},\"potentialAction\":[{\"@type\":\"SearchAction\",\"target\":{\"@type\":\"EntryPoint\",\"urlTemplate\":\"https:\/\/www.transtoyou.com\/da\/?s={search_term_string}\"},\"query-input\":{\"@type\":\"PropertyValueSpecification\",\"valueRequired\":true,\"valueName\":\"search_term_string\"}}],\"inLanguage\":\"da-DK\"},{\"@type\":\"Organization\",\"@id\":\"https:\/\/www.transtoyou.com\/da\/#organization\",\"name\":\"Transtoyou - DA\",\"url\":\"https:\/\/www.transtoyou.com\/da\/\",\"logo\":{\"@type\":\"ImageObject\",\"inLanguage\":\"da-DK\",\"@id\":\"https:\/\/www.transtoyou.com\/da\/#\/schema\/logo\/image\/\",\"url\":\"https:\/\/www.transtoyou.com\/da\/wp-content\/uploads\/sites\/6\/2026\/01\/logo-tty-menu-bar-300x87-1.webp\",\"contentUrl\":\"https:\/\/www.transtoyou.com\/da\/wp-content\/uploads\/sites\/6\/2026\/01\/logo-tty-menu-bar-300x87-1.webp\",\"width\":300,\"height\":87,\"caption\":\"Transtoyou - DA\"},\"image\":{\"@id\":\"https:\/\/www.transtoyou.com\/da\/#\/schema\/logo\/image\/\"}}]}<\/script>\n<!-- \/ Yoast SEO plugin. -->","yoast_head_json":{"title":"Primolut N | St\u00f8tte til hormonbalance - Transtoyou","description":"Opdag Primolut N p\u00e5 Transtoyou, nu tilg\u00e6ngelig. H\u00e5ndter din menstruationscyklus effektivt med denne p\u00e5lidelige l\u00f8sning. Shop med selvtillid i dag.","robots":{"index":"noindex","follow":"follow","max-snippet":"max-snippet:-1","max-image-preview":"max-image-preview:large","max-video-preview":"max-video-preview:-1"},"og_locale":"da_DK","og_type":"article","og_title":"Primolut N | St\u00f8tte til hormonbalance - Transtoyou","og_description":"Opdag Primolut N p\u00e5 Transtoyou, nu tilg\u00e6ngelig. H\u00e5ndter din menstruationscyklus effektivt med denne p\u00e5lidelige l\u00f8sning. Shop med selvtillid i dag.","og_url":"https:\/\/www.transtoyou.com\/da\/product\/primolut-n\/","og_site_name":"Transtoyou - DA","article_modified_time":"2026-03-01T12:10:11+00:00","twitter_card":"summary_large_image","twitter_misc":{"Estimeret l\u00e6setid":"1 minut"},"schema":{"@context":"https:\/\/schema.org","@graph":[{"@type":"WebPage","@id":"https:\/\/www.transtoyou.com\/da\/product\/primolut-n\/","url":"https:\/\/www.transtoyou.com\/da\/product\/primolut-n\/","name":"Primolut N | St\u00f8tte til hormonbalance - Transtoyou","isPartOf":{"@id":"https:\/\/www.transtoyou.com\/da\/#website"},"primaryImageOfPage":{"@id":"https:\/\/www.transtoyou.com\/da\/product\/primolut-n\/#primaryimage"},"image":{"@id":"https:\/\/www.transtoyou.com\/da\/product\/primolut-n\/#primaryimage"},"thumbnailUrl":"https:\/\/www.transtoyou.com\/da\/wp-content\/uploads\/sites\/6\/2026\/01\/tty-no-product-image-102.webp","datePublished":"2026-01-24T10:12:40+00:00","dateModified":"2026-03-01T12:10:11+00:00","description":"Opdag Primolut N p\u00e5 Transtoyou, nu tilg\u00e6ngelig. H\u00e5ndter din menstruationscyklus effektivt med denne p\u00e5lidelige l\u00f8sning. Shop med selvtillid i dag.","breadcrumb":{"@id":"https:\/\/www.transtoyou.com\/da\/product\/primolut-n\/#breadcrumb"},"inLanguage":"da-DK","potentialAction":[{"@type":"ReadAction","target":["https:\/\/www.transtoyou.com\/da\/product\/primolut-n\/"]}]},{"@type":"ImageObject","inLanguage":"da-DK","@id":"https:\/\/www.transtoyou.com\/da\/product\/primolut-n\/#primaryimage","url":"https:\/\/www.transtoyou.com\/da\/wp-content\/uploads\/sites\/6\/2026\/01\/tty-no-product-image-102.webp","contentUrl":"https:\/\/www.transtoyou.com\/da\/wp-content\/uploads\/sites\/6\/2026\/01\/tty-no-product-image-102.webp","width":1000,"height":1000,"caption":"Standard produktbillede"},{"@type":"WebSite","@id":"https:\/\/www.transtoyou.com\/da\/#website","url":"https:\/\/www.transtoyou.com\/da\/","name":"Transtoyou - DA","description":"","publisher":{"@id":"https:\/\/www.transtoyou.com\/da\/#organization"},"potentialAction":[{"@type":"SearchAction","target":{"@type":"EntryPoint","urlTemplate":"https:\/\/www.transtoyou.com\/da\/?s={search_term_string}"},"query-input":{"@type":"PropertyValueSpecification","valueRequired":true,"valueName":"search_term_string"}}],"inLanguage":"da-DK"},{"@type":"Organization","@id":"https:\/\/www.transtoyou.com\/da\/#organization","name":"Transtoyou - DA","url":"https:\/\/www.transtoyou.com\/da\/","logo":{"@type":"ImageObject","inLanguage":"da-DK","@id":"https:\/\/www.transtoyou.com\/da\/#\/schema\/logo\/image\/","url":"https:\/\/www.transtoyou.com\/da\/wp-content\/uploads\/sites\/6\/2026\/01\/logo-tty-menu-bar-300x87-1.webp","contentUrl":"https:\/\/www.transtoyou.com\/da\/wp-content\/uploads\/sites\/6\/2026\/01\/logo-tty-menu-bar-300x87-1.webp","width":300,"height":87,"caption":"Transtoyou - DA"},"image":{"@id":"https:\/\/www.transtoyou.com\/da\/#\/schema\/logo\/image\/"}}]}},"_links":{"self":[{"href":"https:\/\/www.transtoyou.com\/da\/wp-json\/wp\/v2\/product\/1066","targetHints":{"allow":["GET"]}}],"collection":[{"href":"https:\/\/www.transtoyou.com\/da\/wp-json\/wp\/v2\/product"}],"about":[{"href":"https:\/\/www.transtoyou.com\/da\/wp-json\/wp\/v2\/types\/product"}],"replies":[{"embeddable":true,"href":"https:\/\/www.transtoyou.com\/da\/wp-json\/wp\/v2\/comments?post=1066"}],"wp:featuredmedia":[{"embeddable":true,"href":"https:\/\/www.transtoyou.com\/da\/wp-json\/wp\/v2\/media\/1068"}],"wp:attachment":[{"href":"https:\/\/www.transtoyou.com\/da\/wp-json\/wp\/v2\/media?parent=1066"}],"wp:term":[{"taxonomy":"product_brand","embeddable":true,"href":"https:\/\/www.transtoyou.com\/da\/wp-json\/wp\/v2\/product_brand?post=1066"},{"taxonomy":"product_cat","embeddable":true,"href":"https:\/\/www.transtoyou.com\/da\/wp-json\/wp\/v2\/product_cat?post=1066"},{"taxonomy":"product_tag","embeddable":true,"href":"https:\/\/www.transtoyou.com\/da\/wp-json\/wp\/v2\/product_tag?post=1066"},{"taxonomy":"expert","embeddable":true,"href":"https:\/\/www.transtoyou.com\/da\/wp-json\/wp\/v2\/expert?post=1066"}],"curies":[{"name":"wp","href":"https:\/\/api.w.org\/{rel}","templated":true}]}}