{"id":1069,"date":"2026-01-24T12:26:13","date_gmt":"2026-01-24T10:26:13","guid":{"rendered":"https:\/\/www.transtoyou.com\/da\/product\/cerazette\/"},"modified":"2026-02-10T13:51:41","modified_gmt":"2026-02-10T11:51:41","slug":"cerazette","status":"publish","type":"product","link":"https:\/\/www.transtoyou.com\/da\/product\/cerazette\/","title":{"rendered":"Cerazette"},"content":{"rendered":"<p>Cerazette er et gestagen-only p-pille, ogs\u00e5 kendt som en mini-pille. Den indeholder desogestrel, som forhindrer graviditet ved at h\u00e6mme \u00e6gl\u00f8sning, tykke livmoderhalsslim og \u00e6ndre livmoderslimhinden for at reducere sandsynligheden for implantation. I mods\u00e6tning til kombinerede piller indeholder Cerazette ikke \u00f8strogen, hvilket g\u00f8r den velegnet til personer, der er f\u00f8lsomme over for eller har kontraindikationer for \u00f8strogenholdig pr\u00e6vention.<\/p>\n<p>Udover sine pr\u00e6ventive effekter bruges Cerazette ofte til menstruationsundertrykkelse. Mange brugere oplever lettere menstruationer, uregelm\u00e6ssig bl\u00f8dning eller amenor\u00e9 (frav\u00e6r af menstruation) mens de tager Cerazette. Dette kan v\u00e6re gavnligt for personer med kraftige eller smertefulde cykler eller dem, der \u00f8nsker langvarig cykelkontrol.<\/p>\n<p>Cerazette tages \u00e9n gang dagligt p\u00e5 samme tidspunkt hver dag uden pauser mellem pakkerne. Det er vigtigt at opretholde en konsekvent timing, da det at springe en dosis over med mere end 12 timer kan reducere den pr\u00e6ventive effektivitet. Pr\u00e6ventionsbeskyttelse begynder 48 timer efter starten af den f\u00f8rste tablet (hvis den ikke tages p\u00e5 den f\u00f8rste dag i menstruationscyklussen), og Cerazette betragtes som sikker at bruge under amning.<\/p>\n<p>Cerazette tilbyder en simpel, \u00f8strogenfri mulighed for p\u00e5lidelig pr\u00e6vention og menstruationsundertrykkelse med bekvemmeligheden ved en daglig tablet.<\/p>\n","protected":false},"excerpt":{"rendered":"<ul>\n<li>Progestogen-only daglig pr\u00e6vention<\/li>\n<li>Velegnet til \u00f8strogenf\u00f8lsomme brugere<\/li>\n<li>Hj\u00e6lper med at undertrykke menstruation<\/li>\n<\/ul>\n","protected":false},"featured_media":1071,"comment_status":"open","ping_status":"closed","template":"","meta":[],"product_brand":[],"product_cat":[148,152],"product_tag":[],"expert":[21],"class_list":{"0":"post-1069","1":"product","2":"type-product","3":"status-publish","4":"has-post-thumbnail","6":"product_cat-menstruationsundertrykkelse","7":"product_cat-mini-pille","8":"expert-dr-m-sharoyko","10":"first","11":"instock","12":"shipping-taxable","13":"product-type-variable"},"yoast_head":"<!-- This site is optimized with the Yoast SEO plugin v27.0 - https:\/\/yoast.com\/product\/yoast-seo-wordpress\/ -->\n<title>Cerazette | Effektiv pr\u00e6ventionsl\u00f8sning - Transtoyou<\/title>\n<meta name=\"description\" content=\"Opdag Cerazette, tilg\u00e6ngelig hos Transtoyou. F\u00e5 p\u00e5lidelig pr\u00e6vention. Shop nu for nem adgang til betroede sundhedsl\u00f8sninger.\" \/>\n<meta name=\"robots\" content=\"noindex, follow, max-snippet:-1, max-image-preview:large, max-video-preview:-1\" \/>\n<meta property=\"og:locale\" content=\"da_DK\" \/>\n<meta property=\"og:type\" content=\"article\" \/>\n<meta property=\"og:title\" content=\"Cerazette | Effektiv pr\u00e6ventionsl\u00f8sning - Transtoyou\" \/>\n<meta property=\"og:description\" content=\"Opdag Cerazette, tilg\u00e6ngelig hos Transtoyou. F\u00e5 p\u00e5lidelig pr\u00e6vention. Shop nu for nem adgang til betroede sundhedsl\u00f8sninger.\" \/>\n<meta property=\"og:url\" content=\"https:\/\/www.transtoyou.com\/da\/product\/cerazette\/\" \/>\n<meta property=\"og:site_name\" content=\"Transtoyou - DA\" \/>\n<meta property=\"article:modified_time\" content=\"2026-02-10T11:51:41+00:00\" \/>\n<meta name=\"twitter:card\" content=\"summary_large_image\" \/>\n<meta name=\"twitter:label1\" content=\"Estimeret l\u00e6setid\" \/>\n\t<meta name=\"twitter:data1\" content=\"1 minut\" \/>\n<script type=\"application\/ld+json\" class=\"yoast-schema-graph\">{\"@context\":\"https:\/\/schema.org\",\"@graph\":[{\"@type\":\"WebPage\",\"@id\":\"https:\/\/www.transtoyou.com\/da\/product\/cerazette\/\",\"url\":\"https:\/\/www.transtoyou.com\/da\/product\/cerazette\/\",\"name\":\"Cerazette | Effektiv pr\u00e6ventionsl\u00f8sning - Transtoyou\",\"isPartOf\":{\"@id\":\"https:\/\/www.transtoyou.com\/da\/#website\"},\"primaryImageOfPage\":{\"@id\":\"https:\/\/www.transtoyou.com\/da\/product\/cerazette\/#primaryimage\"},\"image\":{\"@id\":\"https:\/\/www.transtoyou.com\/da\/product\/cerazette\/#primaryimage\"},\"thumbnailUrl\":\"https:\/\/www.transtoyou.com\/da\/wp-content\/uploads\/sites\/6\/2026\/01\/tty-no-product-image-103.webp\",\"datePublished\":\"2026-01-24T10:26:13+00:00\",\"dateModified\":\"2026-02-10T11:51:41+00:00\",\"description\":\"Opdag Cerazette, tilg\u00e6ngelig hos Transtoyou. F\u00e5 p\u00e5lidelig pr\u00e6vention. Shop nu for nem adgang til betroede sundhedsl\u00f8sninger.\",\"breadcrumb\":{\"@id\":\"https:\/\/www.transtoyou.com\/da\/product\/cerazette\/#breadcrumb\"},\"inLanguage\":\"da-DK\",\"potentialAction\":[{\"@type\":\"ReadAction\",\"target\":[\"https:\/\/www.transtoyou.com\/da\/product\/cerazette\/\"]}]},{\"@type\":\"ImageObject\",\"inLanguage\":\"da-DK\",\"@id\":\"https:\/\/www.transtoyou.com\/da\/product\/cerazette\/#primaryimage\",\"url\":\"https:\/\/www.transtoyou.com\/da\/wp-content\/uploads\/sites\/6\/2026\/01\/tty-no-product-image-103.webp\",\"contentUrl\":\"https:\/\/www.transtoyou.com\/da\/wp-content\/uploads\/sites\/6\/2026\/01\/tty-no-product-image-103.webp\",\"width\":1000,\"height\":1000,\"caption\":\"Standard produktbillede\"},{\"@type\":\"WebSite\",\"@id\":\"https:\/\/www.transtoyou.com\/da\/#website\",\"url\":\"https:\/\/www.transtoyou.com\/da\/\",\"name\":\"Transtoyou - DA\",\"description\":\"\",\"publisher\":{\"@id\":\"https:\/\/www.transtoyou.com\/da\/#organization\"},\"potentialAction\":[{\"@type\":\"SearchAction\",\"target\":{\"@type\":\"EntryPoint\",\"urlTemplate\":\"https:\/\/www.transtoyou.com\/da\/?s={search_term_string}\"},\"query-input\":{\"@type\":\"PropertyValueSpecification\",\"valueRequired\":true,\"valueName\":\"search_term_string\"}}],\"inLanguage\":\"da-DK\"},{\"@type\":\"Organization\",\"@id\":\"https:\/\/www.transtoyou.com\/da\/#organization\",\"name\":\"Transtoyou - DA\",\"url\":\"https:\/\/www.transtoyou.com\/da\/\",\"logo\":{\"@type\":\"ImageObject\",\"inLanguage\":\"da-DK\",\"@id\":\"https:\/\/www.transtoyou.com\/da\/#\/schema\/logo\/image\/\",\"url\":\"https:\/\/www.transtoyou.com\/da\/wp-content\/uploads\/sites\/6\/2026\/01\/logo-tty-menu-bar-300x87-1.webp\",\"contentUrl\":\"https:\/\/www.transtoyou.com\/da\/wp-content\/uploads\/sites\/6\/2026\/01\/logo-tty-menu-bar-300x87-1.webp\",\"width\":300,\"height\":87,\"caption\":\"Transtoyou - DA\"},\"image\":{\"@id\":\"https:\/\/www.transtoyou.com\/da\/#\/schema\/logo\/image\/\"}}]}<\/script>\n<!-- \/ Yoast SEO plugin. -->","yoast_head_json":{"title":"Cerazette | Effektiv pr\u00e6ventionsl\u00f8sning - Transtoyou","description":"Opdag Cerazette, tilg\u00e6ngelig hos Transtoyou. F\u00e5 p\u00e5lidelig pr\u00e6vention. Shop nu for nem adgang til betroede sundhedsl\u00f8sninger.","robots":{"index":"noindex","follow":"follow","max-snippet":"max-snippet:-1","max-image-preview":"max-image-preview:large","max-video-preview":"max-video-preview:-1"},"og_locale":"da_DK","og_type":"article","og_title":"Cerazette | Effektiv pr\u00e6ventionsl\u00f8sning - Transtoyou","og_description":"Opdag Cerazette, tilg\u00e6ngelig hos Transtoyou. F\u00e5 p\u00e5lidelig pr\u00e6vention. Shop nu for nem adgang til betroede sundhedsl\u00f8sninger.","og_url":"https:\/\/www.transtoyou.com\/da\/product\/cerazette\/","og_site_name":"Transtoyou - DA","article_modified_time":"2026-02-10T11:51:41+00:00","twitter_card":"summary_large_image","twitter_misc":{"Estimeret l\u00e6setid":"1 minut"},"schema":{"@context":"https:\/\/schema.org","@graph":[{"@type":"WebPage","@id":"https:\/\/www.transtoyou.com\/da\/product\/cerazette\/","url":"https:\/\/www.transtoyou.com\/da\/product\/cerazette\/","name":"Cerazette | Effektiv pr\u00e6ventionsl\u00f8sning - Transtoyou","isPartOf":{"@id":"https:\/\/www.transtoyou.com\/da\/#website"},"primaryImageOfPage":{"@id":"https:\/\/www.transtoyou.com\/da\/product\/cerazette\/#primaryimage"},"image":{"@id":"https:\/\/www.transtoyou.com\/da\/product\/cerazette\/#primaryimage"},"thumbnailUrl":"https:\/\/www.transtoyou.com\/da\/wp-content\/uploads\/sites\/6\/2026\/01\/tty-no-product-image-103.webp","datePublished":"2026-01-24T10:26:13+00:00","dateModified":"2026-02-10T11:51:41+00:00","description":"Opdag Cerazette, tilg\u00e6ngelig hos Transtoyou. F\u00e5 p\u00e5lidelig pr\u00e6vention. Shop nu for nem adgang til betroede sundhedsl\u00f8sninger.","breadcrumb":{"@id":"https:\/\/www.transtoyou.com\/da\/product\/cerazette\/#breadcrumb"},"inLanguage":"da-DK","potentialAction":[{"@type":"ReadAction","target":["https:\/\/www.transtoyou.com\/da\/product\/cerazette\/"]}]},{"@type":"ImageObject","inLanguage":"da-DK","@id":"https:\/\/www.transtoyou.com\/da\/product\/cerazette\/#primaryimage","url":"https:\/\/www.transtoyou.com\/da\/wp-content\/uploads\/sites\/6\/2026\/01\/tty-no-product-image-103.webp","contentUrl":"https:\/\/www.transtoyou.com\/da\/wp-content\/uploads\/sites\/6\/2026\/01\/tty-no-product-image-103.webp","width":1000,"height":1000,"caption":"Standard produktbillede"},{"@type":"WebSite","@id":"https:\/\/www.transtoyou.com\/da\/#website","url":"https:\/\/www.transtoyou.com\/da\/","name":"Transtoyou - DA","description":"","publisher":{"@id":"https:\/\/www.transtoyou.com\/da\/#organization"},"potentialAction":[{"@type":"SearchAction","target":{"@type":"EntryPoint","urlTemplate":"https:\/\/www.transtoyou.com\/da\/?s={search_term_string}"},"query-input":{"@type":"PropertyValueSpecification","valueRequired":true,"valueName":"search_term_string"}}],"inLanguage":"da-DK"},{"@type":"Organization","@id":"https:\/\/www.transtoyou.com\/da\/#organization","name":"Transtoyou - DA","url":"https:\/\/www.transtoyou.com\/da\/","logo":{"@type":"ImageObject","inLanguage":"da-DK","@id":"https:\/\/www.transtoyou.com\/da\/#\/schema\/logo\/image\/","url":"https:\/\/www.transtoyou.com\/da\/wp-content\/uploads\/sites\/6\/2026\/01\/logo-tty-menu-bar-300x87-1.webp","contentUrl":"https:\/\/www.transtoyou.com\/da\/wp-content\/uploads\/sites\/6\/2026\/01\/logo-tty-menu-bar-300x87-1.webp","width":300,"height":87,"caption":"Transtoyou - DA"},"image":{"@id":"https:\/\/www.transtoyou.com\/da\/#\/schema\/logo\/image\/"}}]}},"_links":{"self":[{"href":"https:\/\/www.transtoyou.com\/da\/wp-json\/wp\/v2\/product\/1069","targetHints":{"allow":["GET"]}}],"collection":[{"href":"https:\/\/www.transtoyou.com\/da\/wp-json\/wp\/v2\/product"}],"about":[{"href":"https:\/\/www.transtoyou.com\/da\/wp-json\/wp\/v2\/types\/product"}],"replies":[{"embeddable":true,"href":"https:\/\/www.transtoyou.com\/da\/wp-json\/wp\/v2\/comments?post=1069"}],"wp:featuredmedia":[{"embeddable":true,"href":"https:\/\/www.transtoyou.com\/da\/wp-json\/wp\/v2\/media\/1071"}],"wp:attachment":[{"href":"https:\/\/www.transtoyou.com\/da\/wp-json\/wp\/v2\/media?parent=1069"}],"wp:term":[{"taxonomy":"product_brand","embeddable":true,"href":"https:\/\/www.transtoyou.com\/da\/wp-json\/wp\/v2\/product_brand?post=1069"},{"taxonomy":"product_cat","embeddable":true,"href":"https:\/\/www.transtoyou.com\/da\/wp-json\/wp\/v2\/product_cat?post=1069"},{"taxonomy":"product_tag","embeddable":true,"href":"https:\/\/www.transtoyou.com\/da\/wp-json\/wp\/v2\/product_tag?post=1069"},{"taxonomy":"expert","embeddable":true,"href":"https:\/\/www.transtoyou.com\/da\/wp-json\/wp\/v2\/expert?post=1069"}],"curies":[{"name":"wp","href":"https:\/\/api.w.org\/{rel}","templated":true}]}}