{"id":1081,"date":"2026-01-24T19:47:00","date_gmt":"2026-01-24T17:47:00","guid":{"rendered":"https:\/\/www.transtoyou.com\/da\/product\/proscar\/"},"modified":"2026-03-02T13:25:19","modified_gmt":"2026-03-02T11:25:19","slug":"proscar","status":"publish","type":"product","link":"https:\/\/www.transtoyou.com\/da\/product\/proscar\/","title":{"rendered":"Proscar"},"content":{"rendered":"<p>Proscar er en receptpligtig medicin, der bruges til at behandle benign prostatahyperplasi, ofte omtalt som forst\u00f8rret prostata. Den indeholder finasterid, en 5-alfa-reduktaseh\u00e6mmer, der virker ved at s\u00e6nke niveauerne af dihydrotestosteron, et hormon der f\u00e5r prostata til at vokse. Ved at reducere hormon niveauerne hj\u00e6lper Proscar med at mindske prostata, forbedre urinstr\u00f8mmen og lindre tilknyttede symptomer.<\/p>\n<p>En forst\u00f8rret prostata kan f\u00f8re til hyppig vandladning, svag str\u00e5le, vanskeligheder med at starte eller stoppe vandladning, og afbrudt s\u00f8vn p\u00e5 grund af natlig vandladning. Proscar adresserer disse problemer ved gradvist at reducere prostata st\u00f8rrelse og lette trykket p\u00e5 urinr\u00f8ret. Denne proces tager ofte flere m\u00e5neder, men kan betydeligt forbedre komfort og livskvalitet over tid.<\/p>\n<p>Proscar tages som en engangsdags tablet og ordineres typisk til langtidsbrug. Den kan bruges alene eller i kombination med andre medicin, s\u00e5som alfa-blokkere for m\u00e6nd med mere alvorlige symptomer. Mens nogle brugere oplever milde bivirkninger som nedsat libido eller \u00e6ndringer i ejakulation, er disse effekter ofte midlertidige og aftager med fortsat brug.<\/p>\n<p>Det er vigtigt at bem\u00e6rke, at Proscar s\u00e6nker niveauerne af prostata-specifikt antigen (PSA), som m\u00e5les under screening for prostatakr\u00e6ft. Sundhedsudbydere vil tage dette i betragtning, n\u00e5r de fortolker resultaterne.<\/p>\n","protected":false},"excerpt":{"rendered":"<ul>\n<li>Behandler forst\u00f8rret prostata<\/li>\n<li>Forbedrer urinstr\u00f8mmen<\/li>\n<li>Dagsdosis i form af tabletter<\/li>\n<\/ul>\n","protected":false},"featured_media":1083,"comment_status":"open","ping_status":"closed","template":"","meta":[],"product_brand":[],"product_cat":[158],"product_tag":[],"expert":[18],"class_list":{"0":"post-1081","1":"product","2":"type-product","3":"status-publish","4":"has-post-thumbnail","6":"product_cat-prostatasalut","7":"expert-dr-g-varbanov","9":"first","10":"instock","11":"shipping-taxable","12":"purchasable","13":"product-type-variable"},"yoast_head":"<!-- This site is optimized with the Yoast SEO plugin v27.0 - https:\/\/yoast.com\/product\/yoast-seo-wordpress\/ -->\n<title>Proscar | Effektiv lindring af prostata - Transtoyou<\/title>\n<meta name=\"description\" content=\"Proscar behandler forst\u00f8rret prostata ved at mindske den og lindre symptomer. Forbedr din livskvalitet, tilg\u00e6ngelig nu hos Transtoyou.\" \/>\n<meta name=\"robots\" content=\"noindex, follow, max-snippet:-1, max-image-preview:large, max-video-preview:-1\" \/>\n<meta property=\"og:locale\" content=\"da_DK\" \/>\n<meta property=\"og:type\" content=\"article\" \/>\n<meta property=\"og:title\" content=\"Proscar | Effektiv lindring af prostata - Transtoyou\" \/>\n<meta property=\"og:description\" content=\"Proscar behandler forst\u00f8rret prostata ved at mindske den og lindre symptomer. Forbedr din livskvalitet, tilg\u00e6ngelig nu hos Transtoyou.\" \/>\n<meta property=\"og:url\" content=\"https:\/\/www.transtoyou.com\/da\/product\/proscar\/\" \/>\n<meta property=\"og:site_name\" content=\"Transtoyou - DA\" \/>\n<meta property=\"article:modified_time\" content=\"2026-03-02T11:25:19+00:00\" \/>\n<meta name=\"twitter:card\" content=\"summary_large_image\" \/>\n<meta name=\"twitter:label1\" content=\"Estimeret l\u00e6setid\" \/>\n\t<meta name=\"twitter:data1\" content=\"1 minut\" \/>\n<script type=\"application\/ld+json\" class=\"yoast-schema-graph\">{\"@context\":\"https:\/\/schema.org\",\"@graph\":[{\"@type\":\"WebPage\",\"@id\":\"https:\/\/www.transtoyou.com\/da\/product\/proscar\/\",\"url\":\"https:\/\/www.transtoyou.com\/da\/product\/proscar\/\",\"name\":\"Proscar | Effektiv lindring af prostata - Transtoyou\",\"isPartOf\":{\"@id\":\"https:\/\/www.transtoyou.com\/da\/#website\"},\"primaryImageOfPage\":{\"@id\":\"https:\/\/www.transtoyou.com\/da\/product\/proscar\/#primaryimage\"},\"image\":{\"@id\":\"https:\/\/www.transtoyou.com\/da\/product\/proscar\/#primaryimage\"},\"thumbnailUrl\":\"https:\/\/www.transtoyou.com\/da\/wp-content\/uploads\/sites\/6\/2026\/01\/tty-no-product-image-106.webp\",\"datePublished\":\"2026-01-24T17:47:00+00:00\",\"dateModified\":\"2026-03-02T11:25:19+00:00\",\"description\":\"Proscar behandler forst\u00f8rret prostata ved at mindske den og lindre symptomer. Forbedr din livskvalitet, tilg\u00e6ngelig nu hos Transtoyou.\",\"breadcrumb\":{\"@id\":\"https:\/\/www.transtoyou.com\/da\/product\/proscar\/#breadcrumb\"},\"inLanguage\":\"da-DK\",\"potentialAction\":[{\"@type\":\"ReadAction\",\"target\":[\"https:\/\/www.transtoyou.com\/da\/product\/proscar\/\"]}]},{\"@type\":\"ImageObject\",\"inLanguage\":\"da-DK\",\"@id\":\"https:\/\/www.transtoyou.com\/da\/product\/proscar\/#primaryimage\",\"url\":\"https:\/\/www.transtoyou.com\/da\/wp-content\/uploads\/sites\/6\/2026\/01\/tty-no-product-image-106.webp\",\"contentUrl\":\"https:\/\/www.transtoyou.com\/da\/wp-content\/uploads\/sites\/6\/2026\/01\/tty-no-product-image-106.webp\",\"width\":1000,\"height\":1000,\"caption\":\"Standard produktbillede\"},{\"@type\":\"WebSite\",\"@id\":\"https:\/\/www.transtoyou.com\/da\/#website\",\"url\":\"https:\/\/www.transtoyou.com\/da\/\",\"name\":\"Transtoyou - DA\",\"description\":\"\",\"publisher\":{\"@id\":\"https:\/\/www.transtoyou.com\/da\/#organization\"},\"potentialAction\":[{\"@type\":\"SearchAction\",\"target\":{\"@type\":\"EntryPoint\",\"urlTemplate\":\"https:\/\/www.transtoyou.com\/da\/?s={search_term_string}\"},\"query-input\":{\"@type\":\"PropertyValueSpecification\",\"valueRequired\":true,\"valueName\":\"search_term_string\"}}],\"inLanguage\":\"da-DK\"},{\"@type\":\"Organization\",\"@id\":\"https:\/\/www.transtoyou.com\/da\/#organization\",\"name\":\"Transtoyou - DA\",\"url\":\"https:\/\/www.transtoyou.com\/da\/\",\"logo\":{\"@type\":\"ImageObject\",\"inLanguage\":\"da-DK\",\"@id\":\"https:\/\/www.transtoyou.com\/da\/#\/schema\/logo\/image\/\",\"url\":\"https:\/\/www.transtoyou.com\/da\/wp-content\/uploads\/sites\/6\/2026\/01\/logo-tty-menu-bar-300x87-1.webp\",\"contentUrl\":\"https:\/\/www.transtoyou.com\/da\/wp-content\/uploads\/sites\/6\/2026\/01\/logo-tty-menu-bar-300x87-1.webp\",\"width\":300,\"height\":87,\"caption\":\"Transtoyou - DA\"},\"image\":{\"@id\":\"https:\/\/www.transtoyou.com\/da\/#\/schema\/logo\/image\/\"}}]}<\/script>\n<!-- \/ Yoast SEO plugin. -->","yoast_head_json":{"title":"Proscar | Effektiv lindring af prostata - Transtoyou","description":"Proscar behandler forst\u00f8rret prostata ved at mindske den og lindre symptomer. Forbedr din livskvalitet, tilg\u00e6ngelig nu hos Transtoyou.","robots":{"index":"noindex","follow":"follow","max-snippet":"max-snippet:-1","max-image-preview":"max-image-preview:large","max-video-preview":"max-video-preview:-1"},"og_locale":"da_DK","og_type":"article","og_title":"Proscar | Effektiv lindring af prostata - Transtoyou","og_description":"Proscar behandler forst\u00f8rret prostata ved at mindske den og lindre symptomer. Forbedr din livskvalitet, tilg\u00e6ngelig nu hos Transtoyou.","og_url":"https:\/\/www.transtoyou.com\/da\/product\/proscar\/","og_site_name":"Transtoyou - DA","article_modified_time":"2026-03-02T11:25:19+00:00","twitter_card":"summary_large_image","twitter_misc":{"Estimeret l\u00e6setid":"1 minut"},"schema":{"@context":"https:\/\/schema.org","@graph":[{"@type":"WebPage","@id":"https:\/\/www.transtoyou.com\/da\/product\/proscar\/","url":"https:\/\/www.transtoyou.com\/da\/product\/proscar\/","name":"Proscar | Effektiv lindring af prostata - Transtoyou","isPartOf":{"@id":"https:\/\/www.transtoyou.com\/da\/#website"},"primaryImageOfPage":{"@id":"https:\/\/www.transtoyou.com\/da\/product\/proscar\/#primaryimage"},"image":{"@id":"https:\/\/www.transtoyou.com\/da\/product\/proscar\/#primaryimage"},"thumbnailUrl":"https:\/\/www.transtoyou.com\/da\/wp-content\/uploads\/sites\/6\/2026\/01\/tty-no-product-image-106.webp","datePublished":"2026-01-24T17:47:00+00:00","dateModified":"2026-03-02T11:25:19+00:00","description":"Proscar behandler forst\u00f8rret prostata ved at mindske den og lindre symptomer. Forbedr din livskvalitet, tilg\u00e6ngelig nu hos Transtoyou.","breadcrumb":{"@id":"https:\/\/www.transtoyou.com\/da\/product\/proscar\/#breadcrumb"},"inLanguage":"da-DK","potentialAction":[{"@type":"ReadAction","target":["https:\/\/www.transtoyou.com\/da\/product\/proscar\/"]}]},{"@type":"ImageObject","inLanguage":"da-DK","@id":"https:\/\/www.transtoyou.com\/da\/product\/proscar\/#primaryimage","url":"https:\/\/www.transtoyou.com\/da\/wp-content\/uploads\/sites\/6\/2026\/01\/tty-no-product-image-106.webp","contentUrl":"https:\/\/www.transtoyou.com\/da\/wp-content\/uploads\/sites\/6\/2026\/01\/tty-no-product-image-106.webp","width":1000,"height":1000,"caption":"Standard produktbillede"},{"@type":"WebSite","@id":"https:\/\/www.transtoyou.com\/da\/#website","url":"https:\/\/www.transtoyou.com\/da\/","name":"Transtoyou - DA","description":"","publisher":{"@id":"https:\/\/www.transtoyou.com\/da\/#organization"},"potentialAction":[{"@type":"SearchAction","target":{"@type":"EntryPoint","urlTemplate":"https:\/\/www.transtoyou.com\/da\/?s={search_term_string}"},"query-input":{"@type":"PropertyValueSpecification","valueRequired":true,"valueName":"search_term_string"}}],"inLanguage":"da-DK"},{"@type":"Organization","@id":"https:\/\/www.transtoyou.com\/da\/#organization","name":"Transtoyou - DA","url":"https:\/\/www.transtoyou.com\/da\/","logo":{"@type":"ImageObject","inLanguage":"da-DK","@id":"https:\/\/www.transtoyou.com\/da\/#\/schema\/logo\/image\/","url":"https:\/\/www.transtoyou.com\/da\/wp-content\/uploads\/sites\/6\/2026\/01\/logo-tty-menu-bar-300x87-1.webp","contentUrl":"https:\/\/www.transtoyou.com\/da\/wp-content\/uploads\/sites\/6\/2026\/01\/logo-tty-menu-bar-300x87-1.webp","width":300,"height":87,"caption":"Transtoyou - DA"},"image":{"@id":"https:\/\/www.transtoyou.com\/da\/#\/schema\/logo\/image\/"}}]}},"_links":{"self":[{"href":"https:\/\/www.transtoyou.com\/da\/wp-json\/wp\/v2\/product\/1081","targetHints":{"allow":["GET"]}}],"collection":[{"href":"https:\/\/www.transtoyou.com\/da\/wp-json\/wp\/v2\/product"}],"about":[{"href":"https:\/\/www.transtoyou.com\/da\/wp-json\/wp\/v2\/types\/product"}],"replies":[{"embeddable":true,"href":"https:\/\/www.transtoyou.com\/da\/wp-json\/wp\/v2\/comments?post=1081"}],"wp:featuredmedia":[{"embeddable":true,"href":"https:\/\/www.transtoyou.com\/da\/wp-json\/wp\/v2\/media\/1083"}],"wp:attachment":[{"href":"https:\/\/www.transtoyou.com\/da\/wp-json\/wp\/v2\/media?parent=1081"}],"wp:term":[{"taxonomy":"product_brand","embeddable":true,"href":"https:\/\/www.transtoyou.com\/da\/wp-json\/wp\/v2\/product_brand?post=1081"},{"taxonomy":"product_cat","embeddable":true,"href":"https:\/\/www.transtoyou.com\/da\/wp-json\/wp\/v2\/product_cat?post=1081"},{"taxonomy":"product_tag","embeddable":true,"href":"https:\/\/www.transtoyou.com\/da\/wp-json\/wp\/v2\/product_tag?post=1081"},{"taxonomy":"expert","embeddable":true,"href":"https:\/\/www.transtoyou.com\/da\/wp-json\/wp\/v2\/expert?post=1081"}],"curies":[{"name":"wp","href":"https:\/\/api.w.org\/{rel}","templated":true}]}}