{"id":1084,"date":"2026-01-24T20:03:43","date_gmt":"2026-01-24T18:03:43","guid":{"rendered":"https:\/\/www.transtoyou.com\/da\/product\/efracea-oracea\/"},"modified":"2026-02-14T13:17:33","modified_gmt":"2026-02-14T11:17:33","slug":"efracea-oracea","status":"publish","type":"product","link":"https:\/\/www.transtoyou.com\/da\/product\/efracea-oracea\/","title":{"rendered":"Efracea (Oracea)"},"content":{"rendered":"<p>Efracea, ogs\u00e5 kendt under sit internationale navn Oracea, er en daglig oral behandling, der bruges til at h\u00e5ndtere de inflammatoriske l\u00e6sioner og udbrud, der er forbundet med rosacea. Det indeholder doxycyclin i en lav, kontrolleret frigivelsesdosis. I mods\u00e6tning til antibiotika, der bruges til at bek\u00e6mpe infektioner, klassificeres Efracea som en ikke-antimikrobiel antiinflammatorisk behandling, hvilket betyder, at den m\u00e5lretter mod hudinflammation uden at fremme bakteriel resistens.<\/p>\n<p>Rosacea er en kronisk hudtilstand, der for\u00e5rsager r\u00f8dme, synlige blodkar og nogle gange aknelignende knopper, is\u00e6r i det centrale ansigt. Efracea hj\u00e6lper med at reducere disse knopper og pustler ved at undertrykke den inflammatoriske reaktion i huden. Over tid kan vedholdende brug f\u00f8re til klarere hud, f\u00e6rre udbrud og en reduktion i ubehag.<\/p>\n<p>Denne lavdosisformulering er specifikt designet til langvarig brug og fungerer ikke som et typisk antibiotikum. Den virker gradvist, med synlig forbedring, der ofte optr\u00e6der inden for fire til seks uger. Fordi den ikke er afh\u00e6ngig af sin antibakterielle effekt, er Efracea mindre tilb\u00f8jelig til at forstyrre kroppens naturlige flora og er ikke beregnet til at behandle bakterielle infektioner.<\/p>\n<p>Efracea tolereres generelt godt, men nogle brugere kan opleve gastrointestinalt ubehag, solf\u00f8lsomhed eller t\u00f8r mund. Det b\u00f8r ikke tages sammen med m\u00e6lk eller antacida, da disse kan forstyrre absorptionen. Denne medicin er ikke egnet under graviditet eller mens man ammer.<\/p>\n","protected":false},"excerpt":{"rendered":"<ul>\n<li>Oral behandling \u00e9n gang dagligt<\/li>\n<li>Reducerer rosacea-inflammation<\/li>\n<li>Ikke-antibiotisk effekt ved lav dosis<\/li>\n<\/ul>\n","protected":false},"featured_media":1086,"comment_status":"open","ping_status":"closed","template":"","meta":[],"product_brand":[],"product_cat":[160],"product_tag":[],"expert":[18],"class_list":{"0":"post-1084","1":"product","2":"type-product","3":"status-publish","4":"has-post-thumbnail","6":"product_cat-rosacea","7":"expert-dr-g-varbanov","9":"first","10":"instock","11":"shipping-taxable","12":"product-type-variable"},"yoast_head":"<!-- This site is optimized with the Yoast SEO plugin v27.0 - https:\/\/yoast.com\/product\/yoast-seo-wordpress\/ -->\n<title>Efracea (Oracea) | Klarere hud, anti-inflammatorisk - Transtoyou<\/title>\n<meta name=\"description\" content=\"Opdag Efracea, en oral behandling mod rosacea-udbrud. F\u00e5 klarere hud med dens antiinflammatoriske fordele. F\u00e5s nu p\u00e5 Transtoyou.\" \/>\n<meta name=\"robots\" content=\"noindex, follow, max-snippet:-1, max-image-preview:large, max-video-preview:-1\" \/>\n<meta property=\"og:locale\" content=\"da_DK\" \/>\n<meta property=\"og:type\" content=\"article\" \/>\n<meta property=\"og:title\" content=\"Efracea (Oracea) | Klarere hud, anti-inflammatorisk - Transtoyou\" \/>\n<meta property=\"og:description\" content=\"Opdag Efracea, en oral behandling mod rosacea-udbrud. F\u00e5 klarere hud med dens antiinflammatoriske fordele. F\u00e5s nu p\u00e5 Transtoyou.\" \/>\n<meta property=\"og:url\" content=\"https:\/\/www.transtoyou.com\/da\/product\/efracea-oracea\/\" \/>\n<meta property=\"og:site_name\" content=\"Transtoyou - DA\" \/>\n<meta property=\"article:modified_time\" content=\"2026-02-14T11:17:33+00:00\" \/>\n<meta name=\"twitter:card\" content=\"summary_large_image\" \/>\n<meta name=\"twitter:label1\" content=\"Estimeret l\u00e6setid\" \/>\n\t<meta name=\"twitter:data1\" content=\"1 minut\" \/>\n<script type=\"application\/ld+json\" class=\"yoast-schema-graph\">{\"@context\":\"https:\/\/schema.org\",\"@graph\":[{\"@type\":\"WebPage\",\"@id\":\"https:\/\/www.transtoyou.com\/da\/product\/efracea-oracea\/\",\"url\":\"https:\/\/www.transtoyou.com\/da\/product\/efracea-oracea\/\",\"name\":\"Efracea (Oracea) | Klarere hud, anti-inflammatorisk - Transtoyou\",\"isPartOf\":{\"@id\":\"https:\/\/www.transtoyou.com\/da\/#website\"},\"primaryImageOfPage\":{\"@id\":\"https:\/\/www.transtoyou.com\/da\/product\/efracea-oracea\/#primaryimage\"},\"image\":{\"@id\":\"https:\/\/www.transtoyou.com\/da\/product\/efracea-oracea\/#primaryimage\"},\"thumbnailUrl\":\"https:\/\/www.transtoyou.com\/da\/wp-content\/uploads\/sites\/6\/2026\/01\/tty-no-product-image-107.webp\",\"datePublished\":\"2026-01-24T18:03:43+00:00\",\"dateModified\":\"2026-02-14T11:17:33+00:00\",\"description\":\"Opdag Efracea, en oral behandling mod rosacea-udbrud. F\u00e5 klarere hud med dens antiinflammatoriske fordele. F\u00e5s nu p\u00e5 Transtoyou.\",\"breadcrumb\":{\"@id\":\"https:\/\/www.transtoyou.com\/da\/product\/efracea-oracea\/#breadcrumb\"},\"inLanguage\":\"da-DK\",\"potentialAction\":[{\"@type\":\"ReadAction\",\"target\":[\"https:\/\/www.transtoyou.com\/da\/product\/efracea-oracea\/\"]}]},{\"@type\":\"ImageObject\",\"inLanguage\":\"da-DK\",\"@id\":\"https:\/\/www.transtoyou.com\/da\/product\/efracea-oracea\/#primaryimage\",\"url\":\"https:\/\/www.transtoyou.com\/da\/wp-content\/uploads\/sites\/6\/2026\/01\/tty-no-product-image-107.webp\",\"contentUrl\":\"https:\/\/www.transtoyou.com\/da\/wp-content\/uploads\/sites\/6\/2026\/01\/tty-no-product-image-107.webp\",\"width\":1000,\"height\":1000,\"caption\":\"Standard produktbillede\"},{\"@type\":\"WebSite\",\"@id\":\"https:\/\/www.transtoyou.com\/da\/#website\",\"url\":\"https:\/\/www.transtoyou.com\/da\/\",\"name\":\"Transtoyou - DA\",\"description\":\"\",\"publisher\":{\"@id\":\"https:\/\/www.transtoyou.com\/da\/#organization\"},\"potentialAction\":[{\"@type\":\"SearchAction\",\"target\":{\"@type\":\"EntryPoint\",\"urlTemplate\":\"https:\/\/www.transtoyou.com\/da\/?s={search_term_string}\"},\"query-input\":{\"@type\":\"PropertyValueSpecification\",\"valueRequired\":true,\"valueName\":\"search_term_string\"}}],\"inLanguage\":\"da-DK\"},{\"@type\":\"Organization\",\"@id\":\"https:\/\/www.transtoyou.com\/da\/#organization\",\"name\":\"Transtoyou - DA\",\"url\":\"https:\/\/www.transtoyou.com\/da\/\",\"logo\":{\"@type\":\"ImageObject\",\"inLanguage\":\"da-DK\",\"@id\":\"https:\/\/www.transtoyou.com\/da\/#\/schema\/logo\/image\/\",\"url\":\"https:\/\/www.transtoyou.com\/da\/wp-content\/uploads\/sites\/6\/2026\/01\/logo-tty-menu-bar-300x87-1.webp\",\"contentUrl\":\"https:\/\/www.transtoyou.com\/da\/wp-content\/uploads\/sites\/6\/2026\/01\/logo-tty-menu-bar-300x87-1.webp\",\"width\":300,\"height\":87,\"caption\":\"Transtoyou - DA\"},\"image\":{\"@id\":\"https:\/\/www.transtoyou.com\/da\/#\/schema\/logo\/image\/\"}}]}<\/script>\n<!-- \/ Yoast SEO plugin. -->","yoast_head_json":{"title":"Efracea (Oracea) | Klarere hud, anti-inflammatorisk - Transtoyou","description":"Opdag Efracea, en oral behandling mod rosacea-udbrud. F\u00e5 klarere hud med dens antiinflammatoriske fordele. F\u00e5s nu p\u00e5 Transtoyou.","robots":{"index":"noindex","follow":"follow","max-snippet":"max-snippet:-1","max-image-preview":"max-image-preview:large","max-video-preview":"max-video-preview:-1"},"og_locale":"da_DK","og_type":"article","og_title":"Efracea (Oracea) | Klarere hud, anti-inflammatorisk - Transtoyou","og_description":"Opdag Efracea, en oral behandling mod rosacea-udbrud. F\u00e5 klarere hud med dens antiinflammatoriske fordele. F\u00e5s nu p\u00e5 Transtoyou.","og_url":"https:\/\/www.transtoyou.com\/da\/product\/efracea-oracea\/","og_site_name":"Transtoyou - DA","article_modified_time":"2026-02-14T11:17:33+00:00","twitter_card":"summary_large_image","twitter_misc":{"Estimeret l\u00e6setid":"1 minut"},"schema":{"@context":"https:\/\/schema.org","@graph":[{"@type":"WebPage","@id":"https:\/\/www.transtoyou.com\/da\/product\/efracea-oracea\/","url":"https:\/\/www.transtoyou.com\/da\/product\/efracea-oracea\/","name":"Efracea (Oracea) | Klarere hud, anti-inflammatorisk - Transtoyou","isPartOf":{"@id":"https:\/\/www.transtoyou.com\/da\/#website"},"primaryImageOfPage":{"@id":"https:\/\/www.transtoyou.com\/da\/product\/efracea-oracea\/#primaryimage"},"image":{"@id":"https:\/\/www.transtoyou.com\/da\/product\/efracea-oracea\/#primaryimage"},"thumbnailUrl":"https:\/\/www.transtoyou.com\/da\/wp-content\/uploads\/sites\/6\/2026\/01\/tty-no-product-image-107.webp","datePublished":"2026-01-24T18:03:43+00:00","dateModified":"2026-02-14T11:17:33+00:00","description":"Opdag Efracea, en oral behandling mod rosacea-udbrud. F\u00e5 klarere hud med dens antiinflammatoriske fordele. F\u00e5s nu p\u00e5 Transtoyou.","breadcrumb":{"@id":"https:\/\/www.transtoyou.com\/da\/product\/efracea-oracea\/#breadcrumb"},"inLanguage":"da-DK","potentialAction":[{"@type":"ReadAction","target":["https:\/\/www.transtoyou.com\/da\/product\/efracea-oracea\/"]}]},{"@type":"ImageObject","inLanguage":"da-DK","@id":"https:\/\/www.transtoyou.com\/da\/product\/efracea-oracea\/#primaryimage","url":"https:\/\/www.transtoyou.com\/da\/wp-content\/uploads\/sites\/6\/2026\/01\/tty-no-product-image-107.webp","contentUrl":"https:\/\/www.transtoyou.com\/da\/wp-content\/uploads\/sites\/6\/2026\/01\/tty-no-product-image-107.webp","width":1000,"height":1000,"caption":"Standard produktbillede"},{"@type":"WebSite","@id":"https:\/\/www.transtoyou.com\/da\/#website","url":"https:\/\/www.transtoyou.com\/da\/","name":"Transtoyou - DA","description":"","publisher":{"@id":"https:\/\/www.transtoyou.com\/da\/#organization"},"potentialAction":[{"@type":"SearchAction","target":{"@type":"EntryPoint","urlTemplate":"https:\/\/www.transtoyou.com\/da\/?s={search_term_string}"},"query-input":{"@type":"PropertyValueSpecification","valueRequired":true,"valueName":"search_term_string"}}],"inLanguage":"da-DK"},{"@type":"Organization","@id":"https:\/\/www.transtoyou.com\/da\/#organization","name":"Transtoyou - DA","url":"https:\/\/www.transtoyou.com\/da\/","logo":{"@type":"ImageObject","inLanguage":"da-DK","@id":"https:\/\/www.transtoyou.com\/da\/#\/schema\/logo\/image\/","url":"https:\/\/www.transtoyou.com\/da\/wp-content\/uploads\/sites\/6\/2026\/01\/logo-tty-menu-bar-300x87-1.webp","contentUrl":"https:\/\/www.transtoyou.com\/da\/wp-content\/uploads\/sites\/6\/2026\/01\/logo-tty-menu-bar-300x87-1.webp","width":300,"height":87,"caption":"Transtoyou - DA"},"image":{"@id":"https:\/\/www.transtoyou.com\/da\/#\/schema\/logo\/image\/"}}]}},"_links":{"self":[{"href":"https:\/\/www.transtoyou.com\/da\/wp-json\/wp\/v2\/product\/1084","targetHints":{"allow":["GET"]}}],"collection":[{"href":"https:\/\/www.transtoyou.com\/da\/wp-json\/wp\/v2\/product"}],"about":[{"href":"https:\/\/www.transtoyou.com\/da\/wp-json\/wp\/v2\/types\/product"}],"replies":[{"embeddable":true,"href":"https:\/\/www.transtoyou.com\/da\/wp-json\/wp\/v2\/comments?post=1084"}],"wp:featuredmedia":[{"embeddable":true,"href":"https:\/\/www.transtoyou.com\/da\/wp-json\/wp\/v2\/media\/1086"}],"wp:attachment":[{"href":"https:\/\/www.transtoyou.com\/da\/wp-json\/wp\/v2\/media?parent=1084"}],"wp:term":[{"taxonomy":"product_brand","embeddable":true,"href":"https:\/\/www.transtoyou.com\/da\/wp-json\/wp\/v2\/product_brand?post=1084"},{"taxonomy":"product_cat","embeddable":true,"href":"https:\/\/www.transtoyou.com\/da\/wp-json\/wp\/v2\/product_cat?post=1084"},{"taxonomy":"product_tag","embeddable":true,"href":"https:\/\/www.transtoyou.com\/da\/wp-json\/wp\/v2\/product_tag?post=1084"},{"taxonomy":"expert","embeddable":true,"href":"https:\/\/www.transtoyou.com\/da\/wp-json\/wp\/v2\/expert?post=1084"}],"curies":[{"name":"wp","href":"https:\/\/api.w.org\/{rel}","templated":true}]}}