{"id":1087,"date":"2026-01-24T20:22:07","date_gmt":"2026-01-24T18:22:07","guid":{"rendered":"https:\/\/www.transtoyou.com\/da\/product\/minocycline-minocin\/"},"modified":"2026-02-25T14:51:37","modified_gmt":"2026-02-25T12:51:37","slug":"minocyclin-minocin","status":"publish","type":"product","link":"https:\/\/www.transtoyou.com\/da\/product\/minocyclin-minocin\/","title":{"rendered":"Minocyclin (Minocin)"},"content":{"rendered":"<p>Minocyclin, almindeligvis kendt under m\u00e6rkenavnet Minocin, er et oralt antibiotikum, der bruges til at behandle de inflammatoriske symptomer p\u00e5 rosacea, is\u00e6r papler og pustler. Som medlem af tetracyklin-antibiotikaklassen virker minocyclin ved at reducere bakterier og berolige inflammation i huden. Det ordineres oftest, n\u00e5r topiske behandlinger ikke er effektive nok alene.<\/p>\n<p>Rosacea er en kronisk hudtilstand, der ofte viser sig med vedvarende r\u00f8dme, knopper og synlige blodkar, typisk i den centrale del af ansigtet. N\u00e5r inflammation for\u00e5rsager acne-lignende udbrud, kan minocyclin bruges til at h\u00e5ndtere tilstanden indefra og ud. Ved at m\u00e5lrette b\u00e5de bakterier og den inflammatoriske proces hj\u00e6lper minocyclin med at reducere udbrud og forbedre hudens udseende over tid.<\/p>\n<p>Minocyclin tages normalt en eller to gange om dagen, afh\u00e6ngigt af sv\u00e6rhedsgraden af symptomerne og behandlingsm\u00e5lene. Det ordineres ofte i en begr\u00e6nset periode for at f\u00e5 aktiv inflammation under kontrol, hvorefter dosen kan reduceres eller skiftes til vedligeholdelsesbehandling. Under behandlingen ser patienter typisk resultater inden for et par uger.<\/p>\n<p>Selvom det er effektivt, kan minocyclin have bivirkninger. Disse kan omfatte svimmelhed, kvalme, f\u00f8lsomhed over for sollys eller, i sj\u00e6ldne tilf\u00e6lde, pigment\u00e6ndringer. Medicinen b\u00f8r altid tages med rigeligt vand for at undg\u00e5 irritation af spiser\u00f8ret, og patienter anbefales ikke at ligge ned umiddelbart efter indtagelse. M\u00e6lk, antacida og jerntilskud kan p\u00e5virke absorptionen, s\u00e5 det er vigtigt at holde disse produkter adskilt fra medicinen.<\/p>\n","protected":false},"excerpt":{"rendered":"<ul>\n<li>Antibiotikum til inflammatorisk rosacea<\/li>\n<li>Reducerer hudknopper og r\u00f8dme<\/li>\n<li>Tages oralt \u00e9n eller to gange dagligt<\/li>\n<\/ul>\n","protected":false},"featured_media":1089,"comment_status":"open","ping_status":"closed","template":"","meta":[],"product_brand":[],"product_cat":[73,160],"product_tag":[],"expert":[18],"class_list":{"0":"post-1087","1":"product","2":"type-product","3":"status-publish","4":"has-post-thumbnail","6":"product_cat-akne","7":"product_cat-rosacea","8":"expert-dr-g-varbanov","10":"first","11":"instock","12":"shipping-taxable","13":"product-type-variable"},"yoast_head":"<!-- This site is optimized with the Yoast SEO plugin v27.0 - https:\/\/yoast.com\/product\/yoast-seo-wordpress\/ -->\n<title>Minocyclin (Minocin) | Effektiv Hudpleje - Transtoyou<\/title>\n<meta name=\"description\" content=\"Opdag Minocyclin (Minocin) hos Transtoyou, din p\u00e5lidelige kilde til effektiv behandling af hudproblemer. Shop nu for kvalitet og bekvemmelighed.\" \/>\n<meta name=\"robots\" content=\"noindex, follow, max-snippet:-1, max-image-preview:large, max-video-preview:-1\" \/>\n<meta property=\"og:locale\" content=\"da_DK\" \/>\n<meta property=\"og:type\" content=\"article\" \/>\n<meta property=\"og:title\" content=\"Minocyclin (Minocin) | Effektiv Hudpleje - Transtoyou\" \/>\n<meta property=\"og:description\" content=\"Opdag Minocyclin (Minocin) hos Transtoyou, din p\u00e5lidelige kilde til effektiv behandling af hudproblemer. Shop nu for kvalitet og bekvemmelighed.\" \/>\n<meta property=\"og:url\" content=\"https:\/\/www.transtoyou.com\/da\/product\/minocycline-minocin\/\" \/>\n<meta property=\"og:site_name\" content=\"Transtoyou - DA\" \/>\n<meta property=\"article:modified_time\" content=\"2026-02-25T12:51:37+00:00\" \/>\n<meta name=\"twitter:card\" content=\"summary_large_image\" \/>\n<meta name=\"twitter:label1\" content=\"Estimeret l\u00e6setid\" \/>\n\t<meta name=\"twitter:data1\" content=\"1 minut\" \/>\n<script type=\"application\/ld+json\" class=\"yoast-schema-graph\">{\"@context\":\"https:\/\/schema.org\",\"@graph\":[{\"@type\":\"WebPage\",\"@id\":\"https:\/\/www.transtoyou.com\/da\/product\/minocycline-minocin\/\",\"url\":\"https:\/\/www.transtoyou.com\/da\/product\/minocycline-minocin\/\",\"name\":\"Minocyclin (Minocin) | Effektiv Hudpleje - Transtoyou\",\"isPartOf\":{\"@id\":\"https:\/\/www.transtoyou.com\/da\/#website\"},\"primaryImageOfPage\":{\"@id\":\"https:\/\/www.transtoyou.com\/da\/product\/minocycline-minocin\/#primaryimage\"},\"image\":{\"@id\":\"https:\/\/www.transtoyou.com\/da\/product\/minocycline-minocin\/#primaryimage\"},\"thumbnailUrl\":\"https:\/\/www.transtoyou.com\/da\/wp-content\/uploads\/sites\/6\/2026\/01\/tty-no-product-image-108.webp\",\"datePublished\":\"2026-01-24T18:22:07+00:00\",\"dateModified\":\"2026-02-25T12:51:37+00:00\",\"description\":\"Opdag Minocyclin (Minocin) hos Transtoyou, din p\u00e5lidelige kilde til effektiv behandling af hudproblemer. Shop nu for kvalitet og bekvemmelighed.\",\"breadcrumb\":{\"@id\":\"https:\/\/www.transtoyou.com\/da\/product\/minocycline-minocin\/#breadcrumb\"},\"inLanguage\":\"da-DK\",\"potentialAction\":[{\"@type\":\"ReadAction\",\"target\":[\"https:\/\/www.transtoyou.com\/da\/product\/minocycline-minocin\/\"]}]},{\"@type\":\"ImageObject\",\"inLanguage\":\"da-DK\",\"@id\":\"https:\/\/www.transtoyou.com\/da\/product\/minocycline-minocin\/#primaryimage\",\"url\":\"https:\/\/www.transtoyou.com\/da\/wp-content\/uploads\/sites\/6\/2026\/01\/tty-no-product-image-108.webp\",\"contentUrl\":\"https:\/\/www.transtoyou.com\/da\/wp-content\/uploads\/sites\/6\/2026\/01\/tty-no-product-image-108.webp\",\"width\":1000,\"height\":1000,\"caption\":\"Standard produktbillede\"},{\"@type\":\"WebSite\",\"@id\":\"https:\/\/www.transtoyou.com\/da\/#website\",\"url\":\"https:\/\/www.transtoyou.com\/da\/\",\"name\":\"Transtoyou - DA\",\"description\":\"\",\"publisher\":{\"@id\":\"https:\/\/www.transtoyou.com\/da\/#organization\"},\"potentialAction\":[{\"@type\":\"SearchAction\",\"target\":{\"@type\":\"EntryPoint\",\"urlTemplate\":\"https:\/\/www.transtoyou.com\/da\/?s={search_term_string}\"},\"query-input\":{\"@type\":\"PropertyValueSpecification\",\"valueRequired\":true,\"valueName\":\"search_term_string\"}}],\"inLanguage\":\"da-DK\"},{\"@type\":\"Organization\",\"@id\":\"https:\/\/www.transtoyou.com\/da\/#organization\",\"name\":\"Transtoyou - DA\",\"url\":\"https:\/\/www.transtoyou.com\/da\/\",\"logo\":{\"@type\":\"ImageObject\",\"inLanguage\":\"da-DK\",\"@id\":\"https:\/\/www.transtoyou.com\/da\/#\/schema\/logo\/image\/\",\"url\":\"https:\/\/www.transtoyou.com\/da\/wp-content\/uploads\/sites\/6\/2026\/01\/logo-tty-menu-bar-300x87-1.webp\",\"contentUrl\":\"https:\/\/www.transtoyou.com\/da\/wp-content\/uploads\/sites\/6\/2026\/01\/logo-tty-menu-bar-300x87-1.webp\",\"width\":300,\"height\":87,\"caption\":\"Transtoyou - DA\"},\"image\":{\"@id\":\"https:\/\/www.transtoyou.com\/da\/#\/schema\/logo\/image\/\"}}]}<\/script>\n<!-- \/ Yoast SEO plugin. -->","yoast_head_json":{"title":"Minocyclin (Minocin) | Effektiv Hudpleje - Transtoyou","description":"Opdag Minocyclin (Minocin) hos Transtoyou, din p\u00e5lidelige kilde til effektiv behandling af hudproblemer. Shop nu for kvalitet og bekvemmelighed.","robots":{"index":"noindex","follow":"follow","max-snippet":"max-snippet:-1","max-image-preview":"max-image-preview:large","max-video-preview":"max-video-preview:-1"},"og_locale":"da_DK","og_type":"article","og_title":"Minocyclin (Minocin) | Effektiv Hudpleje - Transtoyou","og_description":"Opdag Minocyclin (Minocin) hos Transtoyou, din p\u00e5lidelige kilde til effektiv behandling af hudproblemer. Shop nu for kvalitet og bekvemmelighed.","og_url":"https:\/\/www.transtoyou.com\/da\/product\/minocycline-minocin\/","og_site_name":"Transtoyou - DA","article_modified_time":"2026-02-25T12:51:37+00:00","twitter_card":"summary_large_image","twitter_misc":{"Estimeret l\u00e6setid":"1 minut"},"schema":{"@context":"https:\/\/schema.org","@graph":[{"@type":"WebPage","@id":"https:\/\/www.transtoyou.com\/da\/product\/minocycline-minocin\/","url":"https:\/\/www.transtoyou.com\/da\/product\/minocycline-minocin\/","name":"Minocyclin (Minocin) | Effektiv Hudpleje - Transtoyou","isPartOf":{"@id":"https:\/\/www.transtoyou.com\/da\/#website"},"primaryImageOfPage":{"@id":"https:\/\/www.transtoyou.com\/da\/product\/minocycline-minocin\/#primaryimage"},"image":{"@id":"https:\/\/www.transtoyou.com\/da\/product\/minocycline-minocin\/#primaryimage"},"thumbnailUrl":"https:\/\/www.transtoyou.com\/da\/wp-content\/uploads\/sites\/6\/2026\/01\/tty-no-product-image-108.webp","datePublished":"2026-01-24T18:22:07+00:00","dateModified":"2026-02-25T12:51:37+00:00","description":"Opdag Minocyclin (Minocin) hos Transtoyou, din p\u00e5lidelige kilde til effektiv behandling af hudproblemer. Shop nu for kvalitet og bekvemmelighed.","breadcrumb":{"@id":"https:\/\/www.transtoyou.com\/da\/product\/minocycline-minocin\/#breadcrumb"},"inLanguage":"da-DK","potentialAction":[{"@type":"ReadAction","target":["https:\/\/www.transtoyou.com\/da\/product\/minocycline-minocin\/"]}]},{"@type":"ImageObject","inLanguage":"da-DK","@id":"https:\/\/www.transtoyou.com\/da\/product\/minocycline-minocin\/#primaryimage","url":"https:\/\/www.transtoyou.com\/da\/wp-content\/uploads\/sites\/6\/2026\/01\/tty-no-product-image-108.webp","contentUrl":"https:\/\/www.transtoyou.com\/da\/wp-content\/uploads\/sites\/6\/2026\/01\/tty-no-product-image-108.webp","width":1000,"height":1000,"caption":"Standard produktbillede"},{"@type":"WebSite","@id":"https:\/\/www.transtoyou.com\/da\/#website","url":"https:\/\/www.transtoyou.com\/da\/","name":"Transtoyou - DA","description":"","publisher":{"@id":"https:\/\/www.transtoyou.com\/da\/#organization"},"potentialAction":[{"@type":"SearchAction","target":{"@type":"EntryPoint","urlTemplate":"https:\/\/www.transtoyou.com\/da\/?s={search_term_string}"},"query-input":{"@type":"PropertyValueSpecification","valueRequired":true,"valueName":"search_term_string"}}],"inLanguage":"da-DK"},{"@type":"Organization","@id":"https:\/\/www.transtoyou.com\/da\/#organization","name":"Transtoyou - DA","url":"https:\/\/www.transtoyou.com\/da\/","logo":{"@type":"ImageObject","inLanguage":"da-DK","@id":"https:\/\/www.transtoyou.com\/da\/#\/schema\/logo\/image\/","url":"https:\/\/www.transtoyou.com\/da\/wp-content\/uploads\/sites\/6\/2026\/01\/logo-tty-menu-bar-300x87-1.webp","contentUrl":"https:\/\/www.transtoyou.com\/da\/wp-content\/uploads\/sites\/6\/2026\/01\/logo-tty-menu-bar-300x87-1.webp","width":300,"height":87,"caption":"Transtoyou - DA"},"image":{"@id":"https:\/\/www.transtoyou.com\/da\/#\/schema\/logo\/image\/"}}]}},"_links":{"self":[{"href":"https:\/\/www.transtoyou.com\/da\/wp-json\/wp\/v2\/product\/1087","targetHints":{"allow":["GET"]}}],"collection":[{"href":"https:\/\/www.transtoyou.com\/da\/wp-json\/wp\/v2\/product"}],"about":[{"href":"https:\/\/www.transtoyou.com\/da\/wp-json\/wp\/v2\/types\/product"}],"replies":[{"embeddable":true,"href":"https:\/\/www.transtoyou.com\/da\/wp-json\/wp\/v2\/comments?post=1087"}],"wp:featuredmedia":[{"embeddable":true,"href":"https:\/\/www.transtoyou.com\/da\/wp-json\/wp\/v2\/media\/1089"}],"wp:attachment":[{"href":"https:\/\/www.transtoyou.com\/da\/wp-json\/wp\/v2\/media?parent=1087"}],"wp:term":[{"taxonomy":"product_brand","embeddable":true,"href":"https:\/\/www.transtoyou.com\/da\/wp-json\/wp\/v2\/product_brand?post=1087"},{"taxonomy":"product_cat","embeddable":true,"href":"https:\/\/www.transtoyou.com\/da\/wp-json\/wp\/v2\/product_cat?post=1087"},{"taxonomy":"product_tag","embeddable":true,"href":"https:\/\/www.transtoyou.com\/da\/wp-json\/wp\/v2\/product_tag?post=1087"},{"taxonomy":"expert","embeddable":true,"href":"https:\/\/www.transtoyou.com\/da\/wp-json\/wp\/v2\/expert?post=1087"}],"curies":[{"name":"wp","href":"https:\/\/api.w.org\/{rel}","templated":true}]}}