{"id":1090,"date":"2026-01-24T20:38:52","date_gmt":"2026-01-24T18:38:52","guid":{"rendered":"https:\/\/www.transtoyou.com\/da\/product\/soolantra\/"},"modified":"2026-01-24T20:39:51","modified_gmt":"2026-01-24T18:39:51","slug":"soolantra","status":"publish","type":"product","link":"https:\/\/www.transtoyou.com\/da\/product\/soolantra\/","title":{"rendered":"Soolantra"},"content":{"rendered":"<p>Soolantra er en receptpligtig topisk creme, der bruges til at behandle de inflammatoriske l\u00e6sioner ved rosacea. Dets aktive ingrediens, ivermectin, er kendt for sine antiinflammatoriske og antiparasitiske egenskaber. Rosacea er en kronisk hudtilstand, der ofte viser sig med r\u00f8dme, knopper og synlige blodkar i ansigtet. Soolantra hj\u00e6lper med at reducere antallet af knopper og bumser forbundet med denne tilstand.<\/p>\n<p>Selvom den pr\u00e6cise \u00e5rsag til rosacea ikke er fuldt forst\u00e5et, er en medvirkende faktor tilstedev\u00e6relsen af mikroskopiske mider kaldet Demodex p\u00e5 huden. Soolantra retter sig mod disse mider, reducerer deres antal og beroliger hudens inflammatoriske reaktion. De fleste patienter begynder at se synlige forbedringer inden for et par uger med regelm\u00e6ssig daglig brug.<\/p>\n<p>Soolantra p\u00e5f\u00f8res \u00e9n gang dagligt p\u00e5 ren, t\u00f8r hud. Den er ikke-fedtet, absorberes hurtigt og er designet til brug i ansigtet. I mods\u00e6tning til nogle rosacea-behandlinger, der kan irritere huden, tolereres Soolantra generelt godt og hj\u00e6lper med at forbedre hudens udseende og komfort over tid.<\/p>\n<p>Almindelige bivirkninger inkluderer en mild br\u00e6ndende eller stikende fornemmelse p\u00e5 anvendelsesstedet, men disse forsvinder typisk, efterh\u00e5nden som behandlingen forts\u00e6tter. Den er ikke beregnet til brug hos b\u00f8rn eller under graviditet uden l\u00e6gelig r\u00e5dgivning. Soolantra tilbyder en praktisk, daglig l\u00f8sning til h\u00e5ndtering af rosacea med en m\u00e5lrettet mekanisme, der underst\u00f8tter klarere og mere rolige hud.<\/p>\n","protected":false},"excerpt":{"rendered":"<ul>\n<li>Retter sig mod rosacea-inflammation<\/li>\n<li>Daglig ansigtscreme<\/li>\n<li>Indeholder ivermektin 1%<\/li>\n<\/ul>\n","protected":false},"featured_media":1092,"comment_status":"open","ping_status":"closed","template":"","meta":[],"product_brand":[],"product_cat":[160],"product_tag":[],"expert":[16],"class_list":{"0":"post-1090","1":"product","2":"type-product","3":"status-publish","4":"has-post-thumbnail","6":"product_cat-rosacea","7":"expert-dr-c-alexandru","9":"first","10":"instock","11":"shipping-taxable","12":"product-type-variable"},"yoast_head":"<!-- This site is optimized with the Yoast SEO plugin v27.0 - https:\/\/yoast.com\/product\/yoast-seo-wordpress\/ -->\n<title>Soolantra | M\u00e5lret mod Rosacea med Ivermectin - Transtoyou<\/title>\n<meta name=\"description\" content=\"Soolantra creme til rosacea, reducerer r\u00f8dme og knopper med ivermektin. F\u00e5 effektiv hudberoligelse her. Shop nu hos Transtoyou.\" \/>\n<meta name=\"robots\" content=\"noindex, follow, max-snippet:-1, max-image-preview:large, max-video-preview:-1\" \/>\n<meta property=\"og:locale\" content=\"da_DK\" \/>\n<meta property=\"og:type\" content=\"article\" \/>\n<meta property=\"og:title\" content=\"Soolantra | M\u00e5lret mod Rosacea med Ivermectin - Transtoyou\" \/>\n<meta property=\"og:description\" content=\"Soolantra creme til rosacea, reducerer r\u00f8dme og knopper med ivermektin. F\u00e5 effektiv hudberoligelse her. Shop nu hos Transtoyou.\" \/>\n<meta property=\"og:url\" content=\"https:\/\/www.transtoyou.com\/da\/product\/soolantra\/\" \/>\n<meta property=\"og:site_name\" content=\"Transtoyou - DA\" \/>\n<meta property=\"article:modified_time\" content=\"2026-01-24T18:39:51+00:00\" \/>\n<meta name=\"twitter:card\" content=\"summary_large_image\" \/>\n<meta name=\"twitter:label1\" content=\"Estimeret l\u00e6setid\" \/>\n\t<meta name=\"twitter:data1\" content=\"1 minut\" \/>\n<script type=\"application\/ld+json\" class=\"yoast-schema-graph\">{\"@context\":\"https:\/\/schema.org\",\"@graph\":[{\"@type\":\"WebPage\",\"@id\":\"https:\/\/www.transtoyou.com\/da\/product\/soolantra\/\",\"url\":\"https:\/\/www.transtoyou.com\/da\/product\/soolantra\/\",\"name\":\"Soolantra | M\u00e5lret mod Rosacea med Ivermectin - Transtoyou\",\"isPartOf\":{\"@id\":\"https:\/\/www.transtoyou.com\/da\/#website\"},\"primaryImageOfPage\":{\"@id\":\"https:\/\/www.transtoyou.com\/da\/product\/soolantra\/#primaryimage\"},\"image\":{\"@id\":\"https:\/\/www.transtoyou.com\/da\/product\/soolantra\/#primaryimage\"},\"thumbnailUrl\":\"https:\/\/www.transtoyou.com\/da\/wp-content\/uploads\/sites\/6\/2026\/01\/tty-no-product-image-109.webp\",\"datePublished\":\"2026-01-24T18:38:52+00:00\",\"dateModified\":\"2026-01-24T18:39:51+00:00\",\"description\":\"Soolantra creme til rosacea, reducerer r\u00f8dme og knopper med ivermektin. F\u00e5 effektiv hudberoligelse her. Shop nu hos Transtoyou.\",\"breadcrumb\":{\"@id\":\"https:\/\/www.transtoyou.com\/da\/product\/soolantra\/#breadcrumb\"},\"inLanguage\":\"da-DK\",\"potentialAction\":[{\"@type\":\"ReadAction\",\"target\":[\"https:\/\/www.transtoyou.com\/da\/product\/soolantra\/\"]}]},{\"@type\":\"ImageObject\",\"inLanguage\":\"da-DK\",\"@id\":\"https:\/\/www.transtoyou.com\/da\/product\/soolantra\/#primaryimage\",\"url\":\"https:\/\/www.transtoyou.com\/da\/wp-content\/uploads\/sites\/6\/2026\/01\/tty-no-product-image-109.webp\",\"contentUrl\":\"https:\/\/www.transtoyou.com\/da\/wp-content\/uploads\/sites\/6\/2026\/01\/tty-no-product-image-109.webp\",\"width\":1000,\"height\":1000,\"caption\":\"Standard produktbillede\"},{\"@type\":\"WebSite\",\"@id\":\"https:\/\/www.transtoyou.com\/da\/#website\",\"url\":\"https:\/\/www.transtoyou.com\/da\/\",\"name\":\"Transtoyou - DA\",\"description\":\"\",\"publisher\":{\"@id\":\"https:\/\/www.transtoyou.com\/da\/#organization\"},\"potentialAction\":[{\"@type\":\"SearchAction\",\"target\":{\"@type\":\"EntryPoint\",\"urlTemplate\":\"https:\/\/www.transtoyou.com\/da\/?s={search_term_string}\"},\"query-input\":{\"@type\":\"PropertyValueSpecification\",\"valueRequired\":true,\"valueName\":\"search_term_string\"}}],\"inLanguage\":\"da-DK\"},{\"@type\":\"Organization\",\"@id\":\"https:\/\/www.transtoyou.com\/da\/#organization\",\"name\":\"Transtoyou - DA\",\"url\":\"https:\/\/www.transtoyou.com\/da\/\",\"logo\":{\"@type\":\"ImageObject\",\"inLanguage\":\"da-DK\",\"@id\":\"https:\/\/www.transtoyou.com\/da\/#\/schema\/logo\/image\/\",\"url\":\"https:\/\/www.transtoyou.com\/da\/wp-content\/uploads\/sites\/6\/2026\/01\/logo-tty-menu-bar-300x87-1.webp\",\"contentUrl\":\"https:\/\/www.transtoyou.com\/da\/wp-content\/uploads\/sites\/6\/2026\/01\/logo-tty-menu-bar-300x87-1.webp\",\"width\":300,\"height\":87,\"caption\":\"Transtoyou - DA\"},\"image\":{\"@id\":\"https:\/\/www.transtoyou.com\/da\/#\/schema\/logo\/image\/\"}}]}<\/script>\n<!-- \/ Yoast SEO plugin. -->","yoast_head_json":{"title":"Soolantra | M\u00e5lret mod Rosacea med Ivermectin - Transtoyou","description":"Soolantra creme til rosacea, reducerer r\u00f8dme og knopper med ivermektin. F\u00e5 effektiv hudberoligelse her. Shop nu hos Transtoyou.","robots":{"index":"noindex","follow":"follow","max-snippet":"max-snippet:-1","max-image-preview":"max-image-preview:large","max-video-preview":"max-video-preview:-1"},"og_locale":"da_DK","og_type":"article","og_title":"Soolantra | M\u00e5lret mod Rosacea med Ivermectin - Transtoyou","og_description":"Soolantra creme til rosacea, reducerer r\u00f8dme og knopper med ivermektin. F\u00e5 effektiv hudberoligelse her. Shop nu hos Transtoyou.","og_url":"https:\/\/www.transtoyou.com\/da\/product\/soolantra\/","og_site_name":"Transtoyou - DA","article_modified_time":"2026-01-24T18:39:51+00:00","twitter_card":"summary_large_image","twitter_misc":{"Estimeret l\u00e6setid":"1 minut"},"schema":{"@context":"https:\/\/schema.org","@graph":[{"@type":"WebPage","@id":"https:\/\/www.transtoyou.com\/da\/product\/soolantra\/","url":"https:\/\/www.transtoyou.com\/da\/product\/soolantra\/","name":"Soolantra | M\u00e5lret mod Rosacea med Ivermectin - Transtoyou","isPartOf":{"@id":"https:\/\/www.transtoyou.com\/da\/#website"},"primaryImageOfPage":{"@id":"https:\/\/www.transtoyou.com\/da\/product\/soolantra\/#primaryimage"},"image":{"@id":"https:\/\/www.transtoyou.com\/da\/product\/soolantra\/#primaryimage"},"thumbnailUrl":"https:\/\/www.transtoyou.com\/da\/wp-content\/uploads\/sites\/6\/2026\/01\/tty-no-product-image-109.webp","datePublished":"2026-01-24T18:38:52+00:00","dateModified":"2026-01-24T18:39:51+00:00","description":"Soolantra creme til rosacea, reducerer r\u00f8dme og knopper med ivermektin. F\u00e5 effektiv hudberoligelse her. Shop nu hos Transtoyou.","breadcrumb":{"@id":"https:\/\/www.transtoyou.com\/da\/product\/soolantra\/#breadcrumb"},"inLanguage":"da-DK","potentialAction":[{"@type":"ReadAction","target":["https:\/\/www.transtoyou.com\/da\/product\/soolantra\/"]}]},{"@type":"ImageObject","inLanguage":"da-DK","@id":"https:\/\/www.transtoyou.com\/da\/product\/soolantra\/#primaryimage","url":"https:\/\/www.transtoyou.com\/da\/wp-content\/uploads\/sites\/6\/2026\/01\/tty-no-product-image-109.webp","contentUrl":"https:\/\/www.transtoyou.com\/da\/wp-content\/uploads\/sites\/6\/2026\/01\/tty-no-product-image-109.webp","width":1000,"height":1000,"caption":"Standard produktbillede"},{"@type":"WebSite","@id":"https:\/\/www.transtoyou.com\/da\/#website","url":"https:\/\/www.transtoyou.com\/da\/","name":"Transtoyou - DA","description":"","publisher":{"@id":"https:\/\/www.transtoyou.com\/da\/#organization"},"potentialAction":[{"@type":"SearchAction","target":{"@type":"EntryPoint","urlTemplate":"https:\/\/www.transtoyou.com\/da\/?s={search_term_string}"},"query-input":{"@type":"PropertyValueSpecification","valueRequired":true,"valueName":"search_term_string"}}],"inLanguage":"da-DK"},{"@type":"Organization","@id":"https:\/\/www.transtoyou.com\/da\/#organization","name":"Transtoyou - DA","url":"https:\/\/www.transtoyou.com\/da\/","logo":{"@type":"ImageObject","inLanguage":"da-DK","@id":"https:\/\/www.transtoyou.com\/da\/#\/schema\/logo\/image\/","url":"https:\/\/www.transtoyou.com\/da\/wp-content\/uploads\/sites\/6\/2026\/01\/logo-tty-menu-bar-300x87-1.webp","contentUrl":"https:\/\/www.transtoyou.com\/da\/wp-content\/uploads\/sites\/6\/2026\/01\/logo-tty-menu-bar-300x87-1.webp","width":300,"height":87,"caption":"Transtoyou - DA"},"image":{"@id":"https:\/\/www.transtoyou.com\/da\/#\/schema\/logo\/image\/"}}]}},"_links":{"self":[{"href":"https:\/\/www.transtoyou.com\/da\/wp-json\/wp\/v2\/product\/1090","targetHints":{"allow":["GET"]}}],"collection":[{"href":"https:\/\/www.transtoyou.com\/da\/wp-json\/wp\/v2\/product"}],"about":[{"href":"https:\/\/www.transtoyou.com\/da\/wp-json\/wp\/v2\/types\/product"}],"replies":[{"embeddable":true,"href":"https:\/\/www.transtoyou.com\/da\/wp-json\/wp\/v2\/comments?post=1090"}],"wp:featuredmedia":[{"embeddable":true,"href":"https:\/\/www.transtoyou.com\/da\/wp-json\/wp\/v2\/media\/1092"}],"wp:attachment":[{"href":"https:\/\/www.transtoyou.com\/da\/wp-json\/wp\/v2\/media?parent=1090"}],"wp:term":[{"taxonomy":"product_brand","embeddable":true,"href":"https:\/\/www.transtoyou.com\/da\/wp-json\/wp\/v2\/product_brand?post=1090"},{"taxonomy":"product_cat","embeddable":true,"href":"https:\/\/www.transtoyou.com\/da\/wp-json\/wp\/v2\/product_cat?post=1090"},{"taxonomy":"product_tag","embeddable":true,"href":"https:\/\/www.transtoyou.com\/da\/wp-json\/wp\/v2\/product_tag?post=1090"},{"taxonomy":"expert","embeddable":true,"href":"https:\/\/www.transtoyou.com\/da\/wp-json\/wp\/v2\/expert?post=1090"}],"curies":[{"name":"wp","href":"https:\/\/api.w.org\/{rel}","templated":true}]}}