{"id":1093,"date":"2026-01-24T20:55:06","date_gmt":"2026-01-24T18:55:06","guid":{"rendered":"https:\/\/www.transtoyou.com\/da\/product\/circadin\/"},"modified":"2026-01-24T20:56:04","modified_gmt":"2026-01-24T18:56:04","slug":"circadin","status":"publish","type":"product","link":"https:\/\/www.transtoyou.com\/da\/product\/circadin\/","title":{"rendered":"Circadin"},"content":{"rendered":"<p>Circadin er en receptpligtig medicin, der indeholder 2 mg af forl\u00e6nget frigivelse melatonin, specifikt udviklet til at st\u00f8tte den naturlige s\u00f8vn-v\u00e5gen cyklus. Den ordineres prim\u00e6rt til voksne over 55 \u00e5r, der oplever d\u00e5rlig s\u00f8vnkvalitet p\u00e5 grund af s\u00f8vnl\u00f8shed eller aldersrelaterede \u00e6ndringer i melatoninproduktionen. I mods\u00e6tning til standard melatonin kosttilskud er Circadin designet til at efterligne kroppens naturlige natlige frigivelse af melatonin, hvilket hj\u00e6lper med at fremme l\u00e6ngere og mere hvilefuld s\u00f8vn.<\/p>\n<p>Melatonin er et hormon, som kroppen naturligt producerer som reaktion p\u00e5 m\u00f8rke. Circadin supplerer dette hormon i en kontrolleret frigivelsesform, hvilket hj\u00e6lper folk med at falde hurtigere i s\u00f8vn, sove dybere og reducere opv\u00e5gninger om natten. Det tilbyder et blidt alternativ til traditionelle sovepiller uden at for\u00e5rsage afh\u00e6ngighed eller betydelig d\u00f8sighed i dagtimerne.<\/p>\n<p>Circadin tages oralt, en til to timer f\u00f8r sengetid, og er mest effektivt, n\u00e5r det kombineres med gode s\u00f8vnhygiejnepraksisser, s\u00e5som at undg\u00e5 sk\u00e6rme f\u00f8r sengetid og opretholde en regelm\u00e6ssig s\u00f8vnrytme. Det begynder at virke inden for de f\u00f8rste par dage, med fulde fordele ofte set efter en til to ugers konsekvent brug.<\/p>\n<p>Det tolereres generelt godt, selvom nogle personer kan opleve milde bivirkninger som hovedpine, kvalme eller d\u00f8sighed. Det b\u00f8r ikke bruges sammen med alkohol eller st\u00e6rke beroligende midler, da disse kan neds\u00e6tte dets effektivitet.<\/p>\n","protected":false},"excerpt":{"rendered":"<ul>\n<li>Receptpligtig s\u00f8vn st\u00f8tte<\/li>\n<li>Langsomt frigivende melatonin<\/li>\n<li>Forbedrer s\u00f8vnkvaliteten<\/li>\n<\/ul>\n","protected":false},"featured_media":1095,"comment_status":"open","ping_status":"closed","template":"","meta":[],"product_brand":[],"product_cat":[164],"product_tag":[],"expert":[16],"class_list":{"0":"post-1093","1":"product","2":"type-product","3":"status-publish","4":"has-post-thumbnail","6":"product_cat-sovnforstyrrelser","7":"expert-dr-c-alexandru","9":"first","10":"instock","11":"shipping-taxable","12":"product-type-variable"},"yoast_head":"<!-- This site is optimized with the Yoast SEO plugin v27.0 - https:\/\/yoast.com\/product\/yoast-seo-wordpress\/ -->\n<title>Circadin | S\u00f8vnst\u00f8tte Velv\u00e6re - Transtoyou<\/title>\n<meta name=\"description\" content=\"Circadin er tilg\u00e6ngelig her, st\u00f8tter naturlig hvilefuld s\u00f8vn. Shop nu for en klinisk vurderet l\u00f8sning til at forbedre s\u00f8vnkvaliteten nemt.\" \/>\n<meta name=\"robots\" content=\"noindex, follow, max-snippet:-1, max-image-preview:large, max-video-preview:-1\" \/>\n<meta property=\"og:locale\" content=\"da_DK\" \/>\n<meta property=\"og:type\" content=\"article\" \/>\n<meta property=\"og:title\" content=\"Circadin | S\u00f8vnst\u00f8tte Velv\u00e6re - Transtoyou\" \/>\n<meta property=\"og:description\" content=\"Circadin er tilg\u00e6ngelig her, st\u00f8tter naturlig hvilefuld s\u00f8vn. Shop nu for en klinisk vurderet l\u00f8sning til at forbedre s\u00f8vnkvaliteten nemt.\" \/>\n<meta property=\"og:url\" content=\"https:\/\/www.transtoyou.com\/da\/product\/circadin\/\" \/>\n<meta property=\"og:site_name\" content=\"Transtoyou - DA\" \/>\n<meta property=\"article:modified_time\" content=\"2026-01-24T18:56:04+00:00\" \/>\n<meta name=\"twitter:card\" content=\"summary_large_image\" \/>\n<meta name=\"twitter:label1\" content=\"Estimeret l\u00e6setid\" \/>\n\t<meta name=\"twitter:data1\" content=\"1 minut\" \/>\n<script type=\"application\/ld+json\" class=\"yoast-schema-graph\">{\"@context\":\"https:\/\/schema.org\",\"@graph\":[{\"@type\":\"WebPage\",\"@id\":\"https:\/\/www.transtoyou.com\/da\/product\/circadin\/\",\"url\":\"https:\/\/www.transtoyou.com\/da\/product\/circadin\/\",\"name\":\"Circadin | S\u00f8vnst\u00f8tte Velv\u00e6re - Transtoyou\",\"isPartOf\":{\"@id\":\"https:\/\/www.transtoyou.com\/da\/#website\"},\"primaryImageOfPage\":{\"@id\":\"https:\/\/www.transtoyou.com\/da\/product\/circadin\/#primaryimage\"},\"image\":{\"@id\":\"https:\/\/www.transtoyou.com\/da\/product\/circadin\/#primaryimage\"},\"thumbnailUrl\":\"https:\/\/www.transtoyou.com\/da\/wp-content\/uploads\/sites\/6\/2026\/01\/tty-no-product-image-110.webp\",\"datePublished\":\"2026-01-24T18:55:06+00:00\",\"dateModified\":\"2026-01-24T18:56:04+00:00\",\"description\":\"Circadin er tilg\u00e6ngelig her, st\u00f8tter naturlig hvilefuld s\u00f8vn. Shop nu for en klinisk vurderet l\u00f8sning til at forbedre s\u00f8vnkvaliteten nemt.\",\"breadcrumb\":{\"@id\":\"https:\/\/www.transtoyou.com\/da\/product\/circadin\/#breadcrumb\"},\"inLanguage\":\"da-DK\",\"potentialAction\":[{\"@type\":\"ReadAction\",\"target\":[\"https:\/\/www.transtoyou.com\/da\/product\/circadin\/\"]}]},{\"@type\":\"ImageObject\",\"inLanguage\":\"da-DK\",\"@id\":\"https:\/\/www.transtoyou.com\/da\/product\/circadin\/#primaryimage\",\"url\":\"https:\/\/www.transtoyou.com\/da\/wp-content\/uploads\/sites\/6\/2026\/01\/tty-no-product-image-110.webp\",\"contentUrl\":\"https:\/\/www.transtoyou.com\/da\/wp-content\/uploads\/sites\/6\/2026\/01\/tty-no-product-image-110.webp\",\"width\":1000,\"height\":1000,\"caption\":\"Standard produktbillede\"},{\"@type\":\"WebSite\",\"@id\":\"https:\/\/www.transtoyou.com\/da\/#website\",\"url\":\"https:\/\/www.transtoyou.com\/da\/\",\"name\":\"Transtoyou - DA\",\"description\":\"\",\"publisher\":{\"@id\":\"https:\/\/www.transtoyou.com\/da\/#organization\"},\"potentialAction\":[{\"@type\":\"SearchAction\",\"target\":{\"@type\":\"EntryPoint\",\"urlTemplate\":\"https:\/\/www.transtoyou.com\/da\/?s={search_term_string}\"},\"query-input\":{\"@type\":\"PropertyValueSpecification\",\"valueRequired\":true,\"valueName\":\"search_term_string\"}}],\"inLanguage\":\"da-DK\"},{\"@type\":\"Organization\",\"@id\":\"https:\/\/www.transtoyou.com\/da\/#organization\",\"name\":\"Transtoyou - DA\",\"url\":\"https:\/\/www.transtoyou.com\/da\/\",\"logo\":{\"@type\":\"ImageObject\",\"inLanguage\":\"da-DK\",\"@id\":\"https:\/\/www.transtoyou.com\/da\/#\/schema\/logo\/image\/\",\"url\":\"https:\/\/www.transtoyou.com\/da\/wp-content\/uploads\/sites\/6\/2026\/01\/logo-tty-menu-bar-300x87-1.webp\",\"contentUrl\":\"https:\/\/www.transtoyou.com\/da\/wp-content\/uploads\/sites\/6\/2026\/01\/logo-tty-menu-bar-300x87-1.webp\",\"width\":300,\"height\":87,\"caption\":\"Transtoyou - DA\"},\"image\":{\"@id\":\"https:\/\/www.transtoyou.com\/da\/#\/schema\/logo\/image\/\"}}]}<\/script>\n<!-- \/ Yoast SEO plugin. -->","yoast_head_json":{"title":"Circadin | S\u00f8vnst\u00f8tte Velv\u00e6re - Transtoyou","description":"Circadin er tilg\u00e6ngelig her, st\u00f8tter naturlig hvilefuld s\u00f8vn. Shop nu for en klinisk vurderet l\u00f8sning til at forbedre s\u00f8vnkvaliteten nemt.","robots":{"index":"noindex","follow":"follow","max-snippet":"max-snippet:-1","max-image-preview":"max-image-preview:large","max-video-preview":"max-video-preview:-1"},"og_locale":"da_DK","og_type":"article","og_title":"Circadin | S\u00f8vnst\u00f8tte Velv\u00e6re - Transtoyou","og_description":"Circadin er tilg\u00e6ngelig her, st\u00f8tter naturlig hvilefuld s\u00f8vn. Shop nu for en klinisk vurderet l\u00f8sning til at forbedre s\u00f8vnkvaliteten nemt.","og_url":"https:\/\/www.transtoyou.com\/da\/product\/circadin\/","og_site_name":"Transtoyou - DA","article_modified_time":"2026-01-24T18:56:04+00:00","twitter_card":"summary_large_image","twitter_misc":{"Estimeret l\u00e6setid":"1 minut"},"schema":{"@context":"https:\/\/schema.org","@graph":[{"@type":"WebPage","@id":"https:\/\/www.transtoyou.com\/da\/product\/circadin\/","url":"https:\/\/www.transtoyou.com\/da\/product\/circadin\/","name":"Circadin | S\u00f8vnst\u00f8tte Velv\u00e6re - Transtoyou","isPartOf":{"@id":"https:\/\/www.transtoyou.com\/da\/#website"},"primaryImageOfPage":{"@id":"https:\/\/www.transtoyou.com\/da\/product\/circadin\/#primaryimage"},"image":{"@id":"https:\/\/www.transtoyou.com\/da\/product\/circadin\/#primaryimage"},"thumbnailUrl":"https:\/\/www.transtoyou.com\/da\/wp-content\/uploads\/sites\/6\/2026\/01\/tty-no-product-image-110.webp","datePublished":"2026-01-24T18:55:06+00:00","dateModified":"2026-01-24T18:56:04+00:00","description":"Circadin er tilg\u00e6ngelig her, st\u00f8tter naturlig hvilefuld s\u00f8vn. Shop nu for en klinisk vurderet l\u00f8sning til at forbedre s\u00f8vnkvaliteten nemt.","breadcrumb":{"@id":"https:\/\/www.transtoyou.com\/da\/product\/circadin\/#breadcrumb"},"inLanguage":"da-DK","potentialAction":[{"@type":"ReadAction","target":["https:\/\/www.transtoyou.com\/da\/product\/circadin\/"]}]},{"@type":"ImageObject","inLanguage":"da-DK","@id":"https:\/\/www.transtoyou.com\/da\/product\/circadin\/#primaryimage","url":"https:\/\/www.transtoyou.com\/da\/wp-content\/uploads\/sites\/6\/2026\/01\/tty-no-product-image-110.webp","contentUrl":"https:\/\/www.transtoyou.com\/da\/wp-content\/uploads\/sites\/6\/2026\/01\/tty-no-product-image-110.webp","width":1000,"height":1000,"caption":"Standard produktbillede"},{"@type":"WebSite","@id":"https:\/\/www.transtoyou.com\/da\/#website","url":"https:\/\/www.transtoyou.com\/da\/","name":"Transtoyou - DA","description":"","publisher":{"@id":"https:\/\/www.transtoyou.com\/da\/#organization"},"potentialAction":[{"@type":"SearchAction","target":{"@type":"EntryPoint","urlTemplate":"https:\/\/www.transtoyou.com\/da\/?s={search_term_string}"},"query-input":{"@type":"PropertyValueSpecification","valueRequired":true,"valueName":"search_term_string"}}],"inLanguage":"da-DK"},{"@type":"Organization","@id":"https:\/\/www.transtoyou.com\/da\/#organization","name":"Transtoyou - DA","url":"https:\/\/www.transtoyou.com\/da\/","logo":{"@type":"ImageObject","inLanguage":"da-DK","@id":"https:\/\/www.transtoyou.com\/da\/#\/schema\/logo\/image\/","url":"https:\/\/www.transtoyou.com\/da\/wp-content\/uploads\/sites\/6\/2026\/01\/logo-tty-menu-bar-300x87-1.webp","contentUrl":"https:\/\/www.transtoyou.com\/da\/wp-content\/uploads\/sites\/6\/2026\/01\/logo-tty-menu-bar-300x87-1.webp","width":300,"height":87,"caption":"Transtoyou - DA"},"image":{"@id":"https:\/\/www.transtoyou.com\/da\/#\/schema\/logo\/image\/"}}]}},"_links":{"self":[{"href":"https:\/\/www.transtoyou.com\/da\/wp-json\/wp\/v2\/product\/1093","targetHints":{"allow":["GET"]}}],"collection":[{"href":"https:\/\/www.transtoyou.com\/da\/wp-json\/wp\/v2\/product"}],"about":[{"href":"https:\/\/www.transtoyou.com\/da\/wp-json\/wp\/v2\/types\/product"}],"replies":[{"embeddable":true,"href":"https:\/\/www.transtoyou.com\/da\/wp-json\/wp\/v2\/comments?post=1093"}],"wp:featuredmedia":[{"embeddable":true,"href":"https:\/\/www.transtoyou.com\/da\/wp-json\/wp\/v2\/media\/1095"}],"wp:attachment":[{"href":"https:\/\/www.transtoyou.com\/da\/wp-json\/wp\/v2\/media?parent=1093"}],"wp:term":[{"taxonomy":"product_brand","embeddable":true,"href":"https:\/\/www.transtoyou.com\/da\/wp-json\/wp\/v2\/product_brand?post=1093"},{"taxonomy":"product_cat","embeddable":true,"href":"https:\/\/www.transtoyou.com\/da\/wp-json\/wp\/v2\/product_cat?post=1093"},{"taxonomy":"product_tag","embeddable":true,"href":"https:\/\/www.transtoyou.com\/da\/wp-json\/wp\/v2\/product_tag?post=1093"},{"taxonomy":"expert","embeddable":true,"href":"https:\/\/www.transtoyou.com\/da\/wp-json\/wp\/v2\/expert?post=1093"}],"curies":[{"name":"wp","href":"https:\/\/api.w.org\/{rel}","templated":true}]}}