{"id":1096,"date":"2026-01-24T21:11:29","date_gmt":"2026-01-24T19:11:29","guid":{"rendered":"https:\/\/www.transtoyou.com\/da\/product\/melatonin\/"},"modified":"2026-02-25T09:38:36","modified_gmt":"2026-02-25T07:38:36","slug":"melatonin","status":"publish","type":"product","link":"https:\/\/www.transtoyou.com\/da\/product\/melatonin\/","title":{"rendered":"Melatonin"},"content":{"rendered":"<p>Melatonin er et naturligt forekommende hormon, der spiller en vigtig rolle i reguleringen af s\u00f8vn-v\u00e5gen cyklussen. Det f\u00e5s som et h\u00e5ndk\u00f8bspr\u00e6parat i mange lande og bruges i vid udstr\u00e6kning til at forbedre s\u00f8vnkvaliteten, lindre jetlag og hj\u00e6lpe folk med at falde lettere i s\u00f8vn. Melatonin kosttilskud er s\u00e6rligt popul\u00e6re blandt personer med uregelm\u00e6ssige s\u00f8vnrytmer, s\u00e5som skiftearbejdere eller hyppige rejsende, samt dem der oplever lejlighedsvis s\u00f8vnl\u00f8shed.<\/p>\n<p>Melatonin virker ved at signalere til kroppen, at det er tid til at sove, og efterligner stigningen i naturlige melatoninniveauer, der sker om aftenen. At tage melatonin kan hj\u00e6lpe med at synkronisere kroppens indre ur, is\u00e6r n\u00e5r de cirkadiske rytmer er forstyrret. I mods\u00e6tning til traditionelle sovepiller fungerer melatonin ikke som et beroligende middel, men underst\u00f8tter den naturlige indtr\u00e6den af s\u00f8vn.<\/p>\n<p>Melatonin tages generelt 30 minutter til en time f\u00f8r sengetid. Det tolereres godt og f\u00f8rer ikke til afh\u00e6ngighed eller morgentr\u00e6thed, n\u00e5r det bruges korrekt. Dosis varierer afh\u00e6ngigt af det specifikke behov, hvor lavere doser ofte er lige s\u00e5 effektive som h\u00f8jere. Selvom det almindeligvis bruges til kortvarig s\u00f8vnst\u00f8tte, bruger nogle personer det regelm\u00e6ssigt som en del af deres s\u00f8vnhygiejnerutine.<\/p>\n<p>Bivirkninger er sj\u00e6ldne, men kan inkludere d\u00f8sighed, svimmelhed eller mild ford\u00f8jelsesbesv\u00e6r. Da melatonin kan p\u00e5virke hormonniveauerne, er det m\u00e5ske ikke egnet for alle, is\u00e6r under graviditet eller amning.<\/p>\n","protected":false},"excerpt":{"rendered":"<ul>\n<li>Underst\u00f8tter den naturlige s\u00f8vnrytme<\/li>\n<li>Ikke-vanedannende kosttilskud<\/li>\n<li>Ideel til rejser og jetlag<\/li>\n<\/ul>\n","protected":false},"featured_media":1098,"comment_status":"open","ping_status":"closed","template":"","meta":[],"product_brand":[],"product_cat":[164],"product_tag":[],"expert":[16],"class_list":{"0":"post-1096","1":"product","2":"type-product","3":"status-publish","4":"has-post-thumbnail","6":"product_cat-sovnforstyrrelser","7":"expert-dr-c-alexandru","9":"first","10":"instock","11":"shipping-taxable","12":"product-type-variable"},"yoast_head":"<!-- This site is optimized with the Yoast SEO plugin v27.0 - https:\/\/yoast.com\/product\/yoast-seo-wordpress\/ -->\n<title>Melatonin | Forbedr S\u00f8vnkvaliteten Naturligt - Transtoyou<\/title>\n<meta name=\"description\" content=\"Melatonin kosttilskud til bedre s\u00f8vn, lindring af jetlag og forbedret d\u00f8gnrytme, tilg\u00e6ngelig her hos Transtoyou. Shop nu for rolige n\u00e6tter.\" \/>\n<meta name=\"robots\" content=\"noindex, follow, max-snippet:-1, max-image-preview:large, max-video-preview:-1\" \/>\n<meta property=\"og:locale\" content=\"da_DK\" \/>\n<meta property=\"og:type\" content=\"article\" \/>\n<meta property=\"og:title\" content=\"Melatonin | Forbedr S\u00f8vnkvaliteten Naturligt - Transtoyou\" \/>\n<meta property=\"og:description\" content=\"Melatonin kosttilskud til bedre s\u00f8vn, lindring af jetlag og forbedret d\u00f8gnrytme, tilg\u00e6ngelig her hos Transtoyou. Shop nu for rolige n\u00e6tter.\" \/>\n<meta property=\"og:url\" content=\"https:\/\/www.transtoyou.com\/da\/product\/melatonin\/\" \/>\n<meta property=\"og:site_name\" content=\"Transtoyou - DA\" \/>\n<meta property=\"article:modified_time\" content=\"2026-02-25T07:38:36+00:00\" \/>\n<meta name=\"twitter:card\" content=\"summary_large_image\" \/>\n<meta name=\"twitter:label1\" content=\"Estimeret l\u00e6setid\" \/>\n\t<meta name=\"twitter:data1\" content=\"1 minut\" \/>\n<script type=\"application\/ld+json\" class=\"yoast-schema-graph\">{\"@context\":\"https:\/\/schema.org\",\"@graph\":[{\"@type\":\"WebPage\",\"@id\":\"https:\/\/www.transtoyou.com\/da\/product\/melatonin\/\",\"url\":\"https:\/\/www.transtoyou.com\/da\/product\/melatonin\/\",\"name\":\"Melatonin | Forbedr S\u00f8vnkvaliteten Naturligt - Transtoyou\",\"isPartOf\":{\"@id\":\"https:\/\/www.transtoyou.com\/da\/#website\"},\"primaryImageOfPage\":{\"@id\":\"https:\/\/www.transtoyou.com\/da\/product\/melatonin\/#primaryimage\"},\"image\":{\"@id\":\"https:\/\/www.transtoyou.com\/da\/product\/melatonin\/#primaryimage\"},\"thumbnailUrl\":\"https:\/\/www.transtoyou.com\/da\/wp-content\/uploads\/sites\/6\/2026\/01\/tty-no-product-image-111.webp\",\"datePublished\":\"2026-01-24T19:11:29+00:00\",\"dateModified\":\"2026-02-25T07:38:36+00:00\",\"description\":\"Melatonin kosttilskud til bedre s\u00f8vn, lindring af jetlag og forbedret d\u00f8gnrytme, tilg\u00e6ngelig her hos Transtoyou. Shop nu for rolige n\u00e6tter.\",\"breadcrumb\":{\"@id\":\"https:\/\/www.transtoyou.com\/da\/product\/melatonin\/#breadcrumb\"},\"inLanguage\":\"da-DK\",\"potentialAction\":[{\"@type\":\"ReadAction\",\"target\":[\"https:\/\/www.transtoyou.com\/da\/product\/melatonin\/\"]}]},{\"@type\":\"ImageObject\",\"inLanguage\":\"da-DK\",\"@id\":\"https:\/\/www.transtoyou.com\/da\/product\/melatonin\/#primaryimage\",\"url\":\"https:\/\/www.transtoyou.com\/da\/wp-content\/uploads\/sites\/6\/2026\/01\/tty-no-product-image-111.webp\",\"contentUrl\":\"https:\/\/www.transtoyou.com\/da\/wp-content\/uploads\/sites\/6\/2026\/01\/tty-no-product-image-111.webp\",\"width\":1000,\"height\":1000,\"caption\":\"Standard produktbillede\"},{\"@type\":\"WebSite\",\"@id\":\"https:\/\/www.transtoyou.com\/da\/#website\",\"url\":\"https:\/\/www.transtoyou.com\/da\/\",\"name\":\"Transtoyou - DA\",\"description\":\"\",\"publisher\":{\"@id\":\"https:\/\/www.transtoyou.com\/da\/#organization\"},\"potentialAction\":[{\"@type\":\"SearchAction\",\"target\":{\"@type\":\"EntryPoint\",\"urlTemplate\":\"https:\/\/www.transtoyou.com\/da\/?s={search_term_string}\"},\"query-input\":{\"@type\":\"PropertyValueSpecification\",\"valueRequired\":true,\"valueName\":\"search_term_string\"}}],\"inLanguage\":\"da-DK\"},{\"@type\":\"Organization\",\"@id\":\"https:\/\/www.transtoyou.com\/da\/#organization\",\"name\":\"Transtoyou - DA\",\"url\":\"https:\/\/www.transtoyou.com\/da\/\",\"logo\":{\"@type\":\"ImageObject\",\"inLanguage\":\"da-DK\",\"@id\":\"https:\/\/www.transtoyou.com\/da\/#\/schema\/logo\/image\/\",\"url\":\"https:\/\/www.transtoyou.com\/da\/wp-content\/uploads\/sites\/6\/2026\/01\/logo-tty-menu-bar-300x87-1.webp\",\"contentUrl\":\"https:\/\/www.transtoyou.com\/da\/wp-content\/uploads\/sites\/6\/2026\/01\/logo-tty-menu-bar-300x87-1.webp\",\"width\":300,\"height\":87,\"caption\":\"Transtoyou - DA\"},\"image\":{\"@id\":\"https:\/\/www.transtoyou.com\/da\/#\/schema\/logo\/image\/\"}}]}<\/script>\n<!-- \/ Yoast SEO plugin. -->","yoast_head_json":{"title":"Melatonin | Forbedr S\u00f8vnkvaliteten Naturligt - Transtoyou","description":"Melatonin kosttilskud til bedre s\u00f8vn, lindring af jetlag og forbedret d\u00f8gnrytme, tilg\u00e6ngelig her hos Transtoyou. Shop nu for rolige n\u00e6tter.","robots":{"index":"noindex","follow":"follow","max-snippet":"max-snippet:-1","max-image-preview":"max-image-preview:large","max-video-preview":"max-video-preview:-1"},"og_locale":"da_DK","og_type":"article","og_title":"Melatonin | Forbedr S\u00f8vnkvaliteten Naturligt - Transtoyou","og_description":"Melatonin kosttilskud til bedre s\u00f8vn, lindring af jetlag og forbedret d\u00f8gnrytme, tilg\u00e6ngelig her hos Transtoyou. Shop nu for rolige n\u00e6tter.","og_url":"https:\/\/www.transtoyou.com\/da\/product\/melatonin\/","og_site_name":"Transtoyou - DA","article_modified_time":"2026-02-25T07:38:36+00:00","twitter_card":"summary_large_image","twitter_misc":{"Estimeret l\u00e6setid":"1 minut"},"schema":{"@context":"https:\/\/schema.org","@graph":[{"@type":"WebPage","@id":"https:\/\/www.transtoyou.com\/da\/product\/melatonin\/","url":"https:\/\/www.transtoyou.com\/da\/product\/melatonin\/","name":"Melatonin | Forbedr S\u00f8vnkvaliteten Naturligt - Transtoyou","isPartOf":{"@id":"https:\/\/www.transtoyou.com\/da\/#website"},"primaryImageOfPage":{"@id":"https:\/\/www.transtoyou.com\/da\/product\/melatonin\/#primaryimage"},"image":{"@id":"https:\/\/www.transtoyou.com\/da\/product\/melatonin\/#primaryimage"},"thumbnailUrl":"https:\/\/www.transtoyou.com\/da\/wp-content\/uploads\/sites\/6\/2026\/01\/tty-no-product-image-111.webp","datePublished":"2026-01-24T19:11:29+00:00","dateModified":"2026-02-25T07:38:36+00:00","description":"Melatonin kosttilskud til bedre s\u00f8vn, lindring af jetlag og forbedret d\u00f8gnrytme, tilg\u00e6ngelig her hos Transtoyou. Shop nu for rolige n\u00e6tter.","breadcrumb":{"@id":"https:\/\/www.transtoyou.com\/da\/product\/melatonin\/#breadcrumb"},"inLanguage":"da-DK","potentialAction":[{"@type":"ReadAction","target":["https:\/\/www.transtoyou.com\/da\/product\/melatonin\/"]}]},{"@type":"ImageObject","inLanguage":"da-DK","@id":"https:\/\/www.transtoyou.com\/da\/product\/melatonin\/#primaryimage","url":"https:\/\/www.transtoyou.com\/da\/wp-content\/uploads\/sites\/6\/2026\/01\/tty-no-product-image-111.webp","contentUrl":"https:\/\/www.transtoyou.com\/da\/wp-content\/uploads\/sites\/6\/2026\/01\/tty-no-product-image-111.webp","width":1000,"height":1000,"caption":"Standard produktbillede"},{"@type":"WebSite","@id":"https:\/\/www.transtoyou.com\/da\/#website","url":"https:\/\/www.transtoyou.com\/da\/","name":"Transtoyou - DA","description":"","publisher":{"@id":"https:\/\/www.transtoyou.com\/da\/#organization"},"potentialAction":[{"@type":"SearchAction","target":{"@type":"EntryPoint","urlTemplate":"https:\/\/www.transtoyou.com\/da\/?s={search_term_string}"},"query-input":{"@type":"PropertyValueSpecification","valueRequired":true,"valueName":"search_term_string"}}],"inLanguage":"da-DK"},{"@type":"Organization","@id":"https:\/\/www.transtoyou.com\/da\/#organization","name":"Transtoyou - DA","url":"https:\/\/www.transtoyou.com\/da\/","logo":{"@type":"ImageObject","inLanguage":"da-DK","@id":"https:\/\/www.transtoyou.com\/da\/#\/schema\/logo\/image\/","url":"https:\/\/www.transtoyou.com\/da\/wp-content\/uploads\/sites\/6\/2026\/01\/logo-tty-menu-bar-300x87-1.webp","contentUrl":"https:\/\/www.transtoyou.com\/da\/wp-content\/uploads\/sites\/6\/2026\/01\/logo-tty-menu-bar-300x87-1.webp","width":300,"height":87,"caption":"Transtoyou - DA"},"image":{"@id":"https:\/\/www.transtoyou.com\/da\/#\/schema\/logo\/image\/"}}]}},"_links":{"self":[{"href":"https:\/\/www.transtoyou.com\/da\/wp-json\/wp\/v2\/product\/1096","targetHints":{"allow":["GET"]}}],"collection":[{"href":"https:\/\/www.transtoyou.com\/da\/wp-json\/wp\/v2\/product"}],"about":[{"href":"https:\/\/www.transtoyou.com\/da\/wp-json\/wp\/v2\/types\/product"}],"replies":[{"embeddable":true,"href":"https:\/\/www.transtoyou.com\/da\/wp-json\/wp\/v2\/comments?post=1096"}],"wp:featuredmedia":[{"embeddable":true,"href":"https:\/\/www.transtoyou.com\/da\/wp-json\/wp\/v2\/media\/1098"}],"wp:attachment":[{"href":"https:\/\/www.transtoyou.com\/da\/wp-json\/wp\/v2\/media?parent=1096"}],"wp:term":[{"taxonomy":"product_brand","embeddable":true,"href":"https:\/\/www.transtoyou.com\/da\/wp-json\/wp\/v2\/product_brand?post=1096"},{"taxonomy":"product_cat","embeddable":true,"href":"https:\/\/www.transtoyou.com\/da\/wp-json\/wp\/v2\/product_cat?post=1096"},{"taxonomy":"product_tag","embeddable":true,"href":"https:\/\/www.transtoyou.com\/da\/wp-json\/wp\/v2\/product_tag?post=1096"},{"taxonomy":"expert","embeddable":true,"href":"https:\/\/www.transtoyou.com\/da\/wp-json\/wp\/v2\/expert?post=1096"}],"curies":[{"name":"wp","href":"https:\/\/api.w.org\/{rel}","templated":true}]}}