{"id":1099,"date":"2026-01-24T21:28:57","date_gmt":"2026-01-24T19:28:57","guid":{"rendered":"https:\/\/www.transtoyou.com\/da\/product\/zopiclone\/"},"modified":"2026-03-08T13:42:02","modified_gmt":"2026-03-08T11:42:02","slug":"zopiclon","status":"publish","type":"product","link":"https:\/\/www.transtoyou.com\/da\/product\/zopiclon\/","title":{"rendered":"Zopiclon"},"content":{"rendered":"<p>Zopiclon er en receptpligtig medicin, der bruges til kortvarig behandling af s\u00f8vnl\u00f8shed. Det er en del af en klasse af l\u00e6gemidler kendt som non-benzodiazepin hypnotika, som hj\u00e6lper med at starte og opretholde s\u00f8vn. Zopiclon ordineres ofte til personer, der har sv\u00e6rt ved at falde i s\u00f8vn, v\u00e5gner ofte i l\u00f8bet af natten eller v\u00e5gner for tidligt om morgenen.<\/p>\n<p>Medikamentet virker ved at \u00f8ge aktiviteten af gamma-aminobutyric acid (GABA), en beroligende neurotransmitter i hjernen. Dette f\u00f8rer til en beroligende effekt, der fremmer afslapning og s\u00f8vn. Zopiclon er kendt for sin hurtige virkning, der typisk tr\u00e6der i kraft inden for 30 minutter. Det ordineres normalt til kortvarig brug p\u00e5 grund af risikoen for tolerance og afh\u00e6ngighed, n\u00e5r det tages over l\u00e6ngere perioder.<\/p>\n<p>Zopiclon tages lige f\u00f8r sengetid, hvilket sikrer, at brugeren kan sove i mindst syv til otte timer. Det er vigtigt ikke at deltage i aktiviteter, der kr\u00e6ver fuld opm\u00e6rksomhed, s\u00e5som at k\u00f8re bil, efter at have taget medicinen. Bivirkninger kan omfatte en metallisk smag, t\u00f8r mund, svimmelhed eller d\u00f8sighed dagen efter, is\u00e6r hvis det tages for sent eller uden tilstr\u00e6kkelig s\u00f8vntid.<\/p>\n<p>Denne medicin er ikke egnet for alle og b\u00f8r ikke bruges under graviditet, amning eller hos personer med en historie med stofmisbrug. Alkohol b\u00f8r undg\u00e5s, da det kan \u00f8ge de beroligende effekter og risikoen for us\u00e6dvanlige adf\u00e6rd under s\u00f8vn.<\/p>\n","protected":false},"excerpt":{"rendered":"<ul>\n<li>Kortsigtet s\u00f8vnbehandling<\/li>\n<li>Hurtigvirkende beroligende tablet<\/li>\n<li>Forbedrer s\u00f8vnens indtr\u00e6den og varighed<\/li>\n<\/ul>\n","protected":false},"featured_media":1101,"comment_status":"open","ping_status":"closed","template":"","meta":[],"product_brand":[],"product_cat":[164],"product_tag":[],"expert":[16],"class_list":{"0":"post-1099","1":"product","2":"type-product","3":"status-publish","4":"has-post-thumbnail","6":"product_cat-sovnforstyrrelser","7":"expert-dr-c-alexandru","9":"first","10":"instock","11":"shipping-taxable","12":"product-type-variable"},"yoast_head":"<!-- This site is optimized with the Yoast SEO plugin v27.0 - https:\/\/yoast.com\/product\/yoast-seo-wordpress\/ -->\n<title>Zopiclone | S\u00f8vnmiddel til behandling af s\u00f8vnl\u00f8shed - Transtoyou<\/title>\n<meta name=\"description\" content=\"Zopiclon, tilg\u00e6ngelig her til lindring af s\u00f8vnl\u00f8shed. Hj\u00e6lper med at falde hurtigt i s\u00f8vn. Recept p\u00e5kr\u00e6vet. Sikker adgang med Transtoyou.\" \/>\n<meta name=\"robots\" content=\"noindex, follow, max-snippet:-1, max-image-preview:large, max-video-preview:-1\" \/>\n<meta property=\"og:locale\" content=\"da_DK\" \/>\n<meta property=\"og:type\" content=\"article\" \/>\n<meta property=\"og:title\" content=\"Zopiclone | S\u00f8vnmiddel til behandling af s\u00f8vnl\u00f8shed - Transtoyou\" \/>\n<meta property=\"og:description\" content=\"Zopiclon, tilg\u00e6ngelig her til lindring af s\u00f8vnl\u00f8shed. Hj\u00e6lper med at falde hurtigt i s\u00f8vn. Recept p\u00e5kr\u00e6vet. Sikker adgang med Transtoyou.\" \/>\n<meta property=\"og:url\" content=\"https:\/\/www.transtoyou.com\/da\/product\/zopiclone\/\" \/>\n<meta property=\"og:site_name\" content=\"Transtoyou - DA\" \/>\n<meta property=\"article:modified_time\" content=\"2026-03-08T11:42:02+00:00\" \/>\n<meta name=\"twitter:card\" content=\"summary_large_image\" \/>\n<meta name=\"twitter:label1\" content=\"Estimeret l\u00e6setid\" \/>\n\t<meta name=\"twitter:data1\" content=\"1 minut\" \/>\n<script type=\"application\/ld+json\" class=\"yoast-schema-graph\">{\"@context\":\"https:\/\/schema.org\",\"@graph\":[{\"@type\":\"WebPage\",\"@id\":\"https:\/\/www.transtoyou.com\/da\/product\/zopiclone\/\",\"url\":\"https:\/\/www.transtoyou.com\/da\/product\/zopiclone\/\",\"name\":\"Zopiclone | S\u00f8vnmiddel til behandling af s\u00f8vnl\u00f8shed - Transtoyou\",\"isPartOf\":{\"@id\":\"https:\/\/www.transtoyou.com\/da\/#website\"},\"primaryImageOfPage\":{\"@id\":\"https:\/\/www.transtoyou.com\/da\/product\/zopiclone\/#primaryimage\"},\"image\":{\"@id\":\"https:\/\/www.transtoyou.com\/da\/product\/zopiclone\/#primaryimage\"},\"thumbnailUrl\":\"https:\/\/www.transtoyou.com\/da\/wp-content\/uploads\/sites\/6\/2026\/01\/tty-no-product-image-112.webp\",\"datePublished\":\"2026-01-24T19:28:57+00:00\",\"dateModified\":\"2026-03-08T11:42:02+00:00\",\"description\":\"Zopiclon, tilg\u00e6ngelig her til lindring af s\u00f8vnl\u00f8shed. Hj\u00e6lper med at falde hurtigt i s\u00f8vn. Recept p\u00e5kr\u00e6vet. Sikker adgang med Transtoyou.\",\"breadcrumb\":{\"@id\":\"https:\/\/www.transtoyou.com\/da\/product\/zopiclone\/#breadcrumb\"},\"inLanguage\":\"da-DK\",\"potentialAction\":[{\"@type\":\"ReadAction\",\"target\":[\"https:\/\/www.transtoyou.com\/da\/product\/zopiclone\/\"]}]},{\"@type\":\"ImageObject\",\"inLanguage\":\"da-DK\",\"@id\":\"https:\/\/www.transtoyou.com\/da\/product\/zopiclone\/#primaryimage\",\"url\":\"https:\/\/www.transtoyou.com\/da\/wp-content\/uploads\/sites\/6\/2026\/01\/tty-no-product-image-112.webp\",\"contentUrl\":\"https:\/\/www.transtoyou.com\/da\/wp-content\/uploads\/sites\/6\/2026\/01\/tty-no-product-image-112.webp\",\"width\":1000,\"height\":1000,\"caption\":\"Standard produktbillede\"},{\"@type\":\"WebSite\",\"@id\":\"https:\/\/www.transtoyou.com\/da\/#website\",\"url\":\"https:\/\/www.transtoyou.com\/da\/\",\"name\":\"Transtoyou - DA\",\"description\":\"\",\"publisher\":{\"@id\":\"https:\/\/www.transtoyou.com\/da\/#organization\"},\"potentialAction\":[{\"@type\":\"SearchAction\",\"target\":{\"@type\":\"EntryPoint\",\"urlTemplate\":\"https:\/\/www.transtoyou.com\/da\/?s={search_term_string}\"},\"query-input\":{\"@type\":\"PropertyValueSpecification\",\"valueRequired\":true,\"valueName\":\"search_term_string\"}}],\"inLanguage\":\"da-DK\"},{\"@type\":\"Organization\",\"@id\":\"https:\/\/www.transtoyou.com\/da\/#organization\",\"name\":\"Transtoyou - DA\",\"url\":\"https:\/\/www.transtoyou.com\/da\/\",\"logo\":{\"@type\":\"ImageObject\",\"inLanguage\":\"da-DK\",\"@id\":\"https:\/\/www.transtoyou.com\/da\/#\/schema\/logo\/image\/\",\"url\":\"https:\/\/www.transtoyou.com\/da\/wp-content\/uploads\/sites\/6\/2026\/01\/logo-tty-menu-bar-300x87-1.webp\",\"contentUrl\":\"https:\/\/www.transtoyou.com\/da\/wp-content\/uploads\/sites\/6\/2026\/01\/logo-tty-menu-bar-300x87-1.webp\",\"width\":300,\"height\":87,\"caption\":\"Transtoyou - DA\"},\"image\":{\"@id\":\"https:\/\/www.transtoyou.com\/da\/#\/schema\/logo\/image\/\"}}]}<\/script>\n<!-- \/ Yoast SEO plugin. -->","yoast_head_json":{"title":"Zopiclone | S\u00f8vnmiddel til behandling af s\u00f8vnl\u00f8shed - Transtoyou","description":"Zopiclon, tilg\u00e6ngelig her til lindring af s\u00f8vnl\u00f8shed. Hj\u00e6lper med at falde hurtigt i s\u00f8vn. Recept p\u00e5kr\u00e6vet. Sikker adgang med Transtoyou.","robots":{"index":"noindex","follow":"follow","max-snippet":"max-snippet:-1","max-image-preview":"max-image-preview:large","max-video-preview":"max-video-preview:-1"},"og_locale":"da_DK","og_type":"article","og_title":"Zopiclone | S\u00f8vnmiddel til behandling af s\u00f8vnl\u00f8shed - Transtoyou","og_description":"Zopiclon, tilg\u00e6ngelig her til lindring af s\u00f8vnl\u00f8shed. Hj\u00e6lper med at falde hurtigt i s\u00f8vn. Recept p\u00e5kr\u00e6vet. Sikker adgang med Transtoyou.","og_url":"https:\/\/www.transtoyou.com\/da\/product\/zopiclone\/","og_site_name":"Transtoyou - DA","article_modified_time":"2026-03-08T11:42:02+00:00","twitter_card":"summary_large_image","twitter_misc":{"Estimeret l\u00e6setid":"1 minut"},"schema":{"@context":"https:\/\/schema.org","@graph":[{"@type":"WebPage","@id":"https:\/\/www.transtoyou.com\/da\/product\/zopiclone\/","url":"https:\/\/www.transtoyou.com\/da\/product\/zopiclone\/","name":"Zopiclone | S\u00f8vnmiddel til behandling af s\u00f8vnl\u00f8shed - Transtoyou","isPartOf":{"@id":"https:\/\/www.transtoyou.com\/da\/#website"},"primaryImageOfPage":{"@id":"https:\/\/www.transtoyou.com\/da\/product\/zopiclone\/#primaryimage"},"image":{"@id":"https:\/\/www.transtoyou.com\/da\/product\/zopiclone\/#primaryimage"},"thumbnailUrl":"https:\/\/www.transtoyou.com\/da\/wp-content\/uploads\/sites\/6\/2026\/01\/tty-no-product-image-112.webp","datePublished":"2026-01-24T19:28:57+00:00","dateModified":"2026-03-08T11:42:02+00:00","description":"Zopiclon, tilg\u00e6ngelig her til lindring af s\u00f8vnl\u00f8shed. Hj\u00e6lper med at falde hurtigt i s\u00f8vn. Recept p\u00e5kr\u00e6vet. Sikker adgang med Transtoyou.","breadcrumb":{"@id":"https:\/\/www.transtoyou.com\/da\/product\/zopiclone\/#breadcrumb"},"inLanguage":"da-DK","potentialAction":[{"@type":"ReadAction","target":["https:\/\/www.transtoyou.com\/da\/product\/zopiclone\/"]}]},{"@type":"ImageObject","inLanguage":"da-DK","@id":"https:\/\/www.transtoyou.com\/da\/product\/zopiclone\/#primaryimage","url":"https:\/\/www.transtoyou.com\/da\/wp-content\/uploads\/sites\/6\/2026\/01\/tty-no-product-image-112.webp","contentUrl":"https:\/\/www.transtoyou.com\/da\/wp-content\/uploads\/sites\/6\/2026\/01\/tty-no-product-image-112.webp","width":1000,"height":1000,"caption":"Standard produktbillede"},{"@type":"WebSite","@id":"https:\/\/www.transtoyou.com\/da\/#website","url":"https:\/\/www.transtoyou.com\/da\/","name":"Transtoyou - DA","description":"","publisher":{"@id":"https:\/\/www.transtoyou.com\/da\/#organization"},"potentialAction":[{"@type":"SearchAction","target":{"@type":"EntryPoint","urlTemplate":"https:\/\/www.transtoyou.com\/da\/?s={search_term_string}"},"query-input":{"@type":"PropertyValueSpecification","valueRequired":true,"valueName":"search_term_string"}}],"inLanguage":"da-DK"},{"@type":"Organization","@id":"https:\/\/www.transtoyou.com\/da\/#organization","name":"Transtoyou - DA","url":"https:\/\/www.transtoyou.com\/da\/","logo":{"@type":"ImageObject","inLanguage":"da-DK","@id":"https:\/\/www.transtoyou.com\/da\/#\/schema\/logo\/image\/","url":"https:\/\/www.transtoyou.com\/da\/wp-content\/uploads\/sites\/6\/2026\/01\/logo-tty-menu-bar-300x87-1.webp","contentUrl":"https:\/\/www.transtoyou.com\/da\/wp-content\/uploads\/sites\/6\/2026\/01\/logo-tty-menu-bar-300x87-1.webp","width":300,"height":87,"caption":"Transtoyou - DA"},"image":{"@id":"https:\/\/www.transtoyou.com\/da\/#\/schema\/logo\/image\/"}}]}},"_links":{"self":[{"href":"https:\/\/www.transtoyou.com\/da\/wp-json\/wp\/v2\/product\/1099","targetHints":{"allow":["GET"]}}],"collection":[{"href":"https:\/\/www.transtoyou.com\/da\/wp-json\/wp\/v2\/product"}],"about":[{"href":"https:\/\/www.transtoyou.com\/da\/wp-json\/wp\/v2\/types\/product"}],"replies":[{"embeddable":true,"href":"https:\/\/www.transtoyou.com\/da\/wp-json\/wp\/v2\/comments?post=1099"}],"wp:featuredmedia":[{"embeddable":true,"href":"https:\/\/www.transtoyou.com\/da\/wp-json\/wp\/v2\/media\/1101"}],"wp:attachment":[{"href":"https:\/\/www.transtoyou.com\/da\/wp-json\/wp\/v2\/media?parent=1099"}],"wp:term":[{"taxonomy":"product_brand","embeddable":true,"href":"https:\/\/www.transtoyou.com\/da\/wp-json\/wp\/v2\/product_brand?post=1099"},{"taxonomy":"product_cat","embeddable":true,"href":"https:\/\/www.transtoyou.com\/da\/wp-json\/wp\/v2\/product_cat?post=1099"},{"taxonomy":"product_tag","embeddable":true,"href":"https:\/\/www.transtoyou.com\/da\/wp-json\/wp\/v2\/product_tag?post=1099"},{"taxonomy":"expert","embeddable":true,"href":"https:\/\/www.transtoyou.com\/da\/wp-json\/wp\/v2\/expert?post=1099"}],"curies":[{"name":"wp","href":"https:\/\/api.w.org\/{rel}","templated":true}]}}