{"id":1102,"date":"2026-01-24T21:45:57","date_gmt":"2026-01-24T19:45:57","guid":{"rendered":"https:\/\/www.transtoyou.com\/da\/product\/zolpidem\/"},"modified":"2026-03-08T13:24:48","modified_gmt":"2026-03-08T11:24:48","slug":"zolpidem","status":"publish","type":"product","link":"https:\/\/www.transtoyou.com\/da\/product\/zolpidem\/","title":{"rendered":"Zolpidem"},"content":{"rendered":"<p>Zolpidem er en receptpligtig medicin, der bruges til at behandle kortvarig s\u00f8vnl\u00f8shed. Den tilh\u00f8rer en klasse af medicin kendt som non-benzodiazepin hypnotika og er designet til at hj\u00e6lpe folk med at falde hurtigt i s\u00f8vn. Zolpidem ordineres ofte, n\u00e5r det er sv\u00e6rt at falde i s\u00f8vn, og det forstyrrer den daglige funktion, selvom det ikke er beregnet til langvarig brug.<\/p>\n<p>Medikamentet virker ved at p\u00e5virke receptorer i hjernen, der regulerer s\u00f8vn, hvilket hj\u00e6lper med at starte den naturlige s\u00f8vncyklus mere effektivt. I mods\u00e6tning til \u00e6ldre sovepiller har Zolpidem tendens til at have f\u00e6rre bivirkninger relateret til dagtidssedation eller sl\u00f8vhed, n\u00e5r det bruges som anvist. Det f\u00e5s i b\u00e5de hurtigvirkende og forl\u00e6nget frigivelse former, afh\u00e6ngigt af om m\u00e5let er at falde hurtigere i s\u00f8vn eller at forblive i s\u00f8vn l\u00e6ngere.<\/p>\n<p>Zolpidem tages normalt lige f\u00f8r sengetid, og det begynder at virke inden for 15 til 30 minutter. Fordi det virker hurtigt, b\u00f8r brugerne sikre sig, at de er klar til at sove i mindst syv til otte timer efter indtagelse for at undg\u00e5 d\u00f8sighed dagen efter. Det er vigtigt at undg\u00e5 aktiviteter, der kr\u00e6ver \u00e5rv\u00e5genhed, s\u00e5som at k\u00f8re bil, efter at have taget zolpidem.<\/p>\n<p>Denne medicin b\u00f8r ikke bruges sammen med alkohol eller andre sedativer, da disse kombinationer \u00f8ger risikoen for farlige bivirkninger. Nogle mennesker kan opleve us\u00e6dvanlige s\u00f8vnadf\u00e6rd som s\u00f8vng\u00e6ngeri, spisning eller k\u00f8rsel uden fuld bevidsthed. Disse adf\u00e6rd er sj\u00e6ldne, men b\u00f8r rapporteres straks, hvis de opst\u00e5r.<\/p>\n<p>Zolpidem ordineres typisk i korte perioder for at undg\u00e5 afh\u00e6ngighed eller tolerance.<\/p>\n","protected":false},"excerpt":{"rendered":"<ul>\n<li>Kortsigtet behandling af s\u00f8vnl\u00f8shed<\/li>\n<li>Hurtig st\u00f8tte til indsovning<\/li>\n<li>Receptpligtig medicin til s\u00f8vn<\/li>\n<\/ul>\n","protected":false},"featured_media":1104,"comment_status":"open","ping_status":"closed","template":"","meta":[],"product_brand":[],"product_cat":[164],"product_tag":[],"expert":[16],"class_list":{"0":"post-1102","1":"product","2":"type-product","3":"status-publish","4":"has-post-thumbnail","6":"product_cat-sovnforstyrrelser","7":"expert-dr-c-alexandru","9":"first","10":"instock","11":"shipping-taxable","12":"product-type-variable"},"yoast_head":"<!-- This site is optimized with the Yoast SEO plugin v27.0 - https:\/\/yoast.com\/product\/yoast-seo-wordpress\/ -->\n<title>Zolpidem | Hurtig S\u00f8vn Hj\u00e6lp - Transtoyou<\/title>\n<meta name=\"description\" content=\"Opdag Zolpidem til kortvarig lindring af s\u00f8vnl\u00f8shed, tilg\u00e6ngelig med l\u00e6ges recept. F\u00e5 hurtig hj\u00e6lp til bedre s\u00f8vn i henhold til kliniske retningslinjer.\" \/>\n<meta name=\"robots\" content=\"noindex, follow, max-snippet:-1, max-image-preview:large, max-video-preview:-1\" \/>\n<meta property=\"og:locale\" content=\"da_DK\" \/>\n<meta property=\"og:type\" content=\"article\" \/>\n<meta property=\"og:title\" content=\"Zolpidem | Hurtig S\u00f8vn Hj\u00e6lp - Transtoyou\" \/>\n<meta property=\"og:description\" content=\"Opdag Zolpidem til kortvarig lindring af s\u00f8vnl\u00f8shed, tilg\u00e6ngelig med l\u00e6ges recept. F\u00e5 hurtig hj\u00e6lp til bedre s\u00f8vn i henhold til kliniske retningslinjer.\" \/>\n<meta property=\"og:url\" content=\"https:\/\/www.transtoyou.com\/da\/product\/zolpidem\/\" \/>\n<meta property=\"og:site_name\" content=\"Transtoyou - DA\" \/>\n<meta property=\"article:modified_time\" content=\"2026-03-08T11:24:48+00:00\" \/>\n<meta name=\"twitter:card\" content=\"summary_large_image\" \/>\n<meta name=\"twitter:label1\" content=\"Estimeret l\u00e6setid\" \/>\n\t<meta name=\"twitter:data1\" content=\"1 minut\" \/>\n<script type=\"application\/ld+json\" class=\"yoast-schema-graph\">{\"@context\":\"https:\/\/schema.org\",\"@graph\":[{\"@type\":\"WebPage\",\"@id\":\"https:\/\/www.transtoyou.com\/da\/product\/zolpidem\/\",\"url\":\"https:\/\/www.transtoyou.com\/da\/product\/zolpidem\/\",\"name\":\"Zolpidem | Hurtig S\u00f8vn Hj\u00e6lp - Transtoyou\",\"isPartOf\":{\"@id\":\"https:\/\/www.transtoyou.com\/da\/#website\"},\"primaryImageOfPage\":{\"@id\":\"https:\/\/www.transtoyou.com\/da\/product\/zolpidem\/#primaryimage\"},\"image\":{\"@id\":\"https:\/\/www.transtoyou.com\/da\/product\/zolpidem\/#primaryimage\"},\"thumbnailUrl\":\"https:\/\/www.transtoyou.com\/da\/wp-content\/uploads\/sites\/6\/2026\/01\/tty-no-product-image-113.webp\",\"datePublished\":\"2026-01-24T19:45:57+00:00\",\"dateModified\":\"2026-03-08T11:24:48+00:00\",\"description\":\"Opdag Zolpidem til kortvarig lindring af s\u00f8vnl\u00f8shed, tilg\u00e6ngelig med l\u00e6ges recept. F\u00e5 hurtig hj\u00e6lp til bedre s\u00f8vn i henhold til kliniske retningslinjer.\",\"breadcrumb\":{\"@id\":\"https:\/\/www.transtoyou.com\/da\/product\/zolpidem\/#breadcrumb\"},\"inLanguage\":\"da-DK\",\"potentialAction\":[{\"@type\":\"ReadAction\",\"target\":[\"https:\/\/www.transtoyou.com\/da\/product\/zolpidem\/\"]}]},{\"@type\":\"ImageObject\",\"inLanguage\":\"da-DK\",\"@id\":\"https:\/\/www.transtoyou.com\/da\/product\/zolpidem\/#primaryimage\",\"url\":\"https:\/\/www.transtoyou.com\/da\/wp-content\/uploads\/sites\/6\/2026\/01\/tty-no-product-image-113.webp\",\"contentUrl\":\"https:\/\/www.transtoyou.com\/da\/wp-content\/uploads\/sites\/6\/2026\/01\/tty-no-product-image-113.webp\",\"width\":1000,\"height\":1000,\"caption\":\"Standard produktbillede\"},{\"@type\":\"WebSite\",\"@id\":\"https:\/\/www.transtoyou.com\/da\/#website\",\"url\":\"https:\/\/www.transtoyou.com\/da\/\",\"name\":\"Transtoyou - DA\",\"description\":\"\",\"publisher\":{\"@id\":\"https:\/\/www.transtoyou.com\/da\/#organization\"},\"potentialAction\":[{\"@type\":\"SearchAction\",\"target\":{\"@type\":\"EntryPoint\",\"urlTemplate\":\"https:\/\/www.transtoyou.com\/da\/?s={search_term_string}\"},\"query-input\":{\"@type\":\"PropertyValueSpecification\",\"valueRequired\":true,\"valueName\":\"search_term_string\"}}],\"inLanguage\":\"da-DK\"},{\"@type\":\"Organization\",\"@id\":\"https:\/\/www.transtoyou.com\/da\/#organization\",\"name\":\"Transtoyou - DA\",\"url\":\"https:\/\/www.transtoyou.com\/da\/\",\"logo\":{\"@type\":\"ImageObject\",\"inLanguage\":\"da-DK\",\"@id\":\"https:\/\/www.transtoyou.com\/da\/#\/schema\/logo\/image\/\",\"url\":\"https:\/\/www.transtoyou.com\/da\/wp-content\/uploads\/sites\/6\/2026\/01\/logo-tty-menu-bar-300x87-1.webp\",\"contentUrl\":\"https:\/\/www.transtoyou.com\/da\/wp-content\/uploads\/sites\/6\/2026\/01\/logo-tty-menu-bar-300x87-1.webp\",\"width\":300,\"height\":87,\"caption\":\"Transtoyou - DA\"},\"image\":{\"@id\":\"https:\/\/www.transtoyou.com\/da\/#\/schema\/logo\/image\/\"}}]}<\/script>\n<!-- \/ Yoast SEO plugin. -->","yoast_head_json":{"title":"Zolpidem | Hurtig S\u00f8vn Hj\u00e6lp - Transtoyou","description":"Opdag Zolpidem til kortvarig lindring af s\u00f8vnl\u00f8shed, tilg\u00e6ngelig med l\u00e6ges recept. F\u00e5 hurtig hj\u00e6lp til bedre s\u00f8vn i henhold til kliniske retningslinjer.","robots":{"index":"noindex","follow":"follow","max-snippet":"max-snippet:-1","max-image-preview":"max-image-preview:large","max-video-preview":"max-video-preview:-1"},"og_locale":"da_DK","og_type":"article","og_title":"Zolpidem | Hurtig S\u00f8vn Hj\u00e6lp - Transtoyou","og_description":"Opdag Zolpidem til kortvarig lindring af s\u00f8vnl\u00f8shed, tilg\u00e6ngelig med l\u00e6ges recept. F\u00e5 hurtig hj\u00e6lp til bedre s\u00f8vn i henhold til kliniske retningslinjer.","og_url":"https:\/\/www.transtoyou.com\/da\/product\/zolpidem\/","og_site_name":"Transtoyou - DA","article_modified_time":"2026-03-08T11:24:48+00:00","twitter_card":"summary_large_image","twitter_misc":{"Estimeret l\u00e6setid":"1 minut"},"schema":{"@context":"https:\/\/schema.org","@graph":[{"@type":"WebPage","@id":"https:\/\/www.transtoyou.com\/da\/product\/zolpidem\/","url":"https:\/\/www.transtoyou.com\/da\/product\/zolpidem\/","name":"Zolpidem | Hurtig S\u00f8vn Hj\u00e6lp - Transtoyou","isPartOf":{"@id":"https:\/\/www.transtoyou.com\/da\/#website"},"primaryImageOfPage":{"@id":"https:\/\/www.transtoyou.com\/da\/product\/zolpidem\/#primaryimage"},"image":{"@id":"https:\/\/www.transtoyou.com\/da\/product\/zolpidem\/#primaryimage"},"thumbnailUrl":"https:\/\/www.transtoyou.com\/da\/wp-content\/uploads\/sites\/6\/2026\/01\/tty-no-product-image-113.webp","datePublished":"2026-01-24T19:45:57+00:00","dateModified":"2026-03-08T11:24:48+00:00","description":"Opdag Zolpidem til kortvarig lindring af s\u00f8vnl\u00f8shed, tilg\u00e6ngelig med l\u00e6ges recept. F\u00e5 hurtig hj\u00e6lp til bedre s\u00f8vn i henhold til kliniske retningslinjer.","breadcrumb":{"@id":"https:\/\/www.transtoyou.com\/da\/product\/zolpidem\/#breadcrumb"},"inLanguage":"da-DK","potentialAction":[{"@type":"ReadAction","target":["https:\/\/www.transtoyou.com\/da\/product\/zolpidem\/"]}]},{"@type":"ImageObject","inLanguage":"da-DK","@id":"https:\/\/www.transtoyou.com\/da\/product\/zolpidem\/#primaryimage","url":"https:\/\/www.transtoyou.com\/da\/wp-content\/uploads\/sites\/6\/2026\/01\/tty-no-product-image-113.webp","contentUrl":"https:\/\/www.transtoyou.com\/da\/wp-content\/uploads\/sites\/6\/2026\/01\/tty-no-product-image-113.webp","width":1000,"height":1000,"caption":"Standard produktbillede"},{"@type":"WebSite","@id":"https:\/\/www.transtoyou.com\/da\/#website","url":"https:\/\/www.transtoyou.com\/da\/","name":"Transtoyou - DA","description":"","publisher":{"@id":"https:\/\/www.transtoyou.com\/da\/#organization"},"potentialAction":[{"@type":"SearchAction","target":{"@type":"EntryPoint","urlTemplate":"https:\/\/www.transtoyou.com\/da\/?s={search_term_string}"},"query-input":{"@type":"PropertyValueSpecification","valueRequired":true,"valueName":"search_term_string"}}],"inLanguage":"da-DK"},{"@type":"Organization","@id":"https:\/\/www.transtoyou.com\/da\/#organization","name":"Transtoyou - DA","url":"https:\/\/www.transtoyou.com\/da\/","logo":{"@type":"ImageObject","inLanguage":"da-DK","@id":"https:\/\/www.transtoyou.com\/da\/#\/schema\/logo\/image\/","url":"https:\/\/www.transtoyou.com\/da\/wp-content\/uploads\/sites\/6\/2026\/01\/logo-tty-menu-bar-300x87-1.webp","contentUrl":"https:\/\/www.transtoyou.com\/da\/wp-content\/uploads\/sites\/6\/2026\/01\/logo-tty-menu-bar-300x87-1.webp","width":300,"height":87,"caption":"Transtoyou - DA"},"image":{"@id":"https:\/\/www.transtoyou.com\/da\/#\/schema\/logo\/image\/"}}]}},"_links":{"self":[{"href":"https:\/\/www.transtoyou.com\/da\/wp-json\/wp\/v2\/product\/1102","targetHints":{"allow":["GET"]}}],"collection":[{"href":"https:\/\/www.transtoyou.com\/da\/wp-json\/wp\/v2\/product"}],"about":[{"href":"https:\/\/www.transtoyou.com\/da\/wp-json\/wp\/v2\/types\/product"}],"replies":[{"embeddable":true,"href":"https:\/\/www.transtoyou.com\/da\/wp-json\/wp\/v2\/comments?post=1102"}],"wp:featuredmedia":[{"embeddable":true,"href":"https:\/\/www.transtoyou.com\/da\/wp-json\/wp\/v2\/media\/1104"}],"wp:attachment":[{"href":"https:\/\/www.transtoyou.com\/da\/wp-json\/wp\/v2\/media?parent=1102"}],"wp:term":[{"taxonomy":"product_brand","embeddable":true,"href":"https:\/\/www.transtoyou.com\/da\/wp-json\/wp\/v2\/product_brand?post=1102"},{"taxonomy":"product_cat","embeddable":true,"href":"https:\/\/www.transtoyou.com\/da\/wp-json\/wp\/v2\/product_cat?post=1102"},{"taxonomy":"product_tag","embeddable":true,"href":"https:\/\/www.transtoyou.com\/da\/wp-json\/wp\/v2\/product_tag?post=1102"},{"taxonomy":"expert","embeddable":true,"href":"https:\/\/www.transtoyou.com\/da\/wp-json\/wp\/v2\/expert?post=1102"}],"curies":[{"name":"wp","href":"https:\/\/api.w.org\/{rel}","templated":true}]}}