{"id":1105,"date":"2026-01-24T22:03:02","date_gmt":"2026-01-24T20:03:02","guid":{"rendered":"https:\/\/www.transtoyou.com\/da\/product\/chloroquine\/"},"modified":"2026-02-10T13:51:41","modified_gmt":"2026-02-10T11:51:41","slug":"klorokin","status":"publish","type":"product","link":"https:\/\/www.transtoyou.com\/da\/product\/klorokin\/","title":{"rendered":"Klorokin"},"content":{"rendered":"<p>Chloroquin er en antimalariamedicin, der bruges til forebyggelse og behandling af malaria for\u00e5rsaget af Plasmodium vivax, Plasmodium ovale og Plasmodium malariae. Den er ikke effektiv mod de fleste stammer af Plasmodium falciparum p\u00e5 grund af udbredt resistens, men forbliver en p\u00e5lidelig mulighed i regioner, hvor modtagelige stammer stadig er til stede.<\/p>\n<p>Chloroquin virker ved at forstyrre parasittens evne til at nedbryde og bruge r\u00f8de blodlegemer. Dette forstyrrer dens livscyklus og hj\u00e6lper med at eliminere infektionen fra blodbanen. Ud over sine antimalariske egenskaber bruges chloroquin lejlighedsvis til visse autoimmune tilstande som lupus eller reumatoid arthritis under medicinsk overv\u00e5gning.<\/p>\n<p>Medicinen tages typisk en gang om ugen til malariaforebyggelse, startende en til to uger f\u00f8r indtr\u00e6den i et endemisk omr\u00e5de og forts\u00e6tter i fire uger efter afrejse. Til behandling af aktiv malaria tages chloroquin over et par p\u00e5 hinanden f\u00f8lgende dage i en h\u00f8jere dosis. Den n\u00f8jagtige dosering afh\u00e6nger af patientens v\u00e6gt, alder og om m\u00e5let er forebyggelse eller behandling.<\/p>\n<p>Chloroquin tolereres generelt godt, men bivirkninger kan omfatte mavebesv\u00e6r, hovedpine, sl\u00f8ret syn eller kl\u00f8e. Sj\u00e6ldne, men alvorlige bivirkninger inkluderer \u00e6ndringer i hjerterytmen eller \u00f8jenskader ved langvarig brug. Regelm\u00e6ssige \u00f8jenunders\u00f8gelser anbefales for personer, der bruger chloroquin p\u00e5 lang sigt til ikke-malariske indikationer.<\/p>\n<p>Det er vigtigt at bekr\u00e6fte, at chloroquin er passende for destinationen, da resistensm\u00f8nstre varierer meget p\u00e5 tv\u00e6rs af malariasoner.<\/p>\n","protected":false},"excerpt":{"rendered":"<ul>\n<li>Effektiv mod nogle malaria-stammer<\/li>\n<li>Anvendes b\u00e5de til forebyggelse og behandling<\/li>\n<li>Nogle gange brugt ved autoimmune tilstande<\/li>\n<\/ul>\n","protected":false},"featured_media":1107,"comment_status":"open","ping_status":"closed","template":"","meta":[],"product_brand":[],"product_cat":[155],"product_tag":[],"expert":[16],"class_list":{"0":"post-1105","1":"product","2":"type-product","3":"status-publish","4":"has-post-thumbnail","6":"product_cat-parasitter","7":"expert-dr-c-alexandru","9":"first","10":"instock","11":"shipping-taxable","12":"product-type-variable"},"yoast_head":"<!-- This site is optimized with the Yoast SEO plugin v27.0 - https:\/\/yoast.com\/product\/yoast-seo-wordpress\/ -->\n<title>Chloroquin | Effektiv Malaria Behandling - Transtoyou<\/title>\n<meta name=\"description\" content=\"Chloroquin er nu tilg\u00e6ngelig hos Transtoyou. F\u00e5 p\u00e5lidelige behandlingsmuligheder og professionel pleje. Shop i dag for effektive sundhedsl\u00f8sninger!\" \/>\n<meta name=\"robots\" content=\"noindex, follow, max-snippet:-1, max-image-preview:large, max-video-preview:-1\" \/>\n<meta property=\"og:locale\" content=\"da_DK\" \/>\n<meta property=\"og:type\" content=\"article\" \/>\n<meta property=\"og:title\" content=\"Chloroquin | Effektiv Malaria Behandling - Transtoyou\" \/>\n<meta property=\"og:description\" content=\"Chloroquin er nu tilg\u00e6ngelig hos Transtoyou. F\u00e5 p\u00e5lidelige behandlingsmuligheder og professionel pleje. Shop i dag for effektive sundhedsl\u00f8sninger!\" \/>\n<meta property=\"og:url\" content=\"https:\/\/www.transtoyou.com\/da\/product\/chloroquine\/\" \/>\n<meta property=\"og:site_name\" content=\"Transtoyou - DA\" \/>\n<meta property=\"article:modified_time\" content=\"2026-02-10T11:51:41+00:00\" \/>\n<meta name=\"twitter:card\" content=\"summary_large_image\" \/>\n<meta name=\"twitter:label1\" content=\"Estimeret l\u00e6setid\" \/>\n\t<meta name=\"twitter:data1\" content=\"1 minut\" \/>\n<script type=\"application\/ld+json\" class=\"yoast-schema-graph\">{\"@context\":\"https:\/\/schema.org\",\"@graph\":[{\"@type\":\"WebPage\",\"@id\":\"https:\/\/www.transtoyou.com\/da\/product\/chloroquine\/\",\"url\":\"https:\/\/www.transtoyou.com\/da\/product\/chloroquine\/\",\"name\":\"Chloroquin | Effektiv Malaria Behandling - Transtoyou\",\"isPartOf\":{\"@id\":\"https:\/\/www.transtoyou.com\/da\/#website\"},\"primaryImageOfPage\":{\"@id\":\"https:\/\/www.transtoyou.com\/da\/product\/chloroquine\/#primaryimage\"},\"image\":{\"@id\":\"https:\/\/www.transtoyou.com\/da\/product\/chloroquine\/#primaryimage\"},\"thumbnailUrl\":\"https:\/\/www.transtoyou.com\/da\/wp-content\/uploads\/sites\/6\/2026\/01\/tty-no-product-image-114.webp\",\"datePublished\":\"2026-01-24T20:03:02+00:00\",\"dateModified\":\"2026-02-10T11:51:41+00:00\",\"description\":\"Chloroquin er nu tilg\u00e6ngelig hos Transtoyou. F\u00e5 p\u00e5lidelige behandlingsmuligheder og professionel pleje. Shop i dag for effektive sundhedsl\u00f8sninger!\",\"breadcrumb\":{\"@id\":\"https:\/\/www.transtoyou.com\/da\/product\/chloroquine\/#breadcrumb\"},\"inLanguage\":\"da-DK\",\"potentialAction\":[{\"@type\":\"ReadAction\",\"target\":[\"https:\/\/www.transtoyou.com\/da\/product\/chloroquine\/\"]}]},{\"@type\":\"ImageObject\",\"inLanguage\":\"da-DK\",\"@id\":\"https:\/\/www.transtoyou.com\/da\/product\/chloroquine\/#primaryimage\",\"url\":\"https:\/\/www.transtoyou.com\/da\/wp-content\/uploads\/sites\/6\/2026\/01\/tty-no-product-image-114.webp\",\"contentUrl\":\"https:\/\/www.transtoyou.com\/da\/wp-content\/uploads\/sites\/6\/2026\/01\/tty-no-product-image-114.webp\",\"width\":1000,\"height\":1000,\"caption\":\"Standard produktbillede\"},{\"@type\":\"WebSite\",\"@id\":\"https:\/\/www.transtoyou.com\/da\/#website\",\"url\":\"https:\/\/www.transtoyou.com\/da\/\",\"name\":\"Transtoyou - DA\",\"description\":\"\",\"publisher\":{\"@id\":\"https:\/\/www.transtoyou.com\/da\/#organization\"},\"potentialAction\":[{\"@type\":\"SearchAction\",\"target\":{\"@type\":\"EntryPoint\",\"urlTemplate\":\"https:\/\/www.transtoyou.com\/da\/?s={search_term_string}\"},\"query-input\":{\"@type\":\"PropertyValueSpecification\",\"valueRequired\":true,\"valueName\":\"search_term_string\"}}],\"inLanguage\":\"da-DK\"},{\"@type\":\"Organization\",\"@id\":\"https:\/\/www.transtoyou.com\/da\/#organization\",\"name\":\"Transtoyou - DA\",\"url\":\"https:\/\/www.transtoyou.com\/da\/\",\"logo\":{\"@type\":\"ImageObject\",\"inLanguage\":\"da-DK\",\"@id\":\"https:\/\/www.transtoyou.com\/da\/#\/schema\/logo\/image\/\",\"url\":\"https:\/\/www.transtoyou.com\/da\/wp-content\/uploads\/sites\/6\/2026\/01\/logo-tty-menu-bar-300x87-1.webp\",\"contentUrl\":\"https:\/\/www.transtoyou.com\/da\/wp-content\/uploads\/sites\/6\/2026\/01\/logo-tty-menu-bar-300x87-1.webp\",\"width\":300,\"height\":87,\"caption\":\"Transtoyou - DA\"},\"image\":{\"@id\":\"https:\/\/www.transtoyou.com\/da\/#\/schema\/logo\/image\/\"}}]}<\/script>\n<!-- \/ Yoast SEO plugin. -->","yoast_head_json":{"title":"Chloroquin | Effektiv Malaria Behandling - Transtoyou","description":"Chloroquin er nu tilg\u00e6ngelig hos Transtoyou. F\u00e5 p\u00e5lidelige behandlingsmuligheder og professionel pleje. Shop i dag for effektive sundhedsl\u00f8sninger!","robots":{"index":"noindex","follow":"follow","max-snippet":"max-snippet:-1","max-image-preview":"max-image-preview:large","max-video-preview":"max-video-preview:-1"},"og_locale":"da_DK","og_type":"article","og_title":"Chloroquin | Effektiv Malaria Behandling - Transtoyou","og_description":"Chloroquin er nu tilg\u00e6ngelig hos Transtoyou. F\u00e5 p\u00e5lidelige behandlingsmuligheder og professionel pleje. Shop i dag for effektive sundhedsl\u00f8sninger!","og_url":"https:\/\/www.transtoyou.com\/da\/product\/chloroquine\/","og_site_name":"Transtoyou - DA","article_modified_time":"2026-02-10T11:51:41+00:00","twitter_card":"summary_large_image","twitter_misc":{"Estimeret l\u00e6setid":"1 minut"},"schema":{"@context":"https:\/\/schema.org","@graph":[{"@type":"WebPage","@id":"https:\/\/www.transtoyou.com\/da\/product\/chloroquine\/","url":"https:\/\/www.transtoyou.com\/da\/product\/chloroquine\/","name":"Chloroquin | Effektiv Malaria Behandling - Transtoyou","isPartOf":{"@id":"https:\/\/www.transtoyou.com\/da\/#website"},"primaryImageOfPage":{"@id":"https:\/\/www.transtoyou.com\/da\/product\/chloroquine\/#primaryimage"},"image":{"@id":"https:\/\/www.transtoyou.com\/da\/product\/chloroquine\/#primaryimage"},"thumbnailUrl":"https:\/\/www.transtoyou.com\/da\/wp-content\/uploads\/sites\/6\/2026\/01\/tty-no-product-image-114.webp","datePublished":"2026-01-24T20:03:02+00:00","dateModified":"2026-02-10T11:51:41+00:00","description":"Chloroquin er nu tilg\u00e6ngelig hos Transtoyou. F\u00e5 p\u00e5lidelige behandlingsmuligheder og professionel pleje. Shop i dag for effektive sundhedsl\u00f8sninger!","breadcrumb":{"@id":"https:\/\/www.transtoyou.com\/da\/product\/chloroquine\/#breadcrumb"},"inLanguage":"da-DK","potentialAction":[{"@type":"ReadAction","target":["https:\/\/www.transtoyou.com\/da\/product\/chloroquine\/"]}]},{"@type":"ImageObject","inLanguage":"da-DK","@id":"https:\/\/www.transtoyou.com\/da\/product\/chloroquine\/#primaryimage","url":"https:\/\/www.transtoyou.com\/da\/wp-content\/uploads\/sites\/6\/2026\/01\/tty-no-product-image-114.webp","contentUrl":"https:\/\/www.transtoyou.com\/da\/wp-content\/uploads\/sites\/6\/2026\/01\/tty-no-product-image-114.webp","width":1000,"height":1000,"caption":"Standard produktbillede"},{"@type":"WebSite","@id":"https:\/\/www.transtoyou.com\/da\/#website","url":"https:\/\/www.transtoyou.com\/da\/","name":"Transtoyou - DA","description":"","publisher":{"@id":"https:\/\/www.transtoyou.com\/da\/#organization"},"potentialAction":[{"@type":"SearchAction","target":{"@type":"EntryPoint","urlTemplate":"https:\/\/www.transtoyou.com\/da\/?s={search_term_string}"},"query-input":{"@type":"PropertyValueSpecification","valueRequired":true,"valueName":"search_term_string"}}],"inLanguage":"da-DK"},{"@type":"Organization","@id":"https:\/\/www.transtoyou.com\/da\/#organization","name":"Transtoyou - DA","url":"https:\/\/www.transtoyou.com\/da\/","logo":{"@type":"ImageObject","inLanguage":"da-DK","@id":"https:\/\/www.transtoyou.com\/da\/#\/schema\/logo\/image\/","url":"https:\/\/www.transtoyou.com\/da\/wp-content\/uploads\/sites\/6\/2026\/01\/logo-tty-menu-bar-300x87-1.webp","contentUrl":"https:\/\/www.transtoyou.com\/da\/wp-content\/uploads\/sites\/6\/2026\/01\/logo-tty-menu-bar-300x87-1.webp","width":300,"height":87,"caption":"Transtoyou - DA"},"image":{"@id":"https:\/\/www.transtoyou.com\/da\/#\/schema\/logo\/image\/"}}]}},"_links":{"self":[{"href":"https:\/\/www.transtoyou.com\/da\/wp-json\/wp\/v2\/product\/1105","targetHints":{"allow":["GET"]}}],"collection":[{"href":"https:\/\/www.transtoyou.com\/da\/wp-json\/wp\/v2\/product"}],"about":[{"href":"https:\/\/www.transtoyou.com\/da\/wp-json\/wp\/v2\/types\/product"}],"replies":[{"embeddable":true,"href":"https:\/\/www.transtoyou.com\/da\/wp-json\/wp\/v2\/comments?post=1105"}],"wp:featuredmedia":[{"embeddable":true,"href":"https:\/\/www.transtoyou.com\/da\/wp-json\/wp\/v2\/media\/1107"}],"wp:attachment":[{"href":"https:\/\/www.transtoyou.com\/da\/wp-json\/wp\/v2\/media?parent=1105"}],"wp:term":[{"taxonomy":"product_brand","embeddable":true,"href":"https:\/\/www.transtoyou.com\/da\/wp-json\/wp\/v2\/product_brand?post=1105"},{"taxonomy":"product_cat","embeddable":true,"href":"https:\/\/www.transtoyou.com\/da\/wp-json\/wp\/v2\/product_cat?post=1105"},{"taxonomy":"product_tag","embeddable":true,"href":"https:\/\/www.transtoyou.com\/da\/wp-json\/wp\/v2\/product_tag?post=1105"},{"taxonomy":"expert","embeddable":true,"href":"https:\/\/www.transtoyou.com\/da\/wp-json\/wp\/v2\/expert?post=1105"}],"curies":[{"name":"wp","href":"https:\/\/api.w.org\/{rel}","templated":true}]}}