{"id":1108,"date":"2026-01-24T22:19:25","date_gmt":"2026-01-24T20:19:25","guid":{"rendered":"https:\/\/www.transtoyou.com\/da\/product\/invicorp\/"},"modified":"2026-02-20T12:30:34","modified_gmt":"2026-02-20T10:30:34","slug":"invicorp","status":"publish","type":"product","link":"https:\/\/www.transtoyou.com\/da\/product\/invicorp\/","title":{"rendered":"Invicorp"},"content":{"rendered":"<p>Invicorp er en medicin, der bruges til at behandle erektil dysfunktion (ED). Den indeholder to aktive stoffer: aviptadil og phentolamin, som arbejder sammen for at forbedre blodgennemstr\u00f8mningen til penis og reducere blodtilbagel\u00f8bet. Denne dobbelte virkning muligg\u00f8r en fast erektion, der er egnet til seksuel aktivitet.<\/p>\n<p>Aviptadil er en syntetisk version af vasoaktivt intestinalt peptid (VIP), som hj\u00e6lper med at afslappe glatte muskler og reducere blodtilbagel\u00f8bet fra penis. Phentolamin er en alfa-blokker, der \u00f8ger blodgennemstr\u00f8mningen til det penile v\u00e6v ved at udvide blodkarrene. Sammen hj\u00e6lper de med at opn\u00e5 og opretholde en erektion ved at genoprette den naturlige balance af blodgennemstr\u00f8mning ind og ud af penis.<\/p>\n<p>Invicorp bruges hos m\u00e6nd med erektil dysfunktion, is\u00e6r hos dem, hvor andre behandlinger, s\u00e5som orale medicin, ikke er effektive eller ikke anbefales. Den injiceres direkte i corpora cavernosa (det bl\u00f8de v\u00e6v p\u00e5 hver side af penis skaftet). Effekterne begynder normalt kort efter injektionen og varer typisk ikke mere end en time.<\/p>\n","protected":false},"excerpt":{"rendered":"<ul>\n<li>Hurtig og p\u00e5lidelig st\u00f8tte til erektion<\/li>\n<li>Virker n\u00e5r oral ED-medicin fejler<\/li>\n<li>Injiceres direkte i penis<\/li>\n<\/ul>\n","protected":false},"featured_media":1110,"comment_status":"open","ping_status":"closed","template":"","meta":[],"product_brand":[],"product_cat":[115],"product_tag":[],"expert":[17],"class_list":{"0":"post-1108","1":"product","2":"type-product","3":"status-publish","4":"has-post-thumbnail","6":"product_cat-behandlinger-for-erektil-dysfunktion","7":"expert-dr-c-munoz-parada","9":"first","10":"instock","11":"shipping-taxable","12":"product-type-variable"},"yoast_head":"<!-- This site is optimized with the Yoast SEO plugin v27.0 - https:\/\/yoast.com\/product\/yoast-seo-wordpress\/ -->\n<title>Invicorp | Forbedr blodgennemstr\u00f8mningen for lindring af ED - Transtoyou<\/title>\n<meta name=\"description\" content=\"Opdag Invicorp hos Transtoyou, der forbedrer pr\u00e6station og selvtillid. Shop nu for en effektiv l\u00f8sning, der st\u00f8tter dine sundhedsm\u00e5l.\" \/>\n<meta name=\"robots\" content=\"noindex, follow, max-snippet:-1, max-image-preview:large, max-video-preview:-1\" \/>\n<meta property=\"og:locale\" content=\"da_DK\" \/>\n<meta property=\"og:type\" content=\"article\" \/>\n<meta property=\"og:title\" content=\"Invicorp | Forbedr blodgennemstr\u00f8mningen for lindring af ED - Transtoyou\" \/>\n<meta property=\"og:description\" content=\"Opdag Invicorp hos Transtoyou, der forbedrer pr\u00e6station og selvtillid. Shop nu for en effektiv l\u00f8sning, der st\u00f8tter dine sundhedsm\u00e5l.\" \/>\n<meta property=\"og:url\" content=\"https:\/\/www.transtoyou.com\/da\/product\/invicorp\/\" \/>\n<meta property=\"og:site_name\" content=\"Transtoyou - DA\" \/>\n<meta property=\"article:modified_time\" content=\"2026-02-20T10:30:34+00:00\" \/>\n<meta name=\"twitter:card\" content=\"summary_large_image\" \/>\n<meta name=\"twitter:label1\" content=\"Estimeret l\u00e6setid\" \/>\n\t<meta name=\"twitter:data1\" content=\"1 minut\" \/>\n<script type=\"application\/ld+json\" class=\"yoast-schema-graph\">{\"@context\":\"https:\/\/schema.org\",\"@graph\":[{\"@type\":\"WebPage\",\"@id\":\"https:\/\/www.transtoyou.com\/da\/product\/invicorp\/\",\"url\":\"https:\/\/www.transtoyou.com\/da\/product\/invicorp\/\",\"name\":\"Invicorp | Forbedr blodgennemstr\u00f8mningen for lindring af ED - Transtoyou\",\"isPartOf\":{\"@id\":\"https:\/\/www.transtoyou.com\/da\/#website\"},\"primaryImageOfPage\":{\"@id\":\"https:\/\/www.transtoyou.com\/da\/product\/invicorp\/#primaryimage\"},\"image\":{\"@id\":\"https:\/\/www.transtoyou.com\/da\/product\/invicorp\/#primaryimage\"},\"thumbnailUrl\":\"https:\/\/www.transtoyou.com\/da\/wp-content\/uploads\/sites\/6\/2026\/01\/tty-no-product-image-115.webp\",\"datePublished\":\"2026-01-24T20:19:25+00:00\",\"dateModified\":\"2026-02-20T10:30:34+00:00\",\"description\":\"Opdag Invicorp hos Transtoyou, der forbedrer pr\u00e6station og selvtillid. Shop nu for en effektiv l\u00f8sning, der st\u00f8tter dine sundhedsm\u00e5l.\",\"breadcrumb\":{\"@id\":\"https:\/\/www.transtoyou.com\/da\/product\/invicorp\/#breadcrumb\"},\"inLanguage\":\"da-DK\",\"potentialAction\":[{\"@type\":\"ReadAction\",\"target\":[\"https:\/\/www.transtoyou.com\/da\/product\/invicorp\/\"]}]},{\"@type\":\"ImageObject\",\"inLanguage\":\"da-DK\",\"@id\":\"https:\/\/www.transtoyou.com\/da\/product\/invicorp\/#primaryimage\",\"url\":\"https:\/\/www.transtoyou.com\/da\/wp-content\/uploads\/sites\/6\/2026\/01\/tty-no-product-image-115.webp\",\"contentUrl\":\"https:\/\/www.transtoyou.com\/da\/wp-content\/uploads\/sites\/6\/2026\/01\/tty-no-product-image-115.webp\",\"width\":1000,\"height\":1000,\"caption\":\"Standard produktbillede\"},{\"@type\":\"WebSite\",\"@id\":\"https:\/\/www.transtoyou.com\/da\/#website\",\"url\":\"https:\/\/www.transtoyou.com\/da\/\",\"name\":\"Transtoyou - DA\",\"description\":\"\",\"publisher\":{\"@id\":\"https:\/\/www.transtoyou.com\/da\/#organization\"},\"potentialAction\":[{\"@type\":\"SearchAction\",\"target\":{\"@type\":\"EntryPoint\",\"urlTemplate\":\"https:\/\/www.transtoyou.com\/da\/?s={search_term_string}\"},\"query-input\":{\"@type\":\"PropertyValueSpecification\",\"valueRequired\":true,\"valueName\":\"search_term_string\"}}],\"inLanguage\":\"da-DK\"},{\"@type\":\"Organization\",\"@id\":\"https:\/\/www.transtoyou.com\/da\/#organization\",\"name\":\"Transtoyou - DA\",\"url\":\"https:\/\/www.transtoyou.com\/da\/\",\"logo\":{\"@type\":\"ImageObject\",\"inLanguage\":\"da-DK\",\"@id\":\"https:\/\/www.transtoyou.com\/da\/#\/schema\/logo\/image\/\",\"url\":\"https:\/\/www.transtoyou.com\/da\/wp-content\/uploads\/sites\/6\/2026\/01\/logo-tty-menu-bar-300x87-1.webp\",\"contentUrl\":\"https:\/\/www.transtoyou.com\/da\/wp-content\/uploads\/sites\/6\/2026\/01\/logo-tty-menu-bar-300x87-1.webp\",\"width\":300,\"height\":87,\"caption\":\"Transtoyou - DA\"},\"image\":{\"@id\":\"https:\/\/www.transtoyou.com\/da\/#\/schema\/logo\/image\/\"}}]}<\/script>\n<!-- \/ Yoast SEO plugin. -->","yoast_head_json":{"title":"Invicorp | Forbedr blodgennemstr\u00f8mningen for lindring af ED - Transtoyou","description":"Opdag Invicorp hos Transtoyou, der forbedrer pr\u00e6station og selvtillid. Shop nu for en effektiv l\u00f8sning, der st\u00f8tter dine sundhedsm\u00e5l.","robots":{"index":"noindex","follow":"follow","max-snippet":"max-snippet:-1","max-image-preview":"max-image-preview:large","max-video-preview":"max-video-preview:-1"},"og_locale":"da_DK","og_type":"article","og_title":"Invicorp | Forbedr blodgennemstr\u00f8mningen for lindring af ED - Transtoyou","og_description":"Opdag Invicorp hos Transtoyou, der forbedrer pr\u00e6station og selvtillid. Shop nu for en effektiv l\u00f8sning, der st\u00f8tter dine sundhedsm\u00e5l.","og_url":"https:\/\/www.transtoyou.com\/da\/product\/invicorp\/","og_site_name":"Transtoyou - DA","article_modified_time":"2026-02-20T10:30:34+00:00","twitter_card":"summary_large_image","twitter_misc":{"Estimeret l\u00e6setid":"1 minut"},"schema":{"@context":"https:\/\/schema.org","@graph":[{"@type":"WebPage","@id":"https:\/\/www.transtoyou.com\/da\/product\/invicorp\/","url":"https:\/\/www.transtoyou.com\/da\/product\/invicorp\/","name":"Invicorp | Forbedr blodgennemstr\u00f8mningen for lindring af ED - Transtoyou","isPartOf":{"@id":"https:\/\/www.transtoyou.com\/da\/#website"},"primaryImageOfPage":{"@id":"https:\/\/www.transtoyou.com\/da\/product\/invicorp\/#primaryimage"},"image":{"@id":"https:\/\/www.transtoyou.com\/da\/product\/invicorp\/#primaryimage"},"thumbnailUrl":"https:\/\/www.transtoyou.com\/da\/wp-content\/uploads\/sites\/6\/2026\/01\/tty-no-product-image-115.webp","datePublished":"2026-01-24T20:19:25+00:00","dateModified":"2026-02-20T10:30:34+00:00","description":"Opdag Invicorp hos Transtoyou, der forbedrer pr\u00e6station og selvtillid. Shop nu for en effektiv l\u00f8sning, der st\u00f8tter dine sundhedsm\u00e5l.","breadcrumb":{"@id":"https:\/\/www.transtoyou.com\/da\/product\/invicorp\/#breadcrumb"},"inLanguage":"da-DK","potentialAction":[{"@type":"ReadAction","target":["https:\/\/www.transtoyou.com\/da\/product\/invicorp\/"]}]},{"@type":"ImageObject","inLanguage":"da-DK","@id":"https:\/\/www.transtoyou.com\/da\/product\/invicorp\/#primaryimage","url":"https:\/\/www.transtoyou.com\/da\/wp-content\/uploads\/sites\/6\/2026\/01\/tty-no-product-image-115.webp","contentUrl":"https:\/\/www.transtoyou.com\/da\/wp-content\/uploads\/sites\/6\/2026\/01\/tty-no-product-image-115.webp","width":1000,"height":1000,"caption":"Standard produktbillede"},{"@type":"WebSite","@id":"https:\/\/www.transtoyou.com\/da\/#website","url":"https:\/\/www.transtoyou.com\/da\/","name":"Transtoyou - DA","description":"","publisher":{"@id":"https:\/\/www.transtoyou.com\/da\/#organization"},"potentialAction":[{"@type":"SearchAction","target":{"@type":"EntryPoint","urlTemplate":"https:\/\/www.transtoyou.com\/da\/?s={search_term_string}"},"query-input":{"@type":"PropertyValueSpecification","valueRequired":true,"valueName":"search_term_string"}}],"inLanguage":"da-DK"},{"@type":"Organization","@id":"https:\/\/www.transtoyou.com\/da\/#organization","name":"Transtoyou - DA","url":"https:\/\/www.transtoyou.com\/da\/","logo":{"@type":"ImageObject","inLanguage":"da-DK","@id":"https:\/\/www.transtoyou.com\/da\/#\/schema\/logo\/image\/","url":"https:\/\/www.transtoyou.com\/da\/wp-content\/uploads\/sites\/6\/2026\/01\/logo-tty-menu-bar-300x87-1.webp","contentUrl":"https:\/\/www.transtoyou.com\/da\/wp-content\/uploads\/sites\/6\/2026\/01\/logo-tty-menu-bar-300x87-1.webp","width":300,"height":87,"caption":"Transtoyou - DA"},"image":{"@id":"https:\/\/www.transtoyou.com\/da\/#\/schema\/logo\/image\/"}}]}},"_links":{"self":[{"href":"https:\/\/www.transtoyou.com\/da\/wp-json\/wp\/v2\/product\/1108","targetHints":{"allow":["GET"]}}],"collection":[{"href":"https:\/\/www.transtoyou.com\/da\/wp-json\/wp\/v2\/product"}],"about":[{"href":"https:\/\/www.transtoyou.com\/da\/wp-json\/wp\/v2\/types\/product"}],"replies":[{"embeddable":true,"href":"https:\/\/www.transtoyou.com\/da\/wp-json\/wp\/v2\/comments?post=1108"}],"wp:featuredmedia":[{"embeddable":true,"href":"https:\/\/www.transtoyou.com\/da\/wp-json\/wp\/v2\/media\/1110"}],"wp:attachment":[{"href":"https:\/\/www.transtoyou.com\/da\/wp-json\/wp\/v2\/media?parent=1108"}],"wp:term":[{"taxonomy":"product_brand","embeddable":true,"href":"https:\/\/www.transtoyou.com\/da\/wp-json\/wp\/v2\/product_brand?post=1108"},{"taxonomy":"product_cat","embeddable":true,"href":"https:\/\/www.transtoyou.com\/da\/wp-json\/wp\/v2\/product_cat?post=1108"},{"taxonomy":"product_tag","embeddable":true,"href":"https:\/\/www.transtoyou.com\/da\/wp-json\/wp\/v2\/product_tag?post=1108"},{"taxonomy":"expert","embeddable":true,"href":"https:\/\/www.transtoyou.com\/da\/wp-json\/wp\/v2\/expert?post=1108"}],"curies":[{"name":"wp","href":"https:\/\/api.w.org\/{rel}","templated":true}]}}