{"id":1111,"date":"2026-01-24T22:35:00","date_gmt":"2026-01-24T20:35:00","guid":{"rendered":"https:\/\/www.transtoyou.com\/da\/product\/fortacin\/"},"modified":"2026-02-17T14:05:42","modified_gmt":"2026-02-17T12:05:42","slug":"fortacin","status":"publish","type":"product","link":"https:\/\/www.transtoyou.com\/da\/product\/fortacin\/","title":{"rendered":"Fortacin"},"content":{"rendered":"<p>Fortacin er en receptpligtig spray, der er udviklet til at behandle for tidlig s\u00e6dafgang hos voksne m\u00e6nd. Den indeholder to lokale bed\u00f8velsesmidler, lidokain og prilokain, som arbejder sammen for midlertidigt at reducere f\u00f8lsomheden i penis. Ved at bed\u00f8ve overfladen hj\u00e6lper produktet med at forsinke s\u00e6dafgang og forbedre kontrollen under seksuel aktivitet.<\/p>\n<p>Denne spray p\u00e5f\u00f8res direkte p\u00e5 spidsen af penis f\u00f8r samleje. Den absorberes hurtigt og begynder at virke inden for f\u00e5 minutter, hvilket tilbyder en nem og ikke-invasiv l\u00f8sning p\u00e5 en tilstand, der kan for\u00e5rsage f\u00f8lelsesm\u00e6ssig stress og problemer i forholdet. Fortacin er designet til at bevare f\u00f8lelsen af nydelse, mens den forl\u00e6nges tiden f\u00f8r s\u00e6dafgang.<\/p>\n<p>I mods\u00e6tning til orale medikamenter virker Fortacin lokalt og kr\u00e6ver ikke systemisk absorption. Dette g\u00f8r det til en nyttig mulighed for m\u00e6nd, der foretr\u00e6kker at undg\u00e5 piller, eller som m\u00e5ske ikke er egnede kandidater til orale behandlinger. P\u00e5 grund af sin m\u00e5lrettede virkning og hurtige inds\u00e6ttelse kan den bruges efter behov, hvilket giver fleksibilitet i h\u00e5ndteringen af symptomer.<\/p>\n<p>De fleste m\u00e6nd t\u00e5ler sprayen godt, selvom nogle kan opleve mild hudirritation, midlertidig f\u00f8lelsesl\u00f8shed eller nedsat f\u00f8lsomhed. Disse virkninger er normalt kortvarige og mindskes med fortsat brug. Fortacin er ikke et pr\u00e6ventionsmiddel og beskytter ikke mod seksuelt overf\u00f8rte infektioner, s\u00e5 passende beskyttelse b\u00f8r anvendes, hvis det er n\u00f8dvendigt.<\/p>\n","protected":false},"excerpt":{"rendered":"<ul>\n<li>Spraybehandling mod for tidlig s\u00e6dafgang<\/li>\n<li>Indeholder lidokain og prilokain<\/li>\n<li>Hurtigvirkende med lokal effekt<\/li>\n<\/ul>\n","protected":false},"featured_media":1113,"comment_status":"open","ping_status":"closed","template":"","meta":[],"product_brand":[],"product_cat":[157],"product_tag":[],"expert":[16],"class_list":{"0":"post-1111","1":"product","2":"type-product","3":"status-publish","4":"has-post-thumbnail","6":"product_cat-losninger-til-for-tidlig-ejakulation","7":"expert-dr-c-alexandru","9":"first","10":"instock","11":"shipping-taxable","12":"product-type-variable"},"yoast_head":"<!-- This site is optimized with the Yoast SEO plugin v27.0 - https:\/\/yoast.com\/product\/yoast-seo-wordpress\/ -->\n<title>Fortacin | Hurtig lindring af for tidlig s\u00e6dafgang - Transtoyou<\/title>\n<meta name=\"description\" content=\"Fortacin er nu tilg\u00e6ngelig p\u00e5 Transtoyou, som giver hurtig lindring mod for tidlig s\u00e6dafgang. Udforsk effektive l\u00f8sninger og shop med tillid i dag.\" \/>\n<meta name=\"robots\" content=\"noindex, follow, max-snippet:-1, max-image-preview:large, max-video-preview:-1\" \/>\n<meta property=\"og:locale\" content=\"da_DK\" \/>\n<meta property=\"og:type\" content=\"article\" \/>\n<meta property=\"og:title\" content=\"Fortacin | Hurtig lindring af for tidlig s\u00e6dafgang - Transtoyou\" \/>\n<meta property=\"og:description\" content=\"Fortacin er nu tilg\u00e6ngelig p\u00e5 Transtoyou, som giver hurtig lindring mod for tidlig s\u00e6dafgang. Udforsk effektive l\u00f8sninger og shop med tillid i dag.\" \/>\n<meta property=\"og:url\" content=\"https:\/\/www.transtoyou.com\/da\/product\/fortacin\/\" \/>\n<meta property=\"og:site_name\" content=\"Transtoyou - DA\" \/>\n<meta property=\"article:modified_time\" content=\"2026-02-17T12:05:42+00:00\" \/>\n<meta name=\"twitter:card\" content=\"summary_large_image\" \/>\n<meta name=\"twitter:label1\" content=\"Estimeret l\u00e6setid\" \/>\n\t<meta name=\"twitter:data1\" content=\"1 minut\" \/>\n<script type=\"application\/ld+json\" class=\"yoast-schema-graph\">{\"@context\":\"https:\/\/schema.org\",\"@graph\":[{\"@type\":\"WebPage\",\"@id\":\"https:\/\/www.transtoyou.com\/da\/product\/fortacin\/\",\"url\":\"https:\/\/www.transtoyou.com\/da\/product\/fortacin\/\",\"name\":\"Fortacin | Hurtig lindring af for tidlig s\u00e6dafgang - Transtoyou\",\"isPartOf\":{\"@id\":\"https:\/\/www.transtoyou.com\/da\/#website\"},\"primaryImageOfPage\":{\"@id\":\"https:\/\/www.transtoyou.com\/da\/product\/fortacin\/#primaryimage\"},\"image\":{\"@id\":\"https:\/\/www.transtoyou.com\/da\/product\/fortacin\/#primaryimage\"},\"thumbnailUrl\":\"https:\/\/www.transtoyou.com\/da\/wp-content\/uploads\/sites\/6\/2026\/01\/tty-no-product-image-116.webp\",\"datePublished\":\"2026-01-24T20:35:00+00:00\",\"dateModified\":\"2026-02-17T12:05:42+00:00\",\"description\":\"Fortacin er nu tilg\u00e6ngelig p\u00e5 Transtoyou, som giver hurtig lindring mod for tidlig s\u00e6dafgang. Udforsk effektive l\u00f8sninger og shop med tillid i dag.\",\"breadcrumb\":{\"@id\":\"https:\/\/www.transtoyou.com\/da\/product\/fortacin\/#breadcrumb\"},\"inLanguage\":\"da-DK\",\"potentialAction\":[{\"@type\":\"ReadAction\",\"target\":[\"https:\/\/www.transtoyou.com\/da\/product\/fortacin\/\"]}]},{\"@type\":\"ImageObject\",\"inLanguage\":\"da-DK\",\"@id\":\"https:\/\/www.transtoyou.com\/da\/product\/fortacin\/#primaryimage\",\"url\":\"https:\/\/www.transtoyou.com\/da\/wp-content\/uploads\/sites\/6\/2026\/01\/tty-no-product-image-116.webp\",\"contentUrl\":\"https:\/\/www.transtoyou.com\/da\/wp-content\/uploads\/sites\/6\/2026\/01\/tty-no-product-image-116.webp\",\"width\":1000,\"height\":1000,\"caption\":\"Standard produktbillede\"},{\"@type\":\"WebSite\",\"@id\":\"https:\/\/www.transtoyou.com\/da\/#website\",\"url\":\"https:\/\/www.transtoyou.com\/da\/\",\"name\":\"Transtoyou - DA\",\"description\":\"\",\"publisher\":{\"@id\":\"https:\/\/www.transtoyou.com\/da\/#organization\"},\"potentialAction\":[{\"@type\":\"SearchAction\",\"target\":{\"@type\":\"EntryPoint\",\"urlTemplate\":\"https:\/\/www.transtoyou.com\/da\/?s={search_term_string}\"},\"query-input\":{\"@type\":\"PropertyValueSpecification\",\"valueRequired\":true,\"valueName\":\"search_term_string\"}}],\"inLanguage\":\"da-DK\"},{\"@type\":\"Organization\",\"@id\":\"https:\/\/www.transtoyou.com\/da\/#organization\",\"name\":\"Transtoyou - DA\",\"url\":\"https:\/\/www.transtoyou.com\/da\/\",\"logo\":{\"@type\":\"ImageObject\",\"inLanguage\":\"da-DK\",\"@id\":\"https:\/\/www.transtoyou.com\/da\/#\/schema\/logo\/image\/\",\"url\":\"https:\/\/www.transtoyou.com\/da\/wp-content\/uploads\/sites\/6\/2026\/01\/logo-tty-menu-bar-300x87-1.webp\",\"contentUrl\":\"https:\/\/www.transtoyou.com\/da\/wp-content\/uploads\/sites\/6\/2026\/01\/logo-tty-menu-bar-300x87-1.webp\",\"width\":300,\"height\":87,\"caption\":\"Transtoyou - DA\"},\"image\":{\"@id\":\"https:\/\/www.transtoyou.com\/da\/#\/schema\/logo\/image\/\"}}]}<\/script>\n<!-- \/ Yoast SEO plugin. -->","yoast_head_json":{"title":"Fortacin | Hurtig lindring af for tidlig s\u00e6dafgang - Transtoyou","description":"Fortacin er nu tilg\u00e6ngelig p\u00e5 Transtoyou, som giver hurtig lindring mod for tidlig s\u00e6dafgang. Udforsk effektive l\u00f8sninger og shop med tillid i dag.","robots":{"index":"noindex","follow":"follow","max-snippet":"max-snippet:-1","max-image-preview":"max-image-preview:large","max-video-preview":"max-video-preview:-1"},"og_locale":"da_DK","og_type":"article","og_title":"Fortacin | Hurtig lindring af for tidlig s\u00e6dafgang - Transtoyou","og_description":"Fortacin er nu tilg\u00e6ngelig p\u00e5 Transtoyou, som giver hurtig lindring mod for tidlig s\u00e6dafgang. Udforsk effektive l\u00f8sninger og shop med tillid i dag.","og_url":"https:\/\/www.transtoyou.com\/da\/product\/fortacin\/","og_site_name":"Transtoyou - DA","article_modified_time":"2026-02-17T12:05:42+00:00","twitter_card":"summary_large_image","twitter_misc":{"Estimeret l\u00e6setid":"1 minut"},"schema":{"@context":"https:\/\/schema.org","@graph":[{"@type":"WebPage","@id":"https:\/\/www.transtoyou.com\/da\/product\/fortacin\/","url":"https:\/\/www.transtoyou.com\/da\/product\/fortacin\/","name":"Fortacin | Hurtig lindring af for tidlig s\u00e6dafgang - Transtoyou","isPartOf":{"@id":"https:\/\/www.transtoyou.com\/da\/#website"},"primaryImageOfPage":{"@id":"https:\/\/www.transtoyou.com\/da\/product\/fortacin\/#primaryimage"},"image":{"@id":"https:\/\/www.transtoyou.com\/da\/product\/fortacin\/#primaryimage"},"thumbnailUrl":"https:\/\/www.transtoyou.com\/da\/wp-content\/uploads\/sites\/6\/2026\/01\/tty-no-product-image-116.webp","datePublished":"2026-01-24T20:35:00+00:00","dateModified":"2026-02-17T12:05:42+00:00","description":"Fortacin er nu tilg\u00e6ngelig p\u00e5 Transtoyou, som giver hurtig lindring mod for tidlig s\u00e6dafgang. Udforsk effektive l\u00f8sninger og shop med tillid i dag.","breadcrumb":{"@id":"https:\/\/www.transtoyou.com\/da\/product\/fortacin\/#breadcrumb"},"inLanguage":"da-DK","potentialAction":[{"@type":"ReadAction","target":["https:\/\/www.transtoyou.com\/da\/product\/fortacin\/"]}]},{"@type":"ImageObject","inLanguage":"da-DK","@id":"https:\/\/www.transtoyou.com\/da\/product\/fortacin\/#primaryimage","url":"https:\/\/www.transtoyou.com\/da\/wp-content\/uploads\/sites\/6\/2026\/01\/tty-no-product-image-116.webp","contentUrl":"https:\/\/www.transtoyou.com\/da\/wp-content\/uploads\/sites\/6\/2026\/01\/tty-no-product-image-116.webp","width":1000,"height":1000,"caption":"Standard produktbillede"},{"@type":"WebSite","@id":"https:\/\/www.transtoyou.com\/da\/#website","url":"https:\/\/www.transtoyou.com\/da\/","name":"Transtoyou - DA","description":"","publisher":{"@id":"https:\/\/www.transtoyou.com\/da\/#organization"},"potentialAction":[{"@type":"SearchAction","target":{"@type":"EntryPoint","urlTemplate":"https:\/\/www.transtoyou.com\/da\/?s={search_term_string}"},"query-input":{"@type":"PropertyValueSpecification","valueRequired":true,"valueName":"search_term_string"}}],"inLanguage":"da-DK"},{"@type":"Organization","@id":"https:\/\/www.transtoyou.com\/da\/#organization","name":"Transtoyou - DA","url":"https:\/\/www.transtoyou.com\/da\/","logo":{"@type":"ImageObject","inLanguage":"da-DK","@id":"https:\/\/www.transtoyou.com\/da\/#\/schema\/logo\/image\/","url":"https:\/\/www.transtoyou.com\/da\/wp-content\/uploads\/sites\/6\/2026\/01\/logo-tty-menu-bar-300x87-1.webp","contentUrl":"https:\/\/www.transtoyou.com\/da\/wp-content\/uploads\/sites\/6\/2026\/01\/logo-tty-menu-bar-300x87-1.webp","width":300,"height":87,"caption":"Transtoyou - DA"},"image":{"@id":"https:\/\/www.transtoyou.com\/da\/#\/schema\/logo\/image\/"}}]}},"_links":{"self":[{"href":"https:\/\/www.transtoyou.com\/da\/wp-json\/wp\/v2\/product\/1111","targetHints":{"allow":["GET"]}}],"collection":[{"href":"https:\/\/www.transtoyou.com\/da\/wp-json\/wp\/v2\/product"}],"about":[{"href":"https:\/\/www.transtoyou.com\/da\/wp-json\/wp\/v2\/types\/product"}],"replies":[{"embeddable":true,"href":"https:\/\/www.transtoyou.com\/da\/wp-json\/wp\/v2\/comments?post=1111"}],"wp:featuredmedia":[{"embeddable":true,"href":"https:\/\/www.transtoyou.com\/da\/wp-json\/wp\/v2\/media\/1113"}],"wp:attachment":[{"href":"https:\/\/www.transtoyou.com\/da\/wp-json\/wp\/v2\/media?parent=1111"}],"wp:term":[{"taxonomy":"product_brand","embeddable":true,"href":"https:\/\/www.transtoyou.com\/da\/wp-json\/wp\/v2\/product_brand?post=1111"},{"taxonomy":"product_cat","embeddable":true,"href":"https:\/\/www.transtoyou.com\/da\/wp-json\/wp\/v2\/product_cat?post=1111"},{"taxonomy":"product_tag","embeddable":true,"href":"https:\/\/www.transtoyou.com\/da\/wp-json\/wp\/v2\/product_tag?post=1111"},{"taxonomy":"expert","embeddable":true,"href":"https:\/\/www.transtoyou.com\/da\/wp-json\/wp\/v2\/expert?post=1111"}],"curies":[{"name":"wp","href":"https:\/\/api.w.org\/{rel}","templated":true}]}}