{"id":1114,"date":"2026-01-24T22:50:53","date_gmt":"2026-01-24T20:50:53","guid":{"rendered":"https:\/\/www.transtoyou.com\/da\/product\/priligy\/"},"modified":"2026-03-01T14:02:33","modified_gmt":"2026-03-01T12:02:33","slug":"priligy","status":"publish","type":"product","link":"https:\/\/www.transtoyou.com\/da\/product\/priligy\/","title":{"rendered":"Priligy"},"content":{"rendered":"<p>Priligy indeholder dapoxetin, en hurtigtvirkende medicin, der bruges til at behandle for tidlig s\u00e6dafgang hos voksne m\u00e6nd. Det tilh\u00f8rer en gruppe af l\u00e6gemidler kaldet selektive serotonin-genoptagelsesh\u00e6mmere (SSRI&#8217;er), men det er designet specifikt til brug ved behov, ikke til daglig brug. Ved at \u00f8ge aktiviteten af serotonin i nervesystemet hj\u00e6lper Priligy med at forsinke s\u00e6dafgang, forbedre kontrol og reducere ubehag forbundet med tilstanden.<\/p>\n<p>For tidlig s\u00e6dafgang er en af de mest almindelige mandlige seksuelle bekymringer. Det kan p\u00e5virke selvtillid og intimitet, selv i sunde forhold. Priligy tilbyder en l\u00f8sning, der passer ind i en fleksibel rutine, da det kun tages, n\u00e5r det er n\u00f8dvendigt, cirka en til tre timer f\u00f8r seksuel aktivitet. Medicinen optages hurtigt og begynder at virke inden for 30 til 60 minutter hos de fleste brugere.<\/p>\n<p>I mods\u00e6tning til mange behandlinger, der kr\u00e6ver kontinuerlig brug, g\u00f8r Priligys korte virkning og hurtige eliminering fra kroppen det til et bekvemt valg for dem, der foretr\u00e6kker ikke at bruge daglig medicin. De fleste brugere rapporterer om \u00f8get tilfredshed med seksuel pr\u00e6station og bedre kontrol over s\u00e6dafgang efter at have startet p\u00e5 Priligy.<\/p>\n<p>Priligy tolereres generelt godt. Nogle m\u00e6nd oplever kvalme, svimmelhed eller hovedpine, is\u00e6r n\u00e5r de f\u00f8rst starter p\u00e5 medicinen. At drikke alkohol kan \u00f8ge disse virkninger, s\u00e5 det anbefales at undg\u00e5 alkohol t\u00e6t p\u00e5 brugstidspunktet. Denne medicin er ikke beregnet til m\u00e6nd med hjerteproblemer eller dem, der tager medicin, der p\u00e5virker blodtryk eller serotoninniveauer.<\/p>\n","protected":false},"excerpt":{"rendered":"<ul>\n<li>On-demand oral behandling for tidlig s\u00e6dafgang<\/li>\n<li>Indeholder dapoxetin, en korttidsvirkende SSRI<\/li>\n<li>Forbedrer kontrol og reducerer seksuel angst<\/li>\n<\/ul>\n","protected":false},"featured_media":1116,"comment_status":"open","ping_status":"closed","template":"","meta":[],"product_brand":[],"product_cat":[157],"product_tag":[],"expert":[16],"class_list":{"0":"post-1114","1":"product","2":"type-product","3":"status-publish","4":"has-post-thumbnail","6":"product_cat-losninger-til-for-tidlig-ejakulation","7":"expert-dr-c-alexandru","9":"first","10":"instock","11":"shipping-taxable","12":"purchasable","13":"product-type-variable"},"yoast_head":"<!-- This site is optimized with the Yoast SEO plugin v27.0 - https:\/\/yoast.com\/product\/yoast-seo-wordpress\/ -->\n<title>Priligy | Forbedr Vitalitet og Udholdenhed - Transtoyou<\/title>\n<meta name=\"description\" content=\"Priligy er tilg\u00e6ngelig hos Transtoyou, som tilbyder unikke fordele til h\u00e5ndtering af for tidlig s\u00e6dafgang. K\u00f8b nu for nem adgang til denne l\u00f8sning.\" \/>\n<meta name=\"robots\" content=\"noindex, follow, max-snippet:-1, max-image-preview:large, max-video-preview:-1\" \/>\n<meta property=\"og:locale\" content=\"da_DK\" \/>\n<meta property=\"og:type\" content=\"article\" \/>\n<meta property=\"og:title\" content=\"Priligy | Forbedr Vitalitet og Udholdenhed - Transtoyou\" \/>\n<meta property=\"og:description\" content=\"Priligy er tilg\u00e6ngelig hos Transtoyou, som tilbyder unikke fordele til h\u00e5ndtering af for tidlig s\u00e6dafgang. K\u00f8b nu for nem adgang til denne l\u00f8sning.\" \/>\n<meta property=\"og:url\" content=\"https:\/\/www.transtoyou.com\/da\/product\/priligy\/\" \/>\n<meta property=\"og:site_name\" content=\"Transtoyou - DA\" \/>\n<meta property=\"article:modified_time\" content=\"2026-03-01T12:02:33+00:00\" \/>\n<meta name=\"twitter:card\" content=\"summary_large_image\" \/>\n<meta name=\"twitter:label1\" content=\"Estimeret l\u00e6setid\" \/>\n\t<meta name=\"twitter:data1\" content=\"1 minut\" \/>\n<script type=\"application\/ld+json\" class=\"yoast-schema-graph\">{\"@context\":\"https:\/\/schema.org\",\"@graph\":[{\"@type\":\"WebPage\",\"@id\":\"https:\/\/www.transtoyou.com\/da\/product\/priligy\/\",\"url\":\"https:\/\/www.transtoyou.com\/da\/product\/priligy\/\",\"name\":\"Priligy | Forbedr Vitalitet og Udholdenhed - Transtoyou\",\"isPartOf\":{\"@id\":\"https:\/\/www.transtoyou.com\/da\/#website\"},\"primaryImageOfPage\":{\"@id\":\"https:\/\/www.transtoyou.com\/da\/product\/priligy\/#primaryimage\"},\"image\":{\"@id\":\"https:\/\/www.transtoyou.com\/da\/product\/priligy\/#primaryimage\"},\"thumbnailUrl\":\"https:\/\/www.transtoyou.com\/da\/wp-content\/uploads\/sites\/6\/2026\/01\/tty-no-product-image-117.webp\",\"datePublished\":\"2026-01-24T20:50:53+00:00\",\"dateModified\":\"2026-03-01T12:02:33+00:00\",\"description\":\"Priligy er tilg\u00e6ngelig hos Transtoyou, som tilbyder unikke fordele til h\u00e5ndtering af for tidlig s\u00e6dafgang. K\u00f8b nu for nem adgang til denne l\u00f8sning.\",\"breadcrumb\":{\"@id\":\"https:\/\/www.transtoyou.com\/da\/product\/priligy\/#breadcrumb\"},\"inLanguage\":\"da-DK\",\"potentialAction\":[{\"@type\":\"ReadAction\",\"target\":[\"https:\/\/www.transtoyou.com\/da\/product\/priligy\/\"]}]},{\"@type\":\"ImageObject\",\"inLanguage\":\"da-DK\",\"@id\":\"https:\/\/www.transtoyou.com\/da\/product\/priligy\/#primaryimage\",\"url\":\"https:\/\/www.transtoyou.com\/da\/wp-content\/uploads\/sites\/6\/2026\/01\/tty-no-product-image-117.webp\",\"contentUrl\":\"https:\/\/www.transtoyou.com\/da\/wp-content\/uploads\/sites\/6\/2026\/01\/tty-no-product-image-117.webp\",\"width\":1000,\"height\":1000,\"caption\":\"Standard produktbillede\"},{\"@type\":\"WebSite\",\"@id\":\"https:\/\/www.transtoyou.com\/da\/#website\",\"url\":\"https:\/\/www.transtoyou.com\/da\/\",\"name\":\"Transtoyou - DA\",\"description\":\"\",\"publisher\":{\"@id\":\"https:\/\/www.transtoyou.com\/da\/#organization\"},\"potentialAction\":[{\"@type\":\"SearchAction\",\"target\":{\"@type\":\"EntryPoint\",\"urlTemplate\":\"https:\/\/www.transtoyou.com\/da\/?s={search_term_string}\"},\"query-input\":{\"@type\":\"PropertyValueSpecification\",\"valueRequired\":true,\"valueName\":\"search_term_string\"}}],\"inLanguage\":\"da-DK\"},{\"@type\":\"Organization\",\"@id\":\"https:\/\/www.transtoyou.com\/da\/#organization\",\"name\":\"Transtoyou - DA\",\"url\":\"https:\/\/www.transtoyou.com\/da\/\",\"logo\":{\"@type\":\"ImageObject\",\"inLanguage\":\"da-DK\",\"@id\":\"https:\/\/www.transtoyou.com\/da\/#\/schema\/logo\/image\/\",\"url\":\"https:\/\/www.transtoyou.com\/da\/wp-content\/uploads\/sites\/6\/2026\/01\/logo-tty-menu-bar-300x87-1.webp\",\"contentUrl\":\"https:\/\/www.transtoyou.com\/da\/wp-content\/uploads\/sites\/6\/2026\/01\/logo-tty-menu-bar-300x87-1.webp\",\"width\":300,\"height\":87,\"caption\":\"Transtoyou - DA\"},\"image\":{\"@id\":\"https:\/\/www.transtoyou.com\/da\/#\/schema\/logo\/image\/\"}}]}<\/script>\n<!-- \/ Yoast SEO plugin. -->","yoast_head_json":{"title":"Priligy | Forbedr Vitalitet og Udholdenhed - Transtoyou","description":"Priligy er tilg\u00e6ngelig hos Transtoyou, som tilbyder unikke fordele til h\u00e5ndtering af for tidlig s\u00e6dafgang. K\u00f8b nu for nem adgang til denne l\u00f8sning.","robots":{"index":"noindex","follow":"follow","max-snippet":"max-snippet:-1","max-image-preview":"max-image-preview:large","max-video-preview":"max-video-preview:-1"},"og_locale":"da_DK","og_type":"article","og_title":"Priligy | Forbedr Vitalitet og Udholdenhed - Transtoyou","og_description":"Priligy er tilg\u00e6ngelig hos Transtoyou, som tilbyder unikke fordele til h\u00e5ndtering af for tidlig s\u00e6dafgang. K\u00f8b nu for nem adgang til denne l\u00f8sning.","og_url":"https:\/\/www.transtoyou.com\/da\/product\/priligy\/","og_site_name":"Transtoyou - DA","article_modified_time":"2026-03-01T12:02:33+00:00","twitter_card":"summary_large_image","twitter_misc":{"Estimeret l\u00e6setid":"1 minut"},"schema":{"@context":"https:\/\/schema.org","@graph":[{"@type":"WebPage","@id":"https:\/\/www.transtoyou.com\/da\/product\/priligy\/","url":"https:\/\/www.transtoyou.com\/da\/product\/priligy\/","name":"Priligy | Forbedr Vitalitet og Udholdenhed - Transtoyou","isPartOf":{"@id":"https:\/\/www.transtoyou.com\/da\/#website"},"primaryImageOfPage":{"@id":"https:\/\/www.transtoyou.com\/da\/product\/priligy\/#primaryimage"},"image":{"@id":"https:\/\/www.transtoyou.com\/da\/product\/priligy\/#primaryimage"},"thumbnailUrl":"https:\/\/www.transtoyou.com\/da\/wp-content\/uploads\/sites\/6\/2026\/01\/tty-no-product-image-117.webp","datePublished":"2026-01-24T20:50:53+00:00","dateModified":"2026-03-01T12:02:33+00:00","description":"Priligy er tilg\u00e6ngelig hos Transtoyou, som tilbyder unikke fordele til h\u00e5ndtering af for tidlig s\u00e6dafgang. K\u00f8b nu for nem adgang til denne l\u00f8sning.","breadcrumb":{"@id":"https:\/\/www.transtoyou.com\/da\/product\/priligy\/#breadcrumb"},"inLanguage":"da-DK","potentialAction":[{"@type":"ReadAction","target":["https:\/\/www.transtoyou.com\/da\/product\/priligy\/"]}]},{"@type":"ImageObject","inLanguage":"da-DK","@id":"https:\/\/www.transtoyou.com\/da\/product\/priligy\/#primaryimage","url":"https:\/\/www.transtoyou.com\/da\/wp-content\/uploads\/sites\/6\/2026\/01\/tty-no-product-image-117.webp","contentUrl":"https:\/\/www.transtoyou.com\/da\/wp-content\/uploads\/sites\/6\/2026\/01\/tty-no-product-image-117.webp","width":1000,"height":1000,"caption":"Standard produktbillede"},{"@type":"WebSite","@id":"https:\/\/www.transtoyou.com\/da\/#website","url":"https:\/\/www.transtoyou.com\/da\/","name":"Transtoyou - DA","description":"","publisher":{"@id":"https:\/\/www.transtoyou.com\/da\/#organization"},"potentialAction":[{"@type":"SearchAction","target":{"@type":"EntryPoint","urlTemplate":"https:\/\/www.transtoyou.com\/da\/?s={search_term_string}"},"query-input":{"@type":"PropertyValueSpecification","valueRequired":true,"valueName":"search_term_string"}}],"inLanguage":"da-DK"},{"@type":"Organization","@id":"https:\/\/www.transtoyou.com\/da\/#organization","name":"Transtoyou - DA","url":"https:\/\/www.transtoyou.com\/da\/","logo":{"@type":"ImageObject","inLanguage":"da-DK","@id":"https:\/\/www.transtoyou.com\/da\/#\/schema\/logo\/image\/","url":"https:\/\/www.transtoyou.com\/da\/wp-content\/uploads\/sites\/6\/2026\/01\/logo-tty-menu-bar-300x87-1.webp","contentUrl":"https:\/\/www.transtoyou.com\/da\/wp-content\/uploads\/sites\/6\/2026\/01\/logo-tty-menu-bar-300x87-1.webp","width":300,"height":87,"caption":"Transtoyou - DA"},"image":{"@id":"https:\/\/www.transtoyou.com\/da\/#\/schema\/logo\/image\/"}}]}},"_links":{"self":[{"href":"https:\/\/www.transtoyou.com\/da\/wp-json\/wp\/v2\/product\/1114","targetHints":{"allow":["GET"]}}],"collection":[{"href":"https:\/\/www.transtoyou.com\/da\/wp-json\/wp\/v2\/product"}],"about":[{"href":"https:\/\/www.transtoyou.com\/da\/wp-json\/wp\/v2\/types\/product"}],"replies":[{"embeddable":true,"href":"https:\/\/www.transtoyou.com\/da\/wp-json\/wp\/v2\/comments?post=1114"}],"wp:featuredmedia":[{"embeddable":true,"href":"https:\/\/www.transtoyou.com\/da\/wp-json\/wp\/v2\/media\/1116"}],"wp:attachment":[{"href":"https:\/\/www.transtoyou.com\/da\/wp-json\/wp\/v2\/media?parent=1114"}],"wp:term":[{"taxonomy":"product_brand","embeddable":true,"href":"https:\/\/www.transtoyou.com\/da\/wp-json\/wp\/v2\/product_brand?post=1114"},{"taxonomy":"product_cat","embeddable":true,"href":"https:\/\/www.transtoyou.com\/da\/wp-json\/wp\/v2\/product_cat?post=1114"},{"taxonomy":"product_tag","embeddable":true,"href":"https:\/\/www.transtoyou.com\/da\/wp-json\/wp\/v2\/product_tag?post=1114"},{"taxonomy":"expert","embeddable":true,"href":"https:\/\/www.transtoyou.com\/da\/wp-json\/wp\/v2\/expert?post=1114"}],"curies":[{"name":"wp","href":"https:\/\/api.w.org\/{rel}","templated":true}]}}