{"id":1117,"date":"2026-01-24T23:07:31","date_gmt":"2026-01-24T21:07:31","guid":{"rendered":"https:\/\/www.transtoyou.com\/da\/product\/finasteride-proscar\/"},"modified":"2026-02-17T10:35:13","modified_gmt":"2026-02-17T08:35:13","slug":"finasterid-proscar","status":"publish","type":"product","link":"https:\/\/www.transtoyou.com\/da\/product\/finasterid-proscar\/","title":{"rendered":"Finasterid (Proscar)"},"content":{"rendered":"<p>Finasterid, solgt under m\u00e6rkenavnet Proscar, er en receptpligtig medicin, der bruges til at behandle godartet prostatahyperplasi hos voksne m\u00e6nd. Det hj\u00e6lper med at lindre symptomer for\u00e5rsaget af en forst\u00f8rret prostata, s\u00e5som problemer med at urinere, svag urinstr\u00f8m og hyppig vandladning, is\u00e6r om natten. Finasterid virker ved at s\u00e6nke niveauerne af dihydrotestosteron, et hormon der bidrager til prostata v\u00e6kst.<\/p>\n<p>Ved at reducere dette hormon, mindsker Finasterid gradvist prostata og lindrer trykket p\u00e5 bl\u00e6ren og urinr\u00f8ret. Dette f\u00f8rer til forbedret urinflow og en lavere risiko for komplikationer s\u00e5som urinretention eller behov for operation. Behandlingen kr\u00e6ver normalt flere m\u00e5neders (tre til seks m\u00e5neder) kontinuerlig brug for at opn\u00e5 m\u00e6rkbare effekter.<\/p>\n<p>Proscar tages oralt som en daglig tablet. Det tolereres typisk godt og ordineres ofte til langtidsbrug. Finasterid bruges nogle gange i kombination med alfa-1-blokkere for at forbedre symptomlindringen hos m\u00e6nd med mere alvorlige tilf\u00e6lde.<\/p>\n<p>Almindelige bivirkninger kan omfatte nedsat sexlyst, problemer med ejakulation eller \u00f8mhed i brysterne. Disse effekter er generelt milde og kan v\u00e6re reversible ved oph\u00f8r. Finasterid s\u00e6nker ogs\u00e5 niveauerne af prostata-specifikt antigen (PSA), s\u00e5 eventuelle PSA-blodpr\u00f8ver skal fortolkes derefter.<\/p>\n","protected":false},"excerpt":{"rendered":"<ul>\n<li>Dagsbehandling for forst\u00f8rret prostata<\/li>\n<li>Forbedrer vandladning og reducerer prostatavolumen<\/li>\n<li>Hj\u00e6lper med at forhindre operation eller urinvejskomplikationer<\/li>\n<\/ul>\n","protected":false},"featured_media":1119,"comment_status":"open","ping_status":"closed","template":"","meta":[],"product_brand":[],"product_cat":[158],"product_tag":[],"expert":[21],"class_list":{"0":"post-1117","1":"product","2":"type-product","3":"status-publish","4":"has-post-thumbnail","6":"product_cat-prostatasalut","7":"expert-dr-m-sharoyko","9":"first","10":"instock","11":"shipping-taxable","12":"product-type-variable"},"yoast_head":"<!-- This site is optimized with the Yoast SEO plugin v27.0 - https:\/\/yoast.com\/product\/yoast-seo-wordpress\/ -->\n<title>Finasterid (Proscar) | Lindre prostatasygdomme - Transtoyou<\/title>\n<meta name=\"description\" content=\"Opdag Proscar p\u00e5 Transtoyou, en receptpligtig medicin mod godartet prostatahyperplasi. Forbedr symptomer og \u00f8g urinflowet med Finasterid.\" \/>\n<meta name=\"robots\" content=\"noindex, follow, max-snippet:-1, max-image-preview:large, max-video-preview:-1\" \/>\n<meta property=\"og:locale\" content=\"da_DK\" \/>\n<meta property=\"og:type\" content=\"article\" \/>\n<meta property=\"og:title\" content=\"Finasterid (Proscar) | Lindre prostatasygdomme - Transtoyou\" \/>\n<meta property=\"og:description\" content=\"Opdag Proscar p\u00e5 Transtoyou, en receptpligtig medicin mod godartet prostatahyperplasi. Forbedr symptomer og \u00f8g urinflowet med Finasterid.\" \/>\n<meta property=\"og:url\" content=\"https:\/\/www.transtoyou.com\/da\/product\/finasteride-proscar\/\" \/>\n<meta property=\"og:site_name\" content=\"Transtoyou - DA\" \/>\n<meta property=\"article:modified_time\" content=\"2026-02-17T08:35:13+00:00\" \/>\n<meta name=\"twitter:card\" content=\"summary_large_image\" \/>\n<meta name=\"twitter:label1\" content=\"Estimeret l\u00e6setid\" \/>\n\t<meta name=\"twitter:data1\" content=\"1 minut\" \/>\n<script type=\"application\/ld+json\" class=\"yoast-schema-graph\">{\"@context\":\"https:\/\/schema.org\",\"@graph\":[{\"@type\":\"WebPage\",\"@id\":\"https:\/\/www.transtoyou.com\/da\/product\/finasteride-proscar\/\",\"url\":\"https:\/\/www.transtoyou.com\/da\/product\/finasteride-proscar\/\",\"name\":\"Finasterid (Proscar) | Lindre prostatasygdomme - Transtoyou\",\"isPartOf\":{\"@id\":\"https:\/\/www.transtoyou.com\/da\/#website\"},\"primaryImageOfPage\":{\"@id\":\"https:\/\/www.transtoyou.com\/da\/product\/finasteride-proscar\/#primaryimage\"},\"image\":{\"@id\":\"https:\/\/www.transtoyou.com\/da\/product\/finasteride-proscar\/#primaryimage\"},\"thumbnailUrl\":\"https:\/\/www.transtoyou.com\/da\/wp-content\/uploads\/sites\/6\/2026\/01\/tty-no-product-image-118.webp\",\"datePublished\":\"2026-01-24T21:07:31+00:00\",\"dateModified\":\"2026-02-17T08:35:13+00:00\",\"description\":\"Opdag Proscar p\u00e5 Transtoyou, en receptpligtig medicin mod godartet prostatahyperplasi. Forbedr symptomer og \u00f8g urinflowet med Finasterid.\",\"breadcrumb\":{\"@id\":\"https:\/\/www.transtoyou.com\/da\/product\/finasteride-proscar\/#breadcrumb\"},\"inLanguage\":\"da-DK\",\"potentialAction\":[{\"@type\":\"ReadAction\",\"target\":[\"https:\/\/www.transtoyou.com\/da\/product\/finasteride-proscar\/\"]}]},{\"@type\":\"ImageObject\",\"inLanguage\":\"da-DK\",\"@id\":\"https:\/\/www.transtoyou.com\/da\/product\/finasteride-proscar\/#primaryimage\",\"url\":\"https:\/\/www.transtoyou.com\/da\/wp-content\/uploads\/sites\/6\/2026\/01\/tty-no-product-image-118.webp\",\"contentUrl\":\"https:\/\/www.transtoyou.com\/da\/wp-content\/uploads\/sites\/6\/2026\/01\/tty-no-product-image-118.webp\",\"width\":1000,\"height\":1000,\"caption\":\"Standard produktbillede\"},{\"@type\":\"WebSite\",\"@id\":\"https:\/\/www.transtoyou.com\/da\/#website\",\"url\":\"https:\/\/www.transtoyou.com\/da\/\",\"name\":\"Transtoyou - DA\",\"description\":\"\",\"publisher\":{\"@id\":\"https:\/\/www.transtoyou.com\/da\/#organization\"},\"potentialAction\":[{\"@type\":\"SearchAction\",\"target\":{\"@type\":\"EntryPoint\",\"urlTemplate\":\"https:\/\/www.transtoyou.com\/da\/?s={search_term_string}\"},\"query-input\":{\"@type\":\"PropertyValueSpecification\",\"valueRequired\":true,\"valueName\":\"search_term_string\"}}],\"inLanguage\":\"da-DK\"},{\"@type\":\"Organization\",\"@id\":\"https:\/\/www.transtoyou.com\/da\/#organization\",\"name\":\"Transtoyou - DA\",\"url\":\"https:\/\/www.transtoyou.com\/da\/\",\"logo\":{\"@type\":\"ImageObject\",\"inLanguage\":\"da-DK\",\"@id\":\"https:\/\/www.transtoyou.com\/da\/#\/schema\/logo\/image\/\",\"url\":\"https:\/\/www.transtoyou.com\/da\/wp-content\/uploads\/sites\/6\/2026\/01\/logo-tty-menu-bar-300x87-1.webp\",\"contentUrl\":\"https:\/\/www.transtoyou.com\/da\/wp-content\/uploads\/sites\/6\/2026\/01\/logo-tty-menu-bar-300x87-1.webp\",\"width\":300,\"height\":87,\"caption\":\"Transtoyou - DA\"},\"image\":{\"@id\":\"https:\/\/www.transtoyou.com\/da\/#\/schema\/logo\/image\/\"}}]}<\/script>\n<!-- \/ Yoast SEO plugin. -->","yoast_head_json":{"title":"Finasterid (Proscar) | Lindre prostatasygdomme - Transtoyou","description":"Opdag Proscar p\u00e5 Transtoyou, en receptpligtig medicin mod godartet prostatahyperplasi. Forbedr symptomer og \u00f8g urinflowet med Finasterid.","robots":{"index":"noindex","follow":"follow","max-snippet":"max-snippet:-1","max-image-preview":"max-image-preview:large","max-video-preview":"max-video-preview:-1"},"og_locale":"da_DK","og_type":"article","og_title":"Finasterid (Proscar) | Lindre prostatasygdomme - Transtoyou","og_description":"Opdag Proscar p\u00e5 Transtoyou, en receptpligtig medicin mod godartet prostatahyperplasi. Forbedr symptomer og \u00f8g urinflowet med Finasterid.","og_url":"https:\/\/www.transtoyou.com\/da\/product\/finasteride-proscar\/","og_site_name":"Transtoyou - DA","article_modified_time":"2026-02-17T08:35:13+00:00","twitter_card":"summary_large_image","twitter_misc":{"Estimeret l\u00e6setid":"1 minut"},"schema":{"@context":"https:\/\/schema.org","@graph":[{"@type":"WebPage","@id":"https:\/\/www.transtoyou.com\/da\/product\/finasteride-proscar\/","url":"https:\/\/www.transtoyou.com\/da\/product\/finasteride-proscar\/","name":"Finasterid (Proscar) | Lindre prostatasygdomme - Transtoyou","isPartOf":{"@id":"https:\/\/www.transtoyou.com\/da\/#website"},"primaryImageOfPage":{"@id":"https:\/\/www.transtoyou.com\/da\/product\/finasteride-proscar\/#primaryimage"},"image":{"@id":"https:\/\/www.transtoyou.com\/da\/product\/finasteride-proscar\/#primaryimage"},"thumbnailUrl":"https:\/\/www.transtoyou.com\/da\/wp-content\/uploads\/sites\/6\/2026\/01\/tty-no-product-image-118.webp","datePublished":"2026-01-24T21:07:31+00:00","dateModified":"2026-02-17T08:35:13+00:00","description":"Opdag Proscar p\u00e5 Transtoyou, en receptpligtig medicin mod godartet prostatahyperplasi. Forbedr symptomer og \u00f8g urinflowet med Finasterid.","breadcrumb":{"@id":"https:\/\/www.transtoyou.com\/da\/product\/finasteride-proscar\/#breadcrumb"},"inLanguage":"da-DK","potentialAction":[{"@type":"ReadAction","target":["https:\/\/www.transtoyou.com\/da\/product\/finasteride-proscar\/"]}]},{"@type":"ImageObject","inLanguage":"da-DK","@id":"https:\/\/www.transtoyou.com\/da\/product\/finasteride-proscar\/#primaryimage","url":"https:\/\/www.transtoyou.com\/da\/wp-content\/uploads\/sites\/6\/2026\/01\/tty-no-product-image-118.webp","contentUrl":"https:\/\/www.transtoyou.com\/da\/wp-content\/uploads\/sites\/6\/2026\/01\/tty-no-product-image-118.webp","width":1000,"height":1000,"caption":"Standard produktbillede"},{"@type":"WebSite","@id":"https:\/\/www.transtoyou.com\/da\/#website","url":"https:\/\/www.transtoyou.com\/da\/","name":"Transtoyou - DA","description":"","publisher":{"@id":"https:\/\/www.transtoyou.com\/da\/#organization"},"potentialAction":[{"@type":"SearchAction","target":{"@type":"EntryPoint","urlTemplate":"https:\/\/www.transtoyou.com\/da\/?s={search_term_string}"},"query-input":{"@type":"PropertyValueSpecification","valueRequired":true,"valueName":"search_term_string"}}],"inLanguage":"da-DK"},{"@type":"Organization","@id":"https:\/\/www.transtoyou.com\/da\/#organization","name":"Transtoyou - DA","url":"https:\/\/www.transtoyou.com\/da\/","logo":{"@type":"ImageObject","inLanguage":"da-DK","@id":"https:\/\/www.transtoyou.com\/da\/#\/schema\/logo\/image\/","url":"https:\/\/www.transtoyou.com\/da\/wp-content\/uploads\/sites\/6\/2026\/01\/logo-tty-menu-bar-300x87-1.webp","contentUrl":"https:\/\/www.transtoyou.com\/da\/wp-content\/uploads\/sites\/6\/2026\/01\/logo-tty-menu-bar-300x87-1.webp","width":300,"height":87,"caption":"Transtoyou - DA"},"image":{"@id":"https:\/\/www.transtoyou.com\/da\/#\/schema\/logo\/image\/"}}]}},"_links":{"self":[{"href":"https:\/\/www.transtoyou.com\/da\/wp-json\/wp\/v2\/product\/1117","targetHints":{"allow":["GET"]}}],"collection":[{"href":"https:\/\/www.transtoyou.com\/da\/wp-json\/wp\/v2\/product"}],"about":[{"href":"https:\/\/www.transtoyou.com\/da\/wp-json\/wp\/v2\/types\/product"}],"replies":[{"embeddable":true,"href":"https:\/\/www.transtoyou.com\/da\/wp-json\/wp\/v2\/comments?post=1117"}],"wp:featuredmedia":[{"embeddable":true,"href":"https:\/\/www.transtoyou.com\/da\/wp-json\/wp\/v2\/media\/1119"}],"wp:attachment":[{"href":"https:\/\/www.transtoyou.com\/da\/wp-json\/wp\/v2\/media?parent=1117"}],"wp:term":[{"taxonomy":"product_brand","embeddable":true,"href":"https:\/\/www.transtoyou.com\/da\/wp-json\/wp\/v2\/product_brand?post=1117"},{"taxonomy":"product_cat","embeddable":true,"href":"https:\/\/www.transtoyou.com\/da\/wp-json\/wp\/v2\/product_cat?post=1117"},{"taxonomy":"product_tag","embeddable":true,"href":"https:\/\/www.transtoyou.com\/da\/wp-json\/wp\/v2\/product_tag?post=1117"},{"taxonomy":"expert","embeddable":true,"href":"https:\/\/www.transtoyou.com\/da\/wp-json\/wp\/v2\/expert?post=1117"}],"curies":[{"name":"wp","href":"https:\/\/api.w.org\/{rel}","templated":true}]}}