{"id":1120,"date":"2026-01-24T23:24:05","date_gmt":"2026-01-24T21:24:05","guid":{"rendered":"https:\/\/www.transtoyou.com\/da\/product\/diamicron\/"},"modified":"2026-01-24T23:25:15","modified_gmt":"2026-01-24T21:25:15","slug":"diamicron","status":"publish","type":"product","link":"https:\/\/www.transtoyou.com\/da\/product\/diamicron\/","title":{"rendered":"Diamicron"},"content":{"rendered":"<p>Diamicron er en oral medicin, der tilh\u00f8rer sulfonylurea-klassen af medicin. Det hj\u00e6lper med at styre blodsukkerniveauerne hos personer med type 2-diabetes. Diamicron virker ved at stimulere bugspytkirtlen til at frigive mere insulin, et hormon der hj\u00e6lper med at s\u00e6nke glukoseniveauerne i blodet. Dette g\u00f8r det is\u00e6r nyttigt for personer, hvis kroppe stadig producerer insulin, men ikke reagerer effektivt p\u00e5 det.<\/p>\n<p>Ved type 2-diabetes bliver kroppen resistent over for insulin eller producerer ikke nok af det til at holde blodsukkeret under kontrol. Diamicron adresserer dette ved at tilskynde til en mere naturlig frigivelse af insulin som reaktion p\u00e5 m\u00e5ltider, hvilket hj\u00e6lper med at reducere blodsukkerstigninger efter spisning. Som et resultat spiller det en rolle i at opretholde stabile blodsukkerniveauer i l\u00f8bet af dagen.<\/p>\n<p>Diamicron tages typisk \u00e9n gang dagligt, ofte med morgenmad. Selvom det er effektivt, kan Diamicron nogle gange for\u00e5rsage lavt blodsukker (hypoglyk\u00e6mi), is\u00e6r hvis m\u00e5ltider springes over, eller hvis fysisk aktivitet pludselig \u00f8ges. Af denne grund er det vigtigt at overv\u00e5ge glukoseniveauerne regelm\u00e6ssigt og v\u00e6re opm\u00e6rksom p\u00e5 symptomer som rysten, sveden, svimmelhed eller forvirring. Andre mulige bivirkninger inkluderer mild gastrointestinal ubehag eller v\u00e6gt\u00f8gning.<\/p>\n","protected":false},"excerpt":{"rendered":"<ul>\n<li>Engang-dagligt modificeret frigivelse af gliclazid for stabil sukkerkontrol<\/li>\n<li>Reducerer HbA1c og beskytter nerver, \u00f8jne og nyrer<\/li>\n<li>Dokumenteret sikkerhedsprofil med over 30 \u00e5rs brug<\/li>\n<\/ul>\n","protected":false},"featured_media":1122,"comment_status":"open","ping_status":"closed","template":"","meta":[],"product_brand":[],"product_cat":[103],"product_tag":[],"expert":[21],"class_list":{"0":"post-1120","1":"product","2":"type-product","3":"status-publish","4":"has-post-thumbnail","6":"product_cat-diabetes","7":"expert-dr-m-sharoyko","9":"first","10":"instock","11":"shipping-taxable","12":"product-type-variable"},"yoast_head":"<!-- This site is optimized with the Yoast SEO plugin v27.0 - https:\/\/yoast.com\/product\/yoast-seo-wordpress\/ -->\n<title>Diamicron | H\u00e5ndter Blodsukker Effektivt - Transtoyou<\/title>\n<meta name=\"description\" content=\"H\u00e5ndter type 2-diabetes med Diamicron, tilg\u00e6ngelig hos Transtoyou. St\u00f8tter insulinfrigivelse for stabilt blodsukker. K\u00f8b nu for effektiv kontrol.\" \/>\n<meta name=\"robots\" content=\"noindex, follow, max-snippet:-1, max-image-preview:large, max-video-preview:-1\" \/>\n<meta property=\"og:locale\" content=\"da_DK\" \/>\n<meta property=\"og:type\" content=\"article\" \/>\n<meta property=\"og:title\" content=\"Diamicron | H\u00e5ndter Blodsukker Effektivt - Transtoyou\" \/>\n<meta property=\"og:description\" content=\"H\u00e5ndter type 2-diabetes med Diamicron, tilg\u00e6ngelig hos Transtoyou. St\u00f8tter insulinfrigivelse for stabilt blodsukker. K\u00f8b nu for effektiv kontrol.\" \/>\n<meta property=\"og:url\" content=\"https:\/\/www.transtoyou.com\/da\/product\/diamicron\/\" \/>\n<meta property=\"og:site_name\" content=\"Transtoyou - DA\" \/>\n<meta property=\"article:modified_time\" content=\"2026-01-24T21:25:15+00:00\" \/>\n<meta name=\"twitter:card\" content=\"summary_large_image\" \/>\n<meta name=\"twitter:label1\" content=\"Estimeret l\u00e6setid\" \/>\n\t<meta name=\"twitter:data1\" content=\"1 minut\" \/>\n<script type=\"application\/ld+json\" class=\"yoast-schema-graph\">{\"@context\":\"https:\/\/schema.org\",\"@graph\":[{\"@type\":\"WebPage\",\"@id\":\"https:\/\/www.transtoyou.com\/da\/product\/diamicron\/\",\"url\":\"https:\/\/www.transtoyou.com\/da\/product\/diamicron\/\",\"name\":\"Diamicron | H\u00e5ndter Blodsukker Effektivt - Transtoyou\",\"isPartOf\":{\"@id\":\"https:\/\/www.transtoyou.com\/da\/#website\"},\"primaryImageOfPage\":{\"@id\":\"https:\/\/www.transtoyou.com\/da\/product\/diamicron\/#primaryimage\"},\"image\":{\"@id\":\"https:\/\/www.transtoyou.com\/da\/product\/diamicron\/#primaryimage\"},\"thumbnailUrl\":\"https:\/\/www.transtoyou.com\/da\/wp-content\/uploads\/sites\/6\/2026\/01\/tty-no-product-image-119.webp\",\"datePublished\":\"2026-01-24T21:24:05+00:00\",\"dateModified\":\"2026-01-24T21:25:15+00:00\",\"description\":\"H\u00e5ndter type 2-diabetes med Diamicron, tilg\u00e6ngelig hos Transtoyou. St\u00f8tter insulinfrigivelse for stabilt blodsukker. K\u00f8b nu for effektiv kontrol.\",\"breadcrumb\":{\"@id\":\"https:\/\/www.transtoyou.com\/da\/product\/diamicron\/#breadcrumb\"},\"inLanguage\":\"da-DK\",\"potentialAction\":[{\"@type\":\"ReadAction\",\"target\":[\"https:\/\/www.transtoyou.com\/da\/product\/diamicron\/\"]}]},{\"@type\":\"ImageObject\",\"inLanguage\":\"da-DK\",\"@id\":\"https:\/\/www.transtoyou.com\/da\/product\/diamicron\/#primaryimage\",\"url\":\"https:\/\/www.transtoyou.com\/da\/wp-content\/uploads\/sites\/6\/2026\/01\/tty-no-product-image-119.webp\",\"contentUrl\":\"https:\/\/www.transtoyou.com\/da\/wp-content\/uploads\/sites\/6\/2026\/01\/tty-no-product-image-119.webp\",\"width\":1000,\"height\":1000,\"caption\":\"Standard produktbillede\"},{\"@type\":\"WebSite\",\"@id\":\"https:\/\/www.transtoyou.com\/da\/#website\",\"url\":\"https:\/\/www.transtoyou.com\/da\/\",\"name\":\"Transtoyou - DA\",\"description\":\"\",\"publisher\":{\"@id\":\"https:\/\/www.transtoyou.com\/da\/#organization\"},\"potentialAction\":[{\"@type\":\"SearchAction\",\"target\":{\"@type\":\"EntryPoint\",\"urlTemplate\":\"https:\/\/www.transtoyou.com\/da\/?s={search_term_string}\"},\"query-input\":{\"@type\":\"PropertyValueSpecification\",\"valueRequired\":true,\"valueName\":\"search_term_string\"}}],\"inLanguage\":\"da-DK\"},{\"@type\":\"Organization\",\"@id\":\"https:\/\/www.transtoyou.com\/da\/#organization\",\"name\":\"Transtoyou - DA\",\"url\":\"https:\/\/www.transtoyou.com\/da\/\",\"logo\":{\"@type\":\"ImageObject\",\"inLanguage\":\"da-DK\",\"@id\":\"https:\/\/www.transtoyou.com\/da\/#\/schema\/logo\/image\/\",\"url\":\"https:\/\/www.transtoyou.com\/da\/wp-content\/uploads\/sites\/6\/2026\/01\/logo-tty-menu-bar-300x87-1.webp\",\"contentUrl\":\"https:\/\/www.transtoyou.com\/da\/wp-content\/uploads\/sites\/6\/2026\/01\/logo-tty-menu-bar-300x87-1.webp\",\"width\":300,\"height\":87,\"caption\":\"Transtoyou - DA\"},\"image\":{\"@id\":\"https:\/\/www.transtoyou.com\/da\/#\/schema\/logo\/image\/\"}}]}<\/script>\n<!-- \/ Yoast SEO plugin. -->","yoast_head_json":{"title":"Diamicron | H\u00e5ndter Blodsukker Effektivt - Transtoyou","description":"H\u00e5ndter type 2-diabetes med Diamicron, tilg\u00e6ngelig hos Transtoyou. St\u00f8tter insulinfrigivelse for stabilt blodsukker. K\u00f8b nu for effektiv kontrol.","robots":{"index":"noindex","follow":"follow","max-snippet":"max-snippet:-1","max-image-preview":"max-image-preview:large","max-video-preview":"max-video-preview:-1"},"og_locale":"da_DK","og_type":"article","og_title":"Diamicron | H\u00e5ndter Blodsukker Effektivt - Transtoyou","og_description":"H\u00e5ndter type 2-diabetes med Diamicron, tilg\u00e6ngelig hos Transtoyou. St\u00f8tter insulinfrigivelse for stabilt blodsukker. K\u00f8b nu for effektiv kontrol.","og_url":"https:\/\/www.transtoyou.com\/da\/product\/diamicron\/","og_site_name":"Transtoyou - DA","article_modified_time":"2026-01-24T21:25:15+00:00","twitter_card":"summary_large_image","twitter_misc":{"Estimeret l\u00e6setid":"1 minut"},"schema":{"@context":"https:\/\/schema.org","@graph":[{"@type":"WebPage","@id":"https:\/\/www.transtoyou.com\/da\/product\/diamicron\/","url":"https:\/\/www.transtoyou.com\/da\/product\/diamicron\/","name":"Diamicron | H\u00e5ndter Blodsukker Effektivt - Transtoyou","isPartOf":{"@id":"https:\/\/www.transtoyou.com\/da\/#website"},"primaryImageOfPage":{"@id":"https:\/\/www.transtoyou.com\/da\/product\/diamicron\/#primaryimage"},"image":{"@id":"https:\/\/www.transtoyou.com\/da\/product\/diamicron\/#primaryimage"},"thumbnailUrl":"https:\/\/www.transtoyou.com\/da\/wp-content\/uploads\/sites\/6\/2026\/01\/tty-no-product-image-119.webp","datePublished":"2026-01-24T21:24:05+00:00","dateModified":"2026-01-24T21:25:15+00:00","description":"H\u00e5ndter type 2-diabetes med Diamicron, tilg\u00e6ngelig hos Transtoyou. St\u00f8tter insulinfrigivelse for stabilt blodsukker. K\u00f8b nu for effektiv kontrol.","breadcrumb":{"@id":"https:\/\/www.transtoyou.com\/da\/product\/diamicron\/#breadcrumb"},"inLanguage":"da-DK","potentialAction":[{"@type":"ReadAction","target":["https:\/\/www.transtoyou.com\/da\/product\/diamicron\/"]}]},{"@type":"ImageObject","inLanguage":"da-DK","@id":"https:\/\/www.transtoyou.com\/da\/product\/diamicron\/#primaryimage","url":"https:\/\/www.transtoyou.com\/da\/wp-content\/uploads\/sites\/6\/2026\/01\/tty-no-product-image-119.webp","contentUrl":"https:\/\/www.transtoyou.com\/da\/wp-content\/uploads\/sites\/6\/2026\/01\/tty-no-product-image-119.webp","width":1000,"height":1000,"caption":"Standard produktbillede"},{"@type":"WebSite","@id":"https:\/\/www.transtoyou.com\/da\/#website","url":"https:\/\/www.transtoyou.com\/da\/","name":"Transtoyou - DA","description":"","publisher":{"@id":"https:\/\/www.transtoyou.com\/da\/#organization"},"potentialAction":[{"@type":"SearchAction","target":{"@type":"EntryPoint","urlTemplate":"https:\/\/www.transtoyou.com\/da\/?s={search_term_string}"},"query-input":{"@type":"PropertyValueSpecification","valueRequired":true,"valueName":"search_term_string"}}],"inLanguage":"da-DK"},{"@type":"Organization","@id":"https:\/\/www.transtoyou.com\/da\/#organization","name":"Transtoyou - DA","url":"https:\/\/www.transtoyou.com\/da\/","logo":{"@type":"ImageObject","inLanguage":"da-DK","@id":"https:\/\/www.transtoyou.com\/da\/#\/schema\/logo\/image\/","url":"https:\/\/www.transtoyou.com\/da\/wp-content\/uploads\/sites\/6\/2026\/01\/logo-tty-menu-bar-300x87-1.webp","contentUrl":"https:\/\/www.transtoyou.com\/da\/wp-content\/uploads\/sites\/6\/2026\/01\/logo-tty-menu-bar-300x87-1.webp","width":300,"height":87,"caption":"Transtoyou - DA"},"image":{"@id":"https:\/\/www.transtoyou.com\/da\/#\/schema\/logo\/image\/"}}]}},"_links":{"self":[{"href":"https:\/\/www.transtoyou.com\/da\/wp-json\/wp\/v2\/product\/1120","targetHints":{"allow":["GET"]}}],"collection":[{"href":"https:\/\/www.transtoyou.com\/da\/wp-json\/wp\/v2\/product"}],"about":[{"href":"https:\/\/www.transtoyou.com\/da\/wp-json\/wp\/v2\/types\/product"}],"replies":[{"embeddable":true,"href":"https:\/\/www.transtoyou.com\/da\/wp-json\/wp\/v2\/comments?post=1120"}],"wp:featuredmedia":[{"embeddable":true,"href":"https:\/\/www.transtoyou.com\/da\/wp-json\/wp\/v2\/media\/1122"}],"wp:attachment":[{"href":"https:\/\/www.transtoyou.com\/da\/wp-json\/wp\/v2\/media?parent=1120"}],"wp:term":[{"taxonomy":"product_brand","embeddable":true,"href":"https:\/\/www.transtoyou.com\/da\/wp-json\/wp\/v2\/product_brand?post=1120"},{"taxonomy":"product_cat","embeddable":true,"href":"https:\/\/www.transtoyou.com\/da\/wp-json\/wp\/v2\/product_cat?post=1120"},{"taxonomy":"product_tag","embeddable":true,"href":"https:\/\/www.transtoyou.com\/da\/wp-json\/wp\/v2\/product_tag?post=1120"},{"taxonomy":"expert","embeddable":true,"href":"https:\/\/www.transtoyou.com\/da\/wp-json\/wp\/v2\/expert?post=1120"}],"curies":[{"name":"wp","href":"https:\/\/api.w.org\/{rel}","templated":true}]}}