{"id":1126,"date":"2026-01-24T23:59:57","date_gmt":"2026-01-24T21:59:57","guid":{"rendered":"https:\/\/www.transtoyou.com\/da\/product\/ozempic\/"},"modified":"2026-03-01T12:09:24","modified_gmt":"2026-03-01T10:09:24","slug":"ozempic","status":"publish","type":"product","link":"https:\/\/www.transtoyou.com\/da\/product\/ozempic\/","title":{"rendered":"Ozempic"},"content":{"rendered":"<p>Ozempic er en injicerbar medicin, der gives \u00e9n gang om ugen, og som bruges til at h\u00e5ndtere type 2-diabetes og st\u00f8tte langvarig blodsukkerkontrol. Den indeholder semaglutid, en forbindelse der efterligner et naturligt forekommende hormon kaldet GLP-1 (glukagonlignende peptid-1). Dette hormon hj\u00e6lper med at regulere blodsukkerniveauerne ved at \u00f8ge insulinsekretionen, undertrykke leverens glukoseproduktion og forsinke maves\u00e6kkens t\u00f8mning.<\/p>\n<p>For personer med type 2-diabetes tilbyder Ozempic en l\u00f8sning til at forbedre reguleringen af blodsukker, samtidig med at det bidrager til v\u00e6gttab. I mods\u00e6tning til insulin, som direkte s\u00e6nker blodsukkeret, arbejder Ozempic i harmoni med kroppens egne systemer for at hj\u00e6lpe den med at reagere mere effektivt p\u00e5 madindtag og h\u00e5ndtere glukoseniveauerne mere konsekvent i l\u00f8bet af dagen.<\/p>\n<p>Ozempic gives via en lille injektion under huden, typisk \u00e9n gang om ugen. De fleste mennesker starter behandlingen med en lav dosis, som gradvist \u00f8ges for at minimere eventuelle ford\u00f8jelsesm\u00e6ssige bivirkninger som kvalme, oppustethed eller forstoppelse.<\/p>\n<p>Ozempic s\u00e6nker ikke kun HbA1c-niveauerne, men hj\u00e6lper ogs\u00e5 med at reducere appetitten og kropsv\u00e6gten hos mange patienter. Disse yderligere fordele g\u00f8r det til et v\u00e6rdifuldt valg for personer, der h\u00e5ndterer b\u00e5de type 2-diabetes og fedme.<\/p>\n","protected":false},"excerpt":{"rendered":"<ul>\n<li>Engangs ugentlig injektion til type 2 diabetes<\/li>\n<li>Stimulerer insulinsekretion og kontrollerer glukosefrigivelse fra leveren<\/li>\n<li>Kan st\u00f8tte v\u00e6gtkontrol hos visse patienter<\/li>\n<\/ul>\n","protected":false},"featured_media":1128,"comment_status":"open","ping_status":"closed","template":"","meta":[],"product_brand":[],"product_cat":[103],"product_tag":[],"expert":[21],"class_list":{"0":"post-1126","1":"product","2":"type-product","3":"status-publish","4":"has-post-thumbnail","6":"product_cat-diabetes","7":"expert-dr-m-sharoyko","9":"first","10":"instock","11":"shipping-taxable","12":"product-type-variable"},"yoast_head":"<!-- This site is optimized with the Yoast SEO plugin v27.0 - https:\/\/yoast.com\/product\/yoast-seo-wordpress\/ -->\n<title>Ozempic | H\u00e5ndter Diabetes &amp; Forbedr Dit Helbred - Transtoyou<\/title>\n<meta name=\"description\" content=\"Opdag Ozempic hos Transtoyou, en ugentlig injektion til type 2-diabetes, der hj\u00e6lper med blodsukkerkontrol og v\u00e6gttab. K\u00f8b nu.\" \/>\n<meta name=\"robots\" content=\"noindex, follow, max-snippet:-1, max-image-preview:large, max-video-preview:-1\" \/>\n<meta property=\"og:locale\" content=\"da_DK\" \/>\n<meta property=\"og:type\" content=\"article\" \/>\n<meta property=\"og:title\" content=\"Ozempic | H\u00e5ndter Diabetes &amp; Forbedr Dit Helbred - Transtoyou\" \/>\n<meta property=\"og:description\" content=\"Opdag Ozempic hos Transtoyou, en ugentlig injektion til type 2-diabetes, der hj\u00e6lper med blodsukkerkontrol og v\u00e6gttab. K\u00f8b nu.\" \/>\n<meta property=\"og:url\" content=\"https:\/\/www.transtoyou.com\/da\/product\/ozempic\/\" \/>\n<meta property=\"og:site_name\" content=\"Transtoyou - DA\" \/>\n<meta property=\"article:modified_time\" content=\"2026-03-01T10:09:24+00:00\" \/>\n<meta name=\"twitter:card\" content=\"summary_large_image\" \/>\n<meta name=\"twitter:label1\" content=\"Estimeret l\u00e6setid\" \/>\n\t<meta name=\"twitter:data1\" content=\"1 minut\" \/>\n<script type=\"application\/ld+json\" class=\"yoast-schema-graph\">{\"@context\":\"https:\/\/schema.org\",\"@graph\":[{\"@type\":\"WebPage\",\"@id\":\"https:\/\/www.transtoyou.com\/da\/product\/ozempic\/\",\"url\":\"https:\/\/www.transtoyou.com\/da\/product\/ozempic\/\",\"name\":\"Ozempic | H\u00e5ndter Diabetes & Forbedr Dit Helbred - Transtoyou\",\"isPartOf\":{\"@id\":\"https:\/\/www.transtoyou.com\/da\/#website\"},\"primaryImageOfPage\":{\"@id\":\"https:\/\/www.transtoyou.com\/da\/product\/ozempic\/#primaryimage\"},\"image\":{\"@id\":\"https:\/\/www.transtoyou.com\/da\/product\/ozempic\/#primaryimage\"},\"thumbnailUrl\":\"https:\/\/www.transtoyou.com\/da\/wp-content\/uploads\/sites\/6\/2026\/01\/tty-no-product-image-121.webp\",\"datePublished\":\"2026-01-24T21:59:57+00:00\",\"dateModified\":\"2026-03-01T10:09:24+00:00\",\"description\":\"Opdag Ozempic hos Transtoyou, en ugentlig injektion til type 2-diabetes, der hj\u00e6lper med blodsukkerkontrol og v\u00e6gttab. K\u00f8b nu.\",\"breadcrumb\":{\"@id\":\"https:\/\/www.transtoyou.com\/da\/product\/ozempic\/#breadcrumb\"},\"inLanguage\":\"da-DK\",\"potentialAction\":[{\"@type\":\"ReadAction\",\"target\":[\"https:\/\/www.transtoyou.com\/da\/product\/ozempic\/\"]}]},{\"@type\":\"ImageObject\",\"inLanguage\":\"da-DK\",\"@id\":\"https:\/\/www.transtoyou.com\/da\/product\/ozempic\/#primaryimage\",\"url\":\"https:\/\/www.transtoyou.com\/da\/wp-content\/uploads\/sites\/6\/2026\/01\/tty-no-product-image-121.webp\",\"contentUrl\":\"https:\/\/www.transtoyou.com\/da\/wp-content\/uploads\/sites\/6\/2026\/01\/tty-no-product-image-121.webp\",\"width\":1000,\"height\":1000,\"caption\":\"Standard produktbillede\"},{\"@type\":\"WebSite\",\"@id\":\"https:\/\/www.transtoyou.com\/da\/#website\",\"url\":\"https:\/\/www.transtoyou.com\/da\/\",\"name\":\"Transtoyou - DA\",\"description\":\"\",\"publisher\":{\"@id\":\"https:\/\/www.transtoyou.com\/da\/#organization\"},\"potentialAction\":[{\"@type\":\"SearchAction\",\"target\":{\"@type\":\"EntryPoint\",\"urlTemplate\":\"https:\/\/www.transtoyou.com\/da\/?s={search_term_string}\"},\"query-input\":{\"@type\":\"PropertyValueSpecification\",\"valueRequired\":true,\"valueName\":\"search_term_string\"}}],\"inLanguage\":\"da-DK\"},{\"@type\":\"Organization\",\"@id\":\"https:\/\/www.transtoyou.com\/da\/#organization\",\"name\":\"Transtoyou - DA\",\"url\":\"https:\/\/www.transtoyou.com\/da\/\",\"logo\":{\"@type\":\"ImageObject\",\"inLanguage\":\"da-DK\",\"@id\":\"https:\/\/www.transtoyou.com\/da\/#\/schema\/logo\/image\/\",\"url\":\"https:\/\/www.transtoyou.com\/da\/wp-content\/uploads\/sites\/6\/2026\/01\/logo-tty-menu-bar-300x87-1.webp\",\"contentUrl\":\"https:\/\/www.transtoyou.com\/da\/wp-content\/uploads\/sites\/6\/2026\/01\/logo-tty-menu-bar-300x87-1.webp\",\"width\":300,\"height\":87,\"caption\":\"Transtoyou - DA\"},\"image\":{\"@id\":\"https:\/\/www.transtoyou.com\/da\/#\/schema\/logo\/image\/\"}}]}<\/script>\n<!-- \/ Yoast SEO plugin. -->","yoast_head_json":{"title":"Ozempic | H\u00e5ndter Diabetes & Forbedr Dit Helbred - Transtoyou","description":"Opdag Ozempic hos Transtoyou, en ugentlig injektion til type 2-diabetes, der hj\u00e6lper med blodsukkerkontrol og v\u00e6gttab. K\u00f8b nu.","robots":{"index":"noindex","follow":"follow","max-snippet":"max-snippet:-1","max-image-preview":"max-image-preview:large","max-video-preview":"max-video-preview:-1"},"og_locale":"da_DK","og_type":"article","og_title":"Ozempic | H\u00e5ndter Diabetes & Forbedr Dit Helbred - Transtoyou","og_description":"Opdag Ozempic hos Transtoyou, en ugentlig injektion til type 2-diabetes, der hj\u00e6lper med blodsukkerkontrol og v\u00e6gttab. K\u00f8b nu.","og_url":"https:\/\/www.transtoyou.com\/da\/product\/ozempic\/","og_site_name":"Transtoyou - DA","article_modified_time":"2026-03-01T10:09:24+00:00","twitter_card":"summary_large_image","twitter_misc":{"Estimeret l\u00e6setid":"1 minut"},"schema":{"@context":"https:\/\/schema.org","@graph":[{"@type":"WebPage","@id":"https:\/\/www.transtoyou.com\/da\/product\/ozempic\/","url":"https:\/\/www.transtoyou.com\/da\/product\/ozempic\/","name":"Ozempic | H\u00e5ndter Diabetes & Forbedr Dit Helbred - Transtoyou","isPartOf":{"@id":"https:\/\/www.transtoyou.com\/da\/#website"},"primaryImageOfPage":{"@id":"https:\/\/www.transtoyou.com\/da\/product\/ozempic\/#primaryimage"},"image":{"@id":"https:\/\/www.transtoyou.com\/da\/product\/ozempic\/#primaryimage"},"thumbnailUrl":"https:\/\/www.transtoyou.com\/da\/wp-content\/uploads\/sites\/6\/2026\/01\/tty-no-product-image-121.webp","datePublished":"2026-01-24T21:59:57+00:00","dateModified":"2026-03-01T10:09:24+00:00","description":"Opdag Ozempic hos Transtoyou, en ugentlig injektion til type 2-diabetes, der hj\u00e6lper med blodsukkerkontrol og v\u00e6gttab. K\u00f8b nu.","breadcrumb":{"@id":"https:\/\/www.transtoyou.com\/da\/product\/ozempic\/#breadcrumb"},"inLanguage":"da-DK","potentialAction":[{"@type":"ReadAction","target":["https:\/\/www.transtoyou.com\/da\/product\/ozempic\/"]}]},{"@type":"ImageObject","inLanguage":"da-DK","@id":"https:\/\/www.transtoyou.com\/da\/product\/ozempic\/#primaryimage","url":"https:\/\/www.transtoyou.com\/da\/wp-content\/uploads\/sites\/6\/2026\/01\/tty-no-product-image-121.webp","contentUrl":"https:\/\/www.transtoyou.com\/da\/wp-content\/uploads\/sites\/6\/2026\/01\/tty-no-product-image-121.webp","width":1000,"height":1000,"caption":"Standard produktbillede"},{"@type":"WebSite","@id":"https:\/\/www.transtoyou.com\/da\/#website","url":"https:\/\/www.transtoyou.com\/da\/","name":"Transtoyou - DA","description":"","publisher":{"@id":"https:\/\/www.transtoyou.com\/da\/#organization"},"potentialAction":[{"@type":"SearchAction","target":{"@type":"EntryPoint","urlTemplate":"https:\/\/www.transtoyou.com\/da\/?s={search_term_string}"},"query-input":{"@type":"PropertyValueSpecification","valueRequired":true,"valueName":"search_term_string"}}],"inLanguage":"da-DK"},{"@type":"Organization","@id":"https:\/\/www.transtoyou.com\/da\/#organization","name":"Transtoyou - DA","url":"https:\/\/www.transtoyou.com\/da\/","logo":{"@type":"ImageObject","inLanguage":"da-DK","@id":"https:\/\/www.transtoyou.com\/da\/#\/schema\/logo\/image\/","url":"https:\/\/www.transtoyou.com\/da\/wp-content\/uploads\/sites\/6\/2026\/01\/logo-tty-menu-bar-300x87-1.webp","contentUrl":"https:\/\/www.transtoyou.com\/da\/wp-content\/uploads\/sites\/6\/2026\/01\/logo-tty-menu-bar-300x87-1.webp","width":300,"height":87,"caption":"Transtoyou - DA"},"image":{"@id":"https:\/\/www.transtoyou.com\/da\/#\/schema\/logo\/image\/"}}]}},"_links":{"self":[{"href":"https:\/\/www.transtoyou.com\/da\/wp-json\/wp\/v2\/product\/1126","targetHints":{"allow":["GET"]}}],"collection":[{"href":"https:\/\/www.transtoyou.com\/da\/wp-json\/wp\/v2\/product"}],"about":[{"href":"https:\/\/www.transtoyou.com\/da\/wp-json\/wp\/v2\/types\/product"}],"replies":[{"embeddable":true,"href":"https:\/\/www.transtoyou.com\/da\/wp-json\/wp\/v2\/comments?post=1126"}],"wp:featuredmedia":[{"embeddable":true,"href":"https:\/\/www.transtoyou.com\/da\/wp-json\/wp\/v2\/media\/1128"}],"wp:attachment":[{"href":"https:\/\/www.transtoyou.com\/da\/wp-json\/wp\/v2\/media?parent=1126"}],"wp:term":[{"taxonomy":"product_brand","embeddable":true,"href":"https:\/\/www.transtoyou.com\/da\/wp-json\/wp\/v2\/product_brand?post=1126"},{"taxonomy":"product_cat","embeddable":true,"href":"https:\/\/www.transtoyou.com\/da\/wp-json\/wp\/v2\/product_cat?post=1126"},{"taxonomy":"product_tag","embeddable":true,"href":"https:\/\/www.transtoyou.com\/da\/wp-json\/wp\/v2\/product_tag?post=1126"},{"taxonomy":"expert","embeddable":true,"href":"https:\/\/www.transtoyou.com\/da\/wp-json\/wp\/v2\/expert?post=1126"}],"curies":[{"name":"wp","href":"https:\/\/api.w.org\/{rel}","templated":true}]}}