{"id":1129,"date":"2026-01-25T00:20:18","date_gmt":"2026-01-24T22:20:18","guid":{"rendered":"https:\/\/www.transtoyou.com\/da\/product\/metformin\/"},"modified":"2026-02-25T09:51:52","modified_gmt":"2026-02-25T07:51:52","slug":"metformin","status":"publish","type":"product","link":"https:\/\/www.transtoyou.com\/da\/product\/metformin\/","title":{"rendered":"Metformin"},"content":{"rendered":"<p>Metformin er et af de mest almindeligt ordinerede l\u00e6gemidler til behandling af type 2-diabetes. Det spiller en central rolle i at hj\u00e6lpe folk med at kontrollere deres blodsukkerniveauer og reducere risikoen for langsigtede komplikationer relateret til diabetes. Metformin er typisk den f\u00f8rste behandling, der anbefales efter en diagnose, is\u00e6r n\u00e5r livsstils\u00e6ndringer alene ikke er nok til at opretholde sunde glukoseniveauer.<\/p>\n<p>Type 2-diabetes opst\u00e5r, n\u00e5r kroppen enten modst\u00e5r virkningerne af insulin eller ikke producerer nok af det til at holde blodsukkerniveauerne under kontrol. Metformin virker ved at forbedre kroppens f\u00f8lsomhed over for insulin og reducere m\u00e6ngden af sukker, som leveren frigiver til blodbanen. Det bremser ogs\u00e5 absorptionen af glukose i tarmene, hvilket hj\u00e6lper med at forhindre blodsukkerstigninger efter m\u00e5ltider.<\/p>\n<p>Metformin tages oralt, normalt en eller to gange om dagen, afh\u00e6ngigt af formuleringen og den enkeltes behandlingsplan. Det findes i b\u00e5de hurtigvirkende og langtidsvirkende versioner for at im\u00f8dekomme forskellige behov. N\u00e5r det tages konsekvent, hj\u00e6lper Metformin med at reducere h\u00f8je blodsukkerniveauer uden at for\u00e5rsage v\u00e6gt\u00f8gning eller lavt blodsukker, som er almindelige bekymringer med andre diabetesmediciner.<\/p>\n<p>L\u00e6gemidlet tolereres generelt godt, selvom nogle brugere kan opleve bivirkninger som kvalme, maveubehag eller diarr\u00e9 &#8211; is\u00e6r n\u00e5r behandlingen p\u00e5begyndes. Disse effekter forbedres ofte med tiden eller ved at justere dosen. At tage l\u00e6gemidlet med mad kan ogs\u00e5 hj\u00e6lpe med at reducere ford\u00f8jelsesproblemer.<\/p>\n<p>Metformin anbefales ikke til personer med sv\u00e6r nyresvigt, da det kan \u00f8ge risikoen for laktatacidose, en sj\u00e6lden, men alvorlig tilstand for\u00e5rsaget af en ophobning af m\u00e6lkesyre i blodet.<\/p>\n","protected":false},"excerpt":{"rendered":"<ul>\n<li>Hj\u00e6lper med at kontrollere blodsukkerniveauerne ved type 2-diabetes<\/li>\n<li>Forbedrer insulinf\u00f8lsomheden med en generelt gunstig sikkerhedsprofil<\/li>\n<li>Kan st\u00f8tte moderat v\u00e6gtkontrol sammen med sunde livsstils\u00e6ndringer<\/li>\n<\/ul>\n","protected":false},"featured_media":1131,"comment_status":"open","ping_status":"closed","template":"","meta":[],"product_brand":[],"product_cat":[103],"product_tag":[],"expert":[21],"class_list":{"0":"post-1129","1":"product","2":"type-product","3":"status-publish","4":"has-post-thumbnail","6":"product_cat-diabetes","7":"expert-dr-m-sharoyko","9":"first","10":"instock","11":"shipping-taxable","12":"product-type-variable"},"yoast_head":"<!-- This site is optimized with the Yoast SEO plugin v27.0 - https:\/\/yoast.com\/product\/yoast-seo-wordpress\/ -->\n<title>Metformin | Essentiel Diabeteskontrol - Transtoyou<\/title>\n<meta name=\"description\" content=\"H\u00e5ndter type 2-diabetes med Metformin hos Transtoyou. Forbedr insulinf\u00f8lsomhed og kontroller blodsukkeret. Shop nu for bedre sundhed.\" \/>\n<meta name=\"robots\" content=\"noindex, follow, max-snippet:-1, max-image-preview:large, max-video-preview:-1\" \/>\n<meta property=\"og:locale\" content=\"da_DK\" \/>\n<meta property=\"og:type\" content=\"article\" \/>\n<meta property=\"og:title\" content=\"Metformin | Essentiel Diabeteskontrol - Transtoyou\" \/>\n<meta property=\"og:description\" content=\"H\u00e5ndter type 2-diabetes med Metformin hos Transtoyou. Forbedr insulinf\u00f8lsomhed og kontroller blodsukkeret. Shop nu for bedre sundhed.\" \/>\n<meta property=\"og:url\" content=\"https:\/\/www.transtoyou.com\/da\/product\/metformin\/\" \/>\n<meta property=\"og:site_name\" content=\"Transtoyou - DA\" \/>\n<meta property=\"article:modified_time\" content=\"2026-02-25T07:51:52+00:00\" \/>\n<meta name=\"twitter:card\" content=\"summary_large_image\" \/>\n<meta name=\"twitter:label1\" content=\"Estimeret l\u00e6setid\" \/>\n\t<meta name=\"twitter:data1\" content=\"1 minut\" \/>\n<script type=\"application\/ld+json\" class=\"yoast-schema-graph\">{\"@context\":\"https:\/\/schema.org\",\"@graph\":[{\"@type\":\"WebPage\",\"@id\":\"https:\/\/www.transtoyou.com\/da\/product\/metformin\/\",\"url\":\"https:\/\/www.transtoyou.com\/da\/product\/metformin\/\",\"name\":\"Metformin | Essentiel Diabeteskontrol - Transtoyou\",\"isPartOf\":{\"@id\":\"https:\/\/www.transtoyou.com\/da\/#website\"},\"primaryImageOfPage\":{\"@id\":\"https:\/\/www.transtoyou.com\/da\/product\/metformin\/#primaryimage\"},\"image\":{\"@id\":\"https:\/\/www.transtoyou.com\/da\/product\/metformin\/#primaryimage\"},\"thumbnailUrl\":\"https:\/\/www.transtoyou.com\/da\/wp-content\/uploads\/sites\/6\/2026\/01\/tty-no-product-image-122.webp\",\"datePublished\":\"2026-01-24T22:20:18+00:00\",\"dateModified\":\"2026-02-25T07:51:52+00:00\",\"description\":\"H\u00e5ndter type 2-diabetes med Metformin hos Transtoyou. Forbedr insulinf\u00f8lsomhed og kontroller blodsukkeret. Shop nu for bedre sundhed.\",\"breadcrumb\":{\"@id\":\"https:\/\/www.transtoyou.com\/da\/product\/metformin\/#breadcrumb\"},\"inLanguage\":\"da-DK\",\"potentialAction\":[{\"@type\":\"ReadAction\",\"target\":[\"https:\/\/www.transtoyou.com\/da\/product\/metformin\/\"]}]},{\"@type\":\"ImageObject\",\"inLanguage\":\"da-DK\",\"@id\":\"https:\/\/www.transtoyou.com\/da\/product\/metformin\/#primaryimage\",\"url\":\"https:\/\/www.transtoyou.com\/da\/wp-content\/uploads\/sites\/6\/2026\/01\/tty-no-product-image-122.webp\",\"contentUrl\":\"https:\/\/www.transtoyou.com\/da\/wp-content\/uploads\/sites\/6\/2026\/01\/tty-no-product-image-122.webp\",\"width\":1000,\"height\":1000,\"caption\":\"Standard produktbillede\"},{\"@type\":\"WebSite\",\"@id\":\"https:\/\/www.transtoyou.com\/da\/#website\",\"url\":\"https:\/\/www.transtoyou.com\/da\/\",\"name\":\"Transtoyou - DA\",\"description\":\"\",\"publisher\":{\"@id\":\"https:\/\/www.transtoyou.com\/da\/#organization\"},\"potentialAction\":[{\"@type\":\"SearchAction\",\"target\":{\"@type\":\"EntryPoint\",\"urlTemplate\":\"https:\/\/www.transtoyou.com\/da\/?s={search_term_string}\"},\"query-input\":{\"@type\":\"PropertyValueSpecification\",\"valueRequired\":true,\"valueName\":\"search_term_string\"}}],\"inLanguage\":\"da-DK\"},{\"@type\":\"Organization\",\"@id\":\"https:\/\/www.transtoyou.com\/da\/#organization\",\"name\":\"Transtoyou - DA\",\"url\":\"https:\/\/www.transtoyou.com\/da\/\",\"logo\":{\"@type\":\"ImageObject\",\"inLanguage\":\"da-DK\",\"@id\":\"https:\/\/www.transtoyou.com\/da\/#\/schema\/logo\/image\/\",\"url\":\"https:\/\/www.transtoyou.com\/da\/wp-content\/uploads\/sites\/6\/2026\/01\/logo-tty-menu-bar-300x87-1.webp\",\"contentUrl\":\"https:\/\/www.transtoyou.com\/da\/wp-content\/uploads\/sites\/6\/2026\/01\/logo-tty-menu-bar-300x87-1.webp\",\"width\":300,\"height\":87,\"caption\":\"Transtoyou - DA\"},\"image\":{\"@id\":\"https:\/\/www.transtoyou.com\/da\/#\/schema\/logo\/image\/\"}}]}<\/script>\n<!-- \/ Yoast SEO plugin. -->","yoast_head_json":{"title":"Metformin | Essentiel Diabeteskontrol - Transtoyou","description":"H\u00e5ndter type 2-diabetes med Metformin hos Transtoyou. Forbedr insulinf\u00f8lsomhed og kontroller blodsukkeret. Shop nu for bedre sundhed.","robots":{"index":"noindex","follow":"follow","max-snippet":"max-snippet:-1","max-image-preview":"max-image-preview:large","max-video-preview":"max-video-preview:-1"},"og_locale":"da_DK","og_type":"article","og_title":"Metformin | Essentiel Diabeteskontrol - Transtoyou","og_description":"H\u00e5ndter type 2-diabetes med Metformin hos Transtoyou. Forbedr insulinf\u00f8lsomhed og kontroller blodsukkeret. Shop nu for bedre sundhed.","og_url":"https:\/\/www.transtoyou.com\/da\/product\/metformin\/","og_site_name":"Transtoyou - DA","article_modified_time":"2026-02-25T07:51:52+00:00","twitter_card":"summary_large_image","twitter_misc":{"Estimeret l\u00e6setid":"1 minut"},"schema":{"@context":"https:\/\/schema.org","@graph":[{"@type":"WebPage","@id":"https:\/\/www.transtoyou.com\/da\/product\/metformin\/","url":"https:\/\/www.transtoyou.com\/da\/product\/metformin\/","name":"Metformin | Essentiel Diabeteskontrol - Transtoyou","isPartOf":{"@id":"https:\/\/www.transtoyou.com\/da\/#website"},"primaryImageOfPage":{"@id":"https:\/\/www.transtoyou.com\/da\/product\/metformin\/#primaryimage"},"image":{"@id":"https:\/\/www.transtoyou.com\/da\/product\/metformin\/#primaryimage"},"thumbnailUrl":"https:\/\/www.transtoyou.com\/da\/wp-content\/uploads\/sites\/6\/2026\/01\/tty-no-product-image-122.webp","datePublished":"2026-01-24T22:20:18+00:00","dateModified":"2026-02-25T07:51:52+00:00","description":"H\u00e5ndter type 2-diabetes med Metformin hos Transtoyou. Forbedr insulinf\u00f8lsomhed og kontroller blodsukkeret. Shop nu for bedre sundhed.","breadcrumb":{"@id":"https:\/\/www.transtoyou.com\/da\/product\/metformin\/#breadcrumb"},"inLanguage":"da-DK","potentialAction":[{"@type":"ReadAction","target":["https:\/\/www.transtoyou.com\/da\/product\/metformin\/"]}]},{"@type":"ImageObject","inLanguage":"da-DK","@id":"https:\/\/www.transtoyou.com\/da\/product\/metformin\/#primaryimage","url":"https:\/\/www.transtoyou.com\/da\/wp-content\/uploads\/sites\/6\/2026\/01\/tty-no-product-image-122.webp","contentUrl":"https:\/\/www.transtoyou.com\/da\/wp-content\/uploads\/sites\/6\/2026\/01\/tty-no-product-image-122.webp","width":1000,"height":1000,"caption":"Standard produktbillede"},{"@type":"WebSite","@id":"https:\/\/www.transtoyou.com\/da\/#website","url":"https:\/\/www.transtoyou.com\/da\/","name":"Transtoyou - DA","description":"","publisher":{"@id":"https:\/\/www.transtoyou.com\/da\/#organization"},"potentialAction":[{"@type":"SearchAction","target":{"@type":"EntryPoint","urlTemplate":"https:\/\/www.transtoyou.com\/da\/?s={search_term_string}"},"query-input":{"@type":"PropertyValueSpecification","valueRequired":true,"valueName":"search_term_string"}}],"inLanguage":"da-DK"},{"@type":"Organization","@id":"https:\/\/www.transtoyou.com\/da\/#organization","name":"Transtoyou - DA","url":"https:\/\/www.transtoyou.com\/da\/","logo":{"@type":"ImageObject","inLanguage":"da-DK","@id":"https:\/\/www.transtoyou.com\/da\/#\/schema\/logo\/image\/","url":"https:\/\/www.transtoyou.com\/da\/wp-content\/uploads\/sites\/6\/2026\/01\/logo-tty-menu-bar-300x87-1.webp","contentUrl":"https:\/\/www.transtoyou.com\/da\/wp-content\/uploads\/sites\/6\/2026\/01\/logo-tty-menu-bar-300x87-1.webp","width":300,"height":87,"caption":"Transtoyou - DA"},"image":{"@id":"https:\/\/www.transtoyou.com\/da\/#\/schema\/logo\/image\/"}}]}},"_links":{"self":[{"href":"https:\/\/www.transtoyou.com\/da\/wp-json\/wp\/v2\/product\/1129","targetHints":{"allow":["GET"]}}],"collection":[{"href":"https:\/\/www.transtoyou.com\/da\/wp-json\/wp\/v2\/product"}],"about":[{"href":"https:\/\/www.transtoyou.com\/da\/wp-json\/wp\/v2\/types\/product"}],"replies":[{"embeddable":true,"href":"https:\/\/www.transtoyou.com\/da\/wp-json\/wp\/v2\/comments?post=1129"}],"wp:featuredmedia":[{"embeddable":true,"href":"https:\/\/www.transtoyou.com\/da\/wp-json\/wp\/v2\/media\/1131"}],"wp:attachment":[{"href":"https:\/\/www.transtoyou.com\/da\/wp-json\/wp\/v2\/media?parent=1129"}],"wp:term":[{"taxonomy":"product_brand","embeddable":true,"href":"https:\/\/www.transtoyou.com\/da\/wp-json\/wp\/v2\/product_brand?post=1129"},{"taxonomy":"product_cat","embeddable":true,"href":"https:\/\/www.transtoyou.com\/da\/wp-json\/wp\/v2\/product_cat?post=1129"},{"taxonomy":"product_tag","embeddable":true,"href":"https:\/\/www.transtoyou.com\/da\/wp-json\/wp\/v2\/product_tag?post=1129"},{"taxonomy":"expert","embeddable":true,"href":"https:\/\/www.transtoyou.com\/da\/wp-json\/wp\/v2\/expert?post=1129"}],"curies":[{"name":"wp","href":"https:\/\/api.w.org\/{rel}","templated":true}]}}