{"id":1132,"date":"2026-01-25T00:40:18","date_gmt":"2026-01-24T22:40:18","guid":{"rendered":"https:\/\/www.transtoyou.com\/da\/product\/rifaximin-xifaxan\/"},"modified":"2026-03-02T17:38:07","modified_gmt":"2026-03-02T15:38:07","slug":"rifaximin-xifaxan","status":"publish","type":"product","link":"https:\/\/www.transtoyou.com\/da\/product\/rifaximin-xifaxan\/","title":{"rendered":"Rifaximin (Xifaxan)"},"content":{"rendered":"<p>Rifaximin, almindeligvis kendt under m\u00e6rkenavnet Xifaxan, er et antibiotikum, der bruges til at behandle forskellige infektioner i ford\u00f8jelseskanalen, is\u00e6r rejsediarr\u00e9 for\u00e5rsaget af specifikke bakterier. Hvad der g\u00f8r rifaximin unikt, er, at det n\u00e6sten udelukkende virker i mave-tarmkanalen, hvilket betyder, at meget lidt af medicinen optages i blodbanen. Denne lokaliserede virkning hj\u00e6lper med at m\u00e5lrette infektionen ved dens kilde, samtidig med at den minimerer virkningerne andre steder i kroppen.<\/p>\n<p>Medikamentet er is\u00e6r nyttigt til kortvarig lindring af diarr\u00e9 for\u00e5rsaget af Escherichia Coli, en almindelig bakterie, der er ansvarlig for rejsediarr\u00e9. I mods\u00e6tning til nogle bredspektrede antibiotika er rifaximin mindre tilb\u00f8jelig til at forstyrre balancen af tarmflora, hvilket kan hj\u00e6lpe med at reducere risikoen for yderligere ford\u00f8jelsesproblemer. Det tages ofte i et par dage, typisk i tabletform, og brugerne kan bem\u00e6rke forbedring inden for 24 til 48 timer efter p\u00e5begyndt behandling.<\/p>\n<p>Det tolereres generelt godt, selvom milde bivirkninger som hovedpine, kvalme eller mavesmerter kan forekomme. Rifaximin bruges ogs\u00e5 til andre tilstande som irritabel tyktarm med diarr\u00e9 (IBS-D) og i nogle tilf\u00e6lde for at reducere risikoen for komplikationer ved leversygdom, selvom disse anvendelser er mere specialiserede.<\/p>\n","protected":false},"excerpt":{"rendered":"<ul>\n<li>Retter sig mod bakteriel diarr\u00e9 ved kilden<\/li>\n<li>Minimal absorption i kroppen<\/li>\n<li>Hurtig lindring af rejsediarr\u00e9<\/li>\n<\/ul>\n","protected":false},"featured_media":1134,"comment_status":"open","ping_status":"closed","template":"","meta":[],"product_brand":[],"product_cat":[107],"product_tag":[],"expert":[16],"class_list":{"0":"post-1132","1":"product","2":"type-product","3":"status-publish","4":"has-post-thumbnail","6":"product_cat-diarre","7":"expert-dr-c-alexandru","9":"first","10":"instock","11":"shipping-taxable","12":"product-type-variable"},"yoast_head":"<!-- This site is optimized with the Yoast SEO plugin v27.0 - https:\/\/yoast.com\/product\/yoast-seo-wordpress\/ -->\n<title>Rifaximin (Xifaxan) | M\u00e5lrettet Tarmlindring - Transtoyou<\/title>\n<meta name=\"description\" content=\"Rifaximin (Xifaxan) retter sig mod tarmbakterier for effektiv lindring af diarr\u00e9. F\u00e5 det her for en praktisk l\u00f8sning p\u00e5 ford\u00f8jelsesproblemer.\" \/>\n<meta name=\"robots\" content=\"noindex, follow, max-snippet:-1, max-image-preview:large, max-video-preview:-1\" \/>\n<meta property=\"og:locale\" content=\"da_DK\" \/>\n<meta property=\"og:type\" content=\"article\" \/>\n<meta property=\"og:title\" content=\"Rifaximin (Xifaxan) | M\u00e5lrettet Tarmlindring - Transtoyou\" \/>\n<meta property=\"og:description\" content=\"Rifaximin (Xifaxan) retter sig mod tarmbakterier for effektiv lindring af diarr\u00e9. F\u00e5 det her for en praktisk l\u00f8sning p\u00e5 ford\u00f8jelsesproblemer.\" \/>\n<meta property=\"og:url\" content=\"https:\/\/www.transtoyou.com\/da\/product\/rifaximin-xifaxan\/\" \/>\n<meta property=\"og:site_name\" content=\"Transtoyou - DA\" \/>\n<meta property=\"article:modified_time\" content=\"2026-03-02T15:38:07+00:00\" \/>\n<meta name=\"twitter:card\" content=\"summary_large_image\" \/>\n<meta name=\"twitter:label1\" content=\"Estimeret l\u00e6setid\" \/>\n\t<meta name=\"twitter:data1\" content=\"1 minut\" \/>\n<script type=\"application\/ld+json\" class=\"yoast-schema-graph\">{\"@context\":\"https:\/\/schema.org\",\"@graph\":[{\"@type\":\"WebPage\",\"@id\":\"https:\/\/www.transtoyou.com\/da\/product\/rifaximin-xifaxan\/\",\"url\":\"https:\/\/www.transtoyou.com\/da\/product\/rifaximin-xifaxan\/\",\"name\":\"Rifaximin (Xifaxan) | M\u00e5lrettet Tarmlindring - Transtoyou\",\"isPartOf\":{\"@id\":\"https:\/\/www.transtoyou.com\/da\/#website\"},\"primaryImageOfPage\":{\"@id\":\"https:\/\/www.transtoyou.com\/da\/product\/rifaximin-xifaxan\/#primaryimage\"},\"image\":{\"@id\":\"https:\/\/www.transtoyou.com\/da\/product\/rifaximin-xifaxan\/#primaryimage\"},\"thumbnailUrl\":\"https:\/\/www.transtoyou.com\/da\/wp-content\/uploads\/sites\/6\/2026\/01\/tty-no-product-image-123.webp\",\"datePublished\":\"2026-01-24T22:40:18+00:00\",\"dateModified\":\"2026-03-02T15:38:07+00:00\",\"description\":\"Rifaximin (Xifaxan) retter sig mod tarmbakterier for effektiv lindring af diarr\u00e9. F\u00e5 det her for en praktisk l\u00f8sning p\u00e5 ford\u00f8jelsesproblemer.\",\"breadcrumb\":{\"@id\":\"https:\/\/www.transtoyou.com\/da\/product\/rifaximin-xifaxan\/#breadcrumb\"},\"inLanguage\":\"da-DK\",\"potentialAction\":[{\"@type\":\"ReadAction\",\"target\":[\"https:\/\/www.transtoyou.com\/da\/product\/rifaximin-xifaxan\/\"]}]},{\"@type\":\"ImageObject\",\"inLanguage\":\"da-DK\",\"@id\":\"https:\/\/www.transtoyou.com\/da\/product\/rifaximin-xifaxan\/#primaryimage\",\"url\":\"https:\/\/www.transtoyou.com\/da\/wp-content\/uploads\/sites\/6\/2026\/01\/tty-no-product-image-123.webp\",\"contentUrl\":\"https:\/\/www.transtoyou.com\/da\/wp-content\/uploads\/sites\/6\/2026\/01\/tty-no-product-image-123.webp\",\"width\":1000,\"height\":1000,\"caption\":\"Standard produktbillede\"},{\"@type\":\"WebSite\",\"@id\":\"https:\/\/www.transtoyou.com\/da\/#website\",\"url\":\"https:\/\/www.transtoyou.com\/da\/\",\"name\":\"Transtoyou - DA\",\"description\":\"\",\"publisher\":{\"@id\":\"https:\/\/www.transtoyou.com\/da\/#organization\"},\"potentialAction\":[{\"@type\":\"SearchAction\",\"target\":{\"@type\":\"EntryPoint\",\"urlTemplate\":\"https:\/\/www.transtoyou.com\/da\/?s={search_term_string}\"},\"query-input\":{\"@type\":\"PropertyValueSpecification\",\"valueRequired\":true,\"valueName\":\"search_term_string\"}}],\"inLanguage\":\"da-DK\"},{\"@type\":\"Organization\",\"@id\":\"https:\/\/www.transtoyou.com\/da\/#organization\",\"name\":\"Transtoyou - DA\",\"url\":\"https:\/\/www.transtoyou.com\/da\/\",\"logo\":{\"@type\":\"ImageObject\",\"inLanguage\":\"da-DK\",\"@id\":\"https:\/\/www.transtoyou.com\/da\/#\/schema\/logo\/image\/\",\"url\":\"https:\/\/www.transtoyou.com\/da\/wp-content\/uploads\/sites\/6\/2026\/01\/logo-tty-menu-bar-300x87-1.webp\",\"contentUrl\":\"https:\/\/www.transtoyou.com\/da\/wp-content\/uploads\/sites\/6\/2026\/01\/logo-tty-menu-bar-300x87-1.webp\",\"width\":300,\"height\":87,\"caption\":\"Transtoyou - DA\"},\"image\":{\"@id\":\"https:\/\/www.transtoyou.com\/da\/#\/schema\/logo\/image\/\"}}]}<\/script>\n<!-- \/ Yoast SEO plugin. -->","yoast_head_json":{"title":"Rifaximin (Xifaxan) | M\u00e5lrettet Tarmlindring - Transtoyou","description":"Rifaximin (Xifaxan) retter sig mod tarmbakterier for effektiv lindring af diarr\u00e9. F\u00e5 det her for en praktisk l\u00f8sning p\u00e5 ford\u00f8jelsesproblemer.","robots":{"index":"noindex","follow":"follow","max-snippet":"max-snippet:-1","max-image-preview":"max-image-preview:large","max-video-preview":"max-video-preview:-1"},"og_locale":"da_DK","og_type":"article","og_title":"Rifaximin (Xifaxan) | M\u00e5lrettet Tarmlindring - Transtoyou","og_description":"Rifaximin (Xifaxan) retter sig mod tarmbakterier for effektiv lindring af diarr\u00e9. F\u00e5 det her for en praktisk l\u00f8sning p\u00e5 ford\u00f8jelsesproblemer.","og_url":"https:\/\/www.transtoyou.com\/da\/product\/rifaximin-xifaxan\/","og_site_name":"Transtoyou - DA","article_modified_time":"2026-03-02T15:38:07+00:00","twitter_card":"summary_large_image","twitter_misc":{"Estimeret l\u00e6setid":"1 minut"},"schema":{"@context":"https:\/\/schema.org","@graph":[{"@type":"WebPage","@id":"https:\/\/www.transtoyou.com\/da\/product\/rifaximin-xifaxan\/","url":"https:\/\/www.transtoyou.com\/da\/product\/rifaximin-xifaxan\/","name":"Rifaximin (Xifaxan) | M\u00e5lrettet Tarmlindring - Transtoyou","isPartOf":{"@id":"https:\/\/www.transtoyou.com\/da\/#website"},"primaryImageOfPage":{"@id":"https:\/\/www.transtoyou.com\/da\/product\/rifaximin-xifaxan\/#primaryimage"},"image":{"@id":"https:\/\/www.transtoyou.com\/da\/product\/rifaximin-xifaxan\/#primaryimage"},"thumbnailUrl":"https:\/\/www.transtoyou.com\/da\/wp-content\/uploads\/sites\/6\/2026\/01\/tty-no-product-image-123.webp","datePublished":"2026-01-24T22:40:18+00:00","dateModified":"2026-03-02T15:38:07+00:00","description":"Rifaximin (Xifaxan) retter sig mod tarmbakterier for effektiv lindring af diarr\u00e9. F\u00e5 det her for en praktisk l\u00f8sning p\u00e5 ford\u00f8jelsesproblemer.","breadcrumb":{"@id":"https:\/\/www.transtoyou.com\/da\/product\/rifaximin-xifaxan\/#breadcrumb"},"inLanguage":"da-DK","potentialAction":[{"@type":"ReadAction","target":["https:\/\/www.transtoyou.com\/da\/product\/rifaximin-xifaxan\/"]}]},{"@type":"ImageObject","inLanguage":"da-DK","@id":"https:\/\/www.transtoyou.com\/da\/product\/rifaximin-xifaxan\/#primaryimage","url":"https:\/\/www.transtoyou.com\/da\/wp-content\/uploads\/sites\/6\/2026\/01\/tty-no-product-image-123.webp","contentUrl":"https:\/\/www.transtoyou.com\/da\/wp-content\/uploads\/sites\/6\/2026\/01\/tty-no-product-image-123.webp","width":1000,"height":1000,"caption":"Standard produktbillede"},{"@type":"WebSite","@id":"https:\/\/www.transtoyou.com\/da\/#website","url":"https:\/\/www.transtoyou.com\/da\/","name":"Transtoyou - DA","description":"","publisher":{"@id":"https:\/\/www.transtoyou.com\/da\/#organization"},"potentialAction":[{"@type":"SearchAction","target":{"@type":"EntryPoint","urlTemplate":"https:\/\/www.transtoyou.com\/da\/?s={search_term_string}"},"query-input":{"@type":"PropertyValueSpecification","valueRequired":true,"valueName":"search_term_string"}}],"inLanguage":"da-DK"},{"@type":"Organization","@id":"https:\/\/www.transtoyou.com\/da\/#organization","name":"Transtoyou - DA","url":"https:\/\/www.transtoyou.com\/da\/","logo":{"@type":"ImageObject","inLanguage":"da-DK","@id":"https:\/\/www.transtoyou.com\/da\/#\/schema\/logo\/image\/","url":"https:\/\/www.transtoyou.com\/da\/wp-content\/uploads\/sites\/6\/2026\/01\/logo-tty-menu-bar-300x87-1.webp","contentUrl":"https:\/\/www.transtoyou.com\/da\/wp-content\/uploads\/sites\/6\/2026\/01\/logo-tty-menu-bar-300x87-1.webp","width":300,"height":87,"caption":"Transtoyou - DA"},"image":{"@id":"https:\/\/www.transtoyou.com\/da\/#\/schema\/logo\/image\/"}}]}},"_links":{"self":[{"href":"https:\/\/www.transtoyou.com\/da\/wp-json\/wp\/v2\/product\/1132","targetHints":{"allow":["GET"]}}],"collection":[{"href":"https:\/\/www.transtoyou.com\/da\/wp-json\/wp\/v2\/product"}],"about":[{"href":"https:\/\/www.transtoyou.com\/da\/wp-json\/wp\/v2\/types\/product"}],"replies":[{"embeddable":true,"href":"https:\/\/www.transtoyou.com\/da\/wp-json\/wp\/v2\/comments?post=1132"}],"wp:featuredmedia":[{"embeddable":true,"href":"https:\/\/www.transtoyou.com\/da\/wp-json\/wp\/v2\/media\/1134"}],"wp:attachment":[{"href":"https:\/\/www.transtoyou.com\/da\/wp-json\/wp\/v2\/media?parent=1132"}],"wp:term":[{"taxonomy":"product_brand","embeddable":true,"href":"https:\/\/www.transtoyou.com\/da\/wp-json\/wp\/v2\/product_brand?post=1132"},{"taxonomy":"product_cat","embeddable":true,"href":"https:\/\/www.transtoyou.com\/da\/wp-json\/wp\/v2\/product_cat?post=1132"},{"taxonomy":"product_tag","embeddable":true,"href":"https:\/\/www.transtoyou.com\/da\/wp-json\/wp\/v2\/product_tag?post=1132"},{"taxonomy":"expert","embeddable":true,"href":"https:\/\/www.transtoyou.com\/da\/wp-json\/wp\/v2\/expert?post=1132"}],"curies":[{"name":"wp","href":"https:\/\/api.w.org\/{rel}","templated":true}]}}