{"id":1135,"date":"2026-01-25T00:57:03","date_gmt":"2026-01-24T22:57:03","guid":{"rendered":"https:\/\/www.transtoyou.com\/da\/product\/norlevo-levonelle\/"},"modified":"2026-01-25T00:57:59","modified_gmt":"2026-01-24T22:57:59","slug":"norlevo-levonelle","status":"publish","type":"product","link":"https:\/\/www.transtoyou.com\/da\/product\/norlevo-levonelle\/","title":{"rendered":"Norlevo (Levonelle)"},"content":{"rendered":"<p>Norlevo, ogs\u00e5 kendt som Levonelle, er en n\u00f8dpr\u00e6ventionspille (ECP), der er designet til at forhindre graviditet efter ubeskyttet samleje eller svigt af pr\u00e6vention (f.eks. brudt kondom eller glemt pille). Den indeholder levonorgestrel, et syntetisk progestogen hormon, der efterligner kroppens naturlige progesteron.<\/p>\n<p>Norlevo virker prim\u00e6rt ved at forsinke eller h\u00e6mme \u00e6gl\u00f8sning, hvilket betyder, at det forhindrer frigivelsen af et \u00e6g fra \u00e6ggestokken. Uden et \u00e6g kan befrugtning ikke finde sted. Det kan ogs\u00e5 \u00e6ndre livmoderhalsslimet og livmoderslimhinden, hvilket g\u00f8r det sv\u00e6rere for s\u00e6dceller at n\u00e5 et \u00e6g eller for et befrugtet \u00e6g at implantere sig, selvom dette er en sekund\u00e6r mekanisme og mindre velunderbygget.<\/p>\n<p>Det er mest effektivt, n\u00e5r det tages s\u00e5 hurtigt som muligt, ideelt set inden for 12 timer, men det kan tages op til 72 timer (3 dage) efter ubeskyttet sex. Dets effektivitet mindskes jo l\u00e6ngere der g\u00e5r.<\/p>\n<p>Norlevo afslutter ikke en eksisterende graviditet og er ikke beregnet til regelm\u00e6ssig pr\u00e6ventionsbrug. Det er ikke effektivt, hvis \u00e6gl\u00f8sning allerede har fundet sted. Det beskytter heller ikke mod STI&#8217;er.<\/p>\n<p>Fordele inkluderer, at det er bredt tilg\u00e6ngeligt, nemt at bruge og godt tolereret, is\u00e6r n\u00e5r det tages hurtigt. Bivirkninger er generelt milde og midlertidige, s\u00e5som kvalme, hovedpine, \u00f8mhed i brysterne, svimmelhed eller \u00e6ndringer i menstruationscyklussen.<\/p>\n","protected":false},"excerpt":{"rendered":"<ul>\n<li>Tag inden for 72 timer<\/li>\n<li>Forsinker \u00e6gl\u00f8sning<\/li>\n<li>N\u00f8dkontraktion<\/li>\n<\/ul>\n","protected":false},"featured_media":1136,"comment_status":"open","ping_status":"closed","template":"","meta":[],"product_brand":[],"product_cat":[110],"product_tag":[],"expert":[19],"class_list":{"0":"post-1135","1":"product","2":"type-product","3":"status-publish","4":"has-post-thumbnail","6":"product_cat-nodpraevention","7":"expert-dr-j-vazquez","9":"first","10":"instock","11":"shipping-taxable","12":"product-type-simple"},"yoast_head":"<!-- This site is optimized with the Yoast SEO plugin v27.0 - https:\/\/yoast.com\/product\/yoast-seo-wordpress\/ -->\n<title>Norlevo (Levonelle) | Hurtigvirkende ECP - Transtoyou<\/title>\n<meta name=\"description\" content=\"Norlevo (Levonelle) ECP forhindrer graviditet efter ubeskyttet sex. F\u00e5 hurtig adgang her. Effektiv op til 72 timer. K\u00f8b nu hos Transtoyou.\" \/>\n<meta name=\"robots\" content=\"noindex, follow, max-snippet:-1, max-image-preview:large, max-video-preview:-1\" \/>\n<meta property=\"og:locale\" content=\"da_DK\" \/>\n<meta property=\"og:type\" content=\"article\" \/>\n<meta property=\"og:title\" content=\"Norlevo (Levonelle) | Hurtigvirkende ECP - Transtoyou\" \/>\n<meta property=\"og:description\" content=\"Norlevo (Levonelle) ECP forhindrer graviditet efter ubeskyttet sex. F\u00e5 hurtig adgang her. Effektiv op til 72 timer. K\u00f8b nu hos Transtoyou.\" \/>\n<meta property=\"og:url\" content=\"https:\/\/www.transtoyou.com\/da\/product\/norlevo-levonelle\/\" \/>\n<meta property=\"og:site_name\" content=\"Transtoyou - DA\" \/>\n<meta property=\"article:modified_time\" content=\"2026-01-24T22:57:59+00:00\" \/>\n<meta name=\"twitter:card\" content=\"summary_large_image\" \/>\n<meta name=\"twitter:label1\" content=\"Estimeret l\u00e6setid\" \/>\n\t<meta name=\"twitter:data1\" content=\"1 minut\" \/>\n<script type=\"application\/ld+json\" class=\"yoast-schema-graph\">{\"@context\":\"https:\/\/schema.org\",\"@graph\":[{\"@type\":\"WebPage\",\"@id\":\"https:\/\/www.transtoyou.com\/da\/product\/norlevo-levonelle\/\",\"url\":\"https:\/\/www.transtoyou.com\/da\/product\/norlevo-levonelle\/\",\"name\":\"Norlevo (Levonelle) | Hurtigvirkende ECP - Transtoyou\",\"isPartOf\":{\"@id\":\"https:\/\/www.transtoyou.com\/da\/#website\"},\"primaryImageOfPage\":{\"@id\":\"https:\/\/www.transtoyou.com\/da\/product\/norlevo-levonelle\/#primaryimage\"},\"image\":{\"@id\":\"https:\/\/www.transtoyou.com\/da\/product\/norlevo-levonelle\/#primaryimage\"},\"thumbnailUrl\":\"https:\/\/www.transtoyou.com\/da\/wp-content\/uploads\/sites\/6\/2026\/01\/tty-no-product-image-124.webp\",\"datePublished\":\"2026-01-24T22:57:03+00:00\",\"dateModified\":\"2026-01-24T22:57:59+00:00\",\"description\":\"Norlevo (Levonelle) ECP forhindrer graviditet efter ubeskyttet sex. F\u00e5 hurtig adgang her. Effektiv op til 72 timer. K\u00f8b nu hos Transtoyou.\",\"breadcrumb\":{\"@id\":\"https:\/\/www.transtoyou.com\/da\/product\/norlevo-levonelle\/#breadcrumb\"},\"inLanguage\":\"da-DK\",\"potentialAction\":[{\"@type\":\"ReadAction\",\"target\":[\"https:\/\/www.transtoyou.com\/da\/product\/norlevo-levonelle\/\"]}]},{\"@type\":\"ImageObject\",\"inLanguage\":\"da-DK\",\"@id\":\"https:\/\/www.transtoyou.com\/da\/product\/norlevo-levonelle\/#primaryimage\",\"url\":\"https:\/\/www.transtoyou.com\/da\/wp-content\/uploads\/sites\/6\/2026\/01\/tty-no-product-image-124.webp\",\"contentUrl\":\"https:\/\/www.transtoyou.com\/da\/wp-content\/uploads\/sites\/6\/2026\/01\/tty-no-product-image-124.webp\",\"width\":1000,\"height\":1000,\"caption\":\"Standard produktbillede\"},{\"@type\":\"WebSite\",\"@id\":\"https:\/\/www.transtoyou.com\/da\/#website\",\"url\":\"https:\/\/www.transtoyou.com\/da\/\",\"name\":\"Transtoyou - DA\",\"description\":\"\",\"publisher\":{\"@id\":\"https:\/\/www.transtoyou.com\/da\/#organization\"},\"potentialAction\":[{\"@type\":\"SearchAction\",\"target\":{\"@type\":\"EntryPoint\",\"urlTemplate\":\"https:\/\/www.transtoyou.com\/da\/?s={search_term_string}\"},\"query-input\":{\"@type\":\"PropertyValueSpecification\",\"valueRequired\":true,\"valueName\":\"search_term_string\"}}],\"inLanguage\":\"da-DK\"},{\"@type\":\"Organization\",\"@id\":\"https:\/\/www.transtoyou.com\/da\/#organization\",\"name\":\"Transtoyou - DA\",\"url\":\"https:\/\/www.transtoyou.com\/da\/\",\"logo\":{\"@type\":\"ImageObject\",\"inLanguage\":\"da-DK\",\"@id\":\"https:\/\/www.transtoyou.com\/da\/#\/schema\/logo\/image\/\",\"url\":\"https:\/\/www.transtoyou.com\/da\/wp-content\/uploads\/sites\/6\/2026\/01\/logo-tty-menu-bar-300x87-1.webp\",\"contentUrl\":\"https:\/\/www.transtoyou.com\/da\/wp-content\/uploads\/sites\/6\/2026\/01\/logo-tty-menu-bar-300x87-1.webp\",\"width\":300,\"height\":87,\"caption\":\"Transtoyou - DA\"},\"image\":{\"@id\":\"https:\/\/www.transtoyou.com\/da\/#\/schema\/logo\/image\/\"}}]}<\/script>\n<!-- \/ Yoast SEO plugin. -->","yoast_head_json":{"title":"Norlevo (Levonelle) | Hurtigvirkende ECP - Transtoyou","description":"Norlevo (Levonelle) ECP forhindrer graviditet efter ubeskyttet sex. F\u00e5 hurtig adgang her. Effektiv op til 72 timer. K\u00f8b nu hos Transtoyou.","robots":{"index":"noindex","follow":"follow","max-snippet":"max-snippet:-1","max-image-preview":"max-image-preview:large","max-video-preview":"max-video-preview:-1"},"og_locale":"da_DK","og_type":"article","og_title":"Norlevo (Levonelle) | Hurtigvirkende ECP - Transtoyou","og_description":"Norlevo (Levonelle) ECP forhindrer graviditet efter ubeskyttet sex. F\u00e5 hurtig adgang her. Effektiv op til 72 timer. K\u00f8b nu hos Transtoyou.","og_url":"https:\/\/www.transtoyou.com\/da\/product\/norlevo-levonelle\/","og_site_name":"Transtoyou - DA","article_modified_time":"2026-01-24T22:57:59+00:00","twitter_card":"summary_large_image","twitter_misc":{"Estimeret l\u00e6setid":"1 minut"},"schema":{"@context":"https:\/\/schema.org","@graph":[{"@type":"WebPage","@id":"https:\/\/www.transtoyou.com\/da\/product\/norlevo-levonelle\/","url":"https:\/\/www.transtoyou.com\/da\/product\/norlevo-levonelle\/","name":"Norlevo (Levonelle) | Hurtigvirkende ECP - Transtoyou","isPartOf":{"@id":"https:\/\/www.transtoyou.com\/da\/#website"},"primaryImageOfPage":{"@id":"https:\/\/www.transtoyou.com\/da\/product\/norlevo-levonelle\/#primaryimage"},"image":{"@id":"https:\/\/www.transtoyou.com\/da\/product\/norlevo-levonelle\/#primaryimage"},"thumbnailUrl":"https:\/\/www.transtoyou.com\/da\/wp-content\/uploads\/sites\/6\/2026\/01\/tty-no-product-image-124.webp","datePublished":"2026-01-24T22:57:03+00:00","dateModified":"2026-01-24T22:57:59+00:00","description":"Norlevo (Levonelle) ECP forhindrer graviditet efter ubeskyttet sex. F\u00e5 hurtig adgang her. Effektiv op til 72 timer. K\u00f8b nu hos Transtoyou.","breadcrumb":{"@id":"https:\/\/www.transtoyou.com\/da\/product\/norlevo-levonelle\/#breadcrumb"},"inLanguage":"da-DK","potentialAction":[{"@type":"ReadAction","target":["https:\/\/www.transtoyou.com\/da\/product\/norlevo-levonelle\/"]}]},{"@type":"ImageObject","inLanguage":"da-DK","@id":"https:\/\/www.transtoyou.com\/da\/product\/norlevo-levonelle\/#primaryimage","url":"https:\/\/www.transtoyou.com\/da\/wp-content\/uploads\/sites\/6\/2026\/01\/tty-no-product-image-124.webp","contentUrl":"https:\/\/www.transtoyou.com\/da\/wp-content\/uploads\/sites\/6\/2026\/01\/tty-no-product-image-124.webp","width":1000,"height":1000,"caption":"Standard produktbillede"},{"@type":"WebSite","@id":"https:\/\/www.transtoyou.com\/da\/#website","url":"https:\/\/www.transtoyou.com\/da\/","name":"Transtoyou - DA","description":"","publisher":{"@id":"https:\/\/www.transtoyou.com\/da\/#organization"},"potentialAction":[{"@type":"SearchAction","target":{"@type":"EntryPoint","urlTemplate":"https:\/\/www.transtoyou.com\/da\/?s={search_term_string}"},"query-input":{"@type":"PropertyValueSpecification","valueRequired":true,"valueName":"search_term_string"}}],"inLanguage":"da-DK"},{"@type":"Organization","@id":"https:\/\/www.transtoyou.com\/da\/#organization","name":"Transtoyou - DA","url":"https:\/\/www.transtoyou.com\/da\/","logo":{"@type":"ImageObject","inLanguage":"da-DK","@id":"https:\/\/www.transtoyou.com\/da\/#\/schema\/logo\/image\/","url":"https:\/\/www.transtoyou.com\/da\/wp-content\/uploads\/sites\/6\/2026\/01\/logo-tty-menu-bar-300x87-1.webp","contentUrl":"https:\/\/www.transtoyou.com\/da\/wp-content\/uploads\/sites\/6\/2026\/01\/logo-tty-menu-bar-300x87-1.webp","width":300,"height":87,"caption":"Transtoyou - DA"},"image":{"@id":"https:\/\/www.transtoyou.com\/da\/#\/schema\/logo\/image\/"}}]}},"_links":{"self":[{"href":"https:\/\/www.transtoyou.com\/da\/wp-json\/wp\/v2\/product\/1135","targetHints":{"allow":["GET"]}}],"collection":[{"href":"https:\/\/www.transtoyou.com\/da\/wp-json\/wp\/v2\/product"}],"about":[{"href":"https:\/\/www.transtoyou.com\/da\/wp-json\/wp\/v2\/types\/product"}],"replies":[{"embeddable":true,"href":"https:\/\/www.transtoyou.com\/da\/wp-json\/wp\/v2\/comments?post=1135"}],"wp:featuredmedia":[{"embeddable":true,"href":"https:\/\/www.transtoyou.com\/da\/wp-json\/wp\/v2\/media\/1136"}],"wp:attachment":[{"href":"https:\/\/www.transtoyou.com\/da\/wp-json\/wp\/v2\/media?parent=1135"}],"wp:term":[{"taxonomy":"product_brand","embeddable":true,"href":"https:\/\/www.transtoyou.com\/da\/wp-json\/wp\/v2\/product_brand?post=1135"},{"taxonomy":"product_cat","embeddable":true,"href":"https:\/\/www.transtoyou.com\/da\/wp-json\/wp\/v2\/product_cat?post=1135"},{"taxonomy":"product_tag","embeddable":true,"href":"https:\/\/www.transtoyou.com\/da\/wp-json\/wp\/v2\/product_tag?post=1135"},{"taxonomy":"expert","embeddable":true,"href":"https:\/\/www.transtoyou.com\/da\/wp-json\/wp\/v2\/expert?post=1135"}],"curies":[{"name":"wp","href":"https:\/\/api.w.org\/{rel}","templated":true}]}}