{"id":1139,"date":"2026-01-25T01:29:53","date_gmt":"2026-01-24T23:29:53","guid":{"rendered":"https:\/\/www.transtoyou.com\/da\/product\/qlaira\/"},"modified":"2026-03-03T11:44:54","modified_gmt":"2026-03-03T09:44:54","slug":"qlaira","status":"publish","type":"product","link":"https:\/\/www.transtoyou.com\/da\/product\/qlaira\/","title":{"rendered":"Qlaira"},"content":{"rendered":"<p>Qlaira er en kombineret p-pille, der ogs\u00e5 bruges off-label til at hj\u00e6lpe med at h\u00e5ndtere symptomerne p\u00e5 endometriose. Den indeholder syntetiske versioner af to naturligt forekommende hormoner, estradiolvalerat, en form for \u00f8strogen, og dienogest, et gestagen. I mods\u00e6tning til mange traditionelle p-piller f\u00f8lger Qlaira en multiphasisk doseringsplan, der er designet til at efterligne naturlige hormonelle udsving t\u00e6ttere.<\/p>\n<p>Endometriose er en kronisk tilstand, hvor v\u00e6v, der ligner livmoderslimhinden, vokser uden for livmoderen, hvilket ofte for\u00e5rsager smerte, kraftige menstruationer og fertilitetsproblemer. Hormonbehandlinger som Qlaira kan hj\u00e6lpe med at reducere aktiviteten og v\u00e6ksten af dette forkert placerede v\u00e6v ved at stabilisere hormon niveauerne og undertrykke \u00e6gl\u00f8sning. Dette kan resultere i lettere menstruationer, mindre b\u00e6kkensmerter og f\u00e6rre opblussen af endometriose symptomer over tid.<\/p>\n<p>Qlaira tages dagligt i en specifik r\u00e6kkef\u00f8lge over en 28-dages cyklus, hvor forskellige farvede tabletter angiver varierende hormonniveauer. Der er aktive tabletter, der indeholder hormoner, og to tabletter, der ikke indeholder aktive ingredienser, hvilket hj\u00e6lper med at opretholde en regelm\u00e6ssig rutine uden en traditionel pillefri pause. De varierende doser hj\u00e6lper med at forbedre cykluskontrollen og kan f\u00f8re til lettere og kortere tilbagetr\u00e6kningsbl\u00f8dninger.<\/p>\n<p>Mange mennesker, der bruger Qlaira til endometriose, rapporterer om forbedret symptomlindring og livskvalitet, is\u00e6r dem, der ogs\u00e5 s\u00f8ger effektiv pr\u00e6vention. Det tolereres generelt godt, selvom bivirkninger som kvalme, \u00f8mhed i brysterne, hum\u00f8rsvingninger eller gennembrudsbl\u00f8dning kan forekomme, is\u00e6r i de f\u00f8rste par m\u00e5neder af brugen.<\/p>\n","protected":false},"excerpt":{"rendered":"<ul>\n<li>Hj\u00e6lper med at regulere menstruationscyklussen<\/li>\n<li>H\u00e5ndterer symptomer p\u00e5 endometriose<\/li>\n<li>Moderne lavdosis hormonbehandling<\/li>\n<\/ul>\n","protected":false},"featured_media":1141,"comment_status":"open","ping_status":"closed","template":"","meta":[],"product_brand":[],"product_cat":[112,94],"product_tag":[],"expert":[19],"class_list":{"0":"post-1139","1":"product","2":"type-product","3":"status-publish","4":"has-post-thumbnail","6":"product_cat-endometriose","7":"product_cat-kombinationspille","8":"expert-dr-j-vazquez","10":"first","11":"instock","12":"shipping-taxable","13":"purchasable","14":"product-type-variable"},"yoast_head":"<!-- This site is optimized with the Yoast SEO plugin v27.0 - https:\/\/yoast.com\/product\/yoast-seo-wordpress\/ -->\n<title>Qlaira - Transtoyou - DA<\/title>\n<meta name=\"robots\" content=\"noindex, follow, max-snippet:-1, max-image-preview:large, max-video-preview:-1\" \/>\n<meta property=\"og:locale\" content=\"da_DK\" \/>\n<meta property=\"og:type\" content=\"article\" \/>\n<meta property=\"og:title\" content=\"Qlaira - Transtoyou - DA\" \/>\n<meta property=\"og:description\" content=\"Hj\u00e6lper med at regulere menstruationscyklussen  H\u00e5ndterer symptomer p\u00e5 endometriose  Moderne lavdosis hormonbehandling\" \/>\n<meta property=\"og:url\" content=\"https:\/\/www.transtoyou.com\/da\/product\/qlaira\/\" \/>\n<meta property=\"og:site_name\" content=\"Transtoyou - DA\" \/>\n<meta property=\"article:modified_time\" content=\"2026-03-03T09:44:54+00:00\" \/>\n<meta property=\"og:image\" content=\"https:\/\/www.transtoyou.com\/da\/wp-content\/uploads\/sites\/6\/2026\/01\/tty-no-product-image-126.webp\" \/>\n\t<meta property=\"og:image:width\" content=\"1000\" \/>\n\t<meta property=\"og:image:height\" content=\"1000\" \/>\n\t<meta property=\"og:image:type\" content=\"image\/webp\" \/>\n<meta name=\"twitter:card\" content=\"summary_large_image\" \/>\n<meta name=\"twitter:label1\" content=\"Estimeret l\u00e6setid\" \/>\n\t<meta name=\"twitter:data1\" content=\"1 minut\" \/>\n<script type=\"application\/ld+json\" class=\"yoast-schema-graph\">{\"@context\":\"https:\/\/schema.org\",\"@graph\":[{\"@type\":\"WebPage\",\"@id\":\"https:\/\/www.transtoyou.com\/da\/product\/qlaira\/\",\"url\":\"https:\/\/www.transtoyou.com\/da\/product\/qlaira\/\",\"name\":\"Qlaira - Transtoyou - DA\",\"isPartOf\":{\"@id\":\"https:\/\/www.transtoyou.com\/da\/#website\"},\"primaryImageOfPage\":{\"@id\":\"https:\/\/www.transtoyou.com\/da\/product\/qlaira\/#primaryimage\"},\"image\":{\"@id\":\"https:\/\/www.transtoyou.com\/da\/product\/qlaira\/#primaryimage\"},\"thumbnailUrl\":\"https:\/\/www.transtoyou.com\/da\/wp-content\/uploads\/sites\/6\/2026\/01\/tty-no-product-image-126.webp\",\"datePublished\":\"2026-01-24T23:29:53+00:00\",\"dateModified\":\"2026-03-03T09:44:54+00:00\",\"breadcrumb\":{\"@id\":\"https:\/\/www.transtoyou.com\/da\/product\/qlaira\/#breadcrumb\"},\"inLanguage\":\"da-DK\",\"potentialAction\":[{\"@type\":\"ReadAction\",\"target\":[\"https:\/\/www.transtoyou.com\/da\/product\/qlaira\/\"]}]},{\"@type\":\"ImageObject\",\"inLanguage\":\"da-DK\",\"@id\":\"https:\/\/www.transtoyou.com\/da\/product\/qlaira\/#primaryimage\",\"url\":\"https:\/\/www.transtoyou.com\/da\/wp-content\/uploads\/sites\/6\/2026\/01\/tty-no-product-image-126.webp\",\"contentUrl\":\"https:\/\/www.transtoyou.com\/da\/wp-content\/uploads\/sites\/6\/2026\/01\/tty-no-product-image-126.webp\",\"width\":1000,\"height\":1000,\"caption\":\"Standard produktbillede\"},{\"@type\":\"WebSite\",\"@id\":\"https:\/\/www.transtoyou.com\/da\/#website\",\"url\":\"https:\/\/www.transtoyou.com\/da\/\",\"name\":\"Transtoyou - DA\",\"description\":\"\",\"publisher\":{\"@id\":\"https:\/\/www.transtoyou.com\/da\/#organization\"},\"potentialAction\":[{\"@type\":\"SearchAction\",\"target\":{\"@type\":\"EntryPoint\",\"urlTemplate\":\"https:\/\/www.transtoyou.com\/da\/?s={search_term_string}\"},\"query-input\":{\"@type\":\"PropertyValueSpecification\",\"valueRequired\":true,\"valueName\":\"search_term_string\"}}],\"inLanguage\":\"da-DK\"},{\"@type\":\"Organization\",\"@id\":\"https:\/\/www.transtoyou.com\/da\/#organization\",\"name\":\"Transtoyou - DA\",\"url\":\"https:\/\/www.transtoyou.com\/da\/\",\"logo\":{\"@type\":\"ImageObject\",\"inLanguage\":\"da-DK\",\"@id\":\"https:\/\/www.transtoyou.com\/da\/#\/schema\/logo\/image\/\",\"url\":\"https:\/\/www.transtoyou.com\/da\/wp-content\/uploads\/sites\/6\/2026\/01\/logo-tty-menu-bar-300x87-1.webp\",\"contentUrl\":\"https:\/\/www.transtoyou.com\/da\/wp-content\/uploads\/sites\/6\/2026\/01\/logo-tty-menu-bar-300x87-1.webp\",\"width\":300,\"height\":87,\"caption\":\"Transtoyou - DA\"},\"image\":{\"@id\":\"https:\/\/www.transtoyou.com\/da\/#\/schema\/logo\/image\/\"}}]}<\/script>\n<!-- \/ Yoast SEO plugin. -->","yoast_head_json":{"title":"Qlaira - Transtoyou - DA","robots":{"index":"noindex","follow":"follow","max-snippet":"max-snippet:-1","max-image-preview":"max-image-preview:large","max-video-preview":"max-video-preview:-1"},"og_locale":"da_DK","og_type":"article","og_title":"Qlaira - Transtoyou - DA","og_description":"Hj\u00e6lper med at regulere menstruationscyklussen  H\u00e5ndterer symptomer p\u00e5 endometriose  Moderne lavdosis hormonbehandling","og_url":"https:\/\/www.transtoyou.com\/da\/product\/qlaira\/","og_site_name":"Transtoyou - DA","article_modified_time":"2026-03-03T09:44:54+00:00","og_image":[{"width":1000,"height":1000,"url":"https:\/\/www.transtoyou.com\/da\/wp-content\/uploads\/sites\/6\/2026\/01\/tty-no-product-image-126.webp","type":"image\/webp"}],"twitter_card":"summary_large_image","twitter_misc":{"Estimeret l\u00e6setid":"1 minut"},"schema":{"@context":"https:\/\/schema.org","@graph":[{"@type":"WebPage","@id":"https:\/\/www.transtoyou.com\/da\/product\/qlaira\/","url":"https:\/\/www.transtoyou.com\/da\/product\/qlaira\/","name":"Qlaira - Transtoyou - DA","isPartOf":{"@id":"https:\/\/www.transtoyou.com\/da\/#website"},"primaryImageOfPage":{"@id":"https:\/\/www.transtoyou.com\/da\/product\/qlaira\/#primaryimage"},"image":{"@id":"https:\/\/www.transtoyou.com\/da\/product\/qlaira\/#primaryimage"},"thumbnailUrl":"https:\/\/www.transtoyou.com\/da\/wp-content\/uploads\/sites\/6\/2026\/01\/tty-no-product-image-126.webp","datePublished":"2026-01-24T23:29:53+00:00","dateModified":"2026-03-03T09:44:54+00:00","breadcrumb":{"@id":"https:\/\/www.transtoyou.com\/da\/product\/qlaira\/#breadcrumb"},"inLanguage":"da-DK","potentialAction":[{"@type":"ReadAction","target":["https:\/\/www.transtoyou.com\/da\/product\/qlaira\/"]}]},{"@type":"ImageObject","inLanguage":"da-DK","@id":"https:\/\/www.transtoyou.com\/da\/product\/qlaira\/#primaryimage","url":"https:\/\/www.transtoyou.com\/da\/wp-content\/uploads\/sites\/6\/2026\/01\/tty-no-product-image-126.webp","contentUrl":"https:\/\/www.transtoyou.com\/da\/wp-content\/uploads\/sites\/6\/2026\/01\/tty-no-product-image-126.webp","width":1000,"height":1000,"caption":"Standard produktbillede"},{"@type":"WebSite","@id":"https:\/\/www.transtoyou.com\/da\/#website","url":"https:\/\/www.transtoyou.com\/da\/","name":"Transtoyou - DA","description":"","publisher":{"@id":"https:\/\/www.transtoyou.com\/da\/#organization"},"potentialAction":[{"@type":"SearchAction","target":{"@type":"EntryPoint","urlTemplate":"https:\/\/www.transtoyou.com\/da\/?s={search_term_string}"},"query-input":{"@type":"PropertyValueSpecification","valueRequired":true,"valueName":"search_term_string"}}],"inLanguage":"da-DK"},{"@type":"Organization","@id":"https:\/\/www.transtoyou.com\/da\/#organization","name":"Transtoyou - DA","url":"https:\/\/www.transtoyou.com\/da\/","logo":{"@type":"ImageObject","inLanguage":"da-DK","@id":"https:\/\/www.transtoyou.com\/da\/#\/schema\/logo\/image\/","url":"https:\/\/www.transtoyou.com\/da\/wp-content\/uploads\/sites\/6\/2026\/01\/logo-tty-menu-bar-300x87-1.webp","contentUrl":"https:\/\/www.transtoyou.com\/da\/wp-content\/uploads\/sites\/6\/2026\/01\/logo-tty-menu-bar-300x87-1.webp","width":300,"height":87,"caption":"Transtoyou - DA"},"image":{"@id":"https:\/\/www.transtoyou.com\/da\/#\/schema\/logo\/image\/"}}]}},"_links":{"self":[{"href":"https:\/\/www.transtoyou.com\/da\/wp-json\/wp\/v2\/product\/1139","targetHints":{"allow":["GET"]}}],"collection":[{"href":"https:\/\/www.transtoyou.com\/da\/wp-json\/wp\/v2\/product"}],"about":[{"href":"https:\/\/www.transtoyou.com\/da\/wp-json\/wp\/v2\/types\/product"}],"replies":[{"embeddable":true,"href":"https:\/\/www.transtoyou.com\/da\/wp-json\/wp\/v2\/comments?post=1139"}],"wp:featuredmedia":[{"embeddable":true,"href":"https:\/\/www.transtoyou.com\/da\/wp-json\/wp\/v2\/media\/1141"}],"wp:attachment":[{"href":"https:\/\/www.transtoyou.com\/da\/wp-json\/wp\/v2\/media?parent=1139"}],"wp:term":[{"taxonomy":"product_brand","embeddable":true,"href":"https:\/\/www.transtoyou.com\/da\/wp-json\/wp\/v2\/product_brand?post=1139"},{"taxonomy":"product_cat","embeddable":true,"href":"https:\/\/www.transtoyou.com\/da\/wp-json\/wp\/v2\/product_cat?post=1139"},{"taxonomy":"product_tag","embeddable":true,"href":"https:\/\/www.transtoyou.com\/da\/wp-json\/wp\/v2\/product_tag?post=1139"},{"taxonomy":"expert","embeddable":true,"href":"https:\/\/www.transtoyou.com\/da\/wp-json\/wp\/v2\/expert?post=1139"}],"curies":[{"name":"wp","href":"https:\/\/api.w.org\/{rel}","templated":true}]}}