{"id":1142,"date":"2026-01-25T01:45:44","date_gmt":"2026-01-24T23:45:44","guid":{"rendered":"https:\/\/www.transtoyou.com\/da\/product\/postinor\/"},"modified":"2026-01-25T01:46:37","modified_gmt":"2026-01-24T23:46:37","slug":"postinor","status":"publish","type":"product","link":"https:\/\/www.transtoyou.com\/da\/product\/postinor\/","title":{"rendered":"Postinor"},"content":{"rendered":"<p>Postinor er en n\u00f8dpr\u00e6ventionspille, der bruges til at forhindre graviditet efter ubeskyttet samleje eller svigt af pr\u00e6vention (f.eks. glemt pille eller kondombrud). Den aktive ingrediens er levonorgestrel, et syntetisk progestogen hormon, der efterligner naturligt progesteron.<\/p>\n<p>Den prim\u00e6re virkningsmekanisme er at forsinke eller h\u00e6mme \u00e6gl\u00f8sning, frigivelsen af et \u00e6g fra \u00e6ggestokken. Ved at g\u00f8re dette reducerer Postinor sandsynligheden for befrugtning. Det kan ogs\u00e5 for\u00e5rsage \u00e6ndringer i livmoderhalsslim og livmoderslimhinde, hvilket g\u00f8r det sv\u00e6rere for s\u00e6dceller at n\u00e5 et \u00e6g eller for et befrugtet \u00e6g at implantere sig i livmoderen. Det afslutter dog ikke en eksisterende graviditet og har ingen effekt, n\u00e5r implantation er sket.<\/p>\n<p>Postinor b\u00f8r tages s\u00e5 hurtigt som muligt efter ubeskyttet sex, helst inden for 12 timer og senest 72 timer (3 dage). Jo f\u00f8r det tages, jo mere effektivt er det. Det er ikke beregnet til regelm\u00e6ssig brug som pr\u00e6vention og b\u00f8r ikke erstatte l\u00f8bende pr\u00e6ventionsmetoder. Det beskytter heller ikke mod seksuelt overf\u00f8rte infektioner (STI&#8217;er).<\/p>\n<p>Fordele ved Postinor inkluderer nem adgang, simpel engangsdosering og generelt milde bivirkninger. Nogle brugere kan opleve kvalme, \u00e6ndringer i menstruationscyklussen, \u00f8mhed i brysterne, tr\u00e6thed eller mavesmerter. De fleste bivirkninger forsvinder inden for et par dage.<\/p>\n","protected":false},"excerpt":{"rendered":"<ul>\n<li>Tag inden for 72 timer<\/li>\n<li>Forsinker \u00e6gl\u00f8sning<\/li>\n<li>Engangs n\u00f8dpr\u00e6vention<\/li>\n<\/ul>\n","protected":false},"featured_media":1143,"comment_status":"open","ping_status":"closed","template":"","meta":[],"product_brand":[],"product_cat":[110],"product_tag":[],"expert":[19],"class_list":{"0":"post-1142","1":"product","2":"type-product","3":"status-publish","4":"has-post-thumbnail","6":"product_cat-nodpraevention","7":"expert-dr-j-vazquez","9":"first","10":"instock","11":"shipping-taxable","12":"product-type-simple"},"yoast_head":"<!-- This site is optimized with the Yoast SEO plugin v27.0 - https:\/\/yoast.com\/product\/yoast-seo-wordpress\/ -->\n<title>Postinor | N\u00f8dpr\u00e6ventionsl\u00f8sning - Transtoyou<\/title>\n<meta name=\"description\" content=\"Forhindre graviditet efter ubeskyttet sex med Postinor, tilg\u00e6ngelig nu hos Transtoyou. Hurtig handling inden for 72 timer \u00f8ger effektiviteten.\" \/>\n<meta name=\"robots\" content=\"noindex, follow, max-snippet:-1, max-image-preview:large, max-video-preview:-1\" \/>\n<meta property=\"og:locale\" content=\"da_DK\" \/>\n<meta property=\"og:type\" content=\"article\" \/>\n<meta property=\"og:title\" content=\"Postinor | N\u00f8dpr\u00e6ventionsl\u00f8sning - Transtoyou\" \/>\n<meta property=\"og:description\" content=\"Forhindre graviditet efter ubeskyttet sex med Postinor, tilg\u00e6ngelig nu hos Transtoyou. Hurtig handling inden for 72 timer \u00f8ger effektiviteten.\" \/>\n<meta property=\"og:url\" content=\"https:\/\/www.transtoyou.com\/da\/product\/postinor\/\" \/>\n<meta property=\"og:site_name\" content=\"Transtoyou - DA\" \/>\n<meta property=\"article:modified_time\" content=\"2026-01-24T23:46:37+00:00\" \/>\n<meta name=\"twitter:card\" content=\"summary_large_image\" \/>\n<meta name=\"twitter:label1\" content=\"Estimeret l\u00e6setid\" \/>\n\t<meta name=\"twitter:data1\" content=\"1 minut\" \/>\n<script type=\"application\/ld+json\" class=\"yoast-schema-graph\">{\"@context\":\"https:\/\/schema.org\",\"@graph\":[{\"@type\":\"WebPage\",\"@id\":\"https:\/\/www.transtoyou.com\/da\/product\/postinor\/\",\"url\":\"https:\/\/www.transtoyou.com\/da\/product\/postinor\/\",\"name\":\"Postinor | N\u00f8dpr\u00e6ventionsl\u00f8sning - Transtoyou\",\"isPartOf\":{\"@id\":\"https:\/\/www.transtoyou.com\/da\/#website\"},\"primaryImageOfPage\":{\"@id\":\"https:\/\/www.transtoyou.com\/da\/product\/postinor\/#primaryimage\"},\"image\":{\"@id\":\"https:\/\/www.transtoyou.com\/da\/product\/postinor\/#primaryimage\"},\"thumbnailUrl\":\"https:\/\/www.transtoyou.com\/da\/wp-content\/uploads\/sites\/6\/2026\/01\/tty-no-product-image-127.webp\",\"datePublished\":\"2026-01-24T23:45:44+00:00\",\"dateModified\":\"2026-01-24T23:46:37+00:00\",\"description\":\"Forhindre graviditet efter ubeskyttet sex med Postinor, tilg\u00e6ngelig nu hos Transtoyou. Hurtig handling inden for 72 timer \u00f8ger effektiviteten.\",\"breadcrumb\":{\"@id\":\"https:\/\/www.transtoyou.com\/da\/product\/postinor\/#breadcrumb\"},\"inLanguage\":\"da-DK\",\"potentialAction\":[{\"@type\":\"ReadAction\",\"target\":[\"https:\/\/www.transtoyou.com\/da\/product\/postinor\/\"]}]},{\"@type\":\"ImageObject\",\"inLanguage\":\"da-DK\",\"@id\":\"https:\/\/www.transtoyou.com\/da\/product\/postinor\/#primaryimage\",\"url\":\"https:\/\/www.transtoyou.com\/da\/wp-content\/uploads\/sites\/6\/2026\/01\/tty-no-product-image-127.webp\",\"contentUrl\":\"https:\/\/www.transtoyou.com\/da\/wp-content\/uploads\/sites\/6\/2026\/01\/tty-no-product-image-127.webp\",\"width\":1000,\"height\":1000,\"caption\":\"Standard produktbillede\"},{\"@type\":\"WebSite\",\"@id\":\"https:\/\/www.transtoyou.com\/da\/#website\",\"url\":\"https:\/\/www.transtoyou.com\/da\/\",\"name\":\"Transtoyou - DA\",\"description\":\"\",\"publisher\":{\"@id\":\"https:\/\/www.transtoyou.com\/da\/#organization\"},\"potentialAction\":[{\"@type\":\"SearchAction\",\"target\":{\"@type\":\"EntryPoint\",\"urlTemplate\":\"https:\/\/www.transtoyou.com\/da\/?s={search_term_string}\"},\"query-input\":{\"@type\":\"PropertyValueSpecification\",\"valueRequired\":true,\"valueName\":\"search_term_string\"}}],\"inLanguage\":\"da-DK\"},{\"@type\":\"Organization\",\"@id\":\"https:\/\/www.transtoyou.com\/da\/#organization\",\"name\":\"Transtoyou - DA\",\"url\":\"https:\/\/www.transtoyou.com\/da\/\",\"logo\":{\"@type\":\"ImageObject\",\"inLanguage\":\"da-DK\",\"@id\":\"https:\/\/www.transtoyou.com\/da\/#\/schema\/logo\/image\/\",\"url\":\"https:\/\/www.transtoyou.com\/da\/wp-content\/uploads\/sites\/6\/2026\/01\/logo-tty-menu-bar-300x87-1.webp\",\"contentUrl\":\"https:\/\/www.transtoyou.com\/da\/wp-content\/uploads\/sites\/6\/2026\/01\/logo-tty-menu-bar-300x87-1.webp\",\"width\":300,\"height\":87,\"caption\":\"Transtoyou - DA\"},\"image\":{\"@id\":\"https:\/\/www.transtoyou.com\/da\/#\/schema\/logo\/image\/\"}}]}<\/script>\n<!-- \/ Yoast SEO plugin. -->","yoast_head_json":{"title":"Postinor | N\u00f8dpr\u00e6ventionsl\u00f8sning - Transtoyou","description":"Forhindre graviditet efter ubeskyttet sex med Postinor, tilg\u00e6ngelig nu hos Transtoyou. Hurtig handling inden for 72 timer \u00f8ger effektiviteten.","robots":{"index":"noindex","follow":"follow","max-snippet":"max-snippet:-1","max-image-preview":"max-image-preview:large","max-video-preview":"max-video-preview:-1"},"og_locale":"da_DK","og_type":"article","og_title":"Postinor | N\u00f8dpr\u00e6ventionsl\u00f8sning - Transtoyou","og_description":"Forhindre graviditet efter ubeskyttet sex med Postinor, tilg\u00e6ngelig nu hos Transtoyou. Hurtig handling inden for 72 timer \u00f8ger effektiviteten.","og_url":"https:\/\/www.transtoyou.com\/da\/product\/postinor\/","og_site_name":"Transtoyou - DA","article_modified_time":"2026-01-24T23:46:37+00:00","twitter_card":"summary_large_image","twitter_misc":{"Estimeret l\u00e6setid":"1 minut"},"schema":{"@context":"https:\/\/schema.org","@graph":[{"@type":"WebPage","@id":"https:\/\/www.transtoyou.com\/da\/product\/postinor\/","url":"https:\/\/www.transtoyou.com\/da\/product\/postinor\/","name":"Postinor | N\u00f8dpr\u00e6ventionsl\u00f8sning - Transtoyou","isPartOf":{"@id":"https:\/\/www.transtoyou.com\/da\/#website"},"primaryImageOfPage":{"@id":"https:\/\/www.transtoyou.com\/da\/product\/postinor\/#primaryimage"},"image":{"@id":"https:\/\/www.transtoyou.com\/da\/product\/postinor\/#primaryimage"},"thumbnailUrl":"https:\/\/www.transtoyou.com\/da\/wp-content\/uploads\/sites\/6\/2026\/01\/tty-no-product-image-127.webp","datePublished":"2026-01-24T23:45:44+00:00","dateModified":"2026-01-24T23:46:37+00:00","description":"Forhindre graviditet efter ubeskyttet sex med Postinor, tilg\u00e6ngelig nu hos Transtoyou. Hurtig handling inden for 72 timer \u00f8ger effektiviteten.","breadcrumb":{"@id":"https:\/\/www.transtoyou.com\/da\/product\/postinor\/#breadcrumb"},"inLanguage":"da-DK","potentialAction":[{"@type":"ReadAction","target":["https:\/\/www.transtoyou.com\/da\/product\/postinor\/"]}]},{"@type":"ImageObject","inLanguage":"da-DK","@id":"https:\/\/www.transtoyou.com\/da\/product\/postinor\/#primaryimage","url":"https:\/\/www.transtoyou.com\/da\/wp-content\/uploads\/sites\/6\/2026\/01\/tty-no-product-image-127.webp","contentUrl":"https:\/\/www.transtoyou.com\/da\/wp-content\/uploads\/sites\/6\/2026\/01\/tty-no-product-image-127.webp","width":1000,"height":1000,"caption":"Standard produktbillede"},{"@type":"WebSite","@id":"https:\/\/www.transtoyou.com\/da\/#website","url":"https:\/\/www.transtoyou.com\/da\/","name":"Transtoyou - DA","description":"","publisher":{"@id":"https:\/\/www.transtoyou.com\/da\/#organization"},"potentialAction":[{"@type":"SearchAction","target":{"@type":"EntryPoint","urlTemplate":"https:\/\/www.transtoyou.com\/da\/?s={search_term_string}"},"query-input":{"@type":"PropertyValueSpecification","valueRequired":true,"valueName":"search_term_string"}}],"inLanguage":"da-DK"},{"@type":"Organization","@id":"https:\/\/www.transtoyou.com\/da\/#organization","name":"Transtoyou - DA","url":"https:\/\/www.transtoyou.com\/da\/","logo":{"@type":"ImageObject","inLanguage":"da-DK","@id":"https:\/\/www.transtoyou.com\/da\/#\/schema\/logo\/image\/","url":"https:\/\/www.transtoyou.com\/da\/wp-content\/uploads\/sites\/6\/2026\/01\/logo-tty-menu-bar-300x87-1.webp","contentUrl":"https:\/\/www.transtoyou.com\/da\/wp-content\/uploads\/sites\/6\/2026\/01\/logo-tty-menu-bar-300x87-1.webp","width":300,"height":87,"caption":"Transtoyou - DA"},"image":{"@id":"https:\/\/www.transtoyou.com\/da\/#\/schema\/logo\/image\/"}}]}},"_links":{"self":[{"href":"https:\/\/www.transtoyou.com\/da\/wp-json\/wp\/v2\/product\/1142","targetHints":{"allow":["GET"]}}],"collection":[{"href":"https:\/\/www.transtoyou.com\/da\/wp-json\/wp\/v2\/product"}],"about":[{"href":"https:\/\/www.transtoyou.com\/da\/wp-json\/wp\/v2\/types\/product"}],"replies":[{"embeddable":true,"href":"https:\/\/www.transtoyou.com\/da\/wp-json\/wp\/v2\/comments?post=1142"}],"wp:featuredmedia":[{"embeddable":true,"href":"https:\/\/www.transtoyou.com\/da\/wp-json\/wp\/v2\/media\/1143"}],"wp:attachment":[{"href":"https:\/\/www.transtoyou.com\/da\/wp-json\/wp\/v2\/media?parent=1142"}],"wp:term":[{"taxonomy":"product_brand","embeddable":true,"href":"https:\/\/www.transtoyou.com\/da\/wp-json\/wp\/v2\/product_brand?post=1142"},{"taxonomy":"product_cat","embeddable":true,"href":"https:\/\/www.transtoyou.com\/da\/wp-json\/wp\/v2\/product_cat?post=1142"},{"taxonomy":"product_tag","embeddable":true,"href":"https:\/\/www.transtoyou.com\/da\/wp-json\/wp\/v2\/product_tag?post=1142"},{"taxonomy":"expert","embeddable":true,"href":"https:\/\/www.transtoyou.com\/da\/wp-json\/wp\/v2\/expert?post=1142"}],"curies":[{"name":"wp","href":"https:\/\/api.w.org\/{rel}","templated":true}]}}