{"id":1147,"date":"2026-01-25T02:20:02","date_gmt":"2026-01-25T00:20:02","guid":{"rendered":"https:\/\/www.transtoyou.com\/da\/product\/ebixa\/"},"modified":"2026-01-25T02:21:03","modified_gmt":"2026-01-25T00:21:03","slug":"ebixa","status":"publish","type":"product","link":"https:\/\/www.transtoyou.com\/da\/product\/ebixa\/","title":{"rendered":"Ebixa"},"content":{"rendered":"<p>Ebixa er en receptpligtig medicin, der bruges til at behandle moderate til sv\u00e6re stadier af Alzheimers sygdom. Den indeholder den aktive ingrediens memantin, som virker ved at regulere glutamataktiviteten i hjernen, en kemisk budbringer, der er involveret i l\u00e6ring, hukommelse og kognition. Ved Alzheimers kan overdreven glutamataktivitet f\u00f8re til overstimulering og skade p\u00e5 nerveceller. Ebixa hj\u00e6lper med at genoprette balancen og beskytter hjernen mod denne overstimulering, hvilket kan hj\u00e6lpe med at opretholde kognitiv funktion i l\u00e6ngere tid.<\/p>\n<p>Selvom Alzheimers sygdom er progressiv og ikke kan helbredes, kan Ebixa hj\u00e6lpe med at lindre visse symptomer relateret til hukommelse, t\u00e6nkning og adf\u00e6rd. Det kan st\u00f8tte patienter i at forblive engagerede i daglige aktiviteter, interagere mere klart med andre og bevare en vis uafh\u00e6ngighed i l\u00e6ngere tid. Selvom virkningerne varierer fra person til person, oplever mange stabilisering eller mild forbedring af kognitive symptomer over tid.<\/p>\n<p>Ebixa tages normalt \u00e9n gang om dagen. Behandlingen begynder typisk med en lav dosis, der gradvist \u00f8ges over flere uger for at give kroppen tid til at tilpasse sig. Medicinen er mest effektiv, n\u00e5r den tages konsekvent som en del af en langsigtet behandlingsplan.<\/p>\n<p>Bivirkningerne er generelt milde og kan omfatte svimmelhed, hovedpine, forstoppelse eller forvirring i de tidlige stadier af behandlingen. Disse symptomer mindskes ofte, efterh\u00e5nden som kroppen tilpasser sig. Ebixa betragtes som sikker for de fleste patienter, men er muligvis ikke egnet til dem med sv\u00e6re nyreproblemer eller visse andre medicinske tilstande.<\/p>\n","protected":false},"excerpt":{"rendered":"<ul>\n<li>Kan forbedre hukommelse, opm\u00e6rksomhed og daglig funktion<\/li>\n<li>Reducerer adf\u00e6rdsforstyrrelser<\/li>\n<li>Velegnet til brug sammen med andre demensmediciner<\/li>\n<\/ul>\n","protected":false},"featured_media":1149,"comment_status":"open","ping_status":"closed","template":"","meta":[],"product_brand":[],"product_cat":[102],"product_tag":[],"expert":[16],"class_list":{"0":"post-1147","1":"product","2":"type-product","3":"status-publish","4":"has-post-thumbnail","6":"product_cat-dementia-hjerne","7":"expert-dr-c-alexandru","9":"first","10":"instock","11":"shipping-taxable","12":"product-type-variable"},"yoast_head":"<!-- This site is optimized with the Yoast SEO plugin v27.0 - https:\/\/yoast.com\/product\/yoast-seo-wordpress\/ -->\n<title>Ebixa | St\u00f8tter Kognitiv Sundhed - Transtoyou<\/title>\n<meta name=\"description\" content=\"Opdag Ebixa hos Transtoyou, en klinisk godkendt behandling af moderat til sv\u00e6r Alzheimers, der hj\u00e6lper med at opretholde kognitiv funktion med memantin.\" \/>\n<meta name=\"robots\" content=\"noindex, follow, max-snippet:-1, max-image-preview:large, max-video-preview:-1\" \/>\n<meta property=\"og:locale\" content=\"da_DK\" \/>\n<meta property=\"og:type\" content=\"article\" \/>\n<meta property=\"og:title\" content=\"Ebixa | St\u00f8tter Kognitiv Sundhed - Transtoyou\" \/>\n<meta property=\"og:description\" content=\"Opdag Ebixa hos Transtoyou, en klinisk godkendt behandling af moderat til sv\u00e6r Alzheimers, der hj\u00e6lper med at opretholde kognitiv funktion med memantin.\" \/>\n<meta property=\"og:url\" content=\"https:\/\/www.transtoyou.com\/da\/product\/ebixa\/\" \/>\n<meta property=\"og:site_name\" content=\"Transtoyou - DA\" \/>\n<meta property=\"article:modified_time\" content=\"2026-01-25T00:21:03+00:00\" \/>\n<meta name=\"twitter:card\" content=\"summary_large_image\" \/>\n<meta name=\"twitter:label1\" content=\"Estimeret l\u00e6setid\" \/>\n\t<meta name=\"twitter:data1\" content=\"1 minut\" \/>\n<script type=\"application\/ld+json\" class=\"yoast-schema-graph\">{\"@context\":\"https:\/\/schema.org\",\"@graph\":[{\"@type\":\"WebPage\",\"@id\":\"https:\/\/www.transtoyou.com\/da\/product\/ebixa\/\",\"url\":\"https:\/\/www.transtoyou.com\/da\/product\/ebixa\/\",\"name\":\"Ebixa | St\u00f8tter Kognitiv Sundhed - Transtoyou\",\"isPartOf\":{\"@id\":\"https:\/\/www.transtoyou.com\/da\/#website\"},\"primaryImageOfPage\":{\"@id\":\"https:\/\/www.transtoyou.com\/da\/product\/ebixa\/#primaryimage\"},\"image\":{\"@id\":\"https:\/\/www.transtoyou.com\/da\/product\/ebixa\/#primaryimage\"},\"thumbnailUrl\":\"https:\/\/www.transtoyou.com\/da\/wp-content\/uploads\/sites\/6\/2026\/01\/tty-no-product-image-129.webp\",\"datePublished\":\"2026-01-25T00:20:02+00:00\",\"dateModified\":\"2026-01-25T00:21:03+00:00\",\"description\":\"Opdag Ebixa hos Transtoyou, en klinisk godkendt behandling af moderat til sv\u00e6r Alzheimers, der hj\u00e6lper med at opretholde kognitiv funktion med memantin.\",\"breadcrumb\":{\"@id\":\"https:\/\/www.transtoyou.com\/da\/product\/ebixa\/#breadcrumb\"},\"inLanguage\":\"da-DK\",\"potentialAction\":[{\"@type\":\"ReadAction\",\"target\":[\"https:\/\/www.transtoyou.com\/da\/product\/ebixa\/\"]}]},{\"@type\":\"ImageObject\",\"inLanguage\":\"da-DK\",\"@id\":\"https:\/\/www.transtoyou.com\/da\/product\/ebixa\/#primaryimage\",\"url\":\"https:\/\/www.transtoyou.com\/da\/wp-content\/uploads\/sites\/6\/2026\/01\/tty-no-product-image-129.webp\",\"contentUrl\":\"https:\/\/www.transtoyou.com\/da\/wp-content\/uploads\/sites\/6\/2026\/01\/tty-no-product-image-129.webp\",\"width\":1000,\"height\":1000,\"caption\":\"Standard produktbillede\"},{\"@type\":\"WebSite\",\"@id\":\"https:\/\/www.transtoyou.com\/da\/#website\",\"url\":\"https:\/\/www.transtoyou.com\/da\/\",\"name\":\"Transtoyou - DA\",\"description\":\"\",\"publisher\":{\"@id\":\"https:\/\/www.transtoyou.com\/da\/#organization\"},\"potentialAction\":[{\"@type\":\"SearchAction\",\"target\":{\"@type\":\"EntryPoint\",\"urlTemplate\":\"https:\/\/www.transtoyou.com\/da\/?s={search_term_string}\"},\"query-input\":{\"@type\":\"PropertyValueSpecification\",\"valueRequired\":true,\"valueName\":\"search_term_string\"}}],\"inLanguage\":\"da-DK\"},{\"@type\":\"Organization\",\"@id\":\"https:\/\/www.transtoyou.com\/da\/#organization\",\"name\":\"Transtoyou - DA\",\"url\":\"https:\/\/www.transtoyou.com\/da\/\",\"logo\":{\"@type\":\"ImageObject\",\"inLanguage\":\"da-DK\",\"@id\":\"https:\/\/www.transtoyou.com\/da\/#\/schema\/logo\/image\/\",\"url\":\"https:\/\/www.transtoyou.com\/da\/wp-content\/uploads\/sites\/6\/2026\/01\/logo-tty-menu-bar-300x87-1.webp\",\"contentUrl\":\"https:\/\/www.transtoyou.com\/da\/wp-content\/uploads\/sites\/6\/2026\/01\/logo-tty-menu-bar-300x87-1.webp\",\"width\":300,\"height\":87,\"caption\":\"Transtoyou - DA\"},\"image\":{\"@id\":\"https:\/\/www.transtoyou.com\/da\/#\/schema\/logo\/image\/\"}}]}<\/script>\n<!-- \/ Yoast SEO plugin. -->","yoast_head_json":{"title":"Ebixa | St\u00f8tter Kognitiv Sundhed - Transtoyou","description":"Opdag Ebixa hos Transtoyou, en klinisk godkendt behandling af moderat til sv\u00e6r Alzheimers, der hj\u00e6lper med at opretholde kognitiv funktion med memantin.","robots":{"index":"noindex","follow":"follow","max-snippet":"max-snippet:-1","max-image-preview":"max-image-preview:large","max-video-preview":"max-video-preview:-1"},"og_locale":"da_DK","og_type":"article","og_title":"Ebixa | St\u00f8tter Kognitiv Sundhed - Transtoyou","og_description":"Opdag Ebixa hos Transtoyou, en klinisk godkendt behandling af moderat til sv\u00e6r Alzheimers, der hj\u00e6lper med at opretholde kognitiv funktion med memantin.","og_url":"https:\/\/www.transtoyou.com\/da\/product\/ebixa\/","og_site_name":"Transtoyou - DA","article_modified_time":"2026-01-25T00:21:03+00:00","twitter_card":"summary_large_image","twitter_misc":{"Estimeret l\u00e6setid":"1 minut"},"schema":{"@context":"https:\/\/schema.org","@graph":[{"@type":"WebPage","@id":"https:\/\/www.transtoyou.com\/da\/product\/ebixa\/","url":"https:\/\/www.transtoyou.com\/da\/product\/ebixa\/","name":"Ebixa | St\u00f8tter Kognitiv Sundhed - Transtoyou","isPartOf":{"@id":"https:\/\/www.transtoyou.com\/da\/#website"},"primaryImageOfPage":{"@id":"https:\/\/www.transtoyou.com\/da\/product\/ebixa\/#primaryimage"},"image":{"@id":"https:\/\/www.transtoyou.com\/da\/product\/ebixa\/#primaryimage"},"thumbnailUrl":"https:\/\/www.transtoyou.com\/da\/wp-content\/uploads\/sites\/6\/2026\/01\/tty-no-product-image-129.webp","datePublished":"2026-01-25T00:20:02+00:00","dateModified":"2026-01-25T00:21:03+00:00","description":"Opdag Ebixa hos Transtoyou, en klinisk godkendt behandling af moderat til sv\u00e6r Alzheimers, der hj\u00e6lper med at opretholde kognitiv funktion med memantin.","breadcrumb":{"@id":"https:\/\/www.transtoyou.com\/da\/product\/ebixa\/#breadcrumb"},"inLanguage":"da-DK","potentialAction":[{"@type":"ReadAction","target":["https:\/\/www.transtoyou.com\/da\/product\/ebixa\/"]}]},{"@type":"ImageObject","inLanguage":"da-DK","@id":"https:\/\/www.transtoyou.com\/da\/product\/ebixa\/#primaryimage","url":"https:\/\/www.transtoyou.com\/da\/wp-content\/uploads\/sites\/6\/2026\/01\/tty-no-product-image-129.webp","contentUrl":"https:\/\/www.transtoyou.com\/da\/wp-content\/uploads\/sites\/6\/2026\/01\/tty-no-product-image-129.webp","width":1000,"height":1000,"caption":"Standard produktbillede"},{"@type":"WebSite","@id":"https:\/\/www.transtoyou.com\/da\/#website","url":"https:\/\/www.transtoyou.com\/da\/","name":"Transtoyou - DA","description":"","publisher":{"@id":"https:\/\/www.transtoyou.com\/da\/#organization"},"potentialAction":[{"@type":"SearchAction","target":{"@type":"EntryPoint","urlTemplate":"https:\/\/www.transtoyou.com\/da\/?s={search_term_string}"},"query-input":{"@type":"PropertyValueSpecification","valueRequired":true,"valueName":"search_term_string"}}],"inLanguage":"da-DK"},{"@type":"Organization","@id":"https:\/\/www.transtoyou.com\/da\/#organization","name":"Transtoyou - DA","url":"https:\/\/www.transtoyou.com\/da\/","logo":{"@type":"ImageObject","inLanguage":"da-DK","@id":"https:\/\/www.transtoyou.com\/da\/#\/schema\/logo\/image\/","url":"https:\/\/www.transtoyou.com\/da\/wp-content\/uploads\/sites\/6\/2026\/01\/logo-tty-menu-bar-300x87-1.webp","contentUrl":"https:\/\/www.transtoyou.com\/da\/wp-content\/uploads\/sites\/6\/2026\/01\/logo-tty-menu-bar-300x87-1.webp","width":300,"height":87,"caption":"Transtoyou - DA"},"image":{"@id":"https:\/\/www.transtoyou.com\/da\/#\/schema\/logo\/image\/"}}]}},"_links":{"self":[{"href":"https:\/\/www.transtoyou.com\/da\/wp-json\/wp\/v2\/product\/1147","targetHints":{"allow":["GET"]}}],"collection":[{"href":"https:\/\/www.transtoyou.com\/da\/wp-json\/wp\/v2\/product"}],"about":[{"href":"https:\/\/www.transtoyou.com\/da\/wp-json\/wp\/v2\/types\/product"}],"replies":[{"embeddable":true,"href":"https:\/\/www.transtoyou.com\/da\/wp-json\/wp\/v2\/comments?post=1147"}],"wp:featuredmedia":[{"embeddable":true,"href":"https:\/\/www.transtoyou.com\/da\/wp-json\/wp\/v2\/media\/1149"}],"wp:attachment":[{"href":"https:\/\/www.transtoyou.com\/da\/wp-json\/wp\/v2\/media?parent=1147"}],"wp:term":[{"taxonomy":"product_brand","embeddable":true,"href":"https:\/\/www.transtoyou.com\/da\/wp-json\/wp\/v2\/product_brand?post=1147"},{"taxonomy":"product_cat","embeddable":true,"href":"https:\/\/www.transtoyou.com\/da\/wp-json\/wp\/v2\/product_cat?post=1147"},{"taxonomy":"product_tag","embeddable":true,"href":"https:\/\/www.transtoyou.com\/da\/wp-json\/wp\/v2\/product_tag?post=1147"},{"taxonomy":"expert","embeddable":true,"href":"https:\/\/www.transtoyou.com\/da\/wp-json\/wp\/v2\/expert?post=1147"}],"curies":[{"name":"wp","href":"https:\/\/api.w.org\/{rel}","templated":true}]}}