{"id":1155,"date":"2026-01-25T03:10:43","date_gmt":"2026-01-25T01:10:43","guid":{"rendered":"https:\/\/www.transtoyou.com\/da\/product\/flixotide\/"},"modified":"2026-01-25T03:11:43","modified_gmt":"2026-01-25T01:11:43","slug":"flixotide","status":"publish","type":"product","link":"https:\/\/www.transtoyou.com\/da\/product\/flixotide\/","title":{"rendered":"Flixotide"},"content":{"rendered":"<p>Flixotide er en receptpligtig inhalationsbehandling, der bruges til at h\u00e5ndtere kroniske respiratoriske tilstande som astma og kronisk obstruktiv lungesygdom (KOL). Det indeholder fluticasonpropionat, et kortikosteroid, der hj\u00e6lper med at reducere bet\u00e6ndelse i luftvejene, hvilket g\u00f8r det lettere at tr\u00e6kke vejret over tid. I stedet for at give \u00f8jeblikkelig lindring under et anfald, bruges Flixotide dagligt til at forebygge symptomer og opretholde langsigtet respiratorisk stabilitet.<\/p>\n<p>Bet\u00e6ndelse i lungerne er en n\u00f8glefaktor i b\u00e5de astma og KOL. Det f\u00e5r luftvejene til at blive h\u00e6vede, irriterede og indsn\u00e6vret, hvilket g\u00f8r vejrtr\u00e6kningen vanskelig og udl\u00f8ser symptomer som hoste, hv\u00e6sen, trykken for brystet eller \u00e5nden\u00f8d. Flixotide virker ved at berolige denne bet\u00e6ndelse, s\u00e5 luften kan str\u00f8mme mere frit og reducere sandsynligheden for tilbagefald eller forv\u00e6rringer.<\/p>\n<p>Det tages normalt to gange om dagen. Medicinen skal bruges konsekvent, selv n\u00e5r symptomerne er under kontrol, da dens fordele opbygges gradvist med daglig brug.<\/p>\n<p>For personer med astma kan Flixotide hj\u00e6lpe med at forbedre lungefunktionen og reducere afh\u00e6ngigheden af hurtigvirkende inhalatorer. Hos patienter med KOL reducerer det hyppigheden og sv\u00e6rhedsgraden af forv\u00e6rringer, is\u00e6r n\u00e5r det bruges sammen med bronkodilatatorer.<\/p>\n<p>Almindelige bivirkninger kan omfatte h\u00e6shed, ondt i halsen eller svamp i munden. At skylle munden efter inhalation kan hj\u00e6lpe med at reducere disse virkninger. Flixotide er ikke en redningsinhalator og b\u00f8r ikke bruges under akutte vejrtr\u00e6kningsanfald.<\/p>\n","protected":false},"excerpt":{"rendered":"<ul>\n<li>Reducerer lungeinflammation effektivt<\/li>\n<li>Forebygger astma- og KOL-symptomer<\/li>\n<li>Forbedrer langvarig \u00e5ndedr\u00e6tskontrol<\/li>\n<\/ul>\n","protected":false},"featured_media":1157,"comment_status":"open","ping_status":"closed","template":"","meta":[],"product_brand":[],"product_cat":[80,98],"product_tag":[],"expert":[18],"class_list":{"0":"post-1155","1":"product","2":"type-product","3":"status-publish","4":"has-post-thumbnail","6":"product_cat-astma","7":"product_cat-kol","8":"expert-dr-g-varbanov","10":"first","11":"instock","12":"shipping-taxable","13":"product-type-variable"},"yoast_head":"<!-- This site is optimized with the Yoast SEO plugin v27.0 - https:\/\/yoast.com\/product\/yoast-seo-wordpress\/ -->\n<title>Flixotide | H\u00e5ndter Astma &amp; KOL Effektivt - Transtoyou<\/title>\n<meta name=\"description\" content=\"Flixotide inhalator, tilg\u00e6ngelig her, hj\u00e6lper med at h\u00e5ndtere astma og KOL ved at reducere luftvejsbet\u00e6ndelse. Sikre langvarig \u00e5ndedr\u00e6tshelse med daglig brug.\" \/>\n<meta name=\"robots\" content=\"noindex, follow, max-snippet:-1, max-image-preview:large, max-video-preview:-1\" \/>\n<meta property=\"og:locale\" content=\"da_DK\" \/>\n<meta property=\"og:type\" content=\"article\" \/>\n<meta property=\"og:title\" content=\"Flixotide | H\u00e5ndter Astma &amp; KOL Effektivt - Transtoyou\" \/>\n<meta property=\"og:description\" content=\"Flixotide inhalator, tilg\u00e6ngelig her, hj\u00e6lper med at h\u00e5ndtere astma og KOL ved at reducere luftvejsbet\u00e6ndelse. Sikre langvarig \u00e5ndedr\u00e6tshelse med daglig brug.\" \/>\n<meta property=\"og:url\" content=\"https:\/\/www.transtoyou.com\/da\/product\/flixotide\/\" \/>\n<meta property=\"og:site_name\" content=\"Transtoyou - DA\" \/>\n<meta property=\"article:modified_time\" content=\"2026-01-25T01:11:43+00:00\" \/>\n<meta name=\"twitter:card\" content=\"summary_large_image\" \/>\n<meta name=\"twitter:label1\" content=\"Estimeret l\u00e6setid\" \/>\n\t<meta name=\"twitter:data1\" content=\"1 minut\" \/>\n<script type=\"application\/ld+json\" class=\"yoast-schema-graph\">{\"@context\":\"https:\/\/schema.org\",\"@graph\":[{\"@type\":\"WebPage\",\"@id\":\"https:\/\/www.transtoyou.com\/da\/product\/flixotide\/\",\"url\":\"https:\/\/www.transtoyou.com\/da\/product\/flixotide\/\",\"name\":\"Flixotide | H\u00e5ndter Astma & KOL Effektivt - Transtoyou\",\"isPartOf\":{\"@id\":\"https:\/\/www.transtoyou.com\/da\/#website\"},\"primaryImageOfPage\":{\"@id\":\"https:\/\/www.transtoyou.com\/da\/product\/flixotide\/#primaryimage\"},\"image\":{\"@id\":\"https:\/\/www.transtoyou.com\/da\/product\/flixotide\/#primaryimage\"},\"thumbnailUrl\":\"https:\/\/www.transtoyou.com\/da\/wp-content\/uploads\/sites\/6\/2026\/01\/tty-no-product-image-132.webp\",\"datePublished\":\"2026-01-25T01:10:43+00:00\",\"dateModified\":\"2026-01-25T01:11:43+00:00\",\"description\":\"Flixotide inhalator, tilg\u00e6ngelig her, hj\u00e6lper med at h\u00e5ndtere astma og KOL ved at reducere luftvejsbet\u00e6ndelse. Sikre langvarig \u00e5ndedr\u00e6tshelse med daglig brug.\",\"breadcrumb\":{\"@id\":\"https:\/\/www.transtoyou.com\/da\/product\/flixotide\/#breadcrumb\"},\"inLanguage\":\"da-DK\",\"potentialAction\":[{\"@type\":\"ReadAction\",\"target\":[\"https:\/\/www.transtoyou.com\/da\/product\/flixotide\/\"]}]},{\"@type\":\"ImageObject\",\"inLanguage\":\"da-DK\",\"@id\":\"https:\/\/www.transtoyou.com\/da\/product\/flixotide\/#primaryimage\",\"url\":\"https:\/\/www.transtoyou.com\/da\/wp-content\/uploads\/sites\/6\/2026\/01\/tty-no-product-image-132.webp\",\"contentUrl\":\"https:\/\/www.transtoyou.com\/da\/wp-content\/uploads\/sites\/6\/2026\/01\/tty-no-product-image-132.webp\",\"width\":1000,\"height\":1000,\"caption\":\"Standard produktbillede\"},{\"@type\":\"WebSite\",\"@id\":\"https:\/\/www.transtoyou.com\/da\/#website\",\"url\":\"https:\/\/www.transtoyou.com\/da\/\",\"name\":\"Transtoyou - DA\",\"description\":\"\",\"publisher\":{\"@id\":\"https:\/\/www.transtoyou.com\/da\/#organization\"},\"potentialAction\":[{\"@type\":\"SearchAction\",\"target\":{\"@type\":\"EntryPoint\",\"urlTemplate\":\"https:\/\/www.transtoyou.com\/da\/?s={search_term_string}\"},\"query-input\":{\"@type\":\"PropertyValueSpecification\",\"valueRequired\":true,\"valueName\":\"search_term_string\"}}],\"inLanguage\":\"da-DK\"},{\"@type\":\"Organization\",\"@id\":\"https:\/\/www.transtoyou.com\/da\/#organization\",\"name\":\"Transtoyou - DA\",\"url\":\"https:\/\/www.transtoyou.com\/da\/\",\"logo\":{\"@type\":\"ImageObject\",\"inLanguage\":\"da-DK\",\"@id\":\"https:\/\/www.transtoyou.com\/da\/#\/schema\/logo\/image\/\",\"url\":\"https:\/\/www.transtoyou.com\/da\/wp-content\/uploads\/sites\/6\/2026\/01\/logo-tty-menu-bar-300x87-1.webp\",\"contentUrl\":\"https:\/\/www.transtoyou.com\/da\/wp-content\/uploads\/sites\/6\/2026\/01\/logo-tty-menu-bar-300x87-1.webp\",\"width\":300,\"height\":87,\"caption\":\"Transtoyou - DA\"},\"image\":{\"@id\":\"https:\/\/www.transtoyou.com\/da\/#\/schema\/logo\/image\/\"}}]}<\/script>\n<!-- \/ Yoast SEO plugin. -->","yoast_head_json":{"title":"Flixotide | H\u00e5ndter Astma & KOL Effektivt - Transtoyou","description":"Flixotide inhalator, tilg\u00e6ngelig her, hj\u00e6lper med at h\u00e5ndtere astma og KOL ved at reducere luftvejsbet\u00e6ndelse. Sikre langvarig \u00e5ndedr\u00e6tshelse med daglig brug.","robots":{"index":"noindex","follow":"follow","max-snippet":"max-snippet:-1","max-image-preview":"max-image-preview:large","max-video-preview":"max-video-preview:-1"},"og_locale":"da_DK","og_type":"article","og_title":"Flixotide | H\u00e5ndter Astma & KOL Effektivt - Transtoyou","og_description":"Flixotide inhalator, tilg\u00e6ngelig her, hj\u00e6lper med at h\u00e5ndtere astma og KOL ved at reducere luftvejsbet\u00e6ndelse. Sikre langvarig \u00e5ndedr\u00e6tshelse med daglig brug.","og_url":"https:\/\/www.transtoyou.com\/da\/product\/flixotide\/","og_site_name":"Transtoyou - DA","article_modified_time":"2026-01-25T01:11:43+00:00","twitter_card":"summary_large_image","twitter_misc":{"Estimeret l\u00e6setid":"1 minut"},"schema":{"@context":"https:\/\/schema.org","@graph":[{"@type":"WebPage","@id":"https:\/\/www.transtoyou.com\/da\/product\/flixotide\/","url":"https:\/\/www.transtoyou.com\/da\/product\/flixotide\/","name":"Flixotide | H\u00e5ndter Astma & KOL Effektivt - Transtoyou","isPartOf":{"@id":"https:\/\/www.transtoyou.com\/da\/#website"},"primaryImageOfPage":{"@id":"https:\/\/www.transtoyou.com\/da\/product\/flixotide\/#primaryimage"},"image":{"@id":"https:\/\/www.transtoyou.com\/da\/product\/flixotide\/#primaryimage"},"thumbnailUrl":"https:\/\/www.transtoyou.com\/da\/wp-content\/uploads\/sites\/6\/2026\/01\/tty-no-product-image-132.webp","datePublished":"2026-01-25T01:10:43+00:00","dateModified":"2026-01-25T01:11:43+00:00","description":"Flixotide inhalator, tilg\u00e6ngelig her, hj\u00e6lper med at h\u00e5ndtere astma og KOL ved at reducere luftvejsbet\u00e6ndelse. Sikre langvarig \u00e5ndedr\u00e6tshelse med daglig brug.","breadcrumb":{"@id":"https:\/\/www.transtoyou.com\/da\/product\/flixotide\/#breadcrumb"},"inLanguage":"da-DK","potentialAction":[{"@type":"ReadAction","target":["https:\/\/www.transtoyou.com\/da\/product\/flixotide\/"]}]},{"@type":"ImageObject","inLanguage":"da-DK","@id":"https:\/\/www.transtoyou.com\/da\/product\/flixotide\/#primaryimage","url":"https:\/\/www.transtoyou.com\/da\/wp-content\/uploads\/sites\/6\/2026\/01\/tty-no-product-image-132.webp","contentUrl":"https:\/\/www.transtoyou.com\/da\/wp-content\/uploads\/sites\/6\/2026\/01\/tty-no-product-image-132.webp","width":1000,"height":1000,"caption":"Standard produktbillede"},{"@type":"WebSite","@id":"https:\/\/www.transtoyou.com\/da\/#website","url":"https:\/\/www.transtoyou.com\/da\/","name":"Transtoyou - DA","description":"","publisher":{"@id":"https:\/\/www.transtoyou.com\/da\/#organization"},"potentialAction":[{"@type":"SearchAction","target":{"@type":"EntryPoint","urlTemplate":"https:\/\/www.transtoyou.com\/da\/?s={search_term_string}"},"query-input":{"@type":"PropertyValueSpecification","valueRequired":true,"valueName":"search_term_string"}}],"inLanguage":"da-DK"},{"@type":"Organization","@id":"https:\/\/www.transtoyou.com\/da\/#organization","name":"Transtoyou - DA","url":"https:\/\/www.transtoyou.com\/da\/","logo":{"@type":"ImageObject","inLanguage":"da-DK","@id":"https:\/\/www.transtoyou.com\/da\/#\/schema\/logo\/image\/","url":"https:\/\/www.transtoyou.com\/da\/wp-content\/uploads\/sites\/6\/2026\/01\/logo-tty-menu-bar-300x87-1.webp","contentUrl":"https:\/\/www.transtoyou.com\/da\/wp-content\/uploads\/sites\/6\/2026\/01\/logo-tty-menu-bar-300x87-1.webp","width":300,"height":87,"caption":"Transtoyou - DA"},"image":{"@id":"https:\/\/www.transtoyou.com\/da\/#\/schema\/logo\/image\/"}}]}},"_links":{"self":[{"href":"https:\/\/www.transtoyou.com\/da\/wp-json\/wp\/v2\/product\/1155","targetHints":{"allow":["GET"]}}],"collection":[{"href":"https:\/\/www.transtoyou.com\/da\/wp-json\/wp\/v2\/product"}],"about":[{"href":"https:\/\/www.transtoyou.com\/da\/wp-json\/wp\/v2\/types\/product"}],"replies":[{"embeddable":true,"href":"https:\/\/www.transtoyou.com\/da\/wp-json\/wp\/v2\/comments?post=1155"}],"wp:featuredmedia":[{"embeddable":true,"href":"https:\/\/www.transtoyou.com\/da\/wp-json\/wp\/v2\/media\/1157"}],"wp:attachment":[{"href":"https:\/\/www.transtoyou.com\/da\/wp-json\/wp\/v2\/media?parent=1155"}],"wp:term":[{"taxonomy":"product_brand","embeddable":true,"href":"https:\/\/www.transtoyou.com\/da\/wp-json\/wp\/v2\/product_brand?post=1155"},{"taxonomy":"product_cat","embeddable":true,"href":"https:\/\/www.transtoyou.com\/da\/wp-json\/wp\/v2\/product_cat?post=1155"},{"taxonomy":"product_tag","embeddable":true,"href":"https:\/\/www.transtoyou.com\/da\/wp-json\/wp\/v2\/product_tag?post=1155"},{"taxonomy":"expert","embeddable":true,"href":"https:\/\/www.transtoyou.com\/da\/wp-json\/wp\/v2\/expert?post=1155"}],"curies":[{"name":"wp","href":"https:\/\/api.w.org\/{rel}","templated":true}]}}