{"id":1158,"date":"2026-01-25T03:28:42","date_gmt":"2026-01-25T01:28:42","guid":{"rendered":"https:\/\/www.transtoyou.com\/da\/product\/nuvaring\/"},"modified":"2026-02-28T13:42:00","modified_gmt":"2026-02-28T11:42:00","slug":"nuvaring","status":"publish","type":"product","link":"https:\/\/www.transtoyou.com\/da\/product\/nuvaring\/","title":{"rendered":"NuvaRing"},"content":{"rendered":"<p>NuvaRing er en fleksibel, gennemsigtig pr\u00e6ventionsring designet til at give p\u00e5lidelig f\u00f8dselskontrol gennem et lavdosis hormonelt system. NuvaRing er en ring, der inds\u00e6ttes i vagina \u00e9n gang om m\u00e5neden og tilbyder en konstant hormonlevering.<\/p>\n<p>Ringen indeholder to hormoner, etonogestrel og ethinylestradiol, som gradvist frigives til blodbanen gennem vaginalv\u00e6ggen. Disse hormoner arbejder sammen for at forhindre \u00e6gl\u00f8sning, tykke livmoderhalsslim for at blokere s\u00e6d, og \u00e6ndre livmoderslimhinden for at reducere chancen for implantation. Denne tredobbelte beskyttelse g\u00f8r NuvaRing til en effektiv pr\u00e6ventionsmetode, n\u00e5r den bruges korrekt.<\/p>\n<p>Hver ring b\u00e6res kontinuerligt i 21 dage, efterfulgt af en 7-dages ringfri pause, hvor der normalt opst\u00e5r en tilbagetr\u00e6kningsbl\u00f8dning. En ny ring inds\u00e6ttes efter denne pause, selvom bl\u00f8dningen ikke er stoppet helt. Processen er designet til at efterligne en naturlig menstruationscyklus, mens den opretholder pr\u00e6ventions effektivitet gennem hele m\u00e5neden.<\/p>\n<p>NuvaRing er popul\u00e6r blandt dem, der foretr\u00e6kker ikke at tage en daglig pille, eller som \u00f8nsker en ikke-permanent, men meget effektiv pr\u00e6ventionsmulighed. Den kr\u00e6ver ikke daglig opm\u00e6rksomhed, og fordi den er selvindsat og fjernet.<\/p>\n<p>De fleste brugere tolererer NuvaRing godt. Almindelige bivirkninger kan omfatte hovedpine, hum\u00f8rsvingninger, \u00f8mhed i brysterne eller mild vaginal irritation. Ligesom andre kombinerede hormonelle pr\u00e6ventionsmidler er NuvaRing ikke egnet til rygere over 35 \u00e5r eller personer med en historie med visse kardiovaskul\u00e6re tilstande.<\/p>\n","protected":false},"excerpt":{"rendered":"<ul>\n<li>Praktisk m\u00e5nedlig pr\u00e6ventionsmulighed<\/li>\n<li>Meget effektiv graviditetsforebyggelse<\/li>\n<li>Regulerer og letter menstruationscykler<\/li>\n<\/ul>\n","protected":false},"featured_media":1160,"comment_status":"open","ping_status":"closed","template":"","meta":[],"product_brand":[],"product_cat":[97],"product_tag":[],"expert":[18],"class_list":{"0":"post-1158","1":"product","2":"type-product","3":"status-publish","4":"has-post-thumbnail","6":"product_cat-praeventionsring","7":"expert-dr-g-varbanov","9":"first","10":"instock","11":"shipping-taxable","12":"purchasable","13":"product-type-variable"},"yoast_head":"<!-- This site is optimized with the Yoast SEO plugin v27.0 - https:\/\/yoast.com\/product\/yoast-seo-wordpress\/ -->\n<title>NuvaRing | P\u00e5lidelig Hormonel Pr\u00e6vention - Transtoyou<\/title>\n<meta name=\"description\" content=\"NuvaRing, tilg\u00e6ngelig hos Transtoyou, giver p\u00e5lidelig pr\u00e6vention med tredobbelt beskyttelse. K\u00f8b nu for effektiv hormonel pr\u00e6vention.\" \/>\n<meta name=\"robots\" content=\"noindex, follow, max-snippet:-1, max-image-preview:large, max-video-preview:-1\" \/>\n<meta property=\"og:locale\" content=\"da_DK\" \/>\n<meta property=\"og:type\" content=\"article\" \/>\n<meta property=\"og:title\" content=\"NuvaRing | P\u00e5lidelig Hormonel Pr\u00e6vention - Transtoyou\" \/>\n<meta property=\"og:description\" content=\"NuvaRing, tilg\u00e6ngelig hos Transtoyou, giver p\u00e5lidelig pr\u00e6vention med tredobbelt beskyttelse. K\u00f8b nu for effektiv hormonel pr\u00e6vention.\" \/>\n<meta property=\"og:url\" content=\"https:\/\/www.transtoyou.com\/da\/product\/nuvaring\/\" \/>\n<meta property=\"og:site_name\" content=\"Transtoyou - DA\" \/>\n<meta property=\"article:modified_time\" content=\"2026-02-28T11:42:00+00:00\" \/>\n<meta name=\"twitter:card\" content=\"summary_large_image\" \/>\n<meta name=\"twitter:label1\" content=\"Estimeret l\u00e6setid\" \/>\n\t<meta name=\"twitter:data1\" content=\"1 minut\" \/>\n<script type=\"application\/ld+json\" class=\"yoast-schema-graph\">{\"@context\":\"https:\/\/schema.org\",\"@graph\":[{\"@type\":\"WebPage\",\"@id\":\"https:\/\/www.transtoyou.com\/da\/product\/nuvaring\/\",\"url\":\"https:\/\/www.transtoyou.com\/da\/product\/nuvaring\/\",\"name\":\"NuvaRing | P\u00e5lidelig Hormonel Pr\u00e6vention - Transtoyou\",\"isPartOf\":{\"@id\":\"https:\/\/www.transtoyou.com\/da\/#website\"},\"primaryImageOfPage\":{\"@id\":\"https:\/\/www.transtoyou.com\/da\/product\/nuvaring\/#primaryimage\"},\"image\":{\"@id\":\"https:\/\/www.transtoyou.com\/da\/product\/nuvaring\/#primaryimage\"},\"thumbnailUrl\":\"https:\/\/www.transtoyou.com\/da\/wp-content\/uploads\/sites\/6\/2026\/01\/tty-no-product-image-133.webp\",\"datePublished\":\"2026-01-25T01:28:42+00:00\",\"dateModified\":\"2026-02-28T11:42:00+00:00\",\"description\":\"NuvaRing, tilg\u00e6ngelig hos Transtoyou, giver p\u00e5lidelig pr\u00e6vention med tredobbelt beskyttelse. K\u00f8b nu for effektiv hormonel pr\u00e6vention.\",\"breadcrumb\":{\"@id\":\"https:\/\/www.transtoyou.com\/da\/product\/nuvaring\/#breadcrumb\"},\"inLanguage\":\"da-DK\",\"potentialAction\":[{\"@type\":\"ReadAction\",\"target\":[\"https:\/\/www.transtoyou.com\/da\/product\/nuvaring\/\"]}]},{\"@type\":\"ImageObject\",\"inLanguage\":\"da-DK\",\"@id\":\"https:\/\/www.transtoyou.com\/da\/product\/nuvaring\/#primaryimage\",\"url\":\"https:\/\/www.transtoyou.com\/da\/wp-content\/uploads\/sites\/6\/2026\/01\/tty-no-product-image-133.webp\",\"contentUrl\":\"https:\/\/www.transtoyou.com\/da\/wp-content\/uploads\/sites\/6\/2026\/01\/tty-no-product-image-133.webp\",\"width\":1000,\"height\":1000,\"caption\":\"Standard produktbillede\"},{\"@type\":\"WebSite\",\"@id\":\"https:\/\/www.transtoyou.com\/da\/#website\",\"url\":\"https:\/\/www.transtoyou.com\/da\/\",\"name\":\"Transtoyou - DA\",\"description\":\"\",\"publisher\":{\"@id\":\"https:\/\/www.transtoyou.com\/da\/#organization\"},\"potentialAction\":[{\"@type\":\"SearchAction\",\"target\":{\"@type\":\"EntryPoint\",\"urlTemplate\":\"https:\/\/www.transtoyou.com\/da\/?s={search_term_string}\"},\"query-input\":{\"@type\":\"PropertyValueSpecification\",\"valueRequired\":true,\"valueName\":\"search_term_string\"}}],\"inLanguage\":\"da-DK\"},{\"@type\":\"Organization\",\"@id\":\"https:\/\/www.transtoyou.com\/da\/#organization\",\"name\":\"Transtoyou - DA\",\"url\":\"https:\/\/www.transtoyou.com\/da\/\",\"logo\":{\"@type\":\"ImageObject\",\"inLanguage\":\"da-DK\",\"@id\":\"https:\/\/www.transtoyou.com\/da\/#\/schema\/logo\/image\/\",\"url\":\"https:\/\/www.transtoyou.com\/da\/wp-content\/uploads\/sites\/6\/2026\/01\/logo-tty-menu-bar-300x87-1.webp\",\"contentUrl\":\"https:\/\/www.transtoyou.com\/da\/wp-content\/uploads\/sites\/6\/2026\/01\/logo-tty-menu-bar-300x87-1.webp\",\"width\":300,\"height\":87,\"caption\":\"Transtoyou - DA\"},\"image\":{\"@id\":\"https:\/\/www.transtoyou.com\/da\/#\/schema\/logo\/image\/\"}}]}<\/script>\n<!-- \/ Yoast SEO plugin. -->","yoast_head_json":{"title":"NuvaRing | P\u00e5lidelig Hormonel Pr\u00e6vention - Transtoyou","description":"NuvaRing, tilg\u00e6ngelig hos Transtoyou, giver p\u00e5lidelig pr\u00e6vention med tredobbelt beskyttelse. K\u00f8b nu for effektiv hormonel pr\u00e6vention.","robots":{"index":"noindex","follow":"follow","max-snippet":"max-snippet:-1","max-image-preview":"max-image-preview:large","max-video-preview":"max-video-preview:-1"},"og_locale":"da_DK","og_type":"article","og_title":"NuvaRing | P\u00e5lidelig Hormonel Pr\u00e6vention - Transtoyou","og_description":"NuvaRing, tilg\u00e6ngelig hos Transtoyou, giver p\u00e5lidelig pr\u00e6vention med tredobbelt beskyttelse. K\u00f8b nu for effektiv hormonel pr\u00e6vention.","og_url":"https:\/\/www.transtoyou.com\/da\/product\/nuvaring\/","og_site_name":"Transtoyou - DA","article_modified_time":"2026-02-28T11:42:00+00:00","twitter_card":"summary_large_image","twitter_misc":{"Estimeret l\u00e6setid":"1 minut"},"schema":{"@context":"https:\/\/schema.org","@graph":[{"@type":"WebPage","@id":"https:\/\/www.transtoyou.com\/da\/product\/nuvaring\/","url":"https:\/\/www.transtoyou.com\/da\/product\/nuvaring\/","name":"NuvaRing | P\u00e5lidelig Hormonel Pr\u00e6vention - Transtoyou","isPartOf":{"@id":"https:\/\/www.transtoyou.com\/da\/#website"},"primaryImageOfPage":{"@id":"https:\/\/www.transtoyou.com\/da\/product\/nuvaring\/#primaryimage"},"image":{"@id":"https:\/\/www.transtoyou.com\/da\/product\/nuvaring\/#primaryimage"},"thumbnailUrl":"https:\/\/www.transtoyou.com\/da\/wp-content\/uploads\/sites\/6\/2026\/01\/tty-no-product-image-133.webp","datePublished":"2026-01-25T01:28:42+00:00","dateModified":"2026-02-28T11:42:00+00:00","description":"NuvaRing, tilg\u00e6ngelig hos Transtoyou, giver p\u00e5lidelig pr\u00e6vention med tredobbelt beskyttelse. K\u00f8b nu for effektiv hormonel pr\u00e6vention.","breadcrumb":{"@id":"https:\/\/www.transtoyou.com\/da\/product\/nuvaring\/#breadcrumb"},"inLanguage":"da-DK","potentialAction":[{"@type":"ReadAction","target":["https:\/\/www.transtoyou.com\/da\/product\/nuvaring\/"]}]},{"@type":"ImageObject","inLanguage":"da-DK","@id":"https:\/\/www.transtoyou.com\/da\/product\/nuvaring\/#primaryimage","url":"https:\/\/www.transtoyou.com\/da\/wp-content\/uploads\/sites\/6\/2026\/01\/tty-no-product-image-133.webp","contentUrl":"https:\/\/www.transtoyou.com\/da\/wp-content\/uploads\/sites\/6\/2026\/01\/tty-no-product-image-133.webp","width":1000,"height":1000,"caption":"Standard produktbillede"},{"@type":"WebSite","@id":"https:\/\/www.transtoyou.com\/da\/#website","url":"https:\/\/www.transtoyou.com\/da\/","name":"Transtoyou - DA","description":"","publisher":{"@id":"https:\/\/www.transtoyou.com\/da\/#organization"},"potentialAction":[{"@type":"SearchAction","target":{"@type":"EntryPoint","urlTemplate":"https:\/\/www.transtoyou.com\/da\/?s={search_term_string}"},"query-input":{"@type":"PropertyValueSpecification","valueRequired":true,"valueName":"search_term_string"}}],"inLanguage":"da-DK"},{"@type":"Organization","@id":"https:\/\/www.transtoyou.com\/da\/#organization","name":"Transtoyou - DA","url":"https:\/\/www.transtoyou.com\/da\/","logo":{"@type":"ImageObject","inLanguage":"da-DK","@id":"https:\/\/www.transtoyou.com\/da\/#\/schema\/logo\/image\/","url":"https:\/\/www.transtoyou.com\/da\/wp-content\/uploads\/sites\/6\/2026\/01\/logo-tty-menu-bar-300x87-1.webp","contentUrl":"https:\/\/www.transtoyou.com\/da\/wp-content\/uploads\/sites\/6\/2026\/01\/logo-tty-menu-bar-300x87-1.webp","width":300,"height":87,"caption":"Transtoyou - DA"},"image":{"@id":"https:\/\/www.transtoyou.com\/da\/#\/schema\/logo\/image\/"}}]}},"_links":{"self":[{"href":"https:\/\/www.transtoyou.com\/da\/wp-json\/wp\/v2\/product\/1158","targetHints":{"allow":["GET"]}}],"collection":[{"href":"https:\/\/www.transtoyou.com\/da\/wp-json\/wp\/v2\/product"}],"about":[{"href":"https:\/\/www.transtoyou.com\/da\/wp-json\/wp\/v2\/types\/product"}],"replies":[{"embeddable":true,"href":"https:\/\/www.transtoyou.com\/da\/wp-json\/wp\/v2\/comments?post=1158"}],"wp:featuredmedia":[{"embeddable":true,"href":"https:\/\/www.transtoyou.com\/da\/wp-json\/wp\/v2\/media\/1160"}],"wp:attachment":[{"href":"https:\/\/www.transtoyou.com\/da\/wp-json\/wp\/v2\/media?parent=1158"}],"wp:term":[{"taxonomy":"product_brand","embeddable":true,"href":"https:\/\/www.transtoyou.com\/da\/wp-json\/wp\/v2\/product_brand?post=1158"},{"taxonomy":"product_cat","embeddable":true,"href":"https:\/\/www.transtoyou.com\/da\/wp-json\/wp\/v2\/product_cat?post=1158"},{"taxonomy":"product_tag","embeddable":true,"href":"https:\/\/www.transtoyou.com\/da\/wp-json\/wp\/v2\/product_tag?post=1158"},{"taxonomy":"expert","embeddable":true,"href":"https:\/\/www.transtoyou.com\/da\/wp-json\/wp\/v2\/expert?post=1158"}],"curies":[{"name":"wp","href":"https:\/\/api.w.org\/{rel}","templated":true}]}}