{"id":1161,"date":"2026-01-25T03:44:34","date_gmt":"2026-01-25T01:44:34","guid":{"rendered":"https:\/\/www.transtoyou.com\/da\/product\/ginoring\/"},"modified":"2026-02-20T10:13:49","modified_gmt":"2026-02-20T08:13:49","slug":"ginoring","status":"publish","type":"product","link":"https:\/\/www.transtoyou.com\/da\/product\/ginoring\/","title":{"rendered":"Ginoring"},"content":{"rendered":"<p>Ginoring er en fleksibel vaginalring, der bruges som hormonel pr\u00e6vention for at forhindre graviditet. Den indeholder etonogestrel (et progestin) og ethinylestradiol (et \u00f8strogen), to syntetiske hormoner, der arbejder sammen for at forhindre \u00e6gl\u00f8sning, frigivelsen af et \u00e6g fra \u00e6ggestokken. Den fortykkes ogs\u00e5 livmoderhalsslim, hvilket g\u00f8r det sv\u00e6rere for s\u00e6dceller at n\u00e5 \u00e6gget, og \u00e6ndrer livmoderslimhinden for at forhindre implantation.<\/p>\n<p>Ginoring b\u00e6res inde i vagina i tre sammenh\u00e6ngende uger, efterfulgt af en uges pause, hvor der typisk opst\u00e5r en tilbagetr\u00e6kningsbl\u00f8dning (lignende en menstruation). Efter den fjerde uge inds\u00e6ttes en ny ring. Hormonerne optages gennem vaginalv\u00e6ggen ind i blodbanen, hvilket sikrer stabile hormonniveauer uden behov for daglige piller.<\/p>\n<p>Ringen er nem at inds\u00e6tte og fjerne og forbliver p\u00e5 plads, n\u00e5r den er korrekt placeret. Den giver effektiv, diskret pr\u00e6vention, n\u00e5r den bruges korrekt. Den kan ogs\u00e5 hj\u00e6lpe med at regulere menstruationscykler, reducere kramper og mindske bl\u00f8dning.<\/p>\n<p>Som alle kombinerede hormonelle pr\u00e6ventionsmidler er Ginoring m\u00e5ske ikke egnet til alle kvinder, is\u00e6r dem med en historie med blodpropper, slagtilf\u00e6lde eller hormonrelaterede kr\u00e6ftformer. Mulige bivirkninger inkluderer hovedpine, vaginal irritation, hum\u00f8rsvingninger eller \u00f8mhed i brysterne.<\/p>\n<p>Ginoring er en p\u00e5lidelig pr\u00e6ventionsmulighed for kvinder, der foretr\u00e6kker en ikke-daglig, hormonbaseret metode.<\/p>\n","protected":false},"excerpt":{"rendered":"<ul>\n<li>M\u00e5nedlig hormonel pr\u00e6ventionsring<\/li>\n<li>Forebygger \u00e6gl\u00f8sning og graviditet<\/li>\n<li>Praktisk og diskret mulighed<\/li>\n<\/ul>\n","protected":false},"featured_media":1163,"comment_status":"open","ping_status":"closed","template":"","meta":[],"product_brand":[],"product_cat":[97],"product_tag":[],"expert":[19],"class_list":{"0":"post-1161","1":"product","2":"type-product","3":"status-publish","4":"has-post-thumbnail","6":"product_cat-praeventionsring","7":"expert-dr-j-vazquez","9":"first","10":"instock","11":"shipping-taxable","12":"product-type-variable"},"yoast_head":"<!-- This site is optimized with the Yoast SEO plugin v27.0 - https:\/\/yoast.com\/product\/yoast-seo-wordpress\/ -->\n<title>Ginoring | P\u00e5lidelig pr\u00e6ventionsl\u00f8sning - Transtoyou<\/title>\n<meta name=\"description\" content=\"Ginoring: Effektiv hormonel pr\u00e6ventionsring, nem at bruge, regulerer cykler, reducerer kramper. F\u00e5 din i dag hos Transtoyou.\" \/>\n<meta name=\"robots\" content=\"noindex, follow, max-snippet:-1, max-image-preview:large, max-video-preview:-1\" \/>\n<meta property=\"og:locale\" content=\"da_DK\" \/>\n<meta property=\"og:type\" content=\"article\" \/>\n<meta property=\"og:title\" content=\"Ginoring | P\u00e5lidelig pr\u00e6ventionsl\u00f8sning - Transtoyou\" \/>\n<meta property=\"og:description\" content=\"Ginoring: Effektiv hormonel pr\u00e6ventionsring, nem at bruge, regulerer cykler, reducerer kramper. F\u00e5 din i dag hos Transtoyou.\" \/>\n<meta property=\"og:url\" content=\"https:\/\/www.transtoyou.com\/da\/product\/ginoring\/\" \/>\n<meta property=\"og:site_name\" content=\"Transtoyou - DA\" \/>\n<meta property=\"article:modified_time\" content=\"2026-02-20T08:13:49+00:00\" \/>\n<meta name=\"twitter:card\" content=\"summary_large_image\" \/>\n<meta name=\"twitter:label1\" content=\"Estimeret l\u00e6setid\" \/>\n\t<meta name=\"twitter:data1\" content=\"1 minut\" \/>\n<script type=\"application\/ld+json\" class=\"yoast-schema-graph\">{\"@context\":\"https:\/\/schema.org\",\"@graph\":[{\"@type\":\"WebPage\",\"@id\":\"https:\/\/www.transtoyou.com\/da\/product\/ginoring\/\",\"url\":\"https:\/\/www.transtoyou.com\/da\/product\/ginoring\/\",\"name\":\"Ginoring | P\u00e5lidelig pr\u00e6ventionsl\u00f8sning - Transtoyou\",\"isPartOf\":{\"@id\":\"https:\/\/www.transtoyou.com\/da\/#website\"},\"primaryImageOfPage\":{\"@id\":\"https:\/\/www.transtoyou.com\/da\/product\/ginoring\/#primaryimage\"},\"image\":{\"@id\":\"https:\/\/www.transtoyou.com\/da\/product\/ginoring\/#primaryimage\"},\"thumbnailUrl\":\"https:\/\/www.transtoyou.com\/da\/wp-content\/uploads\/sites\/6\/2026\/01\/tty-no-product-image-134.webp\",\"datePublished\":\"2026-01-25T01:44:34+00:00\",\"dateModified\":\"2026-02-20T08:13:49+00:00\",\"description\":\"Ginoring: Effektiv hormonel pr\u00e6ventionsring, nem at bruge, regulerer cykler, reducerer kramper. F\u00e5 din i dag hos Transtoyou.\",\"breadcrumb\":{\"@id\":\"https:\/\/www.transtoyou.com\/da\/product\/ginoring\/#breadcrumb\"},\"inLanguage\":\"da-DK\",\"potentialAction\":[{\"@type\":\"ReadAction\",\"target\":[\"https:\/\/www.transtoyou.com\/da\/product\/ginoring\/\"]}]},{\"@type\":\"ImageObject\",\"inLanguage\":\"da-DK\",\"@id\":\"https:\/\/www.transtoyou.com\/da\/product\/ginoring\/#primaryimage\",\"url\":\"https:\/\/www.transtoyou.com\/da\/wp-content\/uploads\/sites\/6\/2026\/01\/tty-no-product-image-134.webp\",\"contentUrl\":\"https:\/\/www.transtoyou.com\/da\/wp-content\/uploads\/sites\/6\/2026\/01\/tty-no-product-image-134.webp\",\"width\":1000,\"height\":1000,\"caption\":\"Standard produktbillede\"},{\"@type\":\"WebSite\",\"@id\":\"https:\/\/www.transtoyou.com\/da\/#website\",\"url\":\"https:\/\/www.transtoyou.com\/da\/\",\"name\":\"Transtoyou - DA\",\"description\":\"\",\"publisher\":{\"@id\":\"https:\/\/www.transtoyou.com\/da\/#organization\"},\"potentialAction\":[{\"@type\":\"SearchAction\",\"target\":{\"@type\":\"EntryPoint\",\"urlTemplate\":\"https:\/\/www.transtoyou.com\/da\/?s={search_term_string}\"},\"query-input\":{\"@type\":\"PropertyValueSpecification\",\"valueRequired\":true,\"valueName\":\"search_term_string\"}}],\"inLanguage\":\"da-DK\"},{\"@type\":\"Organization\",\"@id\":\"https:\/\/www.transtoyou.com\/da\/#organization\",\"name\":\"Transtoyou - DA\",\"url\":\"https:\/\/www.transtoyou.com\/da\/\",\"logo\":{\"@type\":\"ImageObject\",\"inLanguage\":\"da-DK\",\"@id\":\"https:\/\/www.transtoyou.com\/da\/#\/schema\/logo\/image\/\",\"url\":\"https:\/\/www.transtoyou.com\/da\/wp-content\/uploads\/sites\/6\/2026\/01\/logo-tty-menu-bar-300x87-1.webp\",\"contentUrl\":\"https:\/\/www.transtoyou.com\/da\/wp-content\/uploads\/sites\/6\/2026\/01\/logo-tty-menu-bar-300x87-1.webp\",\"width\":300,\"height\":87,\"caption\":\"Transtoyou - DA\"},\"image\":{\"@id\":\"https:\/\/www.transtoyou.com\/da\/#\/schema\/logo\/image\/\"}}]}<\/script>\n<!-- \/ Yoast SEO plugin. -->","yoast_head_json":{"title":"Ginoring | P\u00e5lidelig pr\u00e6ventionsl\u00f8sning - Transtoyou","description":"Ginoring: Effektiv hormonel pr\u00e6ventionsring, nem at bruge, regulerer cykler, reducerer kramper. F\u00e5 din i dag hos Transtoyou.","robots":{"index":"noindex","follow":"follow","max-snippet":"max-snippet:-1","max-image-preview":"max-image-preview:large","max-video-preview":"max-video-preview:-1"},"og_locale":"da_DK","og_type":"article","og_title":"Ginoring | P\u00e5lidelig pr\u00e6ventionsl\u00f8sning - Transtoyou","og_description":"Ginoring: Effektiv hormonel pr\u00e6ventionsring, nem at bruge, regulerer cykler, reducerer kramper. F\u00e5 din i dag hos Transtoyou.","og_url":"https:\/\/www.transtoyou.com\/da\/product\/ginoring\/","og_site_name":"Transtoyou - DA","article_modified_time":"2026-02-20T08:13:49+00:00","twitter_card":"summary_large_image","twitter_misc":{"Estimeret l\u00e6setid":"1 minut"},"schema":{"@context":"https:\/\/schema.org","@graph":[{"@type":"WebPage","@id":"https:\/\/www.transtoyou.com\/da\/product\/ginoring\/","url":"https:\/\/www.transtoyou.com\/da\/product\/ginoring\/","name":"Ginoring | P\u00e5lidelig pr\u00e6ventionsl\u00f8sning - Transtoyou","isPartOf":{"@id":"https:\/\/www.transtoyou.com\/da\/#website"},"primaryImageOfPage":{"@id":"https:\/\/www.transtoyou.com\/da\/product\/ginoring\/#primaryimage"},"image":{"@id":"https:\/\/www.transtoyou.com\/da\/product\/ginoring\/#primaryimage"},"thumbnailUrl":"https:\/\/www.transtoyou.com\/da\/wp-content\/uploads\/sites\/6\/2026\/01\/tty-no-product-image-134.webp","datePublished":"2026-01-25T01:44:34+00:00","dateModified":"2026-02-20T08:13:49+00:00","description":"Ginoring: Effektiv hormonel pr\u00e6ventionsring, nem at bruge, regulerer cykler, reducerer kramper. F\u00e5 din i dag hos Transtoyou.","breadcrumb":{"@id":"https:\/\/www.transtoyou.com\/da\/product\/ginoring\/#breadcrumb"},"inLanguage":"da-DK","potentialAction":[{"@type":"ReadAction","target":["https:\/\/www.transtoyou.com\/da\/product\/ginoring\/"]}]},{"@type":"ImageObject","inLanguage":"da-DK","@id":"https:\/\/www.transtoyou.com\/da\/product\/ginoring\/#primaryimage","url":"https:\/\/www.transtoyou.com\/da\/wp-content\/uploads\/sites\/6\/2026\/01\/tty-no-product-image-134.webp","contentUrl":"https:\/\/www.transtoyou.com\/da\/wp-content\/uploads\/sites\/6\/2026\/01\/tty-no-product-image-134.webp","width":1000,"height":1000,"caption":"Standard produktbillede"},{"@type":"WebSite","@id":"https:\/\/www.transtoyou.com\/da\/#website","url":"https:\/\/www.transtoyou.com\/da\/","name":"Transtoyou - DA","description":"","publisher":{"@id":"https:\/\/www.transtoyou.com\/da\/#organization"},"potentialAction":[{"@type":"SearchAction","target":{"@type":"EntryPoint","urlTemplate":"https:\/\/www.transtoyou.com\/da\/?s={search_term_string}"},"query-input":{"@type":"PropertyValueSpecification","valueRequired":true,"valueName":"search_term_string"}}],"inLanguage":"da-DK"},{"@type":"Organization","@id":"https:\/\/www.transtoyou.com\/da\/#organization","name":"Transtoyou - DA","url":"https:\/\/www.transtoyou.com\/da\/","logo":{"@type":"ImageObject","inLanguage":"da-DK","@id":"https:\/\/www.transtoyou.com\/da\/#\/schema\/logo\/image\/","url":"https:\/\/www.transtoyou.com\/da\/wp-content\/uploads\/sites\/6\/2026\/01\/logo-tty-menu-bar-300x87-1.webp","contentUrl":"https:\/\/www.transtoyou.com\/da\/wp-content\/uploads\/sites\/6\/2026\/01\/logo-tty-menu-bar-300x87-1.webp","width":300,"height":87,"caption":"Transtoyou - DA"},"image":{"@id":"https:\/\/www.transtoyou.com\/da\/#\/schema\/logo\/image\/"}}]}},"_links":{"self":[{"href":"https:\/\/www.transtoyou.com\/da\/wp-json\/wp\/v2\/product\/1161","targetHints":{"allow":["GET"]}}],"collection":[{"href":"https:\/\/www.transtoyou.com\/da\/wp-json\/wp\/v2\/product"}],"about":[{"href":"https:\/\/www.transtoyou.com\/da\/wp-json\/wp\/v2\/types\/product"}],"replies":[{"embeddable":true,"href":"https:\/\/www.transtoyou.com\/da\/wp-json\/wp\/v2\/comments?post=1161"}],"wp:featuredmedia":[{"embeddable":true,"href":"https:\/\/www.transtoyou.com\/da\/wp-json\/wp\/v2\/media\/1163"}],"wp:attachment":[{"href":"https:\/\/www.transtoyou.com\/da\/wp-json\/wp\/v2\/media?parent=1161"}],"wp:term":[{"taxonomy":"product_brand","embeddable":true,"href":"https:\/\/www.transtoyou.com\/da\/wp-json\/wp\/v2\/product_brand?post=1161"},{"taxonomy":"product_cat","embeddable":true,"href":"https:\/\/www.transtoyou.com\/da\/wp-json\/wp\/v2\/product_cat?post=1161"},{"taxonomy":"product_tag","embeddable":true,"href":"https:\/\/www.transtoyou.com\/da\/wp-json\/wp\/v2\/product_tag?post=1161"},{"taxonomy":"expert","embeddable":true,"href":"https:\/\/www.transtoyou.com\/da\/wp-json\/wp\/v2\/expert?post=1161"}],"curies":[{"name":"wp","href":"https:\/\/api.w.org\/{rel}","templated":true}]}}