{"id":1164,"date":"2026-01-25T03:59:51","date_gmt":"2026-01-25T01:59:51","guid":{"rendered":"https:\/\/www.transtoyou.com\/da\/product\/evra-patch\/"},"modified":"2026-02-16T10:46:39","modified_gmt":"2026-02-16T08:46:39","slug":"evra-plaster","status":"publish","type":"product","link":"https:\/\/www.transtoyou.com\/da\/product\/evra-plaster\/","title":{"rendered":"Evra Patches"},"content":{"rendered":"<p>Evra er et pr\u00e6ventionsplaster designet til kvinder for at forhindre graviditet. Det indeholder to hormoner: ethinylestradiol (et \u00f8strogen) og norelgestromin (et gestagen). Disse hormoner ligner de naturlige hormoner i kroppen og arbejder sammen for at stoppe \u00e6gl\u00f8sning, frigivelsen af et \u00e6g fra \u00e6ggestokken. Hvis der ikke er noget \u00e6g, kan graviditet ikke finde sted. Evra fortykkes ogs\u00e5 livmoderhalsslim, hvilket g\u00f8r det sv\u00e6rere for s\u00e6dceller at n\u00e5 \u00e6gget, og \u00e6ndrer livmoderslimhinden for at g\u00f8re det mindre sandsynligt, at den underst\u00f8tter et befrugtet \u00e6g.<\/p>\n<p>Plasteret p\u00e5f\u00f8res huden, og hormonerne optages direkte i blodbanen. Det b\u00e6res \u00e9n gang om ugen i tre uger, efterfulgt af en uge uden plaster, hvor der normalt forekommer en tilbagetr\u00e6kningsbl\u00f8dning. Dette g\u00f8r det praktisk for dem, der foretr\u00e6kker ikke at tage daglige piller.<\/p>\n<p>Evra er lige s\u00e5 effektiv som den kombinerede p-pille, n\u00e5r den bruges korrekt. Fordele inkluderer konsistente hormonniveauer, ugentlig dosering og ingen behov for daglige p\u00e5mindelser. Men ligesom alle hormonelle pr\u00e6ventionsmidler er det m\u00e5ske ikke egnet for alle, is\u00e6r kvinder med en historie med blodpropper, slagtilf\u00e6lde eller visse kr\u00e6ftformer. Almindelige bivirkninger kan omfatte hudirritation ved plasterstedet, hovedpine, kvalme eller \u00f8mhed i brysterne.<\/p>\n<p>Evra er en diskret, p\u00e5lidelig og nem at bruge pr\u00e6ventionsmulighed for kvinder, der s\u00f8ger en hormonbaseret metode til pr\u00e6vention.<\/p>\n","protected":false},"excerpt":{"rendered":"<ul>\n<li>Ugentligt pr\u00e6ventionsplaster<\/li>\n<li>Forebygger \u00e6gl\u00f8sning og graviditet<\/li>\n<li>Diskret og nemt at bruge<\/li>\n<\/ul>\n","protected":false},"featured_media":1166,"comment_status":"open","ping_status":"closed","template":"","meta":[],"product_brand":[],"product_cat":[96],"product_tag":[],"expert":[19],"class_list":{"0":"post-1164","1":"product","2":"type-product","3":"status-publish","4":"has-post-thumbnail","6":"product_cat-praeventionsplaster","7":"expert-dr-j-vazquez","9":"first","10":"instock","11":"shipping-taxable","12":"product-type-variable"},"yoast_head":"<!-- This site is optimized with the Yoast SEO plugin v27.0 - https:\/\/yoast.com\/product\/yoast-seo-wordpress\/ -->\n<title>Evra Patch | Hormonel Pr\u00e6vention - Transtoyou<\/title>\n<meta name=\"description\" content=\"Evra Patch, en praktisk pr\u00e6ventionsmulighed, forhindrer graviditet ved at stoppe \u00e6gl\u00f8sning. K\u00f8b nu for effektiv ugentlig hormonregulering.\" \/>\n<meta name=\"robots\" content=\"noindex, follow, max-snippet:-1, max-image-preview:large, max-video-preview:-1\" \/>\n<meta property=\"og:locale\" content=\"da_DK\" \/>\n<meta property=\"og:type\" content=\"article\" \/>\n<meta property=\"og:title\" content=\"Evra Patch | Hormonel Pr\u00e6vention - Transtoyou\" \/>\n<meta property=\"og:description\" content=\"Evra Patch, en praktisk pr\u00e6ventionsmulighed, forhindrer graviditet ved at stoppe \u00e6gl\u00f8sning. K\u00f8b nu for effektiv ugentlig hormonregulering.\" \/>\n<meta property=\"og:url\" content=\"https:\/\/www.transtoyou.com\/da\/product\/evra-patch\/\" \/>\n<meta property=\"og:site_name\" content=\"Transtoyou - DA\" \/>\n<meta property=\"article:modified_time\" content=\"2026-02-16T08:46:39+00:00\" \/>\n<meta name=\"twitter:card\" content=\"summary_large_image\" \/>\n<meta name=\"twitter:label1\" content=\"Estimeret l\u00e6setid\" \/>\n\t<meta name=\"twitter:data1\" content=\"1 minut\" \/>\n<script type=\"application\/ld+json\" class=\"yoast-schema-graph\">{\"@context\":\"https:\/\/schema.org\",\"@graph\":[{\"@type\":\"WebPage\",\"@id\":\"https:\/\/www.transtoyou.com\/da\/product\/evra-patch\/\",\"url\":\"https:\/\/www.transtoyou.com\/da\/product\/evra-patch\/\",\"name\":\"Evra Patch | Hormonel Pr\u00e6vention - Transtoyou\",\"isPartOf\":{\"@id\":\"https:\/\/www.transtoyou.com\/da\/#website\"},\"primaryImageOfPage\":{\"@id\":\"https:\/\/www.transtoyou.com\/da\/product\/evra-patch\/#primaryimage\"},\"image\":{\"@id\":\"https:\/\/www.transtoyou.com\/da\/product\/evra-patch\/#primaryimage\"},\"thumbnailUrl\":\"https:\/\/www.transtoyou.com\/da\/wp-content\/uploads\/sites\/6\/2026\/01\/tty-no-product-image-135.webp\",\"datePublished\":\"2026-01-25T01:59:51+00:00\",\"dateModified\":\"2026-02-16T08:46:39+00:00\",\"description\":\"Evra Patch, en praktisk pr\u00e6ventionsmulighed, forhindrer graviditet ved at stoppe \u00e6gl\u00f8sning. K\u00f8b nu for effektiv ugentlig hormonregulering.\",\"breadcrumb\":{\"@id\":\"https:\/\/www.transtoyou.com\/da\/product\/evra-patch\/#breadcrumb\"},\"inLanguage\":\"da-DK\",\"potentialAction\":[{\"@type\":\"ReadAction\",\"target\":[\"https:\/\/www.transtoyou.com\/da\/product\/evra-patch\/\"]}]},{\"@type\":\"ImageObject\",\"inLanguage\":\"da-DK\",\"@id\":\"https:\/\/www.transtoyou.com\/da\/product\/evra-patch\/#primaryimage\",\"url\":\"https:\/\/www.transtoyou.com\/da\/wp-content\/uploads\/sites\/6\/2026\/01\/tty-no-product-image-135.webp\",\"contentUrl\":\"https:\/\/www.transtoyou.com\/da\/wp-content\/uploads\/sites\/6\/2026\/01\/tty-no-product-image-135.webp\",\"width\":1000,\"height\":1000,\"caption\":\"Standard produktbillede\"},{\"@type\":\"WebSite\",\"@id\":\"https:\/\/www.transtoyou.com\/da\/#website\",\"url\":\"https:\/\/www.transtoyou.com\/da\/\",\"name\":\"Transtoyou - DA\",\"description\":\"\",\"publisher\":{\"@id\":\"https:\/\/www.transtoyou.com\/da\/#organization\"},\"potentialAction\":[{\"@type\":\"SearchAction\",\"target\":{\"@type\":\"EntryPoint\",\"urlTemplate\":\"https:\/\/www.transtoyou.com\/da\/?s={search_term_string}\"},\"query-input\":{\"@type\":\"PropertyValueSpecification\",\"valueRequired\":true,\"valueName\":\"search_term_string\"}}],\"inLanguage\":\"da-DK\"},{\"@type\":\"Organization\",\"@id\":\"https:\/\/www.transtoyou.com\/da\/#organization\",\"name\":\"Transtoyou - DA\",\"url\":\"https:\/\/www.transtoyou.com\/da\/\",\"logo\":{\"@type\":\"ImageObject\",\"inLanguage\":\"da-DK\",\"@id\":\"https:\/\/www.transtoyou.com\/da\/#\/schema\/logo\/image\/\",\"url\":\"https:\/\/www.transtoyou.com\/da\/wp-content\/uploads\/sites\/6\/2026\/01\/logo-tty-menu-bar-300x87-1.webp\",\"contentUrl\":\"https:\/\/www.transtoyou.com\/da\/wp-content\/uploads\/sites\/6\/2026\/01\/logo-tty-menu-bar-300x87-1.webp\",\"width\":300,\"height\":87,\"caption\":\"Transtoyou - DA\"},\"image\":{\"@id\":\"https:\/\/www.transtoyou.com\/da\/#\/schema\/logo\/image\/\"}}]}<\/script>\n<!-- \/ Yoast SEO plugin. -->","yoast_head_json":{"title":"Evra Patch | Hormonel Pr\u00e6vention - Transtoyou","description":"Evra Patch, en praktisk pr\u00e6ventionsmulighed, forhindrer graviditet ved at stoppe \u00e6gl\u00f8sning. K\u00f8b nu for effektiv ugentlig hormonregulering.","robots":{"index":"noindex","follow":"follow","max-snippet":"max-snippet:-1","max-image-preview":"max-image-preview:large","max-video-preview":"max-video-preview:-1"},"og_locale":"da_DK","og_type":"article","og_title":"Evra Patch | Hormonel Pr\u00e6vention - Transtoyou","og_description":"Evra Patch, en praktisk pr\u00e6ventionsmulighed, forhindrer graviditet ved at stoppe \u00e6gl\u00f8sning. K\u00f8b nu for effektiv ugentlig hormonregulering.","og_url":"https:\/\/www.transtoyou.com\/da\/product\/evra-patch\/","og_site_name":"Transtoyou - DA","article_modified_time":"2026-02-16T08:46:39+00:00","twitter_card":"summary_large_image","twitter_misc":{"Estimeret l\u00e6setid":"1 minut"},"schema":{"@context":"https:\/\/schema.org","@graph":[{"@type":"WebPage","@id":"https:\/\/www.transtoyou.com\/da\/product\/evra-patch\/","url":"https:\/\/www.transtoyou.com\/da\/product\/evra-patch\/","name":"Evra Patch | Hormonel Pr\u00e6vention - Transtoyou","isPartOf":{"@id":"https:\/\/www.transtoyou.com\/da\/#website"},"primaryImageOfPage":{"@id":"https:\/\/www.transtoyou.com\/da\/product\/evra-patch\/#primaryimage"},"image":{"@id":"https:\/\/www.transtoyou.com\/da\/product\/evra-patch\/#primaryimage"},"thumbnailUrl":"https:\/\/www.transtoyou.com\/da\/wp-content\/uploads\/sites\/6\/2026\/01\/tty-no-product-image-135.webp","datePublished":"2026-01-25T01:59:51+00:00","dateModified":"2026-02-16T08:46:39+00:00","description":"Evra Patch, en praktisk pr\u00e6ventionsmulighed, forhindrer graviditet ved at stoppe \u00e6gl\u00f8sning. K\u00f8b nu for effektiv ugentlig hormonregulering.","breadcrumb":{"@id":"https:\/\/www.transtoyou.com\/da\/product\/evra-patch\/#breadcrumb"},"inLanguage":"da-DK","potentialAction":[{"@type":"ReadAction","target":["https:\/\/www.transtoyou.com\/da\/product\/evra-patch\/"]}]},{"@type":"ImageObject","inLanguage":"da-DK","@id":"https:\/\/www.transtoyou.com\/da\/product\/evra-patch\/#primaryimage","url":"https:\/\/www.transtoyou.com\/da\/wp-content\/uploads\/sites\/6\/2026\/01\/tty-no-product-image-135.webp","contentUrl":"https:\/\/www.transtoyou.com\/da\/wp-content\/uploads\/sites\/6\/2026\/01\/tty-no-product-image-135.webp","width":1000,"height":1000,"caption":"Standard produktbillede"},{"@type":"WebSite","@id":"https:\/\/www.transtoyou.com\/da\/#website","url":"https:\/\/www.transtoyou.com\/da\/","name":"Transtoyou - DA","description":"","publisher":{"@id":"https:\/\/www.transtoyou.com\/da\/#organization"},"potentialAction":[{"@type":"SearchAction","target":{"@type":"EntryPoint","urlTemplate":"https:\/\/www.transtoyou.com\/da\/?s={search_term_string}"},"query-input":{"@type":"PropertyValueSpecification","valueRequired":true,"valueName":"search_term_string"}}],"inLanguage":"da-DK"},{"@type":"Organization","@id":"https:\/\/www.transtoyou.com\/da\/#organization","name":"Transtoyou - DA","url":"https:\/\/www.transtoyou.com\/da\/","logo":{"@type":"ImageObject","inLanguage":"da-DK","@id":"https:\/\/www.transtoyou.com\/da\/#\/schema\/logo\/image\/","url":"https:\/\/www.transtoyou.com\/da\/wp-content\/uploads\/sites\/6\/2026\/01\/logo-tty-menu-bar-300x87-1.webp","contentUrl":"https:\/\/www.transtoyou.com\/da\/wp-content\/uploads\/sites\/6\/2026\/01\/logo-tty-menu-bar-300x87-1.webp","width":300,"height":87,"caption":"Transtoyou - DA"},"image":{"@id":"https:\/\/www.transtoyou.com\/da\/#\/schema\/logo\/image\/"}}]}},"_links":{"self":[{"href":"https:\/\/www.transtoyou.com\/da\/wp-json\/wp\/v2\/product\/1164","targetHints":{"allow":["GET"]}}],"collection":[{"href":"https:\/\/www.transtoyou.com\/da\/wp-json\/wp\/v2\/product"}],"about":[{"href":"https:\/\/www.transtoyou.com\/da\/wp-json\/wp\/v2\/types\/product"}],"replies":[{"embeddable":true,"href":"https:\/\/www.transtoyou.com\/da\/wp-json\/wp\/v2\/comments?post=1164"}],"wp:featuredmedia":[{"embeddable":true,"href":"https:\/\/www.transtoyou.com\/da\/wp-json\/wp\/v2\/media\/1166"}],"wp:attachment":[{"href":"https:\/\/www.transtoyou.com\/da\/wp-json\/wp\/v2\/media?parent=1164"}],"wp:term":[{"taxonomy":"product_brand","embeddable":true,"href":"https:\/\/www.transtoyou.com\/da\/wp-json\/wp\/v2\/product_brand?post=1164"},{"taxonomy":"product_cat","embeddable":true,"href":"https:\/\/www.transtoyou.com\/da\/wp-json\/wp\/v2\/product_cat?post=1164"},{"taxonomy":"product_tag","embeddable":true,"href":"https:\/\/www.transtoyou.com\/da\/wp-json\/wp\/v2\/product_tag?post=1164"},{"taxonomy":"expert","embeddable":true,"href":"https:\/\/www.transtoyou.com\/da\/wp-json\/wp\/v2\/expert?post=1164"}],"curies":[{"name":"wp","href":"https:\/\/api.w.org\/{rel}","templated":true}]}}