{"id":1179,"date":"2026-01-25T05:23:06","date_gmt":"2026-01-25T03:23:06","guid":{"rendered":"https:\/\/www.transtoyou.com\/da\/product\/nystan\/"},"modified":"2026-02-28T13:33:31","modified_gmt":"2026-02-28T11:33:31","slug":"nystan","status":"publish","type":"product","link":"https:\/\/www.transtoyou.com\/da\/product\/nystan\/","title":{"rendered":"Nystan"},"content":{"rendered":"<p>Nystan, der indeholder den aktive ingrediens nystatin, er en svampedr\u00e6bende medicin, der bruges til at behandle infektioner for\u00e5rsaget af Candida, en type g\u00e6r, der ofte p\u00e5virker huden og slimhinderne. Det er is\u00e6r effektivt til at h\u00e5ndtere lokaliserede svampeinfektioner som mundsvamp, intestinal candidiasis og vaginale g\u00e6rinfektioner.<\/p>\n<p>Nystatin virker ved at binde sig til cellemembranen i g\u00e6ren, hvilket skaber huller, der f\u00e5r celleindholdet til at l\u00e6kke ud. Denne m\u00e5lrettede handling dr\u00e6ber svampen og forhindrer yderligere v\u00e6kst, s\u00e5 de ber\u00f8rte v\u00e6v kan hele, og symptomerne kan forsvinde. Fordi det kun virker i det omr\u00e5de, hvor det p\u00e5f\u00f8res eller indtages, betragtes nystatin som en lokal behandling og optages ikke betydeligt i blodbanen.<\/p>\n<p>Til vaginale infektioner bruges Nystan til at lindre kl\u00f8e, irritation og unormal udfl\u00e5d forbundet med vaginal svamp.<\/p>\n<p>Nystatin bruges ogs\u00e5 i oral suspension eller pastiller til at behandle orale Candida-infektioner (svamp), is\u00e6r hos patienter, der bruger inhalerede steroider, b\u00e6rer tandproteser eller oplever nedsat immunitet. N\u00e5r det ordineres til intestinal candidiasis, hj\u00e6lper det med at kontrollere g\u00e6rv\u00e6kst i ford\u00f8jelseskanalen.<\/p>\n<p>Nystan tolereres generelt godt, og bivirkninger er sj\u00e6ldne, men kan inkludere mild gastrointestinal ubehag eller lokal irritation.<\/p>\n","protected":false},"excerpt":{"rendered":"<ul>\n<li>Retter sig mod lokal Candida-overv\u00e6kst<\/li>\n<li>Sk\u00e5nsom, ikke-systemisk svampedr\u00e6bende behandling<\/li>\n<li>Lindrer svamp i munden og g\u00e6rinfektioner<\/li>\n<\/ul>\n","protected":false},"featured_media":1181,"comment_status":"open","ping_status":"closed","template":"","meta":[],"product_brand":[],"product_cat":[89,174],"product_tag":[],"expert":[16],"class_list":{"0":"post-1179","1":"product","2":"type-product","3":"status-publish","4":"has-post-thumbnail","6":"product_cat-candida","7":"product_cat-vaginale-infektioner-svampedraebende-midler","8":"expert-dr-c-alexandru","10":"first","11":"instock","12":"shipping-taxable","13":"product-type-variable"},"yoast_head":"<!-- This site is optimized with the Yoast SEO plugin v27.0 - https:\/\/yoast.com\/product\/yoast-seo-wordpress\/ -->\n<title>Nystan | Effektiv Antifungal Behandling - Transtoyou<\/title>\n<meta name=\"description\" content=\"Nystan behandler Candida-infektioner som mundsvamp og vaginal svamp. F\u00e5 effektiv lindring og lokal behandling. Tilg\u00e6ngelig hos Transtoyou.\" \/>\n<meta name=\"robots\" content=\"noindex, follow, max-snippet:-1, max-image-preview:large, max-video-preview:-1\" \/>\n<meta property=\"og:locale\" content=\"da_DK\" \/>\n<meta property=\"og:type\" content=\"article\" \/>\n<meta property=\"og:title\" content=\"Nystan | Effektiv Antifungal Behandling - Transtoyou\" \/>\n<meta property=\"og:description\" content=\"Nystan behandler Candida-infektioner som mundsvamp og vaginal svamp. F\u00e5 effektiv lindring og lokal behandling. Tilg\u00e6ngelig hos Transtoyou.\" \/>\n<meta property=\"og:url\" content=\"https:\/\/www.transtoyou.com\/da\/product\/nystan\/\" \/>\n<meta property=\"og:site_name\" content=\"Transtoyou - DA\" \/>\n<meta property=\"article:modified_time\" content=\"2026-02-28T11:33:31+00:00\" \/>\n<meta name=\"twitter:card\" content=\"summary_large_image\" \/>\n<meta name=\"twitter:label1\" content=\"Estimeret l\u00e6setid\" \/>\n\t<meta name=\"twitter:data1\" content=\"1 minut\" \/>\n<script type=\"application\/ld+json\" class=\"yoast-schema-graph\">{\"@context\":\"https:\/\/schema.org\",\"@graph\":[{\"@type\":\"WebPage\",\"@id\":\"https:\/\/www.transtoyou.com\/da\/product\/nystan\/\",\"url\":\"https:\/\/www.transtoyou.com\/da\/product\/nystan\/\",\"name\":\"Nystan | Effektiv Antifungal Behandling - Transtoyou\",\"isPartOf\":{\"@id\":\"https:\/\/www.transtoyou.com\/da\/#website\"},\"primaryImageOfPage\":{\"@id\":\"https:\/\/www.transtoyou.com\/da\/product\/nystan\/#primaryimage\"},\"image\":{\"@id\":\"https:\/\/www.transtoyou.com\/da\/product\/nystan\/#primaryimage\"},\"thumbnailUrl\":\"https:\/\/www.transtoyou.com\/da\/wp-content\/uploads\/sites\/6\/2026\/01\/tty-no-product-image-140.webp\",\"datePublished\":\"2026-01-25T03:23:06+00:00\",\"dateModified\":\"2026-02-28T11:33:31+00:00\",\"description\":\"Nystan behandler Candida-infektioner som mundsvamp og vaginal svamp. F\u00e5 effektiv lindring og lokal behandling. Tilg\u00e6ngelig hos Transtoyou.\",\"breadcrumb\":{\"@id\":\"https:\/\/www.transtoyou.com\/da\/product\/nystan\/#breadcrumb\"},\"inLanguage\":\"da-DK\",\"potentialAction\":[{\"@type\":\"ReadAction\",\"target\":[\"https:\/\/www.transtoyou.com\/da\/product\/nystan\/\"]}]},{\"@type\":\"ImageObject\",\"inLanguage\":\"da-DK\",\"@id\":\"https:\/\/www.transtoyou.com\/da\/product\/nystan\/#primaryimage\",\"url\":\"https:\/\/www.transtoyou.com\/da\/wp-content\/uploads\/sites\/6\/2026\/01\/tty-no-product-image-140.webp\",\"contentUrl\":\"https:\/\/www.transtoyou.com\/da\/wp-content\/uploads\/sites\/6\/2026\/01\/tty-no-product-image-140.webp\",\"width\":1000,\"height\":1000,\"caption\":\"Standard produktbillede\"},{\"@type\":\"WebSite\",\"@id\":\"https:\/\/www.transtoyou.com\/da\/#website\",\"url\":\"https:\/\/www.transtoyou.com\/da\/\",\"name\":\"Transtoyou - DA\",\"description\":\"\",\"publisher\":{\"@id\":\"https:\/\/www.transtoyou.com\/da\/#organization\"},\"potentialAction\":[{\"@type\":\"SearchAction\",\"target\":{\"@type\":\"EntryPoint\",\"urlTemplate\":\"https:\/\/www.transtoyou.com\/da\/?s={search_term_string}\"},\"query-input\":{\"@type\":\"PropertyValueSpecification\",\"valueRequired\":true,\"valueName\":\"search_term_string\"}}],\"inLanguage\":\"da-DK\"},{\"@type\":\"Organization\",\"@id\":\"https:\/\/www.transtoyou.com\/da\/#organization\",\"name\":\"Transtoyou - DA\",\"url\":\"https:\/\/www.transtoyou.com\/da\/\",\"logo\":{\"@type\":\"ImageObject\",\"inLanguage\":\"da-DK\",\"@id\":\"https:\/\/www.transtoyou.com\/da\/#\/schema\/logo\/image\/\",\"url\":\"https:\/\/www.transtoyou.com\/da\/wp-content\/uploads\/sites\/6\/2026\/01\/logo-tty-menu-bar-300x87-1.webp\",\"contentUrl\":\"https:\/\/www.transtoyou.com\/da\/wp-content\/uploads\/sites\/6\/2026\/01\/logo-tty-menu-bar-300x87-1.webp\",\"width\":300,\"height\":87,\"caption\":\"Transtoyou - DA\"},\"image\":{\"@id\":\"https:\/\/www.transtoyou.com\/da\/#\/schema\/logo\/image\/\"}}]}<\/script>\n<!-- \/ Yoast SEO plugin. -->","yoast_head_json":{"title":"Nystan | Effektiv Antifungal Behandling - Transtoyou","description":"Nystan behandler Candida-infektioner som mundsvamp og vaginal svamp. F\u00e5 effektiv lindring og lokal behandling. Tilg\u00e6ngelig hos Transtoyou.","robots":{"index":"noindex","follow":"follow","max-snippet":"max-snippet:-1","max-image-preview":"max-image-preview:large","max-video-preview":"max-video-preview:-1"},"og_locale":"da_DK","og_type":"article","og_title":"Nystan | Effektiv Antifungal Behandling - Transtoyou","og_description":"Nystan behandler Candida-infektioner som mundsvamp og vaginal svamp. F\u00e5 effektiv lindring og lokal behandling. Tilg\u00e6ngelig hos Transtoyou.","og_url":"https:\/\/www.transtoyou.com\/da\/product\/nystan\/","og_site_name":"Transtoyou - DA","article_modified_time":"2026-02-28T11:33:31+00:00","twitter_card":"summary_large_image","twitter_misc":{"Estimeret l\u00e6setid":"1 minut"},"schema":{"@context":"https:\/\/schema.org","@graph":[{"@type":"WebPage","@id":"https:\/\/www.transtoyou.com\/da\/product\/nystan\/","url":"https:\/\/www.transtoyou.com\/da\/product\/nystan\/","name":"Nystan | Effektiv Antifungal Behandling - Transtoyou","isPartOf":{"@id":"https:\/\/www.transtoyou.com\/da\/#website"},"primaryImageOfPage":{"@id":"https:\/\/www.transtoyou.com\/da\/product\/nystan\/#primaryimage"},"image":{"@id":"https:\/\/www.transtoyou.com\/da\/product\/nystan\/#primaryimage"},"thumbnailUrl":"https:\/\/www.transtoyou.com\/da\/wp-content\/uploads\/sites\/6\/2026\/01\/tty-no-product-image-140.webp","datePublished":"2026-01-25T03:23:06+00:00","dateModified":"2026-02-28T11:33:31+00:00","description":"Nystan behandler Candida-infektioner som mundsvamp og vaginal svamp. F\u00e5 effektiv lindring og lokal behandling. Tilg\u00e6ngelig hos Transtoyou.","breadcrumb":{"@id":"https:\/\/www.transtoyou.com\/da\/product\/nystan\/#breadcrumb"},"inLanguage":"da-DK","potentialAction":[{"@type":"ReadAction","target":["https:\/\/www.transtoyou.com\/da\/product\/nystan\/"]}]},{"@type":"ImageObject","inLanguage":"da-DK","@id":"https:\/\/www.transtoyou.com\/da\/product\/nystan\/#primaryimage","url":"https:\/\/www.transtoyou.com\/da\/wp-content\/uploads\/sites\/6\/2026\/01\/tty-no-product-image-140.webp","contentUrl":"https:\/\/www.transtoyou.com\/da\/wp-content\/uploads\/sites\/6\/2026\/01\/tty-no-product-image-140.webp","width":1000,"height":1000,"caption":"Standard produktbillede"},{"@type":"WebSite","@id":"https:\/\/www.transtoyou.com\/da\/#website","url":"https:\/\/www.transtoyou.com\/da\/","name":"Transtoyou - DA","description":"","publisher":{"@id":"https:\/\/www.transtoyou.com\/da\/#organization"},"potentialAction":[{"@type":"SearchAction","target":{"@type":"EntryPoint","urlTemplate":"https:\/\/www.transtoyou.com\/da\/?s={search_term_string}"},"query-input":{"@type":"PropertyValueSpecification","valueRequired":true,"valueName":"search_term_string"}}],"inLanguage":"da-DK"},{"@type":"Organization","@id":"https:\/\/www.transtoyou.com\/da\/#organization","name":"Transtoyou - DA","url":"https:\/\/www.transtoyou.com\/da\/","logo":{"@type":"ImageObject","inLanguage":"da-DK","@id":"https:\/\/www.transtoyou.com\/da\/#\/schema\/logo\/image\/","url":"https:\/\/www.transtoyou.com\/da\/wp-content\/uploads\/sites\/6\/2026\/01\/logo-tty-menu-bar-300x87-1.webp","contentUrl":"https:\/\/www.transtoyou.com\/da\/wp-content\/uploads\/sites\/6\/2026\/01\/logo-tty-menu-bar-300x87-1.webp","width":300,"height":87,"caption":"Transtoyou - DA"},"image":{"@id":"https:\/\/www.transtoyou.com\/da\/#\/schema\/logo\/image\/"}}]}},"_links":{"self":[{"href":"https:\/\/www.transtoyou.com\/da\/wp-json\/wp\/v2\/product\/1179","targetHints":{"allow":["GET"]}}],"collection":[{"href":"https:\/\/www.transtoyou.com\/da\/wp-json\/wp\/v2\/product"}],"about":[{"href":"https:\/\/www.transtoyou.com\/da\/wp-json\/wp\/v2\/types\/product"}],"replies":[{"embeddable":true,"href":"https:\/\/www.transtoyou.com\/da\/wp-json\/wp\/v2\/comments?post=1179"}],"wp:featuredmedia":[{"embeddable":true,"href":"https:\/\/www.transtoyou.com\/da\/wp-json\/wp\/v2\/media\/1181"}],"wp:attachment":[{"href":"https:\/\/www.transtoyou.com\/da\/wp-json\/wp\/v2\/media?parent=1179"}],"wp:term":[{"taxonomy":"product_brand","embeddable":true,"href":"https:\/\/www.transtoyou.com\/da\/wp-json\/wp\/v2\/product_brand?post=1179"},{"taxonomy":"product_cat","embeddable":true,"href":"https:\/\/www.transtoyou.com\/da\/wp-json\/wp\/v2\/product_cat?post=1179"},{"taxonomy":"product_tag","embeddable":true,"href":"https:\/\/www.transtoyou.com\/da\/wp-json\/wp\/v2\/product_tag?post=1179"},{"taxonomy":"expert","embeddable":true,"href":"https:\/\/www.transtoyou.com\/da\/wp-json\/wp\/v2\/expert?post=1179"}],"curies":[{"name":"wp","href":"https:\/\/api.w.org\/{rel}","templated":true}]}}