{"id":1185,"date":"2026-01-25T05:56:47","date_gmt":"2026-01-25T03:56:47","guid":{"rendered":"https:\/\/www.transtoyou.com\/da\/product\/nitrofurantoin\/"},"modified":"2026-02-28T13:07:55","modified_gmt":"2026-02-28T11:07:55","slug":"nitrofurantoin","status":"publish","type":"product","link":"https:\/\/www.transtoyou.com\/da\/product\/nitrofurantoin\/","title":{"rendered":"Nitrofurantoin"},"content":{"rendered":"<p>Nitrofurantoin er et antibiotikum, der ofte ordineres til behandling og forebyggelse af urinvejsinfektioner (UVI), is\u00e6r dem der p\u00e5virker bl\u00e6ren. Det er s\u00e6rligt effektivt mod de bakterier, der oftest for\u00e5rsager lavere urinvejsinfektioner, s\u00e5som Escherichia coli (E. coli), og det anvendes bredt til ukompliceret bl\u00e6rebet\u00e6ndelse hos kvinder.<\/p>\n<p>Nitrofurantoin virker ved at tr\u00e6nge ind i urinen og m\u00e5lrette bakterier i urinvejen direkte. Det forstyrrer bakteriel metabolisme og skader bakterielt DNA, hvilket stopper infektionen fra at sprede sig og g\u00f8r det muligt for kroppen at fjerne den mere effektivt. Fordi l\u00e6gemidlet koncentreres i urinen, er det is\u00e6r velegnet til infektioner, der er begr\u00e6nset til de nedre urinveje.<\/p>\n<p>Det tages typisk som en kort behandling med tabletter, normalt over tre til syv dage. I nogle tilf\u00e6lde kan nitrofurantoin ogs\u00e5 anvendes i lave doser som en langsigtet forebyggende foranstaltning for personer, der oplever tilbagevendende UVI&#8217;er.<\/p>\n<p>Symptomer som br\u00e6ndende fornemmelse under vandladning, hyppige trang til at urinere og ubehag i den nedre del af maven begynder ofte at forbedre sig inden for et par dage efter, at medicinen er startet. For at sikre fuld bedring og forhindre resistens er det vigtigt at fuldf\u00f8re den ordinerede behandling, selvom symptomerne forsvinder tidligt.<\/p>\n<p>Nitrofurantoin tolereres generelt godt, med milde bivirkninger som kvalme, hovedpine eller \u00e6ndringer i urinens farve som de mest almindelige. Alvorlige bivirkninger er sj\u00e6ldne, men kan forekomme hos personer med nyreproblemer eller dem, der tager l\u00e6gemidlet i l\u00e6ngere perioder.<\/p>\n<p>Det er ikke egnet for alle, is\u00e6r ikke for dem med nedsat nyrefunktion eller i de senere stadier af graviditeten.<\/p>\n","protected":false},"excerpt":{"rendered":"<ul>\n<li>Effektive behandlinger af urinvejsinfektioner<\/li>\n<li>Lav risiko for resistens<\/li>\n<li>M\u00e5lrettet virkning med minimale bivirkninger<\/li>\n<\/ul>\n","protected":false},"featured_media":1187,"comment_status":"open","ping_status":"closed","template":"","meta":[],"product_brand":[],"product_cat":[86],"product_tag":[],"expert":[18],"class_list":{"0":"post-1185","1":"product","2":"type-product","3":"status-publish","4":"has-post-thumbnail","6":"product_cat-blaere-og-urinvejsinfektioner","7":"expert-dr-g-varbanov","9":"first","10":"instock","11":"shipping-taxable","12":"product-type-variable"},"yoast_head":"<!-- This site is optimized with the Yoast SEO plugin v27.0 - https:\/\/yoast.com\/product\/yoast-seo-wordpress\/ -->\n<title>Nitrofurantoin | Effektiv antibiotisk l\u00f8sning mod UVI - Transtoyou<\/title>\n<meta name=\"description\" content=\"Opdag Nitrofurantoin til effektiv behandling af urinvejsinfektioner. Bek\u00e6mp bakterier direkte i urinvejen. F\u00e5s hos Transtoyou i dag.\" \/>\n<meta name=\"robots\" content=\"noindex, follow, max-snippet:-1, max-image-preview:large, max-video-preview:-1\" \/>\n<meta property=\"og:locale\" content=\"da_DK\" \/>\n<meta property=\"og:type\" content=\"article\" \/>\n<meta property=\"og:title\" content=\"Nitrofurantoin | Effektiv antibiotisk l\u00f8sning mod UVI - Transtoyou\" \/>\n<meta property=\"og:description\" content=\"Opdag Nitrofurantoin til effektiv behandling af urinvejsinfektioner. Bek\u00e6mp bakterier direkte i urinvejen. F\u00e5s hos Transtoyou i dag.\" \/>\n<meta property=\"og:url\" content=\"https:\/\/www.transtoyou.com\/da\/product\/nitrofurantoin\/\" \/>\n<meta property=\"og:site_name\" content=\"Transtoyou - DA\" \/>\n<meta property=\"article:modified_time\" content=\"2026-02-28T11:07:55+00:00\" \/>\n<meta name=\"twitter:card\" content=\"summary_large_image\" \/>\n<meta name=\"twitter:label1\" content=\"Estimeret l\u00e6setid\" \/>\n\t<meta name=\"twitter:data1\" content=\"1 minut\" \/>\n<script type=\"application\/ld+json\" class=\"yoast-schema-graph\">{\"@context\":\"https:\/\/schema.org\",\"@graph\":[{\"@type\":\"WebPage\",\"@id\":\"https:\/\/www.transtoyou.com\/da\/product\/nitrofurantoin\/\",\"url\":\"https:\/\/www.transtoyou.com\/da\/product\/nitrofurantoin\/\",\"name\":\"Nitrofurantoin | Effektiv antibiotisk l\u00f8sning mod UVI - Transtoyou\",\"isPartOf\":{\"@id\":\"https:\/\/www.transtoyou.com\/da\/#website\"},\"primaryImageOfPage\":{\"@id\":\"https:\/\/www.transtoyou.com\/da\/product\/nitrofurantoin\/#primaryimage\"},\"image\":{\"@id\":\"https:\/\/www.transtoyou.com\/da\/product\/nitrofurantoin\/#primaryimage\"},\"thumbnailUrl\":\"https:\/\/www.transtoyou.com\/da\/wp-content\/uploads\/sites\/6\/2026\/01\/tty-no-product-image-142.webp\",\"datePublished\":\"2026-01-25T03:56:47+00:00\",\"dateModified\":\"2026-02-28T11:07:55+00:00\",\"description\":\"Opdag Nitrofurantoin til effektiv behandling af urinvejsinfektioner. Bek\u00e6mp bakterier direkte i urinvejen. F\u00e5s hos Transtoyou i dag.\",\"breadcrumb\":{\"@id\":\"https:\/\/www.transtoyou.com\/da\/product\/nitrofurantoin\/#breadcrumb\"},\"inLanguage\":\"da-DK\",\"potentialAction\":[{\"@type\":\"ReadAction\",\"target\":[\"https:\/\/www.transtoyou.com\/da\/product\/nitrofurantoin\/\"]}]},{\"@type\":\"ImageObject\",\"inLanguage\":\"da-DK\",\"@id\":\"https:\/\/www.transtoyou.com\/da\/product\/nitrofurantoin\/#primaryimage\",\"url\":\"https:\/\/www.transtoyou.com\/da\/wp-content\/uploads\/sites\/6\/2026\/01\/tty-no-product-image-142.webp\",\"contentUrl\":\"https:\/\/www.transtoyou.com\/da\/wp-content\/uploads\/sites\/6\/2026\/01\/tty-no-product-image-142.webp\",\"width\":1000,\"height\":1000,\"caption\":\"Standard produktbillede\"},{\"@type\":\"WebSite\",\"@id\":\"https:\/\/www.transtoyou.com\/da\/#website\",\"url\":\"https:\/\/www.transtoyou.com\/da\/\",\"name\":\"Transtoyou - DA\",\"description\":\"\",\"publisher\":{\"@id\":\"https:\/\/www.transtoyou.com\/da\/#organization\"},\"potentialAction\":[{\"@type\":\"SearchAction\",\"target\":{\"@type\":\"EntryPoint\",\"urlTemplate\":\"https:\/\/www.transtoyou.com\/da\/?s={search_term_string}\"},\"query-input\":{\"@type\":\"PropertyValueSpecification\",\"valueRequired\":true,\"valueName\":\"search_term_string\"}}],\"inLanguage\":\"da-DK\"},{\"@type\":\"Organization\",\"@id\":\"https:\/\/www.transtoyou.com\/da\/#organization\",\"name\":\"Transtoyou - DA\",\"url\":\"https:\/\/www.transtoyou.com\/da\/\",\"logo\":{\"@type\":\"ImageObject\",\"inLanguage\":\"da-DK\",\"@id\":\"https:\/\/www.transtoyou.com\/da\/#\/schema\/logo\/image\/\",\"url\":\"https:\/\/www.transtoyou.com\/da\/wp-content\/uploads\/sites\/6\/2026\/01\/logo-tty-menu-bar-300x87-1.webp\",\"contentUrl\":\"https:\/\/www.transtoyou.com\/da\/wp-content\/uploads\/sites\/6\/2026\/01\/logo-tty-menu-bar-300x87-1.webp\",\"width\":300,\"height\":87,\"caption\":\"Transtoyou - DA\"},\"image\":{\"@id\":\"https:\/\/www.transtoyou.com\/da\/#\/schema\/logo\/image\/\"}}]}<\/script>\n<!-- \/ Yoast SEO plugin. -->","yoast_head_json":{"title":"Nitrofurantoin | Effektiv antibiotisk l\u00f8sning mod UVI - Transtoyou","description":"Opdag Nitrofurantoin til effektiv behandling af urinvejsinfektioner. Bek\u00e6mp bakterier direkte i urinvejen. F\u00e5s hos Transtoyou i dag.","robots":{"index":"noindex","follow":"follow","max-snippet":"max-snippet:-1","max-image-preview":"max-image-preview:large","max-video-preview":"max-video-preview:-1"},"og_locale":"da_DK","og_type":"article","og_title":"Nitrofurantoin | Effektiv antibiotisk l\u00f8sning mod UVI - Transtoyou","og_description":"Opdag Nitrofurantoin til effektiv behandling af urinvejsinfektioner. Bek\u00e6mp bakterier direkte i urinvejen. F\u00e5s hos Transtoyou i dag.","og_url":"https:\/\/www.transtoyou.com\/da\/product\/nitrofurantoin\/","og_site_name":"Transtoyou - DA","article_modified_time":"2026-02-28T11:07:55+00:00","twitter_card":"summary_large_image","twitter_misc":{"Estimeret l\u00e6setid":"1 minut"},"schema":{"@context":"https:\/\/schema.org","@graph":[{"@type":"WebPage","@id":"https:\/\/www.transtoyou.com\/da\/product\/nitrofurantoin\/","url":"https:\/\/www.transtoyou.com\/da\/product\/nitrofurantoin\/","name":"Nitrofurantoin | Effektiv antibiotisk l\u00f8sning mod UVI - Transtoyou","isPartOf":{"@id":"https:\/\/www.transtoyou.com\/da\/#website"},"primaryImageOfPage":{"@id":"https:\/\/www.transtoyou.com\/da\/product\/nitrofurantoin\/#primaryimage"},"image":{"@id":"https:\/\/www.transtoyou.com\/da\/product\/nitrofurantoin\/#primaryimage"},"thumbnailUrl":"https:\/\/www.transtoyou.com\/da\/wp-content\/uploads\/sites\/6\/2026\/01\/tty-no-product-image-142.webp","datePublished":"2026-01-25T03:56:47+00:00","dateModified":"2026-02-28T11:07:55+00:00","description":"Opdag Nitrofurantoin til effektiv behandling af urinvejsinfektioner. Bek\u00e6mp bakterier direkte i urinvejen. F\u00e5s hos Transtoyou i dag.","breadcrumb":{"@id":"https:\/\/www.transtoyou.com\/da\/product\/nitrofurantoin\/#breadcrumb"},"inLanguage":"da-DK","potentialAction":[{"@type":"ReadAction","target":["https:\/\/www.transtoyou.com\/da\/product\/nitrofurantoin\/"]}]},{"@type":"ImageObject","inLanguage":"da-DK","@id":"https:\/\/www.transtoyou.com\/da\/product\/nitrofurantoin\/#primaryimage","url":"https:\/\/www.transtoyou.com\/da\/wp-content\/uploads\/sites\/6\/2026\/01\/tty-no-product-image-142.webp","contentUrl":"https:\/\/www.transtoyou.com\/da\/wp-content\/uploads\/sites\/6\/2026\/01\/tty-no-product-image-142.webp","width":1000,"height":1000,"caption":"Standard produktbillede"},{"@type":"WebSite","@id":"https:\/\/www.transtoyou.com\/da\/#website","url":"https:\/\/www.transtoyou.com\/da\/","name":"Transtoyou - DA","description":"","publisher":{"@id":"https:\/\/www.transtoyou.com\/da\/#organization"},"potentialAction":[{"@type":"SearchAction","target":{"@type":"EntryPoint","urlTemplate":"https:\/\/www.transtoyou.com\/da\/?s={search_term_string}"},"query-input":{"@type":"PropertyValueSpecification","valueRequired":true,"valueName":"search_term_string"}}],"inLanguage":"da-DK"},{"@type":"Organization","@id":"https:\/\/www.transtoyou.com\/da\/#organization","name":"Transtoyou - DA","url":"https:\/\/www.transtoyou.com\/da\/","logo":{"@type":"ImageObject","inLanguage":"da-DK","@id":"https:\/\/www.transtoyou.com\/da\/#\/schema\/logo\/image\/","url":"https:\/\/www.transtoyou.com\/da\/wp-content\/uploads\/sites\/6\/2026\/01\/logo-tty-menu-bar-300x87-1.webp","contentUrl":"https:\/\/www.transtoyou.com\/da\/wp-content\/uploads\/sites\/6\/2026\/01\/logo-tty-menu-bar-300x87-1.webp","width":300,"height":87,"caption":"Transtoyou - DA"},"image":{"@id":"https:\/\/www.transtoyou.com\/da\/#\/schema\/logo\/image\/"}}]}},"_links":{"self":[{"href":"https:\/\/www.transtoyou.com\/da\/wp-json\/wp\/v2\/product\/1185","targetHints":{"allow":["GET"]}}],"collection":[{"href":"https:\/\/www.transtoyou.com\/da\/wp-json\/wp\/v2\/product"}],"about":[{"href":"https:\/\/www.transtoyou.com\/da\/wp-json\/wp\/v2\/types\/product"}],"replies":[{"embeddable":true,"href":"https:\/\/www.transtoyou.com\/da\/wp-json\/wp\/v2\/comments?post=1185"}],"wp:featuredmedia":[{"embeddable":true,"href":"https:\/\/www.transtoyou.com\/da\/wp-json\/wp\/v2\/media\/1187"}],"wp:attachment":[{"href":"https:\/\/www.transtoyou.com\/da\/wp-json\/wp\/v2\/media?parent=1185"}],"wp:term":[{"taxonomy":"product_brand","embeddable":true,"href":"https:\/\/www.transtoyou.com\/da\/wp-json\/wp\/v2\/product_brand?post=1185"},{"taxonomy":"product_cat","embeddable":true,"href":"https:\/\/www.transtoyou.com\/da\/wp-json\/wp\/v2\/product_cat?post=1185"},{"taxonomy":"product_tag","embeddable":true,"href":"https:\/\/www.transtoyou.com\/da\/wp-json\/wp\/v2\/product_tag?post=1185"},{"taxonomy":"expert","embeddable":true,"href":"https:\/\/www.transtoyou.com\/da\/wp-json\/wp\/v2\/expert?post=1185"}],"curies":[{"name":"wp","href":"https:\/\/api.w.org\/{rel}","templated":true}]}}