{"id":1191,"date":"2026-01-25T06:32:39","date_gmt":"2026-01-25T04:32:39","guid":{"rendered":"https:\/\/www.transtoyou.com\/da\/product\/fosfomycin\/"},"modified":"2026-01-25T06:33:40","modified_gmt":"2026-01-25T04:33:40","slug":"fosfomycin","status":"publish","type":"product","link":"https:\/\/www.transtoyou.com\/da\/product\/fosfomycin\/","title":{"rendered":"Fosfomycin"},"content":{"rendered":"<p>Fosfomycin er et antibiotikum, der bruges til at behandle ukomplicerede urinvejsinfektioner (UVI), is\u00e6r dem der p\u00e5virker bl\u00e6ren. Det ordineres ofte som en engangsbehandling, hvilket g\u00f8r det til en praktisk og effektiv mulighed for at h\u00e5ndtere lavere urinvejsinfektioner for\u00e5rsaget af f\u00f8lsomme bakterier, s\u00e5som Escherichia coli.<\/p>\n<p>Fosfomycin virker ved at forstyrre den bakterielle cellev\u00e6g, hvilket i sidste ende stopper v\u00e6ksten og spredningen af de bakterier, der er ansvarlige for infektionen. Denne handling hj\u00e6lper med at lindre almindelige UVI-symptomer som smertefuld vandladning, hyppige trang til at urinere, ubehag i den nedre mave og uklar eller st\u00e6rkt lugtende urin.<\/p>\n<p>En af de mest almindelige former for fosfomycin er en pose med granuler, der opl\u00f8ses i vand og tages som en engangs oral dosis. Denne engangsbehandling er is\u00e6r tiltalende for patienter, der s\u00f8ger en enkel og hurtigvirkende mulighed uden behov for et fler-dages antibiotikakursus. Inden for timer efter indtagelse af dosen begynder mange patienter at bem\u00e6rke symptomlindring.<\/p>\n<p>Fosfomycin anbefales ofte, n\u00e5r f\u00f8rstelinjeantibiotika ikke er egnede, eller n\u00e5r der mist\u00e6nkes eller bekr\u00e6ftes resistens over for andre medikamenter. Bivirkninger er normalt milde og kortvarige. De kan omfatte hovedpine, kvalme, diarr\u00e9 eller vaginal irritation.<\/p>\n","protected":false},"excerpt":{"rendered":"<ul>\n<li>Ukomplicerede urinvejsinfektioner (f.eks. bl\u00e6rebet\u00e6ndelse)<\/li>\n<li>Komplekse urinvejsinfektioner, herunder akut pyelonefritis<\/li>\n<li>Profylakse mod urinvejsinfektioner f\u00f8r kirurgiske indgreb<\/li>\n<\/ul>\n","protected":false},"featured_media":1193,"comment_status":"open","ping_status":"closed","template":"","meta":[],"product_brand":[],"product_cat":[79,86],"product_tag":[],"expert":[18],"class_list":{"0":"post-1191","1":"product","2":"type-product","3":"status-publish","4":"has-post-thumbnail","6":"product_cat-antibiotika-infektion","7":"product_cat-blaere-og-urinvejsinfektioner","8":"expert-dr-g-varbanov","10":"first","11":"instock","12":"shipping-taxable","13":"product-type-variable"},"yoast_head":"<!-- This site is optimized with the Yoast SEO plugin v27.0 - https:\/\/yoast.com\/product\/yoast-seo-wordpress\/ -->\n<title>Fosfomycin | Effektiv lindring af UVI - Transtoyou<\/title>\n<meta name=\"description\" content=\"Fosfomycin til UVI&#039;er, tilg\u00e6ngelig hos Transtoyou. Praktisk engangs antibiotikabehandling. K\u00f8b nu for effektiv lindring af UVI-symptomer.\" \/>\n<meta name=\"robots\" content=\"noindex, follow, max-snippet:-1, max-image-preview:large, max-video-preview:-1\" \/>\n<meta property=\"og:locale\" content=\"da_DK\" \/>\n<meta property=\"og:type\" content=\"article\" \/>\n<meta property=\"og:title\" content=\"Fosfomycin | Effektiv lindring af UVI - Transtoyou\" \/>\n<meta property=\"og:description\" content=\"Fosfomycin til UVI&#039;er, tilg\u00e6ngelig hos Transtoyou. Praktisk engangs antibiotikabehandling. K\u00f8b nu for effektiv lindring af UVI-symptomer.\" \/>\n<meta property=\"og:url\" content=\"https:\/\/www.transtoyou.com\/da\/product\/fosfomycin\/\" \/>\n<meta property=\"og:site_name\" content=\"Transtoyou - DA\" \/>\n<meta property=\"article:modified_time\" content=\"2026-01-25T04:33:40+00:00\" \/>\n<meta name=\"twitter:card\" content=\"summary_large_image\" \/>\n<meta name=\"twitter:label1\" content=\"Estimeret l\u00e6setid\" \/>\n\t<meta name=\"twitter:data1\" content=\"1 minut\" \/>\n<script type=\"application\/ld+json\" class=\"yoast-schema-graph\">{\"@context\":\"https:\/\/schema.org\",\"@graph\":[{\"@type\":\"WebPage\",\"@id\":\"https:\/\/www.transtoyou.com\/da\/product\/fosfomycin\/\",\"url\":\"https:\/\/www.transtoyou.com\/da\/product\/fosfomycin\/\",\"name\":\"Fosfomycin | Effektiv lindring af UVI - Transtoyou\",\"isPartOf\":{\"@id\":\"https:\/\/www.transtoyou.com\/da\/#website\"},\"primaryImageOfPage\":{\"@id\":\"https:\/\/www.transtoyou.com\/da\/product\/fosfomycin\/#primaryimage\"},\"image\":{\"@id\":\"https:\/\/www.transtoyou.com\/da\/product\/fosfomycin\/#primaryimage\"},\"thumbnailUrl\":\"https:\/\/www.transtoyou.com\/da\/wp-content\/uploads\/sites\/6\/2026\/01\/tty-no-product-image-144.webp\",\"datePublished\":\"2026-01-25T04:32:39+00:00\",\"dateModified\":\"2026-01-25T04:33:40+00:00\",\"description\":\"Fosfomycin til UVI'er, tilg\u00e6ngelig hos Transtoyou. Praktisk engangs antibiotikabehandling. K\u00f8b nu for effektiv lindring af UVI-symptomer.\",\"breadcrumb\":{\"@id\":\"https:\/\/www.transtoyou.com\/da\/product\/fosfomycin\/#breadcrumb\"},\"inLanguage\":\"da-DK\",\"potentialAction\":[{\"@type\":\"ReadAction\",\"target\":[\"https:\/\/www.transtoyou.com\/da\/product\/fosfomycin\/\"]}]},{\"@type\":\"ImageObject\",\"inLanguage\":\"da-DK\",\"@id\":\"https:\/\/www.transtoyou.com\/da\/product\/fosfomycin\/#primaryimage\",\"url\":\"https:\/\/www.transtoyou.com\/da\/wp-content\/uploads\/sites\/6\/2026\/01\/tty-no-product-image-144.webp\",\"contentUrl\":\"https:\/\/www.transtoyou.com\/da\/wp-content\/uploads\/sites\/6\/2026\/01\/tty-no-product-image-144.webp\",\"width\":1000,\"height\":1000,\"caption\":\"Standard produktbillede\"},{\"@type\":\"WebSite\",\"@id\":\"https:\/\/www.transtoyou.com\/da\/#website\",\"url\":\"https:\/\/www.transtoyou.com\/da\/\",\"name\":\"Transtoyou - DA\",\"description\":\"\",\"publisher\":{\"@id\":\"https:\/\/www.transtoyou.com\/da\/#organization\"},\"potentialAction\":[{\"@type\":\"SearchAction\",\"target\":{\"@type\":\"EntryPoint\",\"urlTemplate\":\"https:\/\/www.transtoyou.com\/da\/?s={search_term_string}\"},\"query-input\":{\"@type\":\"PropertyValueSpecification\",\"valueRequired\":true,\"valueName\":\"search_term_string\"}}],\"inLanguage\":\"da-DK\"},{\"@type\":\"Organization\",\"@id\":\"https:\/\/www.transtoyou.com\/da\/#organization\",\"name\":\"Transtoyou - DA\",\"url\":\"https:\/\/www.transtoyou.com\/da\/\",\"logo\":{\"@type\":\"ImageObject\",\"inLanguage\":\"da-DK\",\"@id\":\"https:\/\/www.transtoyou.com\/da\/#\/schema\/logo\/image\/\",\"url\":\"https:\/\/www.transtoyou.com\/da\/wp-content\/uploads\/sites\/6\/2026\/01\/logo-tty-menu-bar-300x87-1.webp\",\"contentUrl\":\"https:\/\/www.transtoyou.com\/da\/wp-content\/uploads\/sites\/6\/2026\/01\/logo-tty-menu-bar-300x87-1.webp\",\"width\":300,\"height\":87,\"caption\":\"Transtoyou - DA\"},\"image\":{\"@id\":\"https:\/\/www.transtoyou.com\/da\/#\/schema\/logo\/image\/\"}}]}<\/script>\n<!-- \/ Yoast SEO plugin. -->","yoast_head_json":{"title":"Fosfomycin | Effektiv lindring af UVI - Transtoyou","description":"Fosfomycin til UVI'er, tilg\u00e6ngelig hos Transtoyou. Praktisk engangs antibiotikabehandling. K\u00f8b nu for effektiv lindring af UVI-symptomer.","robots":{"index":"noindex","follow":"follow","max-snippet":"max-snippet:-1","max-image-preview":"max-image-preview:large","max-video-preview":"max-video-preview:-1"},"og_locale":"da_DK","og_type":"article","og_title":"Fosfomycin | Effektiv lindring af UVI - Transtoyou","og_description":"Fosfomycin til UVI'er, tilg\u00e6ngelig hos Transtoyou. Praktisk engangs antibiotikabehandling. K\u00f8b nu for effektiv lindring af UVI-symptomer.","og_url":"https:\/\/www.transtoyou.com\/da\/product\/fosfomycin\/","og_site_name":"Transtoyou - DA","article_modified_time":"2026-01-25T04:33:40+00:00","twitter_card":"summary_large_image","twitter_misc":{"Estimeret l\u00e6setid":"1 minut"},"schema":{"@context":"https:\/\/schema.org","@graph":[{"@type":"WebPage","@id":"https:\/\/www.transtoyou.com\/da\/product\/fosfomycin\/","url":"https:\/\/www.transtoyou.com\/da\/product\/fosfomycin\/","name":"Fosfomycin | Effektiv lindring af UVI - Transtoyou","isPartOf":{"@id":"https:\/\/www.transtoyou.com\/da\/#website"},"primaryImageOfPage":{"@id":"https:\/\/www.transtoyou.com\/da\/product\/fosfomycin\/#primaryimage"},"image":{"@id":"https:\/\/www.transtoyou.com\/da\/product\/fosfomycin\/#primaryimage"},"thumbnailUrl":"https:\/\/www.transtoyou.com\/da\/wp-content\/uploads\/sites\/6\/2026\/01\/tty-no-product-image-144.webp","datePublished":"2026-01-25T04:32:39+00:00","dateModified":"2026-01-25T04:33:40+00:00","description":"Fosfomycin til UVI'er, tilg\u00e6ngelig hos Transtoyou. Praktisk engangs antibiotikabehandling. K\u00f8b nu for effektiv lindring af UVI-symptomer.","breadcrumb":{"@id":"https:\/\/www.transtoyou.com\/da\/product\/fosfomycin\/#breadcrumb"},"inLanguage":"da-DK","potentialAction":[{"@type":"ReadAction","target":["https:\/\/www.transtoyou.com\/da\/product\/fosfomycin\/"]}]},{"@type":"ImageObject","inLanguage":"da-DK","@id":"https:\/\/www.transtoyou.com\/da\/product\/fosfomycin\/#primaryimage","url":"https:\/\/www.transtoyou.com\/da\/wp-content\/uploads\/sites\/6\/2026\/01\/tty-no-product-image-144.webp","contentUrl":"https:\/\/www.transtoyou.com\/da\/wp-content\/uploads\/sites\/6\/2026\/01\/tty-no-product-image-144.webp","width":1000,"height":1000,"caption":"Standard produktbillede"},{"@type":"WebSite","@id":"https:\/\/www.transtoyou.com\/da\/#website","url":"https:\/\/www.transtoyou.com\/da\/","name":"Transtoyou - DA","description":"","publisher":{"@id":"https:\/\/www.transtoyou.com\/da\/#organization"},"potentialAction":[{"@type":"SearchAction","target":{"@type":"EntryPoint","urlTemplate":"https:\/\/www.transtoyou.com\/da\/?s={search_term_string}"},"query-input":{"@type":"PropertyValueSpecification","valueRequired":true,"valueName":"search_term_string"}}],"inLanguage":"da-DK"},{"@type":"Organization","@id":"https:\/\/www.transtoyou.com\/da\/#organization","name":"Transtoyou - DA","url":"https:\/\/www.transtoyou.com\/da\/","logo":{"@type":"ImageObject","inLanguage":"da-DK","@id":"https:\/\/www.transtoyou.com\/da\/#\/schema\/logo\/image\/","url":"https:\/\/www.transtoyou.com\/da\/wp-content\/uploads\/sites\/6\/2026\/01\/logo-tty-menu-bar-300x87-1.webp","contentUrl":"https:\/\/www.transtoyou.com\/da\/wp-content\/uploads\/sites\/6\/2026\/01\/logo-tty-menu-bar-300x87-1.webp","width":300,"height":87,"caption":"Transtoyou - DA"},"image":{"@id":"https:\/\/www.transtoyou.com\/da\/#\/schema\/logo\/image\/"}}]}},"_links":{"self":[{"href":"https:\/\/www.transtoyou.com\/da\/wp-json\/wp\/v2\/product\/1191","targetHints":{"allow":["GET"]}}],"collection":[{"href":"https:\/\/www.transtoyou.com\/da\/wp-json\/wp\/v2\/product"}],"about":[{"href":"https:\/\/www.transtoyou.com\/da\/wp-json\/wp\/v2\/types\/product"}],"replies":[{"embeddable":true,"href":"https:\/\/www.transtoyou.com\/da\/wp-json\/wp\/v2\/comments?post=1191"}],"wp:featuredmedia":[{"embeddable":true,"href":"https:\/\/www.transtoyou.com\/da\/wp-json\/wp\/v2\/media\/1193"}],"wp:attachment":[{"href":"https:\/\/www.transtoyou.com\/da\/wp-json\/wp\/v2\/media?parent=1191"}],"wp:term":[{"taxonomy":"product_brand","embeddable":true,"href":"https:\/\/www.transtoyou.com\/da\/wp-json\/wp\/v2\/product_brand?post=1191"},{"taxonomy":"product_cat","embeddable":true,"href":"https:\/\/www.transtoyou.com\/da\/wp-json\/wp\/v2\/product_cat?post=1191"},{"taxonomy":"product_tag","embeddable":true,"href":"https:\/\/www.transtoyou.com\/da\/wp-json\/wp\/v2\/product_tag?post=1191"},{"taxonomy":"expert","embeddable":true,"href":"https:\/\/www.transtoyou.com\/da\/wp-json\/wp\/v2\/expert?post=1191"}],"curies":[{"name":"wp","href":"https:\/\/api.w.org\/{rel}","templated":true}]}}