{"id":1206,"date":"2026-01-25T08:02:58","date_gmt":"2026-01-25T06:02:58","guid":{"rendered":"https:\/\/www.transtoyou.com\/da\/product\/zithromax-azithromycin\/"},"modified":"2026-02-17T14:38:18","modified_gmt":"2026-02-17T12:38:18","slug":"zithromax-azithromycin","status":"publish","type":"product","link":"https:\/\/www.transtoyou.com\/da\/product\/zithromax-azithromycin\/","title":{"rendered":"Zithromax (Azithromycin)"},"content":{"rendered":"<p>Zithromax, som indeholder den aktive ingrediens azithromycin, er et bredspektret antibiotikum, der bruges til at behandle en r\u00e6kke bakterielle infektioner. Det er is\u00e6r effektivt til ukomplicerede seksuelt overf\u00f8rte infektioner (STI&#8217;er) som klamydia. Som et makrolid-antibiotikum virker Zithromax ved at h\u00e6mme bakteriernes evne til at vokse og reproducere, hvilket g\u00f8r det muligt for kroppen at eliminere infektionen mere effektivt.<\/p>\n<p>Til klamydia ordineres Zithromax ofte som en enkelt h\u00f8j-dosis behandling, hvilket g\u00f8r det til en bekvem og hurtigvirkende mulighed. De fleste oplever en forbedring af symptomerne inden for et par dage, selvom det er vigtigt at undg\u00e5 seksuel kontakt i en hel uge efter indtagelse af medicinen for at forhindre yderligere smitte.<\/p>\n<p>Zithromax blev tidligere brugt i kombinationsbehandling mod gonor\u00e9, ofte sammen med ceftriaxon. Dog anbefaler de seneste retningslinjer, s\u00e5som dem fra CDC, ikke l\u00e6ngere rutinem\u00e6ssig brug af azithromycin til gonor\u00e9 p\u00e5 grund af stigende antimikrobiel resistens.<\/p>\n<p>Udover STI&#8217;er anvendes Zithromax ogs\u00e5 bredt til infektioner i luftvejene, hudinfektioner og andre bakterielle tilstande, hvor en kort behandlingsforl\u00f8b er effektivt. Dets lange halveringstid muligg\u00f8r en daglig dosis og kortere behandlingsvarigheder sammenlignet med mange andre antibiotika.<\/p>\n<p>Zithromax tolereres generelt godt. Mulige bivirkninger inkluderer mild mavebesv\u00e6r, diarr\u00e9, kvalme eller hovedpine. Det er vigtigt at tage den fulde ordinerede dosis, selvom symptomerne forbedres tidligt, for at sikre, at infektionen er helt udryddet og for at reducere risikoen for resistens.<\/p>\n","protected":false},"excerpt":{"rendered":"<ul>\n<li>Bredspektret makrolidantibiotikum med flere anvendelser<\/li>\n<li>Kort, praktisk doseringsplan forbedrer behandlingsoverholdelse<\/li>\n<li>Effektiv mod almindelige luftvejsinfektioner og visse seksuelt overf\u00f8rte infektioner<\/li>\n<\/ul>\n","protected":false},"featured_media":1208,"comment_status":"open","ping_status":"closed","template":"","meta":[],"product_brand":[],"product_cat":[79,125,90],"product_tag":[],"expert":[21],"class_list":{"0":"post-1206","1":"product","2":"type-product","3":"status-publish","4":"has-post-thumbnail","6":"product_cat-antibiotika-infektion","7":"product_cat-gonore","8":"product_cat-klamydia","9":"expert-dr-m-sharoyko","11":"first","12":"instock","13":"shipping-taxable","14":"purchasable","15":"product-type-variable"},"yoast_head":"<!-- This site is optimized with the Yoast SEO plugin v27.0 - https:\/\/yoast.com\/product\/yoast-seo-wordpress\/ -->\n<title>Zithromax (Azithromycin) | Effektiv Lindring af Infektion - Transtoyou<\/title>\n<meta name=\"description\" content=\"Zithromax, et effektivt antibiotikum mod bakterielle infektioner som klamydia. Praktisk dosering. F\u00e5s hos Transtoyou. Udforsk fordelene i dag.\" \/>\n<meta name=\"robots\" content=\"noindex, follow, max-snippet:-1, max-image-preview:large, max-video-preview:-1\" \/>\n<meta property=\"og:locale\" content=\"da_DK\" \/>\n<meta property=\"og:type\" content=\"article\" \/>\n<meta property=\"og:title\" content=\"Zithromax (Azithromycin) | Effektiv Lindring af Infektion - Transtoyou\" \/>\n<meta property=\"og:description\" content=\"Zithromax, et effektivt antibiotikum mod bakterielle infektioner som klamydia. Praktisk dosering. F\u00e5s hos Transtoyou. Udforsk fordelene i dag.\" \/>\n<meta property=\"og:url\" content=\"https:\/\/www.transtoyou.com\/da\/product\/zithromax-azithromycin\/\" \/>\n<meta property=\"og:site_name\" content=\"Transtoyou - DA\" \/>\n<meta property=\"article:modified_time\" content=\"2026-02-17T12:38:18+00:00\" \/>\n<meta name=\"twitter:card\" content=\"summary_large_image\" \/>\n<meta name=\"twitter:label1\" content=\"Estimeret l\u00e6setid\" \/>\n\t<meta name=\"twitter:data1\" content=\"1 minut\" \/>\n<script type=\"application\/ld+json\" class=\"yoast-schema-graph\">{\"@context\":\"https:\/\/schema.org\",\"@graph\":[{\"@type\":\"WebPage\",\"@id\":\"https:\/\/www.transtoyou.com\/da\/product\/zithromax-azithromycin\/\",\"url\":\"https:\/\/www.transtoyou.com\/da\/product\/zithromax-azithromycin\/\",\"name\":\"Zithromax (Azithromycin) | Effektiv Lindring af Infektion - Transtoyou\",\"isPartOf\":{\"@id\":\"https:\/\/www.transtoyou.com\/da\/#website\"},\"primaryImageOfPage\":{\"@id\":\"https:\/\/www.transtoyou.com\/da\/product\/zithromax-azithromycin\/#primaryimage\"},\"image\":{\"@id\":\"https:\/\/www.transtoyou.com\/da\/product\/zithromax-azithromycin\/#primaryimage\"},\"thumbnailUrl\":\"https:\/\/www.transtoyou.com\/da\/wp-content\/uploads\/sites\/6\/2026\/01\/tty-no-product-image-149.webp\",\"datePublished\":\"2026-01-25T06:02:58+00:00\",\"dateModified\":\"2026-02-17T12:38:18+00:00\",\"description\":\"Zithromax, et effektivt antibiotikum mod bakterielle infektioner som klamydia. Praktisk dosering. F\u00e5s hos Transtoyou. Udforsk fordelene i dag.\",\"breadcrumb\":{\"@id\":\"https:\/\/www.transtoyou.com\/da\/product\/zithromax-azithromycin\/#breadcrumb\"},\"inLanguage\":\"da-DK\",\"potentialAction\":[{\"@type\":\"ReadAction\",\"target\":[\"https:\/\/www.transtoyou.com\/da\/product\/zithromax-azithromycin\/\"]}]},{\"@type\":\"ImageObject\",\"inLanguage\":\"da-DK\",\"@id\":\"https:\/\/www.transtoyou.com\/da\/product\/zithromax-azithromycin\/#primaryimage\",\"url\":\"https:\/\/www.transtoyou.com\/da\/wp-content\/uploads\/sites\/6\/2026\/01\/tty-no-product-image-149.webp\",\"contentUrl\":\"https:\/\/www.transtoyou.com\/da\/wp-content\/uploads\/sites\/6\/2026\/01\/tty-no-product-image-149.webp\",\"width\":1000,\"height\":1000,\"caption\":\"Standard produktbillede\"},{\"@type\":\"WebSite\",\"@id\":\"https:\/\/www.transtoyou.com\/da\/#website\",\"url\":\"https:\/\/www.transtoyou.com\/da\/\",\"name\":\"Transtoyou - DA\",\"description\":\"\",\"publisher\":{\"@id\":\"https:\/\/www.transtoyou.com\/da\/#organization\"},\"potentialAction\":[{\"@type\":\"SearchAction\",\"target\":{\"@type\":\"EntryPoint\",\"urlTemplate\":\"https:\/\/www.transtoyou.com\/da\/?s={search_term_string}\"},\"query-input\":{\"@type\":\"PropertyValueSpecification\",\"valueRequired\":true,\"valueName\":\"search_term_string\"}}],\"inLanguage\":\"da-DK\"},{\"@type\":\"Organization\",\"@id\":\"https:\/\/www.transtoyou.com\/da\/#organization\",\"name\":\"Transtoyou - DA\",\"url\":\"https:\/\/www.transtoyou.com\/da\/\",\"logo\":{\"@type\":\"ImageObject\",\"inLanguage\":\"da-DK\",\"@id\":\"https:\/\/www.transtoyou.com\/da\/#\/schema\/logo\/image\/\",\"url\":\"https:\/\/www.transtoyou.com\/da\/wp-content\/uploads\/sites\/6\/2026\/01\/logo-tty-menu-bar-300x87-1.webp\",\"contentUrl\":\"https:\/\/www.transtoyou.com\/da\/wp-content\/uploads\/sites\/6\/2026\/01\/logo-tty-menu-bar-300x87-1.webp\",\"width\":300,\"height\":87,\"caption\":\"Transtoyou - DA\"},\"image\":{\"@id\":\"https:\/\/www.transtoyou.com\/da\/#\/schema\/logo\/image\/\"}}]}<\/script>\n<!-- \/ Yoast SEO plugin. -->","yoast_head_json":{"title":"Zithromax (Azithromycin) | Effektiv Lindring af Infektion - Transtoyou","description":"Zithromax, et effektivt antibiotikum mod bakterielle infektioner som klamydia. Praktisk dosering. F\u00e5s hos Transtoyou. Udforsk fordelene i dag.","robots":{"index":"noindex","follow":"follow","max-snippet":"max-snippet:-1","max-image-preview":"max-image-preview:large","max-video-preview":"max-video-preview:-1"},"og_locale":"da_DK","og_type":"article","og_title":"Zithromax (Azithromycin) | Effektiv Lindring af Infektion - Transtoyou","og_description":"Zithromax, et effektivt antibiotikum mod bakterielle infektioner som klamydia. Praktisk dosering. F\u00e5s hos Transtoyou. Udforsk fordelene i dag.","og_url":"https:\/\/www.transtoyou.com\/da\/product\/zithromax-azithromycin\/","og_site_name":"Transtoyou - DA","article_modified_time":"2026-02-17T12:38:18+00:00","twitter_card":"summary_large_image","twitter_misc":{"Estimeret l\u00e6setid":"1 minut"},"schema":{"@context":"https:\/\/schema.org","@graph":[{"@type":"WebPage","@id":"https:\/\/www.transtoyou.com\/da\/product\/zithromax-azithromycin\/","url":"https:\/\/www.transtoyou.com\/da\/product\/zithromax-azithromycin\/","name":"Zithromax (Azithromycin) | Effektiv Lindring af Infektion - Transtoyou","isPartOf":{"@id":"https:\/\/www.transtoyou.com\/da\/#website"},"primaryImageOfPage":{"@id":"https:\/\/www.transtoyou.com\/da\/product\/zithromax-azithromycin\/#primaryimage"},"image":{"@id":"https:\/\/www.transtoyou.com\/da\/product\/zithromax-azithromycin\/#primaryimage"},"thumbnailUrl":"https:\/\/www.transtoyou.com\/da\/wp-content\/uploads\/sites\/6\/2026\/01\/tty-no-product-image-149.webp","datePublished":"2026-01-25T06:02:58+00:00","dateModified":"2026-02-17T12:38:18+00:00","description":"Zithromax, et effektivt antibiotikum mod bakterielle infektioner som klamydia. Praktisk dosering. F\u00e5s hos Transtoyou. Udforsk fordelene i dag.","breadcrumb":{"@id":"https:\/\/www.transtoyou.com\/da\/product\/zithromax-azithromycin\/#breadcrumb"},"inLanguage":"da-DK","potentialAction":[{"@type":"ReadAction","target":["https:\/\/www.transtoyou.com\/da\/product\/zithromax-azithromycin\/"]}]},{"@type":"ImageObject","inLanguage":"da-DK","@id":"https:\/\/www.transtoyou.com\/da\/product\/zithromax-azithromycin\/#primaryimage","url":"https:\/\/www.transtoyou.com\/da\/wp-content\/uploads\/sites\/6\/2026\/01\/tty-no-product-image-149.webp","contentUrl":"https:\/\/www.transtoyou.com\/da\/wp-content\/uploads\/sites\/6\/2026\/01\/tty-no-product-image-149.webp","width":1000,"height":1000,"caption":"Standard produktbillede"},{"@type":"WebSite","@id":"https:\/\/www.transtoyou.com\/da\/#website","url":"https:\/\/www.transtoyou.com\/da\/","name":"Transtoyou - DA","description":"","publisher":{"@id":"https:\/\/www.transtoyou.com\/da\/#organization"},"potentialAction":[{"@type":"SearchAction","target":{"@type":"EntryPoint","urlTemplate":"https:\/\/www.transtoyou.com\/da\/?s={search_term_string}"},"query-input":{"@type":"PropertyValueSpecification","valueRequired":true,"valueName":"search_term_string"}}],"inLanguage":"da-DK"},{"@type":"Organization","@id":"https:\/\/www.transtoyou.com\/da\/#organization","name":"Transtoyou - DA","url":"https:\/\/www.transtoyou.com\/da\/","logo":{"@type":"ImageObject","inLanguage":"da-DK","@id":"https:\/\/www.transtoyou.com\/da\/#\/schema\/logo\/image\/","url":"https:\/\/www.transtoyou.com\/da\/wp-content\/uploads\/sites\/6\/2026\/01\/logo-tty-menu-bar-300x87-1.webp","contentUrl":"https:\/\/www.transtoyou.com\/da\/wp-content\/uploads\/sites\/6\/2026\/01\/logo-tty-menu-bar-300x87-1.webp","width":300,"height":87,"caption":"Transtoyou - DA"},"image":{"@id":"https:\/\/www.transtoyou.com\/da\/#\/schema\/logo\/image\/"}}]}},"_links":{"self":[{"href":"https:\/\/www.transtoyou.com\/da\/wp-json\/wp\/v2\/product\/1206","targetHints":{"allow":["GET"]}}],"collection":[{"href":"https:\/\/www.transtoyou.com\/da\/wp-json\/wp\/v2\/product"}],"about":[{"href":"https:\/\/www.transtoyou.com\/da\/wp-json\/wp\/v2\/types\/product"}],"replies":[{"embeddable":true,"href":"https:\/\/www.transtoyou.com\/da\/wp-json\/wp\/v2\/comments?post=1206"}],"wp:featuredmedia":[{"embeddable":true,"href":"https:\/\/www.transtoyou.com\/da\/wp-json\/wp\/v2\/media\/1208"}],"wp:attachment":[{"href":"https:\/\/www.transtoyou.com\/da\/wp-json\/wp\/v2\/media?parent=1206"}],"wp:term":[{"taxonomy":"product_brand","embeddable":true,"href":"https:\/\/www.transtoyou.com\/da\/wp-json\/wp\/v2\/product_brand?post=1206"},{"taxonomy":"product_cat","embeddable":true,"href":"https:\/\/www.transtoyou.com\/da\/wp-json\/wp\/v2\/product_cat?post=1206"},{"taxonomy":"product_tag","embeddable":true,"href":"https:\/\/www.transtoyou.com\/da\/wp-json\/wp\/v2\/product_tag?post=1206"},{"taxonomy":"expert","embeddable":true,"href":"https:\/\/www.transtoyou.com\/da\/wp-json\/wp\/v2\/expert?post=1206"}],"curies":[{"name":"wp","href":"https:\/\/api.w.org\/{rel}","templated":true}]}}