{"id":1209,"date":"2026-01-25T08:22:30","date_gmt":"2026-01-25T06:22:30","guid":{"rendered":"https:\/\/www.transtoyou.com\/da\/product\/salbutamol\/"},"modified":"2026-01-25T08:23:40","modified_gmt":"2026-01-25T06:23:40","slug":"salbutamol","status":"publish","type":"product","link":"https:\/\/www.transtoyou.com\/da\/product\/salbutamol\/","title":{"rendered":"Salbutamol"},"content":{"rendered":"<p>Salbutamol er en hurtigvirkende bronkodilatator, der bruges til at lindre symptomerne p\u00e5 respiratoriske tilstande som astma og kronisk obstruktiv lungesygdom (KOL). Det virker ved at slappe af i musklerne i luftvejene, hvilket g\u00f8r det muligt for luftvejene i lungerne at udvide sig. Dette g\u00f8r det lettere at tr\u00e6kke vejret under episoder med hv\u00e6sende vejrtr\u00e6kning, \u00e5nden\u00f8d, trykken for brystet eller hoste.<\/p>\n<p>Salbutamol giver hurtig lindring under pludselige vejrtr\u00e6kningsproblemer. Det kaldes ofte en &#8220;lindrende&#8221; inhalator og er en f\u00f8rstelinbehandling under astmaanfald eller KOL-forv\u00e6rringer. Dets virkninger m\u00e6rkes typisk inden for f\u00e5 minutter efter ind\u00e5nding og kan vare i flere timer, hvilket g\u00f8r det velegnet til b\u00e5de n\u00f8dbrug og kortvarig symptomkontrol.<\/p>\n<p>For personer med astma bruges salbutamol normalt efter behov for at h\u00e5ndtere pludselige symptomer eller f\u00f8r tr\u00e6ning for at forhindre tr\u00e6ningsinduceret bronkokonstriktion. I KOL kan det v\u00e6re en del af en bredere behandlingsplan for at h\u00e5ndtere daglig \u00e5nden\u00f8d og opretholde lungefunktionen under forv\u00e6rringer.<\/p>\n<p>N\u00e5r det bruges korrekt, er bivirkningerne typisk milde og midlertidige. Disse kan omfatte en let rysten, hovedpine eller \u00f8get hjertefrekvens kort efter brug. Korrekt inhalationsteknik er vigtig for at sikre, at medicinen n\u00e5r lungerne effektivt.<\/p>\n","protected":false},"excerpt":{"rendered":"<ul>\n<li>Hurtigvirkende bronkodilator til at lette vejrtr\u00e6kningen<\/li>\n<li>Praktisk inhalatorform til \u00f8jeblikkelig lindring af luftvejene<\/li>\n<li>Egnet til b\u00e5de astma og KOL symptomstyring<\/li>\n<\/ul>\n","protected":false},"featured_media":1211,"comment_status":"open","ping_status":"closed","template":"","meta":[],"product_brand":[],"product_cat":[80,98],"product_tag":[],"expert":[21],"class_list":{"0":"post-1209","1":"product","2":"type-product","3":"status-publish","4":"has-post-thumbnail","6":"product_cat-astma","7":"product_cat-kol","8":"expert-dr-m-sharoyko","10":"first","11":"instock","12":"shipping-taxable","13":"product-type-variable"},"yoast_head":"<!-- This site is optimized with the Yoast SEO plugin v27.0 - https:\/\/yoast.com\/product\/yoast-seo-wordpress\/ -->\n<title>Salbutamol | Hurtig lindring af vejrtr\u00e6kning - Transtoyou<\/title>\n<meta name=\"description\" content=\"Lindr astmasymptomer hurtigt med Salbutamol. Shop nu for hurtig lindring, ideel til pludselig \u00e5nden\u00f8d og hv\u00e6sen. Tilg\u00e6ngelig hos Transtoyou.\" \/>\n<meta name=\"robots\" content=\"noindex, follow, max-snippet:-1, max-image-preview:large, max-video-preview:-1\" \/>\n<meta property=\"og:locale\" content=\"da_DK\" \/>\n<meta property=\"og:type\" content=\"article\" \/>\n<meta property=\"og:title\" content=\"Salbutamol | Hurtig lindring af vejrtr\u00e6kning - Transtoyou\" \/>\n<meta property=\"og:description\" content=\"Lindr astmasymptomer hurtigt med Salbutamol. Shop nu for hurtig lindring, ideel til pludselig \u00e5nden\u00f8d og hv\u00e6sen. Tilg\u00e6ngelig hos Transtoyou.\" \/>\n<meta property=\"og:url\" content=\"https:\/\/www.transtoyou.com\/da\/product\/salbutamol\/\" \/>\n<meta property=\"og:site_name\" content=\"Transtoyou - DA\" \/>\n<meta property=\"article:modified_time\" content=\"2026-01-25T06:23:40+00:00\" \/>\n<meta name=\"twitter:card\" content=\"summary_large_image\" \/>\n<meta name=\"twitter:label1\" content=\"Estimeret l\u00e6setid\" \/>\n\t<meta name=\"twitter:data1\" content=\"1 minut\" \/>\n<script type=\"application\/ld+json\" class=\"yoast-schema-graph\">{\"@context\":\"https:\/\/schema.org\",\"@graph\":[{\"@type\":\"WebPage\",\"@id\":\"https:\/\/www.transtoyou.com\/da\/product\/salbutamol\/\",\"url\":\"https:\/\/www.transtoyou.com\/da\/product\/salbutamol\/\",\"name\":\"Salbutamol | Hurtig lindring af vejrtr\u00e6kning - Transtoyou\",\"isPartOf\":{\"@id\":\"https:\/\/www.transtoyou.com\/da\/#website\"},\"primaryImageOfPage\":{\"@id\":\"https:\/\/www.transtoyou.com\/da\/product\/salbutamol\/#primaryimage\"},\"image\":{\"@id\":\"https:\/\/www.transtoyou.com\/da\/product\/salbutamol\/#primaryimage\"},\"thumbnailUrl\":\"https:\/\/www.transtoyou.com\/da\/wp-content\/uploads\/sites\/6\/2026\/01\/tty-no-product-image-150.webp\",\"datePublished\":\"2026-01-25T06:22:30+00:00\",\"dateModified\":\"2026-01-25T06:23:40+00:00\",\"description\":\"Lindr astmasymptomer hurtigt med Salbutamol. Shop nu for hurtig lindring, ideel til pludselig \u00e5nden\u00f8d og hv\u00e6sen. Tilg\u00e6ngelig hos Transtoyou.\",\"breadcrumb\":{\"@id\":\"https:\/\/www.transtoyou.com\/da\/product\/salbutamol\/#breadcrumb\"},\"inLanguage\":\"da-DK\",\"potentialAction\":[{\"@type\":\"ReadAction\",\"target\":[\"https:\/\/www.transtoyou.com\/da\/product\/salbutamol\/\"]}]},{\"@type\":\"ImageObject\",\"inLanguage\":\"da-DK\",\"@id\":\"https:\/\/www.transtoyou.com\/da\/product\/salbutamol\/#primaryimage\",\"url\":\"https:\/\/www.transtoyou.com\/da\/wp-content\/uploads\/sites\/6\/2026\/01\/tty-no-product-image-150.webp\",\"contentUrl\":\"https:\/\/www.transtoyou.com\/da\/wp-content\/uploads\/sites\/6\/2026\/01\/tty-no-product-image-150.webp\",\"width\":1000,\"height\":1000,\"caption\":\"Standard produktbillede\"},{\"@type\":\"WebSite\",\"@id\":\"https:\/\/www.transtoyou.com\/da\/#website\",\"url\":\"https:\/\/www.transtoyou.com\/da\/\",\"name\":\"Transtoyou - DA\",\"description\":\"\",\"publisher\":{\"@id\":\"https:\/\/www.transtoyou.com\/da\/#organization\"},\"potentialAction\":[{\"@type\":\"SearchAction\",\"target\":{\"@type\":\"EntryPoint\",\"urlTemplate\":\"https:\/\/www.transtoyou.com\/da\/?s={search_term_string}\"},\"query-input\":{\"@type\":\"PropertyValueSpecification\",\"valueRequired\":true,\"valueName\":\"search_term_string\"}}],\"inLanguage\":\"da-DK\"},{\"@type\":\"Organization\",\"@id\":\"https:\/\/www.transtoyou.com\/da\/#organization\",\"name\":\"Transtoyou - DA\",\"url\":\"https:\/\/www.transtoyou.com\/da\/\",\"logo\":{\"@type\":\"ImageObject\",\"inLanguage\":\"da-DK\",\"@id\":\"https:\/\/www.transtoyou.com\/da\/#\/schema\/logo\/image\/\",\"url\":\"https:\/\/www.transtoyou.com\/da\/wp-content\/uploads\/sites\/6\/2026\/01\/logo-tty-menu-bar-300x87-1.webp\",\"contentUrl\":\"https:\/\/www.transtoyou.com\/da\/wp-content\/uploads\/sites\/6\/2026\/01\/logo-tty-menu-bar-300x87-1.webp\",\"width\":300,\"height\":87,\"caption\":\"Transtoyou - DA\"},\"image\":{\"@id\":\"https:\/\/www.transtoyou.com\/da\/#\/schema\/logo\/image\/\"}}]}<\/script>\n<!-- \/ Yoast SEO plugin. -->","yoast_head_json":{"title":"Salbutamol | Hurtig lindring af vejrtr\u00e6kning - Transtoyou","description":"Lindr astmasymptomer hurtigt med Salbutamol. Shop nu for hurtig lindring, ideel til pludselig \u00e5nden\u00f8d og hv\u00e6sen. Tilg\u00e6ngelig hos Transtoyou.","robots":{"index":"noindex","follow":"follow","max-snippet":"max-snippet:-1","max-image-preview":"max-image-preview:large","max-video-preview":"max-video-preview:-1"},"og_locale":"da_DK","og_type":"article","og_title":"Salbutamol | Hurtig lindring af vejrtr\u00e6kning - Transtoyou","og_description":"Lindr astmasymptomer hurtigt med Salbutamol. Shop nu for hurtig lindring, ideel til pludselig \u00e5nden\u00f8d og hv\u00e6sen. Tilg\u00e6ngelig hos Transtoyou.","og_url":"https:\/\/www.transtoyou.com\/da\/product\/salbutamol\/","og_site_name":"Transtoyou - DA","article_modified_time":"2026-01-25T06:23:40+00:00","twitter_card":"summary_large_image","twitter_misc":{"Estimeret l\u00e6setid":"1 minut"},"schema":{"@context":"https:\/\/schema.org","@graph":[{"@type":"WebPage","@id":"https:\/\/www.transtoyou.com\/da\/product\/salbutamol\/","url":"https:\/\/www.transtoyou.com\/da\/product\/salbutamol\/","name":"Salbutamol | Hurtig lindring af vejrtr\u00e6kning - Transtoyou","isPartOf":{"@id":"https:\/\/www.transtoyou.com\/da\/#website"},"primaryImageOfPage":{"@id":"https:\/\/www.transtoyou.com\/da\/product\/salbutamol\/#primaryimage"},"image":{"@id":"https:\/\/www.transtoyou.com\/da\/product\/salbutamol\/#primaryimage"},"thumbnailUrl":"https:\/\/www.transtoyou.com\/da\/wp-content\/uploads\/sites\/6\/2026\/01\/tty-no-product-image-150.webp","datePublished":"2026-01-25T06:22:30+00:00","dateModified":"2026-01-25T06:23:40+00:00","description":"Lindr astmasymptomer hurtigt med Salbutamol. Shop nu for hurtig lindring, ideel til pludselig \u00e5nden\u00f8d og hv\u00e6sen. Tilg\u00e6ngelig hos Transtoyou.","breadcrumb":{"@id":"https:\/\/www.transtoyou.com\/da\/product\/salbutamol\/#breadcrumb"},"inLanguage":"da-DK","potentialAction":[{"@type":"ReadAction","target":["https:\/\/www.transtoyou.com\/da\/product\/salbutamol\/"]}]},{"@type":"ImageObject","inLanguage":"da-DK","@id":"https:\/\/www.transtoyou.com\/da\/product\/salbutamol\/#primaryimage","url":"https:\/\/www.transtoyou.com\/da\/wp-content\/uploads\/sites\/6\/2026\/01\/tty-no-product-image-150.webp","contentUrl":"https:\/\/www.transtoyou.com\/da\/wp-content\/uploads\/sites\/6\/2026\/01\/tty-no-product-image-150.webp","width":1000,"height":1000,"caption":"Standard produktbillede"},{"@type":"WebSite","@id":"https:\/\/www.transtoyou.com\/da\/#website","url":"https:\/\/www.transtoyou.com\/da\/","name":"Transtoyou - DA","description":"","publisher":{"@id":"https:\/\/www.transtoyou.com\/da\/#organization"},"potentialAction":[{"@type":"SearchAction","target":{"@type":"EntryPoint","urlTemplate":"https:\/\/www.transtoyou.com\/da\/?s={search_term_string}"},"query-input":{"@type":"PropertyValueSpecification","valueRequired":true,"valueName":"search_term_string"}}],"inLanguage":"da-DK"},{"@type":"Organization","@id":"https:\/\/www.transtoyou.com\/da\/#organization","name":"Transtoyou - DA","url":"https:\/\/www.transtoyou.com\/da\/","logo":{"@type":"ImageObject","inLanguage":"da-DK","@id":"https:\/\/www.transtoyou.com\/da\/#\/schema\/logo\/image\/","url":"https:\/\/www.transtoyou.com\/da\/wp-content\/uploads\/sites\/6\/2026\/01\/logo-tty-menu-bar-300x87-1.webp","contentUrl":"https:\/\/www.transtoyou.com\/da\/wp-content\/uploads\/sites\/6\/2026\/01\/logo-tty-menu-bar-300x87-1.webp","width":300,"height":87,"caption":"Transtoyou - DA"},"image":{"@id":"https:\/\/www.transtoyou.com\/da\/#\/schema\/logo\/image\/"}}]}},"_links":{"self":[{"href":"https:\/\/www.transtoyou.com\/da\/wp-json\/wp\/v2\/product\/1209","targetHints":{"allow":["GET"]}}],"collection":[{"href":"https:\/\/www.transtoyou.com\/da\/wp-json\/wp\/v2\/product"}],"about":[{"href":"https:\/\/www.transtoyou.com\/da\/wp-json\/wp\/v2\/types\/product"}],"replies":[{"embeddable":true,"href":"https:\/\/www.transtoyou.com\/da\/wp-json\/wp\/v2\/comments?post=1209"}],"wp:featuredmedia":[{"embeddable":true,"href":"https:\/\/www.transtoyou.com\/da\/wp-json\/wp\/v2\/media\/1211"}],"wp:attachment":[{"href":"https:\/\/www.transtoyou.com\/da\/wp-json\/wp\/v2\/media?parent=1209"}],"wp:term":[{"taxonomy":"product_brand","embeddable":true,"href":"https:\/\/www.transtoyou.com\/da\/wp-json\/wp\/v2\/product_brand?post=1209"},{"taxonomy":"product_cat","embeddable":true,"href":"https:\/\/www.transtoyou.com\/da\/wp-json\/wp\/v2\/product_cat?post=1209"},{"taxonomy":"product_tag","embeddable":true,"href":"https:\/\/www.transtoyou.com\/da\/wp-json\/wp\/v2\/product_tag?post=1209"},{"taxonomy":"expert","embeddable":true,"href":"https:\/\/www.transtoyou.com\/da\/wp-json\/wp\/v2\/expert?post=1209"}],"curies":[{"name":"wp","href":"https:\/\/api.w.org\/{rel}","templated":true}]}}