{"id":1212,"date":"2026-01-25T08:41:50","date_gmt":"2026-01-25T06:41:50","guid":{"rendered":"https:\/\/www.transtoyou.com\/da\/product\/cefixim\/"},"modified":"2026-01-25T08:43:05","modified_gmt":"2026-01-25T06:43:05","slug":"cefixim","status":"publish","type":"product","link":"https:\/\/www.transtoyou.com\/da\/product\/cefixim\/","title":{"rendered":"Cefixim"},"content":{"rendered":"<p>Cefixim er et antibiotikum, der bruges til at behandle en r\u00e6kke bakterielle infektioner. Det tilh\u00f8rer cefalosporin-familien, en gruppe af antibiotika, der virker ved at beskadige den beskyttende cellev\u00e6g af bakterier. Dette sv\u00e6kker bakterierne og f\u00e5r dem til at bryde sammen og d\u00f8, hvilket hj\u00e6lper med at fjerne infektionen fra kroppen.<\/p>\n<p>Denne medicin bruges almindeligvis til infektioner som urinvejsinfektioner (UVI), \u00f8reinfektioner (otitis media), halsinfektioner (faryngitis og tonsillitis), luftvejsinfektioner som bronkitis og ukompliceret gonor\u00e9. Den retter sig mod bakterier som E. coli, Haemophilus influenzae, Streptococcus pneumoniae, Moraxella catarrhalis og Neisseria gonorrhoeae.<\/p>\n<p>Cefixim reducerer ikke smerte eller bet\u00e6ndelse direkte. I stedet hj\u00e6lper det med at fjerne selve infektionen ved at dr\u00e6be de bakterier, der for\u00e5rsager den. N\u00e5r bakterierne er elimineret, forbedres symptomer som smerte, feber eller ubehag ofte naturligt.<\/p>\n<p>Det tages normalt \u00e9n eller to gange om dagen, afh\u00e6ngigt af typen af infektion. Behandlingen er kortvarig og varer typisk et par dage. De fleste mennesker t\u00e5ler Cefixim godt. Mulige bivirkninger kan omfatte mild mavebesv\u00e6r eller diarr\u00e9.<\/p>\n<p>For at sikre den bedste effekt er det vigtigt at tage Cefixim konsekvent i hele behandlingsperioden. At stoppe for tidligt kan tillade bakterier at overleve og potentielt vende tilbage.<\/p>\n<p>Dette produkt er kun beregnet til bakterielle infektioner og vil ikke virke mod vira som fork\u00f8lelse eller influenza.<\/p>\n","protected":false},"excerpt":{"rendered":"<ul>\n<li>Effektiv antibakteriel aktivitet, is\u00e6r mod urinvejsinfektioner og \u00f8re-n\u00e6se-hals infektioner<\/li>\n<li>Praktisk dosering<\/li>\n<li>Gunstig sikkerhedsprofil<\/li>\n<\/ul>\n","protected":false},"featured_media":1214,"comment_status":"open","ping_status":"closed","template":"","meta":[],"product_brand":[],"product_cat":[79,125],"product_tag":[],"expert":[18],"class_list":{"0":"post-1212","1":"product","2":"type-product","3":"status-publish","4":"has-post-thumbnail","6":"product_cat-antibiotika-infektion","7":"product_cat-gonore","8":"expert-dr-g-varbanov","10":"first","11":"instock","12":"shipping-taxable","13":"product-type-variable"},"yoast_head":"<!-- This site is optimized with the Yoast SEO plugin v27.0 - https:\/\/yoast.com\/product\/yoast-seo-wordpress\/ -->\n<title>Cefixim | Effektiv Behandling af Bakterielle Infektioner - Transtoyou<\/title>\n<meta name=\"description\" content=\"Cefixime bek\u00e6mper infektioner som UVI og bronkitis ved at nedbryde bakteriev\u00e6gge. F\u00e5s hos Transtoyou, bestil nu for effektiv behandling.\" \/>\n<meta name=\"robots\" content=\"noindex, follow, max-snippet:-1, max-image-preview:large, max-video-preview:-1\" \/>\n<meta property=\"og:locale\" content=\"da_DK\" \/>\n<meta property=\"og:type\" content=\"article\" \/>\n<meta property=\"og:title\" content=\"Cefixim | Effektiv Behandling af Bakterielle Infektioner - Transtoyou\" \/>\n<meta property=\"og:description\" content=\"Cefixime bek\u00e6mper infektioner som UVI og bronkitis ved at nedbryde bakteriev\u00e6gge. F\u00e5s hos Transtoyou, bestil nu for effektiv behandling.\" \/>\n<meta property=\"og:url\" content=\"https:\/\/www.transtoyou.com\/da\/product\/cefixim\/\" \/>\n<meta property=\"og:site_name\" content=\"Transtoyou - DA\" \/>\n<meta property=\"article:modified_time\" content=\"2026-01-25T06:43:05+00:00\" \/>\n<meta name=\"twitter:card\" content=\"summary_large_image\" \/>\n<meta name=\"twitter:label1\" content=\"Estimeret l\u00e6setid\" \/>\n\t<meta name=\"twitter:data1\" content=\"1 minut\" \/>\n<script type=\"application\/ld+json\" class=\"yoast-schema-graph\">{\"@context\":\"https:\/\/schema.org\",\"@graph\":[{\"@type\":\"WebPage\",\"@id\":\"https:\/\/www.transtoyou.com\/da\/product\/cefixim\/\",\"url\":\"https:\/\/www.transtoyou.com\/da\/product\/cefixim\/\",\"name\":\"Cefixim | Effektiv Behandling af Bakterielle Infektioner - Transtoyou\",\"isPartOf\":{\"@id\":\"https:\/\/www.transtoyou.com\/da\/#website\"},\"primaryImageOfPage\":{\"@id\":\"https:\/\/www.transtoyou.com\/da\/product\/cefixim\/#primaryimage\"},\"image\":{\"@id\":\"https:\/\/www.transtoyou.com\/da\/product\/cefixim\/#primaryimage\"},\"thumbnailUrl\":\"https:\/\/www.transtoyou.com\/da\/wp-content\/uploads\/sites\/6\/2026\/01\/tty-no-product-image-151.webp\",\"datePublished\":\"2026-01-25T06:41:50+00:00\",\"dateModified\":\"2026-01-25T06:43:05+00:00\",\"description\":\"Cefixime bek\u00e6mper infektioner som UVI og bronkitis ved at nedbryde bakteriev\u00e6gge. F\u00e5s hos Transtoyou, bestil nu for effektiv behandling.\",\"breadcrumb\":{\"@id\":\"https:\/\/www.transtoyou.com\/da\/product\/cefixim\/#breadcrumb\"},\"inLanguage\":\"da-DK\",\"potentialAction\":[{\"@type\":\"ReadAction\",\"target\":[\"https:\/\/www.transtoyou.com\/da\/product\/cefixim\/\"]}]},{\"@type\":\"ImageObject\",\"inLanguage\":\"da-DK\",\"@id\":\"https:\/\/www.transtoyou.com\/da\/product\/cefixim\/#primaryimage\",\"url\":\"https:\/\/www.transtoyou.com\/da\/wp-content\/uploads\/sites\/6\/2026\/01\/tty-no-product-image-151.webp\",\"contentUrl\":\"https:\/\/www.transtoyou.com\/da\/wp-content\/uploads\/sites\/6\/2026\/01\/tty-no-product-image-151.webp\",\"width\":1000,\"height\":1000,\"caption\":\"Standard produktbillede\"},{\"@type\":\"WebSite\",\"@id\":\"https:\/\/www.transtoyou.com\/da\/#website\",\"url\":\"https:\/\/www.transtoyou.com\/da\/\",\"name\":\"Transtoyou - DA\",\"description\":\"\",\"publisher\":{\"@id\":\"https:\/\/www.transtoyou.com\/da\/#organization\"},\"potentialAction\":[{\"@type\":\"SearchAction\",\"target\":{\"@type\":\"EntryPoint\",\"urlTemplate\":\"https:\/\/www.transtoyou.com\/da\/?s={search_term_string}\"},\"query-input\":{\"@type\":\"PropertyValueSpecification\",\"valueRequired\":true,\"valueName\":\"search_term_string\"}}],\"inLanguage\":\"da-DK\"},{\"@type\":\"Organization\",\"@id\":\"https:\/\/www.transtoyou.com\/da\/#organization\",\"name\":\"Transtoyou - DA\",\"url\":\"https:\/\/www.transtoyou.com\/da\/\",\"logo\":{\"@type\":\"ImageObject\",\"inLanguage\":\"da-DK\",\"@id\":\"https:\/\/www.transtoyou.com\/da\/#\/schema\/logo\/image\/\",\"url\":\"https:\/\/www.transtoyou.com\/da\/wp-content\/uploads\/sites\/6\/2026\/01\/logo-tty-menu-bar-300x87-1.webp\",\"contentUrl\":\"https:\/\/www.transtoyou.com\/da\/wp-content\/uploads\/sites\/6\/2026\/01\/logo-tty-menu-bar-300x87-1.webp\",\"width\":300,\"height\":87,\"caption\":\"Transtoyou - DA\"},\"image\":{\"@id\":\"https:\/\/www.transtoyou.com\/da\/#\/schema\/logo\/image\/\"}}]}<\/script>\n<!-- \/ Yoast SEO plugin. -->","yoast_head_json":{"title":"Cefixim | Effektiv Behandling af Bakterielle Infektioner - Transtoyou","description":"Cefixime bek\u00e6mper infektioner som UVI og bronkitis ved at nedbryde bakteriev\u00e6gge. F\u00e5s hos Transtoyou, bestil nu for effektiv behandling.","robots":{"index":"noindex","follow":"follow","max-snippet":"max-snippet:-1","max-image-preview":"max-image-preview:large","max-video-preview":"max-video-preview:-1"},"og_locale":"da_DK","og_type":"article","og_title":"Cefixim | Effektiv Behandling af Bakterielle Infektioner - Transtoyou","og_description":"Cefixime bek\u00e6mper infektioner som UVI og bronkitis ved at nedbryde bakteriev\u00e6gge. F\u00e5s hos Transtoyou, bestil nu for effektiv behandling.","og_url":"https:\/\/www.transtoyou.com\/da\/product\/cefixim\/","og_site_name":"Transtoyou - DA","article_modified_time":"2026-01-25T06:43:05+00:00","twitter_card":"summary_large_image","twitter_misc":{"Estimeret l\u00e6setid":"1 minut"},"schema":{"@context":"https:\/\/schema.org","@graph":[{"@type":"WebPage","@id":"https:\/\/www.transtoyou.com\/da\/product\/cefixim\/","url":"https:\/\/www.transtoyou.com\/da\/product\/cefixim\/","name":"Cefixim | Effektiv Behandling af Bakterielle Infektioner - Transtoyou","isPartOf":{"@id":"https:\/\/www.transtoyou.com\/da\/#website"},"primaryImageOfPage":{"@id":"https:\/\/www.transtoyou.com\/da\/product\/cefixim\/#primaryimage"},"image":{"@id":"https:\/\/www.transtoyou.com\/da\/product\/cefixim\/#primaryimage"},"thumbnailUrl":"https:\/\/www.transtoyou.com\/da\/wp-content\/uploads\/sites\/6\/2026\/01\/tty-no-product-image-151.webp","datePublished":"2026-01-25T06:41:50+00:00","dateModified":"2026-01-25T06:43:05+00:00","description":"Cefixime bek\u00e6mper infektioner som UVI og bronkitis ved at nedbryde bakteriev\u00e6gge. F\u00e5s hos Transtoyou, bestil nu for effektiv behandling.","breadcrumb":{"@id":"https:\/\/www.transtoyou.com\/da\/product\/cefixim\/#breadcrumb"},"inLanguage":"da-DK","potentialAction":[{"@type":"ReadAction","target":["https:\/\/www.transtoyou.com\/da\/product\/cefixim\/"]}]},{"@type":"ImageObject","inLanguage":"da-DK","@id":"https:\/\/www.transtoyou.com\/da\/product\/cefixim\/#primaryimage","url":"https:\/\/www.transtoyou.com\/da\/wp-content\/uploads\/sites\/6\/2026\/01\/tty-no-product-image-151.webp","contentUrl":"https:\/\/www.transtoyou.com\/da\/wp-content\/uploads\/sites\/6\/2026\/01\/tty-no-product-image-151.webp","width":1000,"height":1000,"caption":"Standard produktbillede"},{"@type":"WebSite","@id":"https:\/\/www.transtoyou.com\/da\/#website","url":"https:\/\/www.transtoyou.com\/da\/","name":"Transtoyou - DA","description":"","publisher":{"@id":"https:\/\/www.transtoyou.com\/da\/#organization"},"potentialAction":[{"@type":"SearchAction","target":{"@type":"EntryPoint","urlTemplate":"https:\/\/www.transtoyou.com\/da\/?s={search_term_string}"},"query-input":{"@type":"PropertyValueSpecification","valueRequired":true,"valueName":"search_term_string"}}],"inLanguage":"da-DK"},{"@type":"Organization","@id":"https:\/\/www.transtoyou.com\/da\/#organization","name":"Transtoyou - DA","url":"https:\/\/www.transtoyou.com\/da\/","logo":{"@type":"ImageObject","inLanguage":"da-DK","@id":"https:\/\/www.transtoyou.com\/da\/#\/schema\/logo\/image\/","url":"https:\/\/www.transtoyou.com\/da\/wp-content\/uploads\/sites\/6\/2026\/01\/logo-tty-menu-bar-300x87-1.webp","contentUrl":"https:\/\/www.transtoyou.com\/da\/wp-content\/uploads\/sites\/6\/2026\/01\/logo-tty-menu-bar-300x87-1.webp","width":300,"height":87,"caption":"Transtoyou - DA"},"image":{"@id":"https:\/\/www.transtoyou.com\/da\/#\/schema\/logo\/image\/"}}]}},"_links":{"self":[{"href":"https:\/\/www.transtoyou.com\/da\/wp-json\/wp\/v2\/product\/1212","targetHints":{"allow":["GET"]}}],"collection":[{"href":"https:\/\/www.transtoyou.com\/da\/wp-json\/wp\/v2\/product"}],"about":[{"href":"https:\/\/www.transtoyou.com\/da\/wp-json\/wp\/v2\/types\/product"}],"replies":[{"embeddable":true,"href":"https:\/\/www.transtoyou.com\/da\/wp-json\/wp\/v2\/comments?post=1212"}],"wp:featuredmedia":[{"embeddable":true,"href":"https:\/\/www.transtoyou.com\/da\/wp-json\/wp\/v2\/media\/1214"}],"wp:attachment":[{"href":"https:\/\/www.transtoyou.com\/da\/wp-json\/wp\/v2\/media?parent=1212"}],"wp:term":[{"taxonomy":"product_brand","embeddable":true,"href":"https:\/\/www.transtoyou.com\/da\/wp-json\/wp\/v2\/product_brand?post=1212"},{"taxonomy":"product_cat","embeddable":true,"href":"https:\/\/www.transtoyou.com\/da\/wp-json\/wp\/v2\/product_cat?post=1212"},{"taxonomy":"product_tag","embeddable":true,"href":"https:\/\/www.transtoyou.com\/da\/wp-json\/wp\/v2\/product_tag?post=1212"},{"taxonomy":"expert","embeddable":true,"href":"https:\/\/www.transtoyou.com\/da\/wp-json\/wp\/v2\/expert?post=1212"}],"curies":[{"name":"wp","href":"https:\/\/api.w.org\/{rel}","templated":true}]}}