{"id":1215,"date":"2026-01-25T09:03:03","date_gmt":"2026-01-25T07:03:03","guid":{"rendered":"https:\/\/www.transtoyou.com\/da\/product\/clindamycin\/"},"modified":"2026-01-25T09:04:28","modified_gmt":"2026-01-25T07:04:28","slug":"clindamycin","status":"publish","type":"product","link":"https:\/\/www.transtoyou.com\/da\/product\/clindamycin\/","title":{"rendered":"Clindamycin"},"content":{"rendered":"<p class=\"p1\">Clindamycin er et bredt anvendt antibiotikum, der behandler bakterielle infektioner ved at stoppe v\u00e6ksten af bakterier. Det ordineres ofte til hud- og bl\u00f8dtv\u00e6vsinfektioner og er is\u00e6r effektivt, n\u00e5r infektionen involverer bet\u00e6ndelse, r\u00f8dme og h\u00e6velse. Ved at m\u00e5lrette mod de bakterier, der for\u00e5rsager infektionen, hj\u00e6lper clindamycin kroppen med at komme sig og forhindrer spredning af skadelige mikrober.<\/p>\n<p class=\"p1\">En af de mest almindelige anvendelser er i behandlingen af akne. I denne sammenh\u00e6ng hj\u00e6lper clindamycin med at reducere de bakterier, der udl\u00f8ser udbrud, og beroliger den omgivende bet\u00e6ndelse, der for\u00e5rsager r\u00f8dme og h\u00e6velse. Det er s\u00e6rligt nyttigt for vedholdende eller inflammatorisk akne, hvor huden er irriteret eller f\u00f8lsom. N\u00e5r det bruges konsekvent, kan clindamycin hj\u00e6lpe med at reducere b\u00e5de hyppigheden og sv\u00e6rhedsgraden af udbrud.<\/p>\n<p class=\"p1\">Clindamycin anvendes ogs\u00e5 til bakterielle hudinfektioner s\u00e5som inficerede s\u00e5r, bylder og bet\u00e6ndte h\u00e5rs\u00e6kke. Dets antibakterielle og antiinflammatoriske egenskaber g\u00f8r det til en p\u00e5lidelig behandlingsmulighed for en bred vifte af milde til moderate hudinfektioner. At reducere den bakterielle belastning p\u00e5 huden kan ogs\u00e5 hj\u00e6lpe andre hudbehandlinger med at fungere mere effektivt.<\/p>\n<p class=\"p1\">Behandlingen begynder typisk at vise resultater inden for et par dage til et par uger, afh\u00e6ngigt af infektionens sv\u00e6rhedsgrad. Det er vigtigt at forts\u00e6tte den fulde behandling som anbefalet, selvom symptomerne forbedres tidligere, for at forhindre bakteriel resistens eller tilbagefald.<\/p>\n<p class=\"p1\">Milde bivirkninger s\u00e5som hudirritation eller ford\u00f8jelsesbesv\u00e6r kan forekomme, men er normalt midlertidige. Clindamycin er ikke egnet for alle, is\u00e6r ikke for dem med en historie med antibiotikarelaterede tarmproblemer.<\/p>\n","protected":false},"excerpt":{"rendered":"<ul>\n<li>Bredspektret virkning mod mange bakterier<\/li>\n<li>Tilg\u00e6ngelig i orale, topiske, vaginale former<\/li>\n<li>Hj\u00e6lper med at reducere bet\u00e6ndelse ved akne<\/li>\n<\/ul>\n","protected":false},"featured_media":1217,"comment_status":"open","ping_status":"closed","template":"","meta":[],"product_brand":[],"product_cat":[73,79],"product_tag":[],"expert":[18],"class_list":{"0":"post-1215","1":"product","2":"type-product","3":"status-publish","4":"has-post-thumbnail","6":"product_cat-akne","7":"product_cat-antibiotika-infektion","8":"expert-dr-g-varbanov","10":"first","11":"instock","12":"shipping-taxable","13":"product-type-variable"},"yoast_head":"<!-- This site is optimized with the Yoast SEO plugin v27.0 - https:\/\/yoast.com\/product\/yoast-seo-wordpress\/ -->\n<title>Clindamycin | Klar hud, selvsikker dig - Transtoyou<\/title>\n<meta name=\"description\" content=\"Udforsk Clindamycin til effektiv behandling af akne. Shop nu hos Transtoyou for p\u00e5lidelig lindring af bakterielle hudinfektioner.\" \/>\n<meta name=\"robots\" content=\"noindex, follow, max-snippet:-1, max-image-preview:large, max-video-preview:-1\" \/>\n<meta property=\"og:locale\" content=\"da_DK\" \/>\n<meta property=\"og:type\" content=\"article\" \/>\n<meta property=\"og:title\" content=\"Clindamycin | Klar hud, selvsikker dig - Transtoyou\" \/>\n<meta property=\"og:description\" content=\"Udforsk Clindamycin til effektiv behandling af akne. Shop nu hos Transtoyou for p\u00e5lidelig lindring af bakterielle hudinfektioner.\" \/>\n<meta property=\"og:url\" content=\"https:\/\/www.transtoyou.com\/da\/product\/clindamycin\/\" \/>\n<meta property=\"og:site_name\" content=\"Transtoyou - DA\" \/>\n<meta property=\"article:modified_time\" content=\"2026-01-25T07:04:28+00:00\" \/>\n<meta name=\"twitter:card\" content=\"summary_large_image\" \/>\n<meta name=\"twitter:label1\" content=\"Estimeret l\u00e6setid\" \/>\n\t<meta name=\"twitter:data1\" content=\"1 minut\" \/>\n<script type=\"application\/ld+json\" class=\"yoast-schema-graph\">{\"@context\":\"https:\/\/schema.org\",\"@graph\":[{\"@type\":\"WebPage\",\"@id\":\"https:\/\/www.transtoyou.com\/da\/product\/clindamycin\/\",\"url\":\"https:\/\/www.transtoyou.com\/da\/product\/clindamycin\/\",\"name\":\"Clindamycin | Klar hud, selvsikker dig - Transtoyou\",\"isPartOf\":{\"@id\":\"https:\/\/www.transtoyou.com\/da\/#website\"},\"primaryImageOfPage\":{\"@id\":\"https:\/\/www.transtoyou.com\/da\/product\/clindamycin\/#primaryimage\"},\"image\":{\"@id\":\"https:\/\/www.transtoyou.com\/da\/product\/clindamycin\/#primaryimage\"},\"thumbnailUrl\":\"https:\/\/www.transtoyou.com\/da\/wp-content\/uploads\/sites\/6\/2026\/01\/tty-no-product-image-152.webp\",\"datePublished\":\"2026-01-25T07:03:03+00:00\",\"dateModified\":\"2026-01-25T07:04:28+00:00\",\"description\":\"Udforsk Clindamycin til effektiv behandling af akne. Shop nu hos Transtoyou for p\u00e5lidelig lindring af bakterielle hudinfektioner.\",\"breadcrumb\":{\"@id\":\"https:\/\/www.transtoyou.com\/da\/product\/clindamycin\/#breadcrumb\"},\"inLanguage\":\"da-DK\",\"potentialAction\":[{\"@type\":\"ReadAction\",\"target\":[\"https:\/\/www.transtoyou.com\/da\/product\/clindamycin\/\"]}]},{\"@type\":\"ImageObject\",\"inLanguage\":\"da-DK\",\"@id\":\"https:\/\/www.transtoyou.com\/da\/product\/clindamycin\/#primaryimage\",\"url\":\"https:\/\/www.transtoyou.com\/da\/wp-content\/uploads\/sites\/6\/2026\/01\/tty-no-product-image-152.webp\",\"contentUrl\":\"https:\/\/www.transtoyou.com\/da\/wp-content\/uploads\/sites\/6\/2026\/01\/tty-no-product-image-152.webp\",\"width\":1000,\"height\":1000,\"caption\":\"Standard produktbillede\"},{\"@type\":\"WebSite\",\"@id\":\"https:\/\/www.transtoyou.com\/da\/#website\",\"url\":\"https:\/\/www.transtoyou.com\/da\/\",\"name\":\"Transtoyou - DA\",\"description\":\"\",\"publisher\":{\"@id\":\"https:\/\/www.transtoyou.com\/da\/#organization\"},\"potentialAction\":[{\"@type\":\"SearchAction\",\"target\":{\"@type\":\"EntryPoint\",\"urlTemplate\":\"https:\/\/www.transtoyou.com\/da\/?s={search_term_string}\"},\"query-input\":{\"@type\":\"PropertyValueSpecification\",\"valueRequired\":true,\"valueName\":\"search_term_string\"}}],\"inLanguage\":\"da-DK\"},{\"@type\":\"Organization\",\"@id\":\"https:\/\/www.transtoyou.com\/da\/#organization\",\"name\":\"Transtoyou - DA\",\"url\":\"https:\/\/www.transtoyou.com\/da\/\",\"logo\":{\"@type\":\"ImageObject\",\"inLanguage\":\"da-DK\",\"@id\":\"https:\/\/www.transtoyou.com\/da\/#\/schema\/logo\/image\/\",\"url\":\"https:\/\/www.transtoyou.com\/da\/wp-content\/uploads\/sites\/6\/2026\/01\/logo-tty-menu-bar-300x87-1.webp\",\"contentUrl\":\"https:\/\/www.transtoyou.com\/da\/wp-content\/uploads\/sites\/6\/2026\/01\/logo-tty-menu-bar-300x87-1.webp\",\"width\":300,\"height\":87,\"caption\":\"Transtoyou - DA\"},\"image\":{\"@id\":\"https:\/\/www.transtoyou.com\/da\/#\/schema\/logo\/image\/\"}}]}<\/script>\n<!-- \/ Yoast SEO plugin. -->","yoast_head_json":{"title":"Clindamycin | Klar hud, selvsikker dig - Transtoyou","description":"Udforsk Clindamycin til effektiv behandling af akne. Shop nu hos Transtoyou for p\u00e5lidelig lindring af bakterielle hudinfektioner.","robots":{"index":"noindex","follow":"follow","max-snippet":"max-snippet:-1","max-image-preview":"max-image-preview:large","max-video-preview":"max-video-preview:-1"},"og_locale":"da_DK","og_type":"article","og_title":"Clindamycin | Klar hud, selvsikker dig - Transtoyou","og_description":"Udforsk Clindamycin til effektiv behandling af akne. Shop nu hos Transtoyou for p\u00e5lidelig lindring af bakterielle hudinfektioner.","og_url":"https:\/\/www.transtoyou.com\/da\/product\/clindamycin\/","og_site_name":"Transtoyou - DA","article_modified_time":"2026-01-25T07:04:28+00:00","twitter_card":"summary_large_image","twitter_misc":{"Estimeret l\u00e6setid":"1 minut"},"schema":{"@context":"https:\/\/schema.org","@graph":[{"@type":"WebPage","@id":"https:\/\/www.transtoyou.com\/da\/product\/clindamycin\/","url":"https:\/\/www.transtoyou.com\/da\/product\/clindamycin\/","name":"Clindamycin | Klar hud, selvsikker dig - Transtoyou","isPartOf":{"@id":"https:\/\/www.transtoyou.com\/da\/#website"},"primaryImageOfPage":{"@id":"https:\/\/www.transtoyou.com\/da\/product\/clindamycin\/#primaryimage"},"image":{"@id":"https:\/\/www.transtoyou.com\/da\/product\/clindamycin\/#primaryimage"},"thumbnailUrl":"https:\/\/www.transtoyou.com\/da\/wp-content\/uploads\/sites\/6\/2026\/01\/tty-no-product-image-152.webp","datePublished":"2026-01-25T07:03:03+00:00","dateModified":"2026-01-25T07:04:28+00:00","description":"Udforsk Clindamycin til effektiv behandling af akne. Shop nu hos Transtoyou for p\u00e5lidelig lindring af bakterielle hudinfektioner.","breadcrumb":{"@id":"https:\/\/www.transtoyou.com\/da\/product\/clindamycin\/#breadcrumb"},"inLanguage":"da-DK","potentialAction":[{"@type":"ReadAction","target":["https:\/\/www.transtoyou.com\/da\/product\/clindamycin\/"]}]},{"@type":"ImageObject","inLanguage":"da-DK","@id":"https:\/\/www.transtoyou.com\/da\/product\/clindamycin\/#primaryimage","url":"https:\/\/www.transtoyou.com\/da\/wp-content\/uploads\/sites\/6\/2026\/01\/tty-no-product-image-152.webp","contentUrl":"https:\/\/www.transtoyou.com\/da\/wp-content\/uploads\/sites\/6\/2026\/01\/tty-no-product-image-152.webp","width":1000,"height":1000,"caption":"Standard produktbillede"},{"@type":"WebSite","@id":"https:\/\/www.transtoyou.com\/da\/#website","url":"https:\/\/www.transtoyou.com\/da\/","name":"Transtoyou - DA","description":"","publisher":{"@id":"https:\/\/www.transtoyou.com\/da\/#organization"},"potentialAction":[{"@type":"SearchAction","target":{"@type":"EntryPoint","urlTemplate":"https:\/\/www.transtoyou.com\/da\/?s={search_term_string}"},"query-input":{"@type":"PropertyValueSpecification","valueRequired":true,"valueName":"search_term_string"}}],"inLanguage":"da-DK"},{"@type":"Organization","@id":"https:\/\/www.transtoyou.com\/da\/#organization","name":"Transtoyou - DA","url":"https:\/\/www.transtoyou.com\/da\/","logo":{"@type":"ImageObject","inLanguage":"da-DK","@id":"https:\/\/www.transtoyou.com\/da\/#\/schema\/logo\/image\/","url":"https:\/\/www.transtoyou.com\/da\/wp-content\/uploads\/sites\/6\/2026\/01\/logo-tty-menu-bar-300x87-1.webp","contentUrl":"https:\/\/www.transtoyou.com\/da\/wp-content\/uploads\/sites\/6\/2026\/01\/logo-tty-menu-bar-300x87-1.webp","width":300,"height":87,"caption":"Transtoyou - DA"},"image":{"@id":"https:\/\/www.transtoyou.com\/da\/#\/schema\/logo\/image\/"}}]}},"_links":{"self":[{"href":"https:\/\/www.transtoyou.com\/da\/wp-json\/wp\/v2\/product\/1215","targetHints":{"allow":["GET"]}}],"collection":[{"href":"https:\/\/www.transtoyou.com\/da\/wp-json\/wp\/v2\/product"}],"about":[{"href":"https:\/\/www.transtoyou.com\/da\/wp-json\/wp\/v2\/types\/product"}],"replies":[{"embeddable":true,"href":"https:\/\/www.transtoyou.com\/da\/wp-json\/wp\/v2\/comments?post=1215"}],"wp:featuredmedia":[{"embeddable":true,"href":"https:\/\/www.transtoyou.com\/da\/wp-json\/wp\/v2\/media\/1217"}],"wp:attachment":[{"href":"https:\/\/www.transtoyou.com\/da\/wp-json\/wp\/v2\/media?parent=1215"}],"wp:term":[{"taxonomy":"product_brand","embeddable":true,"href":"https:\/\/www.transtoyou.com\/da\/wp-json\/wp\/v2\/product_brand?post=1215"},{"taxonomy":"product_cat","embeddable":true,"href":"https:\/\/www.transtoyou.com\/da\/wp-json\/wp\/v2\/product_cat?post=1215"},{"taxonomy":"product_tag","embeddable":true,"href":"https:\/\/www.transtoyou.com\/da\/wp-json\/wp\/v2\/product_tag?post=1215"},{"taxonomy":"expert","embeddable":true,"href":"https:\/\/www.transtoyou.com\/da\/wp-json\/wp\/v2\/expert?post=1215"}],"curies":[{"name":"wp","href":"https:\/\/api.w.org\/{rel}","templated":true}]}}