{"id":1221,"date":"2026-01-25T19:34:05","date_gmt":"2026-01-25T17:34:05","guid":{"rendered":"https:\/\/www.transtoyou.com\/da\/product\/co-amoxiclav\/"},"modified":"2026-01-25T19:35:32","modified_gmt":"2026-01-25T17:35:32","slug":"co-amoxiclav","status":"publish","type":"product","link":"https:\/\/www.transtoyou.com\/da\/product\/co-amoxiclav\/","title":{"rendered":"Co-Amoxiclav"},"content":{"rendered":"<p>Co-amoxiclav er et kombinationsantibiotikum, der bruges til at behandle mange forskellige bakterielle infektioner. Det indeholder to aktive ingredienser: amoxicillin og clavulansyre. Disse arbejder sammen for at stoppe bakterierne fra at vokse og sprede sig i kroppen.<\/p>\n<p>Amoxicillin er en type penicillin, der dr\u00e6ber bakterier ved at beskadige deres ydre cellev\u00e6g. Denne v\u00e6g beskytter bakterierne, s\u00e5 n\u00e5r den sv\u00e6kkes, g\u00e5r bakterierne i stykker og d\u00f8r. Nogle bakterier kan dog k\u00e6mpe tilbage ved at lave et enzym (kaldet beta-laktamase), der \u00f8del\u00e6gger amoxicillin. Her kommer clavulansyre ind i billedet; det blokerer dette enzym og stopper bakterierne fra at beskytte sig selv. Dette g\u00f8r det muligt for amoxicillin at udf\u00f8re sit arbejde ordentligt, selv mod bakterier, der normalt er resistente.<\/p>\n<p>Co-amoxiclav bruges til at behandle en bred vifte af infektioner. Disse inkluderer luftvejsinfektioner som bronkitis, lungebet\u00e6ndelse og bihuleinfektioner; urinvejsinfektioner som bl\u00e6rebet\u00e6ndelse eller nyreinfektioner; hud- og bl\u00f8ddelsinfektioner s\u00e5som bylder, cellulitis eller inficerede s\u00e5r; og tandinfektioner. Det bruges ogs\u00e5 nogle gange til knogle- eller ledinfektioner og infektioner i maveomr\u00e5det.<\/p>\n<p>Denne medicin reducerer ikke direkte smerte eller h\u00e6velse. I stedet behandler den \u00e5rsagen til problemet, bakterierne. N\u00e5r infektionen forsvinder, forbedres symptomer som smerte, feber eller h\u00e6velse normalt af sig selv.<\/p>\n","protected":false},"excerpt":{"rendered":"<ul>\n<li>Bredspektret antibiotikum til mange infektioner<\/li>\n<li>Klavulansyre styrker den bakterielle forsvar<\/li>\n<li>Hurtig lindring af symptomer og bet\u00e6ndelse<\/li>\n<\/ul>\n","protected":false},"featured_media":1223,"comment_status":"open","ping_status":"closed","template":"","meta":[],"product_brand":[],"product_cat":[79,86],"product_tag":[],"expert":[18],"class_list":{"0":"post-1221","1":"product","2":"type-product","3":"status-publish","4":"has-post-thumbnail","6":"product_cat-antibiotika-infektion","7":"product_cat-blaere-og-urinvejsinfektioner","8":"expert-dr-g-varbanov","10":"first","11":"instock","12":"shipping-taxable","13":"product-type-variable"},"yoast_head":"<!-- This site is optimized with the Yoast SEO plugin v27.0 - https:\/\/yoast.com\/product\/yoast-seo-wordpress\/ -->\n<title>Co-Amoxiclav | Effektiv Behandling af Infektioner - Transtoyou<\/title>\n<meta name=\"description\" content=\"Opdag Co-Amoxiclav hos Transtoyou, et effektivt antibiotikum mod forskellige infektioner, der kombinerer amoxicillin og clavulansyre til bek\u00e6mpelse af resistente bakterier.\" \/>\n<meta name=\"robots\" content=\"noindex, follow, max-snippet:-1, max-image-preview:large, max-video-preview:-1\" \/>\n<meta property=\"og:locale\" content=\"da_DK\" \/>\n<meta property=\"og:type\" content=\"article\" \/>\n<meta property=\"og:title\" content=\"Co-Amoxiclav | Effektiv Behandling af Infektioner - Transtoyou\" \/>\n<meta property=\"og:description\" content=\"Opdag Co-Amoxiclav hos Transtoyou, et effektivt antibiotikum mod forskellige infektioner, der kombinerer amoxicillin og clavulansyre til bek\u00e6mpelse af resistente bakterier.\" \/>\n<meta property=\"og:url\" content=\"https:\/\/www.transtoyou.com\/da\/product\/co-amoxiclav\/\" \/>\n<meta property=\"og:site_name\" content=\"Transtoyou - DA\" \/>\n<meta property=\"article:modified_time\" content=\"2026-01-25T17:35:32+00:00\" \/>\n<meta name=\"twitter:card\" content=\"summary_large_image\" \/>\n<meta name=\"twitter:label1\" content=\"Estimeret l\u00e6setid\" \/>\n\t<meta name=\"twitter:data1\" content=\"1 minut\" \/>\n<script type=\"application\/ld+json\" class=\"yoast-schema-graph\">{\"@context\":\"https:\/\/schema.org\",\"@graph\":[{\"@type\":\"WebPage\",\"@id\":\"https:\/\/www.transtoyou.com\/da\/product\/co-amoxiclav\/\",\"url\":\"https:\/\/www.transtoyou.com\/da\/product\/co-amoxiclav\/\",\"name\":\"Co-Amoxiclav | Effektiv Behandling af Infektioner - Transtoyou\",\"isPartOf\":{\"@id\":\"https:\/\/www.transtoyou.com\/da\/#website\"},\"primaryImageOfPage\":{\"@id\":\"https:\/\/www.transtoyou.com\/da\/product\/co-amoxiclav\/#primaryimage\"},\"image\":{\"@id\":\"https:\/\/www.transtoyou.com\/da\/product\/co-amoxiclav\/#primaryimage\"},\"thumbnailUrl\":\"https:\/\/www.transtoyou.com\/da\/wp-content\/uploads\/sites\/6\/2026\/01\/tty-no-product-image-154.webp\",\"datePublished\":\"2026-01-25T17:34:05+00:00\",\"dateModified\":\"2026-01-25T17:35:32+00:00\",\"description\":\"Opdag Co-Amoxiclav hos Transtoyou, et effektivt antibiotikum mod forskellige infektioner, der kombinerer amoxicillin og clavulansyre til bek\u00e6mpelse af resistente bakterier.\",\"breadcrumb\":{\"@id\":\"https:\/\/www.transtoyou.com\/da\/product\/co-amoxiclav\/#breadcrumb\"},\"inLanguage\":\"da-DK\",\"potentialAction\":[{\"@type\":\"ReadAction\",\"target\":[\"https:\/\/www.transtoyou.com\/da\/product\/co-amoxiclav\/\"]}]},{\"@type\":\"ImageObject\",\"inLanguage\":\"da-DK\",\"@id\":\"https:\/\/www.transtoyou.com\/da\/product\/co-amoxiclav\/#primaryimage\",\"url\":\"https:\/\/www.transtoyou.com\/da\/wp-content\/uploads\/sites\/6\/2026\/01\/tty-no-product-image-154.webp\",\"contentUrl\":\"https:\/\/www.transtoyou.com\/da\/wp-content\/uploads\/sites\/6\/2026\/01\/tty-no-product-image-154.webp\",\"width\":1000,\"height\":1000,\"caption\":\"Standard produktbillede\"},{\"@type\":\"WebSite\",\"@id\":\"https:\/\/www.transtoyou.com\/da\/#website\",\"url\":\"https:\/\/www.transtoyou.com\/da\/\",\"name\":\"Transtoyou - DA\",\"description\":\"\",\"publisher\":{\"@id\":\"https:\/\/www.transtoyou.com\/da\/#organization\"},\"potentialAction\":[{\"@type\":\"SearchAction\",\"target\":{\"@type\":\"EntryPoint\",\"urlTemplate\":\"https:\/\/www.transtoyou.com\/da\/?s={search_term_string}\"},\"query-input\":{\"@type\":\"PropertyValueSpecification\",\"valueRequired\":true,\"valueName\":\"search_term_string\"}}],\"inLanguage\":\"da-DK\"},{\"@type\":\"Organization\",\"@id\":\"https:\/\/www.transtoyou.com\/da\/#organization\",\"name\":\"Transtoyou - DA\",\"url\":\"https:\/\/www.transtoyou.com\/da\/\",\"logo\":{\"@type\":\"ImageObject\",\"inLanguage\":\"da-DK\",\"@id\":\"https:\/\/www.transtoyou.com\/da\/#\/schema\/logo\/image\/\",\"url\":\"https:\/\/www.transtoyou.com\/da\/wp-content\/uploads\/sites\/6\/2026\/01\/logo-tty-menu-bar-300x87-1.webp\",\"contentUrl\":\"https:\/\/www.transtoyou.com\/da\/wp-content\/uploads\/sites\/6\/2026\/01\/logo-tty-menu-bar-300x87-1.webp\",\"width\":300,\"height\":87,\"caption\":\"Transtoyou - DA\"},\"image\":{\"@id\":\"https:\/\/www.transtoyou.com\/da\/#\/schema\/logo\/image\/\"}}]}<\/script>\n<!-- \/ Yoast SEO plugin. -->","yoast_head_json":{"title":"Co-Amoxiclav | Effektiv Behandling af Infektioner - Transtoyou","description":"Opdag Co-Amoxiclav hos Transtoyou, et effektivt antibiotikum mod forskellige infektioner, der kombinerer amoxicillin og clavulansyre til bek\u00e6mpelse af resistente bakterier.","robots":{"index":"noindex","follow":"follow","max-snippet":"max-snippet:-1","max-image-preview":"max-image-preview:large","max-video-preview":"max-video-preview:-1"},"og_locale":"da_DK","og_type":"article","og_title":"Co-Amoxiclav | Effektiv Behandling af Infektioner - Transtoyou","og_description":"Opdag Co-Amoxiclav hos Transtoyou, et effektivt antibiotikum mod forskellige infektioner, der kombinerer amoxicillin og clavulansyre til bek\u00e6mpelse af resistente bakterier.","og_url":"https:\/\/www.transtoyou.com\/da\/product\/co-amoxiclav\/","og_site_name":"Transtoyou - DA","article_modified_time":"2026-01-25T17:35:32+00:00","twitter_card":"summary_large_image","twitter_misc":{"Estimeret l\u00e6setid":"1 minut"},"schema":{"@context":"https:\/\/schema.org","@graph":[{"@type":"WebPage","@id":"https:\/\/www.transtoyou.com\/da\/product\/co-amoxiclav\/","url":"https:\/\/www.transtoyou.com\/da\/product\/co-amoxiclav\/","name":"Co-Amoxiclav | Effektiv Behandling af Infektioner - Transtoyou","isPartOf":{"@id":"https:\/\/www.transtoyou.com\/da\/#website"},"primaryImageOfPage":{"@id":"https:\/\/www.transtoyou.com\/da\/product\/co-amoxiclav\/#primaryimage"},"image":{"@id":"https:\/\/www.transtoyou.com\/da\/product\/co-amoxiclav\/#primaryimage"},"thumbnailUrl":"https:\/\/www.transtoyou.com\/da\/wp-content\/uploads\/sites\/6\/2026\/01\/tty-no-product-image-154.webp","datePublished":"2026-01-25T17:34:05+00:00","dateModified":"2026-01-25T17:35:32+00:00","description":"Opdag Co-Amoxiclav hos Transtoyou, et effektivt antibiotikum mod forskellige infektioner, der kombinerer amoxicillin og clavulansyre til bek\u00e6mpelse af resistente bakterier.","breadcrumb":{"@id":"https:\/\/www.transtoyou.com\/da\/product\/co-amoxiclav\/#breadcrumb"},"inLanguage":"da-DK","potentialAction":[{"@type":"ReadAction","target":["https:\/\/www.transtoyou.com\/da\/product\/co-amoxiclav\/"]}]},{"@type":"ImageObject","inLanguage":"da-DK","@id":"https:\/\/www.transtoyou.com\/da\/product\/co-amoxiclav\/#primaryimage","url":"https:\/\/www.transtoyou.com\/da\/wp-content\/uploads\/sites\/6\/2026\/01\/tty-no-product-image-154.webp","contentUrl":"https:\/\/www.transtoyou.com\/da\/wp-content\/uploads\/sites\/6\/2026\/01\/tty-no-product-image-154.webp","width":1000,"height":1000,"caption":"Standard produktbillede"},{"@type":"WebSite","@id":"https:\/\/www.transtoyou.com\/da\/#website","url":"https:\/\/www.transtoyou.com\/da\/","name":"Transtoyou - DA","description":"","publisher":{"@id":"https:\/\/www.transtoyou.com\/da\/#organization"},"potentialAction":[{"@type":"SearchAction","target":{"@type":"EntryPoint","urlTemplate":"https:\/\/www.transtoyou.com\/da\/?s={search_term_string}"},"query-input":{"@type":"PropertyValueSpecification","valueRequired":true,"valueName":"search_term_string"}}],"inLanguage":"da-DK"},{"@type":"Organization","@id":"https:\/\/www.transtoyou.com\/da\/#organization","name":"Transtoyou - DA","url":"https:\/\/www.transtoyou.com\/da\/","logo":{"@type":"ImageObject","inLanguage":"da-DK","@id":"https:\/\/www.transtoyou.com\/da\/#\/schema\/logo\/image\/","url":"https:\/\/www.transtoyou.com\/da\/wp-content\/uploads\/sites\/6\/2026\/01\/logo-tty-menu-bar-300x87-1.webp","contentUrl":"https:\/\/www.transtoyou.com\/da\/wp-content\/uploads\/sites\/6\/2026\/01\/logo-tty-menu-bar-300x87-1.webp","width":300,"height":87,"caption":"Transtoyou - DA"},"image":{"@id":"https:\/\/www.transtoyou.com\/da\/#\/schema\/logo\/image\/"}}]}},"_links":{"self":[{"href":"https:\/\/www.transtoyou.com\/da\/wp-json\/wp\/v2\/product\/1221","targetHints":{"allow":["GET"]}}],"collection":[{"href":"https:\/\/www.transtoyou.com\/da\/wp-json\/wp\/v2\/product"}],"about":[{"href":"https:\/\/www.transtoyou.com\/da\/wp-json\/wp\/v2\/types\/product"}],"replies":[{"embeddable":true,"href":"https:\/\/www.transtoyou.com\/da\/wp-json\/wp\/v2\/comments?post=1221"}],"wp:featuredmedia":[{"embeddable":true,"href":"https:\/\/www.transtoyou.com\/da\/wp-json\/wp\/v2\/media\/1223"}],"wp:attachment":[{"href":"https:\/\/www.transtoyou.com\/da\/wp-json\/wp\/v2\/media?parent=1221"}],"wp:term":[{"taxonomy":"product_brand","embeddable":true,"href":"https:\/\/www.transtoyou.com\/da\/wp-json\/wp\/v2\/product_brand?post=1221"},{"taxonomy":"product_cat","embeddable":true,"href":"https:\/\/www.transtoyou.com\/da\/wp-json\/wp\/v2\/product_cat?post=1221"},{"taxonomy":"product_tag","embeddable":true,"href":"https:\/\/www.transtoyou.com\/da\/wp-json\/wp\/v2\/product_tag?post=1221"},{"taxonomy":"expert","embeddable":true,"href":"https:\/\/www.transtoyou.com\/da\/wp-json\/wp\/v2\/expert?post=1221"}],"curies":[{"name":"wp","href":"https:\/\/api.w.org\/{rel}","templated":true}]}}