{"id":1227,"date":"2026-01-25T20:18:47","date_gmt":"2026-01-25T18:18:47","guid":{"rendered":"https:\/\/www.transtoyou.com\/da\/product\/antabuse\/"},"modified":"2026-02-09T14:15:58","modified_gmt":"2026-02-09T12:15:58","slug":"antabus","status":"publish","type":"product","link":"https:\/\/www.transtoyou.com\/da\/product\/antabus\/","title":{"rendered":"Antabuse"},"content":{"rendered":"<p>Antabuse (disulfiram) er en receptpligtig medicin designet til at st\u00f8tte personer i deres bedring fra alkoholafh\u00e6ngighed. Det virker ved at skabe en akut f\u00f8lsomhed over for alkohol. N\u00e5r alkohol indtages, mens man tager Antabuse, for\u00e5rsager det ubehagelige virkninger som kvalme, r\u00f8dmen og hurtig hjerterytme, hvilket afholder fra yderligere alkoholindtag.<\/p>\n<p>Antabuse bruges typisk som en del af en omfattende behandlingsplan, der inkluderer r\u00e5dgivning og st\u00f8tteprogrammer. Det er ikke en kur mod alkoholisme, men fungerer som en afskr\u00e6kkende faktor for at drikke, hvilket hj\u00e6lper personer med at opretholde \u00e6druelighed.<\/p>\n<p>Antabuse ordineres normalt til langtidsbrug under streng medicinsk overv\u00e5gning for at sikre overholdelse og effektivitet. Det f\u00e5s i tabletform og tages oralt \u00e9n gang dagligt, helst om morgenen.<\/p>\n<p>Almindelige bivirkninger inkluderer d\u00f8sighed, hovedpine og en metallisk smag i munden. Sj\u00e6ldne, men alvorlige bivirkninger kan inkludere leverskader, hvilket kr\u00e6ver regelm\u00e6ssig overv\u00e5gning af leverfunktionen under behandlingen. Antabuse b\u00f8r aldrig tages sammen med alkohol eller alkoholholdige produkter, s\u00e5som visse hostesirupper eller saucer.<\/p>\n","protected":false},"excerpt":{"rendered":"<ul>\n<li>Underst\u00f8tter genopretning fra alkoholafh\u00e6ngighed<\/li>\n<li>Virker som en afskr\u00e6kkende faktor mod at drikke<\/li>\n<li>En del af en omfattende behandlingsplan<\/li>\n<\/ul>\n","protected":false},"featured_media":1229,"comment_status":"open","ping_status":"closed","template":"","meta":[],"product_brand":[],"product_cat":[74],"product_tag":[],"expert":[19],"class_list":{"0":"post-1227","1":"product","2":"type-product","3":"status-publish","4":"has-post-thumbnail","6":"product_cat-alkoholgenopretning-hjaelpemidler","7":"expert-dr-j-vazquez","9":"first","10":"instock","11":"shipping-taxable","12":"product-type-variable"},"yoast_head":"<!-- This site is optimized with the Yoast SEO plugin v27.0 - https:\/\/yoast.com\/product\/yoast-seo-wordpress\/ -->\n<title>Antabuse | St\u00f8t Neds\u00e6ttelse Effektivt - Transtoyou<\/title>\n<meta name=\"description\" content=\"Opdag Antabuse, et receptpligtigt hj\u00e6lpemiddel til alkoholafh\u00e6ngighed, tilg\u00e6ngeligt hos Transtoyou. St\u00f8tter \u00e6druelighed med medicinsk overv\u00e5gning. L\u00e6s mere i dag.\" \/>\n<meta name=\"robots\" content=\"noindex, follow, max-snippet:-1, max-image-preview:large, max-video-preview:-1\" \/>\n<meta property=\"og:locale\" content=\"da_DK\" \/>\n<meta property=\"og:type\" content=\"article\" \/>\n<meta property=\"og:title\" content=\"Antabuse | St\u00f8t Neds\u00e6ttelse Effektivt - Transtoyou\" \/>\n<meta property=\"og:description\" content=\"Opdag Antabuse, et receptpligtigt hj\u00e6lpemiddel til alkoholafh\u00e6ngighed, tilg\u00e6ngeligt hos Transtoyou. St\u00f8tter \u00e6druelighed med medicinsk overv\u00e5gning. L\u00e6s mere i dag.\" \/>\n<meta property=\"og:url\" content=\"https:\/\/www.transtoyou.com\/da\/product\/antabuse\/\" \/>\n<meta property=\"og:site_name\" content=\"Transtoyou - DA\" \/>\n<meta property=\"article:modified_time\" content=\"2026-02-09T12:15:58+00:00\" \/>\n<meta name=\"twitter:card\" content=\"summary_large_image\" \/>\n<meta name=\"twitter:label1\" content=\"Estimeret l\u00e6setid\" \/>\n\t<meta name=\"twitter:data1\" content=\"1 minut\" \/>\n<script type=\"application\/ld+json\" class=\"yoast-schema-graph\">{\"@context\":\"https:\/\/schema.org\",\"@graph\":[{\"@type\":\"WebPage\",\"@id\":\"https:\/\/www.transtoyou.com\/da\/product\/antabuse\/\",\"url\":\"https:\/\/www.transtoyou.com\/da\/product\/antabuse\/\",\"name\":\"Antabuse | St\u00f8t Neds\u00e6ttelse Effektivt - Transtoyou\",\"isPartOf\":{\"@id\":\"https:\/\/www.transtoyou.com\/da\/#website\"},\"primaryImageOfPage\":{\"@id\":\"https:\/\/www.transtoyou.com\/da\/product\/antabuse\/#primaryimage\"},\"image\":{\"@id\":\"https:\/\/www.transtoyou.com\/da\/product\/antabuse\/#primaryimage\"},\"thumbnailUrl\":\"https:\/\/www.transtoyou.com\/da\/wp-content\/uploads\/sites\/6\/2026\/01\/tty-no-product-image-156.webp\",\"datePublished\":\"2026-01-25T18:18:47+00:00\",\"dateModified\":\"2026-02-09T12:15:58+00:00\",\"description\":\"Opdag Antabuse, et receptpligtigt hj\u00e6lpemiddel til alkoholafh\u00e6ngighed, tilg\u00e6ngeligt hos Transtoyou. St\u00f8tter \u00e6druelighed med medicinsk overv\u00e5gning. L\u00e6s mere i dag.\",\"breadcrumb\":{\"@id\":\"https:\/\/www.transtoyou.com\/da\/product\/antabuse\/#breadcrumb\"},\"inLanguage\":\"da-DK\",\"potentialAction\":[{\"@type\":\"ReadAction\",\"target\":[\"https:\/\/www.transtoyou.com\/da\/product\/antabuse\/\"]}]},{\"@type\":\"ImageObject\",\"inLanguage\":\"da-DK\",\"@id\":\"https:\/\/www.transtoyou.com\/da\/product\/antabuse\/#primaryimage\",\"url\":\"https:\/\/www.transtoyou.com\/da\/wp-content\/uploads\/sites\/6\/2026\/01\/tty-no-product-image-156.webp\",\"contentUrl\":\"https:\/\/www.transtoyou.com\/da\/wp-content\/uploads\/sites\/6\/2026\/01\/tty-no-product-image-156.webp\",\"width\":1000,\"height\":1000,\"caption\":\"Standard produktbillede\"},{\"@type\":\"WebSite\",\"@id\":\"https:\/\/www.transtoyou.com\/da\/#website\",\"url\":\"https:\/\/www.transtoyou.com\/da\/\",\"name\":\"Transtoyou - DA\",\"description\":\"\",\"publisher\":{\"@id\":\"https:\/\/www.transtoyou.com\/da\/#organization\"},\"potentialAction\":[{\"@type\":\"SearchAction\",\"target\":{\"@type\":\"EntryPoint\",\"urlTemplate\":\"https:\/\/www.transtoyou.com\/da\/?s={search_term_string}\"},\"query-input\":{\"@type\":\"PropertyValueSpecification\",\"valueRequired\":true,\"valueName\":\"search_term_string\"}}],\"inLanguage\":\"da-DK\"},{\"@type\":\"Organization\",\"@id\":\"https:\/\/www.transtoyou.com\/da\/#organization\",\"name\":\"Transtoyou - DA\",\"url\":\"https:\/\/www.transtoyou.com\/da\/\",\"logo\":{\"@type\":\"ImageObject\",\"inLanguage\":\"da-DK\",\"@id\":\"https:\/\/www.transtoyou.com\/da\/#\/schema\/logo\/image\/\",\"url\":\"https:\/\/www.transtoyou.com\/da\/wp-content\/uploads\/sites\/6\/2026\/01\/logo-tty-menu-bar-300x87-1.webp\",\"contentUrl\":\"https:\/\/www.transtoyou.com\/da\/wp-content\/uploads\/sites\/6\/2026\/01\/logo-tty-menu-bar-300x87-1.webp\",\"width\":300,\"height\":87,\"caption\":\"Transtoyou - DA\"},\"image\":{\"@id\":\"https:\/\/www.transtoyou.com\/da\/#\/schema\/logo\/image\/\"}}]}<\/script>\n<!-- \/ Yoast SEO plugin. -->","yoast_head_json":{"title":"Antabuse | St\u00f8t Neds\u00e6ttelse Effektivt - Transtoyou","description":"Opdag Antabuse, et receptpligtigt hj\u00e6lpemiddel til alkoholafh\u00e6ngighed, tilg\u00e6ngeligt hos Transtoyou. St\u00f8tter \u00e6druelighed med medicinsk overv\u00e5gning. L\u00e6s mere i dag.","robots":{"index":"noindex","follow":"follow","max-snippet":"max-snippet:-1","max-image-preview":"max-image-preview:large","max-video-preview":"max-video-preview:-1"},"og_locale":"da_DK","og_type":"article","og_title":"Antabuse | St\u00f8t Neds\u00e6ttelse Effektivt - Transtoyou","og_description":"Opdag Antabuse, et receptpligtigt hj\u00e6lpemiddel til alkoholafh\u00e6ngighed, tilg\u00e6ngeligt hos Transtoyou. St\u00f8tter \u00e6druelighed med medicinsk overv\u00e5gning. L\u00e6s mere i dag.","og_url":"https:\/\/www.transtoyou.com\/da\/product\/antabuse\/","og_site_name":"Transtoyou - DA","article_modified_time":"2026-02-09T12:15:58+00:00","twitter_card":"summary_large_image","twitter_misc":{"Estimeret l\u00e6setid":"1 minut"},"schema":{"@context":"https:\/\/schema.org","@graph":[{"@type":"WebPage","@id":"https:\/\/www.transtoyou.com\/da\/product\/antabuse\/","url":"https:\/\/www.transtoyou.com\/da\/product\/antabuse\/","name":"Antabuse | St\u00f8t Neds\u00e6ttelse Effektivt - Transtoyou","isPartOf":{"@id":"https:\/\/www.transtoyou.com\/da\/#website"},"primaryImageOfPage":{"@id":"https:\/\/www.transtoyou.com\/da\/product\/antabuse\/#primaryimage"},"image":{"@id":"https:\/\/www.transtoyou.com\/da\/product\/antabuse\/#primaryimage"},"thumbnailUrl":"https:\/\/www.transtoyou.com\/da\/wp-content\/uploads\/sites\/6\/2026\/01\/tty-no-product-image-156.webp","datePublished":"2026-01-25T18:18:47+00:00","dateModified":"2026-02-09T12:15:58+00:00","description":"Opdag Antabuse, et receptpligtigt hj\u00e6lpemiddel til alkoholafh\u00e6ngighed, tilg\u00e6ngeligt hos Transtoyou. St\u00f8tter \u00e6druelighed med medicinsk overv\u00e5gning. L\u00e6s mere i dag.","breadcrumb":{"@id":"https:\/\/www.transtoyou.com\/da\/product\/antabuse\/#breadcrumb"},"inLanguage":"da-DK","potentialAction":[{"@type":"ReadAction","target":["https:\/\/www.transtoyou.com\/da\/product\/antabuse\/"]}]},{"@type":"ImageObject","inLanguage":"da-DK","@id":"https:\/\/www.transtoyou.com\/da\/product\/antabuse\/#primaryimage","url":"https:\/\/www.transtoyou.com\/da\/wp-content\/uploads\/sites\/6\/2026\/01\/tty-no-product-image-156.webp","contentUrl":"https:\/\/www.transtoyou.com\/da\/wp-content\/uploads\/sites\/6\/2026\/01\/tty-no-product-image-156.webp","width":1000,"height":1000,"caption":"Standard produktbillede"},{"@type":"WebSite","@id":"https:\/\/www.transtoyou.com\/da\/#website","url":"https:\/\/www.transtoyou.com\/da\/","name":"Transtoyou - DA","description":"","publisher":{"@id":"https:\/\/www.transtoyou.com\/da\/#organization"},"potentialAction":[{"@type":"SearchAction","target":{"@type":"EntryPoint","urlTemplate":"https:\/\/www.transtoyou.com\/da\/?s={search_term_string}"},"query-input":{"@type":"PropertyValueSpecification","valueRequired":true,"valueName":"search_term_string"}}],"inLanguage":"da-DK"},{"@type":"Organization","@id":"https:\/\/www.transtoyou.com\/da\/#organization","name":"Transtoyou - DA","url":"https:\/\/www.transtoyou.com\/da\/","logo":{"@type":"ImageObject","inLanguage":"da-DK","@id":"https:\/\/www.transtoyou.com\/da\/#\/schema\/logo\/image\/","url":"https:\/\/www.transtoyou.com\/da\/wp-content\/uploads\/sites\/6\/2026\/01\/logo-tty-menu-bar-300x87-1.webp","contentUrl":"https:\/\/www.transtoyou.com\/da\/wp-content\/uploads\/sites\/6\/2026\/01\/logo-tty-menu-bar-300x87-1.webp","width":300,"height":87,"caption":"Transtoyou - DA"},"image":{"@id":"https:\/\/www.transtoyou.com\/da\/#\/schema\/logo\/image\/"}}]}},"_links":{"self":[{"href":"https:\/\/www.transtoyou.com\/da\/wp-json\/wp\/v2\/product\/1227","targetHints":{"allow":["GET"]}}],"collection":[{"href":"https:\/\/www.transtoyou.com\/da\/wp-json\/wp\/v2\/product"}],"about":[{"href":"https:\/\/www.transtoyou.com\/da\/wp-json\/wp\/v2\/types\/product"}],"replies":[{"embeddable":true,"href":"https:\/\/www.transtoyou.com\/da\/wp-json\/wp\/v2\/comments?post=1227"}],"wp:featuredmedia":[{"embeddable":true,"href":"https:\/\/www.transtoyou.com\/da\/wp-json\/wp\/v2\/media\/1229"}],"wp:attachment":[{"href":"https:\/\/www.transtoyou.com\/da\/wp-json\/wp\/v2\/media?parent=1227"}],"wp:term":[{"taxonomy":"product_brand","embeddable":true,"href":"https:\/\/www.transtoyou.com\/da\/wp-json\/wp\/v2\/product_brand?post=1227"},{"taxonomy":"product_cat","embeddable":true,"href":"https:\/\/www.transtoyou.com\/da\/wp-json\/wp\/v2\/product_cat?post=1227"},{"taxonomy":"product_tag","embeddable":true,"href":"https:\/\/www.transtoyou.com\/da\/wp-json\/wp\/v2\/product_tag?post=1227"},{"taxonomy":"expert","embeddable":true,"href":"https:\/\/www.transtoyou.com\/da\/wp-json\/wp\/v2\/expert?post=1227"}],"curies":[{"name":"wp","href":"https:\/\/api.w.org\/{rel}","templated":true}]}}